{"id":279765,"date":"2024-10-21T06:34:34","date_gmt":"2024-10-21T06:34:34","guid":{"rendered":"https:\/\/new.healthyhead.dk\/vare\/t-shirt-lgbtq-oslo-pride\/"},"modified":"2025-10-02T10:01:59","modified_gmt":"2025-10-02T10:01:59","slug":"t-shirt-lgbtq-oslo-pride","status":"publish","type":"product","link":"https:\/\/healthyhead.dk\/en\/product\/t-shirt-lgbtq-oslo-pride\/","title":{"rendered":"T-shirt, LGBTQ+, Oslo Pride"},"content":{"rendered":"","protected":false},"excerpt":{"rendered":"<p><img decoding=\"async\" class=\"alignnone wp-image-7519\" src=\"\/wp-content\/uploads\/2024\/08\/Klassisk-pasform.svg\" alt=\"Klassisk-pasform\" width=\"46\" height=\"45\" \/>Klassisk pasform<\/p>\n<p><img decoding=\"async\" class=\"alignnone wp-image-8766\" src=\"\/wp-content\/uploads\/2024\/08\/GOTS-.svg\" alt=\"\" width=\"47\" height=\"47\" srcset=\"https:\/\/healthyhead.dk\/wp-content\/uploads\/GOTS-.svg 150w, https:\/\/healthyhead.dk\/wp-content\/uploads\/GOTS-.svg 300w, https:\/\/healthyhead.dk\/wp-content\/uploads\/GOTS-.svg 768w, https:\/\/healthyhead.dk\/wp-content\/uploads\/GOTS-.svg 1024w, https:\/\/healthyhead.dk\/wp-content\/uploads\/GOTS-.svg 250w\" sizes=\"(max-width: 47px) 100vw, 47px\" \/>\u00d8kologisk GOTS certificeret t-shirt<\/p>\n<p><img decoding=\"async\" class=\"alignnone wp-image-7520\" src=\"\/wp-content\/uploads\/2024\/08\/Oeko-tex.svg\" alt=\"Oeko-tex\" width=\"47\" height=\"47\" \/>OEKO-tex certificeret tryk uden skadelig kemi<\/p>\n<p><img loading=\"lazy\" decoding=\"async\" class=\"alignnone wp-image-7533\" src=\"\/wp-content\/uploads\/2024\/08\/Forvasket.svg\" alt=\"Forvasket\" width=\"46\" height=\"45\" \/>Forvasket for at minimere krymp<\/p>\n<section class=\"elegant-tabs-container et-horizontal\">\n<div class=\"et-tabs et-horizontal justified-tabs et-tabs-style-iconbox tab-class-670d08084954b\" data-tab_style=\"iconbox\" data-active-bg=\"#00a54f\" data-active-text=\"#ffffff\">\n<nav>\u00a0<\/nav>\n<\/div>\n<\/section>\n[cg_accordion title=\"Beskrivelse\" open=\"open\"]<\/p>\n<p>T-shirt af \u00f8kologisk GOTS certificeret bomuld med en regnbue i pridefarver og teksten \u201cOslo\u201d.<br \/>\nTrykt i Danmark med OEKO-tex certificeret kvalitetstryk, der kan klare vask op til 60 grader. Klassisk fit.<\/p>\n<ul>\n<li><b>Tryk:<\/b>\u00a0Dansk OEKO-tex certificeret kvalitetstryk uden risikabel kemi<\/li>\n<li><b>Fit:<\/b> Almindelig pasform med 2 cm ekstra l\u00e6ngde for l\u00e6ngere holdbarhed<\/li>\n<li><b>Materiale:<\/b>\u00a0100% OEKO-tex certificeret bomuld, 165 g\/m\u00b2<\/li>\n<li><b>Krymp:<\/b>\u00a0T-shirten er \u2018pre-washed\u2019 \u2013 krymper derfor minimalt hvis vaskeanvisninger f\u00f8lges<\/li>\n<\/ul>\n<p>[\/cg_accordion]\n[cg_accordion title=\"Vaskeanvisning\"]<\/p>\n<p>Vi anbefaler at vaske ved 30 grader og undg\u00e5 t\u00f8rretumbling for at sk\u00e5ne milj\u00f8et og forl\u00e6nge levetiden p\u00e5 t-shirten.<\/p>\n<p><img loading=\"lazy\" decoding=\"async\" class=\"wp-image-7353 alignleft\" src=\"\/wp-content\/uploads\/2024\/08\/Vaskeanvisning-305-t-shirt.svg\" alt=\"Vaskeanvisning-305-t-shirt\" width=\"270\" height=\"54\" srcset=\"https:\/\/healthyhead.dk\/wp-content\/uploads\/Vaskeanvisning-305-t-shirt.svg 150w, https:\/\/healthyhead.dk\/wp-content\/uploads\/Vaskeanvisning-305-t-shirt.svg 300w, https:\/\/healthyhead.dk\/wp-content\/uploads\/Vaskeanvisning-305-t-shirt.svg 768w, https:\/\/healthyhead.dk\/wp-content\/uploads\/Vaskeanvisning-305-t-shirt.svg 1024w, https:\/\/healthyhead.dk\/wp-content\/uploads\/Vaskeanvisning-305-t-shirt.svg 1230w\" sizes=\"(max-width: 270px) 100vw, 270px\" \/><\/p>\n<p>&nbsp;<\/p>\n<p>&nbsp;<\/p>\n<p>[\/cg_accordion]\n","protected":false},"featured_media":256953,"template":"","meta":{"_acf_changed":false},"product_brand":[],"product_cat":[687],"product_tag":[],"class_list":{"0":"post-279765","1":"product","2":"type-product","3":"status-publish","4":"has-post-thumbnail","6":"product_cat-oslo-pride-lgbtq","7":"pa_size-x-small-en","8":"pa_size-small-en","9":"pa_size-medium-en","10":"pa_size-large-en","11":"pa_size-x-large-en","12":"pa_size-xx-large-en","13":"pa_size-3x-large-en","14":"pa_size-4x-large-en","15":"pa_size-5x-large-en","16":"pa_size-6x-large-en","18":"first","19":"instock","20":"taxable","21":"shipping-taxable","22":"purchasable","23":"product-type-variable","24":"has-default-attributes"},"acf":[],"_links":{"self":[{"href":"https:\/\/healthyhead.dk\/en\/wp-json\/wp\/v2\/product\/279765","targetHints":{"allow":["GET"]}}],"collection":[{"href":"https:\/\/healthyhead.dk\/en\/wp-json\/wp\/v2\/product"}],"about":[{"href":"https:\/\/healthyhead.dk\/en\/wp-json\/wp\/v2\/types\/product"}],"version-history":[{"count":0,"href":"https:\/\/healthyhead.dk\/en\/wp-json\/wp\/v2\/product\/279765\/revisions"}],"wp:featuredmedia":[{"embeddable":true,"href":"https:\/\/healthyhead.dk\/en\/wp-json\/wp\/v2\/media\/256953"}],"wp:attachment":[{"href":"https:\/\/healthyhead.dk\/en\/wp-json\/wp\/v2\/media?parent=279765"}],"wp:term":[{"taxonomy":"product_brand","embeddable":true,"href":"https:\/\/healthyhead.dk\/en\/wp-json\/wp\/v2\/product_brand?post=279765"},{"taxonomy":"product_cat","embeddable":true,"href":"https:\/\/healthyhead.dk\/en\/wp-json\/wp\/v2\/product_cat?post=279765"},{"taxonomy":"product_tag","embeddable":true,"href":"https:\/\/healthyhead.dk\/en\/wp-json\/wp\/v2\/product_tag?post=279765"}],"curies":[{"name":"wp","href":"https:\/\/api.w.org\/{rel}","templated":true}]}}