{"id":316316,"date":"2026-04-11T11:17:54","date_gmt":"2026-04-11T11:17:54","guid":{"rendered":"https:\/\/healthyhead.dk\/vare\/sveriges-landhold-landsholdstroeje-t-shirt-lucas-bergvall-7\/"},"modified":"2026-04-12T08:15:44","modified_gmt":"2026-04-12T08:15:44","slug":"sveriges-landhold-landsholdstroeje-t-shirt-lucas-bergvall-7","status":"publish","type":"product","link":"https:\/\/healthyhead.dk\/en\/product\/sveriges-landhold-landsholdstroeje-t-shirt-lucas-bergvall-7\/","title":{"rendered":"Sverige, Landsholds t-shirt, Lucas Bergvall, 7"},"content":{"rendered":"","protected":false},"excerpt":{"rendered":"<p><img decoding=\"async\" class=\"alignnone wp-image-7519\" src=\"\/wp-content\/uploads\/2024\/08\/Klassisk-pasform.svg\" alt=\"Klassisk-pasform\" width=\"46\" height=\"45\" \/>Klassisk pasform<\/p>\n<p><img decoding=\"async\" class=\"alignnone wp-image-7520\" src=\"\/wp-content\/uploads\/2024\/08\/Oeko-tex.svg\" alt=\"Oeko-tex\" width=\"46\" height=\"45\" \/>OEKO-tex certificeret bomuld og tryk uden skadelig kemi<\/p>\n<p><img decoding=\"async\" class=\"alignnone wp-image-7533\" src=\"\/wp-content\/uploads\/2024\/08\/Forvasket.svg\" alt=\"Forvasket\" width=\"46\" height=\"45\" \/>Forvasket for at minimere krymp<\/p>\n<section class=\"elegant-tabs-container et-horizontal\">\n<div class=\"et-tabs et-horizontal justified-tabs et-tabs-style-iconbox tab-class-670d08084954b\" data-tab_style=\"iconbox\" data-active-bg=\"#00a54f\" data-active-text=\"#ffffff\">\n<nav>\u00a0<\/nav>\n<\/div>\n<\/section>\n[cg_accordion title=\"Beskrivelse\" open=\"open\"]<\/p>\n<p>St\u00f8t et af svensk fodbolds mest sp\u00e6ndende unge talenter med denne Lucas Bergvall Sverige t-shirt. T-shirten er fremstillet af 100% \u00f8kologisk GOTS-certificeret bomuld og trykt med OEKO-TEX-certificeret kvalitetstryk. Med Bergvall og nummer 7 p\u00e5 ryggen er den et oplagt valg til fans, der f\u00f8lger en teknisk st\u00e6rk og lovende midtbanespiller med stor fremtid. Forsiden prydes af teksten &#8220;Sverige&#8221; og et svensk flag. Trykt med dansk OEKO-tex certificeret kvalitetstryk uden skadelige kemikalier. Leveringstiden er ca. 3-5 arbejdsdage efter bestilling<\/p>\n<ul>\n<li><b>Tryk:<\/b>\u00a0Dansk OEKO-tex certificeret kvalitetstryk uden risikabel kemi<\/li>\n<li><b>Fit:<\/b>\u00a0Almindelig pasform med 2 cm ekstra l\u00e6ngde for l\u00e6ngere holdbarhed<\/li>\n<li><b>Materiale:<\/b>\u00a0100% OEKO-tex certificeret bomuld, 165 g\/m\u00b2<\/li>\n<li><b>Krymp:<\/b>\u00a0T-shirten er \u2018pre-washed\u2019 \u2013 krymper derfor minimalt hvis vaskeanvisninger f\u00f8lges<\/li>\n<\/ul>\n<p>[\/cg_accordion]\n[cg_accordion title=\"Vaskeanvisning\"]<\/p>\n<p>Vi anbefaler at vaske ved 30 grader og undg\u00e5 t\u00f8rretumbling for at sk\u00e5ne milj\u00f8et og forl\u00e6nge levetiden p\u00e5 t-shirten.<\/p>\n<p>Vaskeanvisninger::<\/p>\n<p><img loading=\"lazy\" decoding=\"async\" class=\"wp-image-7353 alignleft\" src=\"\/wp-content\/uploads\/2024\/08\/Vaskeanvisning-305-t-shirt.svg\" alt=\"Vaskeanvisning-305-t-shirt\" width=\"270\" height=\"54\" srcset=\"https:\/\/healthyhead.dk\/wp-content\/uploads\/Vaskeanvisning-305-t-shirt.svg 150w, https:\/\/healthyhead.dk\/wp-content\/uploads\/Vaskeanvisning-305-t-shirt.svg 300w, https:\/\/healthyhead.dk\/wp-content\/uploads\/Vaskeanvisning-305-t-shirt.svg 768w, https:\/\/healthyhead.dk\/wp-content\/uploads\/Vaskeanvisning-305-t-shirt.svg 1024w, https:\/\/healthyhead.dk\/wp-content\/uploads\/Vaskeanvisning-305-t-shirt.svg 1230w\" sizes=\"(max-width: 270px) 100vw, 270px\" \/><\/p>\n<p>&nbsp;<\/p>\n<p>&nbsp;<\/p>\n<p>[\/cg_accordion]\n","protected":false},"featured_media":312998,"template":"","meta":{"_acf_changed":false},"product_brand":[],"product_cat":[747],"product_tag":[],"class_list":{"0":"post-316316","1":"product","2":"type-product","3":"status-publish","4":"has-post-thumbnail","6":"product_cat-sweden-national-team-clothing","7":"pa_size-2-aar-en","8":"pa_size-4-6-aar-en","9":"pa_size-8-10-aar-en","10":"pa_size-12-14-aar-en","11":"pa_size-x-small-en","12":"pa_size-small-en","13":"pa_size-medium-en","14":"pa_size-large-en","15":"pa_size-x-large-en","16":"pa_size-xx-large-en","17":"pa_size-3x-large-en","18":"pa_size-4x-large-en","19":"pa_size-5x-large-en","20":"pa_size-6x-large-en","22":"first","23":"instock","24":"taxable","25":"shipping-taxable","26":"purchasable","27":"product-type-variable","28":"has-default-attributes"},"acf":[],"_links":{"self":[{"href":"https:\/\/healthyhead.dk\/en\/wp-json\/wp\/v2\/product\/316316","targetHints":{"allow":["GET"]}}],"collection":[{"href":"https:\/\/healthyhead.dk\/en\/wp-json\/wp\/v2\/product"}],"about":[{"href":"https:\/\/healthyhead.dk\/en\/wp-json\/wp\/v2\/types\/product"}],"version-history":[{"count":2,"href":"https:\/\/healthyhead.dk\/en\/wp-json\/wp\/v2\/product\/316316\/revisions"}],"predecessor-version":[{"id":316628,"href":"https:\/\/healthyhead.dk\/en\/wp-json\/wp\/v2\/product\/316316\/revisions\/316628"}],"wp:featuredmedia":[{"embeddable":true,"href":"https:\/\/healthyhead.dk\/en\/wp-json\/wp\/v2\/media\/312998"}],"wp:attachment":[{"href":"https:\/\/healthyhead.dk\/en\/wp-json\/wp\/v2\/media?parent=316316"}],"wp:term":[{"taxonomy":"product_brand","embeddable":true,"href":"https:\/\/healthyhead.dk\/en\/wp-json\/wp\/v2\/product_brand?post=316316"},{"taxonomy":"product_cat","embeddable":true,"href":"https:\/\/healthyhead.dk\/en\/wp-json\/wp\/v2\/product_cat?post=316316"},{"taxonomy":"product_tag","embeddable":true,"href":"https:\/\/healthyhead.dk\/en\/wp-json\/wp\/v2\/product_tag?post=316316"}],"curies":[{"name":"wp","href":"https:\/\/api.w.org\/{rel}","templated":true}]}}