{"id":265298,"date":"2025-01-30T12:55:03","date_gmt":"2025-01-30T12:55:03","guid":{"rendered":"https:\/\/new.healthyhead.dk\/vare\/conditioner-deep-wood-no-08-250-ml\/"},"modified":"2025-11-04T20:43:29","modified_gmt":"2025-11-04T20:43:29","slug":"conditioner-deep-wood-no-08-250-ml","status":"publish","type":"product","link":"https:\/\/healthyhead.dk\/nl\/product\/conditioner-deep-wood-no-08-250-ml\/","title":{"rendered":"Zenz, Conditioner Deep Wood No. 08, 250 ml"},"content":{"rendered":"","protected":false},"excerpt":{"rendered":"<p><img decoding=\"async\" class=\"alignnone\" src=\"\/wp-content\/uploads\/2024\/08\/Ingen-kemi.svg\" alt=\"Geen hormoonontregelaars\" width=\"46\" height=\"46\">Geen hormoonontregelaars<\/p>\n<p><img decoding=\"async\" class=\"\" src=\"\/wp-content\/uploads\/2024\/08\/Ingen-allergifremkaldende.svg\" alt=\"Niet-allergeen\" width=\"46\" height=\"46\">Geen allergene stoffen<\/p>\n<p><img decoding=\"async\" class=\"\" src=\"\/wp-content\/uploads\/2024\/08\/Ingen-miljoebelastende.svg\" alt=\"Geen invloed op het milieu\" width=\"46\" height=\"46\">Geen milieubelastende stoffen<\/p>\n<p><img loading=\"lazy\" decoding=\"async\" class=\"\" src=\"\/wp-content\/uploads\/2024\/08\/indeholder-parfume.svg\" alt=\"bevat-parfum\" width=\"46\" height=\"46\">Bevat parfum dat voldoet aan de eisen voor het Nordic Swan Ecolabel<\/p>\n<p>&nbsp;<\/p>\n[cg_accordion title=\"Beschrijving\" open=\"open\"]<\/p>\n<p>Shampoo Deep Wood nr. 07 van Zenz Organic is een conditioner met Deens Nordic Swan Ecolabel die vocht, kracht en verzorging biedt voor alle haartypes. Het heeft een warme geur van ceder, patchouli, mirre en sandelhout uit essenti\u00eble oli\u00ebn en voedt het haar met biologisch gezuiverde alo\u00eb vera, koudgeperste avocado-olie en kokoswater. <\/p>\n<ul>\n<li><b>Nordic Swan<\/b> conditioner <b>met milieukeurmerk<\/b> en <b>biologisch gecertificeerd<\/b> van het Deense Zenz Organic<\/li>\n<li>Biedt <b>hydratatie, kracht en conditioning<\/b> voor alle haartypes<\/li>\n<li>Het is vooral geschikt voor <strong>krullend of droog haar en een schilferige hoofdhuid<\/strong><\/li>\n<li>Verrijkt haar en hoofdhuid met vitaminen en mineralen, <strong>herstelt de vochtbalans en revitaliseert de hoofdhuid<\/strong><\/li>\n<li><strong>Hoofdhuid en follikels worden versterkt<\/strong>, waardoor het haar<strong> gezond en glanzend<\/strong> wordt<\/li>\n<li>Geeft een <strong>warme geur<\/strong> van cederhout, patchoeli, mirre en sandelhout<\/li>\n<li><b>Speciale kenmerken:<\/b> Kleurbehoudend, intense hydratatie voor droog haar, geschikt voor de Curly Girl-methode.<\/li>\n<\/ul>\n<p><img loading=\"lazy\" decoding=\"async\" class=\"alignnone size-full wp-image-8764\" src=\"\/wp-content\/uploads\/2024\/08\/certificeringer_zenz.jpg\" alt=\"\" width=\"480\" height=\"91\" srcset=\"https:\/\/i0.wp.com\/healthyhead.dk\/wp-content\/uploads\/2024\/08\/certificeringer_zenz.jpg?w=480&amp;ssl=1 480w, https:\/\/i0.wp.com\/healthyhead.dk\/wp-content\/uploads\/2024\/08\/certificeringer_zenz.jpg?resize=300%2C57&amp;ssl=1 300w, https:\/\/i0.wp.com\/healthyhead.dk\/wp-content\/uploads\/2024\/08\/certificeringer_zenz.jpg?resize=441%2C84&amp;ssl=1 441w, https:\/\/i0.wp.com\/healthyhead.dk\/wp-content\/uploads\/2024\/08\/certificeringer_zenz.jpg?resize=150%2C28&amp;ssl=1 150w\" sizes=\"(max-width: 480px) 100vw, 480px\" \/><br \/>\n[\/cg_accordion]\n[cg_accordion title=\"Gebruikstips\"]<\/p>\n<ul>\n<li>Breng een kleine hoeveelheid aan op het haar na het wassen.<\/li>\n<li>Kan op de hoofdhuid worden aangebracht.<\/li>\n<li>Wacht 2-3 minuten en spoel grondig uit. Gebruik als uitspoel- of leave-in conditioner. <\/li>\n<\/ul>\n<p>[\/cg_accordion]\n[cg_accordion title=\"Ingredi\u00ebnten\"]<\/p>\n<p><span data-contrast=\"auto\">Shampoo Deep Wood nr. 07 bevat biologische gezuiverde alo\u00eb vera, biologische koudgeperste avocado-olie, biologisch kokoswater en essenti\u00eble oli\u00ebn.   <\/span><span data-ccp-props=\"{}\"> <\/span><\/p>\n<p><span data-contrast=\"auto\">Gezuiverde biologische alo\u00eb vera. Alo\u00eb vera gelei bevat 75 essenti\u00eble vitaminen en mineralen en heeft uitstekende huid- en haarverzorgende eigenschappen. Helpt de bloedcirculatie te verhogen en het vochtgehalte van de huid vast te houden. Alo\u00eb vera verzacht roodheid en jeuk en heeft daardoor ook een goed effect op de hoofdhuid.    <\/span><span data-ccp-props=\"{}\"> <\/span><\/p>\n<p><span data-contrast=\"auto\">Biologische koudgeperste avocado-olie bevat een reeks mineralen en vitamine A, B1, B2, D en E. Het heeft uitstekende hydraterende en voedende eigenschappen en is effectief voor de droge en vochtarme huid en goed voor de hoofdhuid. Maakt haar en huid gladder en zachter.   <\/span><span data-ccp-props=\"{}\"> <\/span><\/p>\n<p><span data-contrast=\"auto\">Biologisch kokoswater is rijk aan vitaminen en essenti\u00eble mineralen en voorziet het haar van veel vocht en voeding. Essenti\u00eble oli\u00ebn: cederhout, patchoeli, mirre en sandelhout.  <\/span><span data-ccp-props=\"{}\"> <\/span><\/p>\n<p><b>INCI-lijst<\/b> Alo\u00eb Barbadensis Bladextract*, Cetearyl Alcohol, Aqua, Glycerine**, Behenamidopropyl Dimethylamine, Melkzuur, Persea Gratissima Olie*, Natrium Levulinaat, Cedrus Atlantica Schorsolie*, Pogostemon Cablin Bladolie*, Commiphora Myrrha Olie, Santalum Spicata Houtolie*, Parfum (natuurlijk), Kalium Sorbaat.<\/p>\n<p><span data-contrast=\"auto\">*Ingredi\u00ebnten die biologisch geteeld zijn.  <\/span><span data-ccp-props=\"{}\"><br \/>\n<\/span><span data-ccp-props=\"{}\">**Gemaakt van biologische ingredi\u00ebnten. .<\/span><\/p>\n<p>99% ingredi\u00ebnten van natuurlijke oorsprong<br \/>\n87% gecertificeerde biologische ingredi\u00ebnten<\/p>\n<p>pH 4-4,5<\/p>\n<p>[\/cg_accordion]\n","protected":false},"featured_media":260392,"template":"","meta":{"_acf_changed":false},"product_brand":[570],"product_cat":[623],"product_tag":[],"class_list":{"0":"post-265298","1":"product","2":"type-product","3":"status-publish","4":"has-post-thumbnail","6":"product_brand-zenz","7":"product_cat-conditioner-haarmasker","9":"first","10":"instock","11":"taxable","12":"shipping-taxable","13":"purchasable","14":"product-type-simple"},"acf":[],"_links":{"self":[{"href":"https:\/\/healthyhead.dk\/nl\/wp-json\/wp\/v2\/product\/265298","targetHints":{"allow":["GET"]}}],"collection":[{"href":"https:\/\/healthyhead.dk\/nl\/wp-json\/wp\/v2\/product"}],"about":[{"href":"https:\/\/healthyhead.dk\/nl\/wp-json\/wp\/v2\/types\/product"}],"version-history":[{"count":0,"href":"https:\/\/healthyhead.dk\/nl\/wp-json\/wp\/v2\/product\/265298\/revisions"}],"wp:featuredmedia":[{"embeddable":true,"href":"https:\/\/healthyhead.dk\/nl\/wp-json\/wp\/v2\/media\/260392"}],"wp:attachment":[{"href":"https:\/\/healthyhead.dk\/nl\/wp-json\/wp\/v2\/media?parent=265298"}],"wp:term":[{"taxonomy":"product_brand","embeddable":true,"href":"https:\/\/healthyhead.dk\/nl\/wp-json\/wp\/v2\/product_brand?post=265298"},{"taxonomy":"product_cat","embeddable":true,"href":"https:\/\/healthyhead.dk\/nl\/wp-json\/wp\/v2\/product_cat?post=265298"},{"taxonomy":"product_tag","embeddable":true,"href":"https:\/\/healthyhead.dk\/nl\/wp-json\/wp\/v2\/product_tag?post=265298"}],"curies":[{"name":"wp","href":"https:\/\/api.w.org\/{rel}","templated":true}]}}