{"id":265945,"date":"2024-09-15T08:23:19","date_gmt":"2024-09-15T08:23:19","guid":{"rendered":"https:\/\/new.healthyhead.dk\/vare\/zenz-ansigtscreme-pure-no-101-antiage-moisture-hydration-100-ml\/"},"modified":"2025-07-05T07:31:08","modified_gmt":"2025-07-05T07:31:08","slug":"zenz-gezichtscreme-puur-no-101-anti-vochtigheid-100-ml","status":"publish","type":"product","link":"https:\/\/healthyhead.dk\/nl\/product\/zenz-gezichtscreme-puur-no-101-anti-vochtigheid-100-ml\/","title":{"rendered":"Zenz, Gezichtscr\u00e8me Pure No. 101, Antiage, Moisture &amp; Hydration 100 ml"},"content":{"rendered":"","protected":false},"excerpt":{"rendered":"<p><img decoding=\"async\" class=\"\" src=\"\/wp-content\/uploads\/2024\/08\/Ingen-kemi.svg\" alt=\"Geen hormoonontregelaars\" width=\"45\" height=\"45\">Geen hormoonontregelaars<\/p>\n<p><img decoding=\"async\" class=\"\" src=\"\/wp-content\/uploads\/2024\/08\/Ingen-allergifremkaldende.svg\" alt=\"Niet-allergeen\" width=\"46\" height=\"46\">Geen allergene stoffen<\/p>\n<p><img decoding=\"async\" class=\"\" src=\"\/wp-content\/uploads\/2024\/08\/Ingen-miljoebelastende.svg\" alt=\"Geen invloed op het milieu\" width=\"46\" height=\"46\">Geen milieubelastende stoffen<\/p>\n<p><img loading=\"lazy\" decoding=\"async\" class=\"alignnone wp-image-8756\" src=\"\/wp-content\/uploads\/2024\/08\/Ingen-parfume.svg\" alt=\"\" width=\"45\" height=\"45\" srcset=\"https:\/\/healthyhead.dk\/wp-content\/uploads\/Ingen-parfume.svg 150w, https:\/\/healthyhead.dk\/wp-content\/uploads\/Ingen-parfume.svg 300w, https:\/\/healthyhead.dk\/wp-content\/uploads\/Ingen-parfume.svg 768w, https:\/\/healthyhead.dk\/wp-content\/uploads\/Ingen-parfume.svg 1024w, https:\/\/healthyhead.dk\/wp-content\/uploads\/Ingen-parfume.svg 250w\" sizes=\"(max-width: 45px) 100vw, 45px\" \/>Geen geuren<\/p>\n<p>&nbsp;<\/p>\n[cg_accordion title=\"Beschrijving\" open=\"open\"]  Pure No. 101 Face Cream van Zenz is een gezichtscr\u00e8me met een Deens zwanen- en allergie-label met een hydraterende, hydraterende en verstevigende werking. De cr\u00e8me bevat twee krachtige antiverouderingsingredi\u00ebnten, Matrixyl-\u00ae3000 en hyaluronzuur, die bewezen hebben zeer effectief te zijn in het verminderen van rimpels. Samen helpen ze bij het herstructureren, herstellen, behouden en herstellen van het jeugdige uiterlijk van de huid. De teint en elasticiteit van de huid worden verbeterd en de huid wordt gladder en zachter.   <\/p>\n<p>&nbsp;<\/p>\n<ul>\n<li>Deense zwaan en gezichtscr\u00e8me met allergielabel<\/li>\n<li><b>Werkt<\/b> <b>vochtinbrengend<\/b>, <b>hydraterend<\/b> en <b>verstevigend<\/b><\/li>\n<li>Bevat <b>twee krachtige antiverouderingsingredi\u00ebnten<\/b>, Matrixyl-\u00ae3000 en hyaluronzuur<\/li>\n<li><b>Onderhoudt en herstelt<\/b> de jeugdige uitstraling van de huid<\/li>\n<li><b>Gouden winnaar in &#8216;Beste groene product&#8217;<\/b> bij de Green Bambini Baby Awards 2023<\/li>\n<\/ul>\n<p>&nbsp;<\/p>\n<p><img loading=\"lazy\" decoding=\"async\" class=\"alignnone size-full wp-image-8764\" src=\"\/wp-content\/uploads\/2024\/08\/certificeringer_zenz.jpg\" alt=\"\" width=\"480\" height=\"91\" srcset=\"https:\/\/i0.wp.com\/healthyhead.dk\/wp-content\/uploads\/2024\/08\/certificeringer_zenz.jpg?w=480&amp;ssl=1 480w, https:\/\/i0.wp.com\/healthyhead.dk\/wp-content\/uploads\/2024\/08\/certificeringer_zenz.jpg?resize=300%2C57&amp;ssl=1 300w, https:\/\/i0.wp.com\/healthyhead.dk\/wp-content\/uploads\/2024\/08\/certificeringer_zenz.jpg?resize=441%2C84&amp;ssl=1 441w, https:\/\/i0.wp.com\/healthyhead.dk\/wp-content\/uploads\/2024\/08\/certificeringer_zenz.jpg?resize=150%2C28&amp;ssl=1 150w\" sizes=\"(max-width: 480px) 100vw, 480px\" \/><br \/>\n[\/cg_accordion]\n[cg_accordion title=\"Gebruikstips\"]<\/p>\n<ul>\n<li>Breng &#8217;s ochtends en &#8217;s avonds een kleine hoeveelheid cr\u00e8me aan op een gereinigd gezicht en hals. Perfect als basis voor het aanbrengen van foundation, geschikt als dag- of nachtcr\u00e8me. <\/li>\n<\/ul>\n<p>[\/cg_accordion]\n[cg_accordion title=\"Ingredi\u00ebnten\"]<\/p>\n<p>Anti-Ageing Face Cream Pure no. 101 bevat organische gezuiverde alo\u00eb vera, sheaboter, organische koudgeperste avocado-olie, hyaluronzuur en Matrixyl\u00ae 3000. <\/p>\n<p><b>Biologische gezuiverde alo\u00eb vera<\/b> Alo\u00eb vera gelei bevat 75 essenti\u00eble vitaminen en mineralen en heeft uitstekende huidverzorgende eigenschappen. Helpt de bloedcirculatie te verhogen en het vochtgehalte van de huid vast te houden. Alo\u00eb vera verzacht roodheid en jeuk.  <\/p>\n<p><b>Sheaboter<\/b> wordt gewonnen uit de noten van de sheaboom. Wordt al eeuwenlang gebruikt om de huid te behandelen. Koudgeperst plantaardig vet, rijk aan onverzadigde vetzuren en vitamine A en E. Zeer vochtinbrengend en helpt de elasticiteit van de huid te behouden. Heeft anti-rimpel en ontstekingsremmende eigenschappen.    <\/p>\n<p><b>Biologische koudgeperste avocado-olie<\/b> bevat een reeks mineralen en vitamine A, B1, B2, D en E. Het heeft uitstekende hydraterende en voedende eigenschappen en is effectief voor de droge en vochtarme huid. Maakt de huid gladder en zachter. <\/p>\n<p><b>Hyaluronzuur<\/b> is een krachtig hydraterend ingredi\u00ebnt dat helpt het jeugdige uiterlijk van de huid te behouden en te herstellen. De huid wordt gladder, zachter en soepeler en rimpels verminderen. Heeft een bewezen verstevigend effect.  <\/p>\n<p><b>De dubbele peptide Matrixyl\u00ae 3000<\/b> is een erkend en effectief antirimpelingredi\u00ebnt met bewezen werkzaamheid. Het vermindert rimpels, egaliseert de teint en verbetert de elasticiteit van de huid. Het bestaat uit 2 collageenstimulerende peptiden die het collageen- en elastinegehalte van de huid verhogen, waardoor de huid dikker wordt en rimpels verminderen.  <\/p>\n<p><b>INCI-lijst:<\/b> Alo\u00eb Barbadensis bladextract*, Caprylic\/Capric Triglyceride, Butyrospermum Parkii Butter, Aqua, Glycerine, Perseas Grattissima Oil*, Propanediol, Cetearyl Glucoside, Cetearyl Alcohol, Isoamyl Cocoate, Glyceryl Stearate, Butylene Glycol, Sodium Stearoyl Glutamate, Natriumlevulinaat, Saccharide Isomerate, Natrium PCA, Xanthaangom, Tocoferol, Natriumhyaluronaat, Helianthus Annuus zaadolie, Natriumlactaat, Carbomeer, Polysorbaat 20, Palmitoyl Tripetide-1, Palmitoyl Tetrapeptide-7, Parfum, Citroenzuur, Natriumcitraat, Kaliumsorbaat.<\/p>\n<p>*Organische oorsprong. Biologisch gecertificeerd volgens EC 834\/2007.<\/p>\n<p>99% van het totale product is van natuurlijke oorsprong.<br \/>\n61% van de totale ingredi\u00ebnten zijn biologisch gecertificeerd.<\/p>\n<p>[\/cg_accordion]\n","protected":false},"featured_media":255244,"template":"","meta":{"_acf_changed":false},"product_brand":[570],"product_cat":[778],"product_tag":[],"class_list":{"0":"post-265945","1":"product","2":"type-product","3":"status-publish","4":"has-post-thumbnail","6":"product_brand-zenz","7":"product_cat-gezichtscreme-serum","9":"first","10":"outofstock","11":"taxable","12":"shipping-taxable","13":"purchasable","14":"product-type-simple"},"acf":[],"_links":{"self":[{"href":"https:\/\/healthyhead.dk\/nl\/wp-json\/wp\/v2\/product\/265945","targetHints":{"allow":["GET"]}}],"collection":[{"href":"https:\/\/healthyhead.dk\/nl\/wp-json\/wp\/v2\/product"}],"about":[{"href":"https:\/\/healthyhead.dk\/nl\/wp-json\/wp\/v2\/types\/product"}],"version-history":[{"count":0,"href":"https:\/\/healthyhead.dk\/nl\/wp-json\/wp\/v2\/product\/265945\/revisions"}],"wp:featuredmedia":[{"embeddable":true,"href":"https:\/\/healthyhead.dk\/nl\/wp-json\/wp\/v2\/media\/255244"}],"wp:attachment":[{"href":"https:\/\/healthyhead.dk\/nl\/wp-json\/wp\/v2\/media?parent=265945"}],"wp:term":[{"taxonomy":"product_brand","embeddable":true,"href":"https:\/\/healthyhead.dk\/nl\/wp-json\/wp\/v2\/product_brand?post=265945"},{"taxonomy":"product_cat","embeddable":true,"href":"https:\/\/healthyhead.dk\/nl\/wp-json\/wp\/v2\/product_cat?post=265945"},{"taxonomy":"product_tag","embeddable":true,"href":"https:\/\/healthyhead.dk\/nl\/wp-json\/wp\/v2\/product_tag?post=265945"}],"curies":[{"name":"wp","href":"https:\/\/api.w.org\/{rel}","templated":true}]}}