{"id":267141,"date":"2024-12-19T13:39:25","date_gmt":"2024-12-19T13:39:25","guid":{"rendered":"https:\/\/new.healthyhead.dk\/vare\/zao-okologisk-moisturising-light-cream-ansigtscreme-50-ml\/"},"modified":"2025-07-11T09:38:21","modified_gmt":"2025-07-11T09:38:21","slug":"zao-biologische-light-cream-gezichtscreme","status":"publish","type":"product","link":"https:\/\/healthyhead.dk\/nl\/product\/zao-biologische-light-cream-gezichtscreme\/","title":{"rendered":"ZAO, Biologische Moisturising Light Cream, Gezichtscr\u00e8me, 50 ml"},"content":{"rendered":"","protected":false},"excerpt":{"rendered":"<p><img decoding=\"async\" class=\"\" src=\"\/wp-content\/uploads\/2024\/08\/Ingen-kemi.svg\" alt=\"\" width=\"45\" height=\"45\">Geen hormoonontregelaars<\/p>\n<p><img decoding=\"async\" class=\"\" src=\"\/wp-content\/uploads\/2024\/08\/Ingen-allergifremkaldende.svg\" alt=\"\" width=\"46\" height=\"46\">Geen allergene stoffen<\/p>\n<p><img decoding=\"async\" class=\"\" src=\"\/wp-content\/uploads\/2024\/08\/Ingen-miljoebelastende.svg\" width=\"46\" height=\"46\">Geen milieubelastende stoffen<\/p>\n<p><img loading=\"lazy\" decoding=\"async\" class=\"\" src=\"\/wp-content\/uploads\/2024\/08\/indeholder-parfume.svg\" width=\"46\" height=\"46\">Bevat een zeer kleine hoeveelheid hypoallergene en 100% natuurlijke geurstof<\/p>\n<p>&nbsp;<\/p>\n[cg_accordion title=\"Productbeschrijving\" open=\"open\"]<\/p>\n<p>Biologische Hydraterende Lichte Cr\u00e8me van Frans ZAO. Het is een lichte vochtinbrengende cr\u00e8me die je huid kalmeert en verzacht. Hij is geschikt voor alle huidtypes, zelfs de meest gevoelige, dankzij verzachtende ingredi\u00ebnten zoals biologische alo\u00eb vera, biologisch calendula water en bamboe water. De cr\u00e8me is gebaseerd op 100% natuurlijke ingredi\u00ebnten zonder risicovolle chemicali\u00ebn. Gecertificeerd biologisch en veganistisch.    <\/p>\n<ul>\n<li class=\"iconic-wlv-terms__term iconic-wlv-terms__term--zao-ansigtscreme iconic-wlv-terms__term--instock iconic-wlv-terms__term--current iconic-wlv-terms__term--image\" data-iconic-wlv-term-label=\"ZAO Ansigtscreme\">Biologische gezichtscr\u00e8me<\/li>\n<li data-iconic-wlv-term-label=\"ZAO Ansigtscreme\">Lichtgewicht en hydraterend met kalmerende en verzachtende eigenschappen<\/li>\n<li data-iconic-wlv-term-label=\"ZAO Ansigtscreme\">Geschikt voor alle huidtypes, inclusief gevoelige<\/li>\n<li data-iconic-wlv-term-label=\"ZAO Ansigtscreme\">Bevat biologische alo\u00eb vera, calendula bloemenwater en bamboe water.<\/li>\n<\/ul>\n<p><img loading=\"lazy\" decoding=\"async\" class=\"alignnone size-full wp-image-8916\" src=\"\/wp-content\/uploads\/2024\/08\/zao-certificeringer.jpg\" alt=\"\" width=\"479\" height=\"93\" srcset=\"https:\/\/i0.wp.com\/healthyhead.dk\/wp-content\/uploads\/2024\/08\/zao-certificeringer.jpg?w=479&amp;ssl=1 479w, https:\/\/i0.wp.com\/healthyhead.dk\/wp-content\/uploads\/2024\/08\/zao-certificeringer.jpg?resize=300%2C58&amp;ssl=1 300w, https:\/\/i0.wp.com\/healthyhead.dk\/wp-content\/uploads\/2024\/08\/zao-certificeringer.jpg?resize=441%2C86&amp;ssl=1 441w, https:\/\/i0.wp.com\/healthyhead.dk\/wp-content\/uploads\/2024\/08\/zao-certificeringer.jpg?resize=150%2C29&amp;ssl=1 150w\" sizes=\"(max-width: 479px) 100vw, 479px\" \/><br \/>\n[\/cg_accordion]\n[cg_accordion title=\"Gebruikstips\"]<\/p>\n<p>Breng op een gereinigde huid en na je serum een kleine hoeveelheid cr\u00e8me aan op het hele gezicht en de hals. Strijk de cr\u00e8me van het midden van het gezicht naar buiten toe glad. Strijk voor de hals de cr\u00e8me van beneden naar boven uit.  <\/p>\n<p><strong>GEBRUIKSAANWIJZING:<\/strong> Ochtend en avond. Dagelijks gebruik. <\/p>\n<p>[\/cg_accordion]\n[cg_accordion title=\"Ingredi\u00ebnten\"]<\/p>\n<p><strong>Biologische alo\u00eb vera:<\/strong><\/p>\n<p>Alo\u00eb vera staat bekend om zijn verzachtende en kalmerende eigenschappen en herstelt en kalmeert zelfs de meest gevoelige huid met een pH-waarde die dicht bij pH 4,5 van de huid ligt. Het is een uitstekende vochtinbrenger die de elasticiteit bevordert en huidveroudering voorkomt. <\/p>\n<p><strong>Biologisch goudsbloemwater:<\/strong><\/p>\n<p>Goudsbloemwater is afgeleid van de destillatie van goudsbloemen en is een wonderproduct voor de gevoelige of ge\u00efrriteerde huid. Het staat bekend om zijn kalmerende, verzachtende en herstellende eigenschappen en maakt de huid zacht en soepel. <\/p>\n<p><strong>Biologisch bamboebloemwater:<\/strong><\/p>\n<p>Verzachtend en zuiverend bamboebloemwater hydrateert de huid diep en matteert glans. De rijkdom aan organisch kiezelzuur laat een zacht, zijdeachtig laagje achter, waardoor de huid wordt gekalmeerd en fluweelzacht aanvoelt. <\/p>\n<p><b>INCI-lijst:<\/b> Alo\u00eb Barbadensis Bladsap*, C 9 12 alkanen, Calendula Officinalis Bloemenwater*, Glycerine, Aqua, Polyglyceryl 10 Myristaat, Polyglyceryl 10 Stearaat, Glyceryl Behenate,propanediol, 2 3 Butaandiol, Coco Caprylate\/capraat, Helianthus Annuus Zaadolie Onverzeepbare ingredi\u00ebnten*, Phyllostachys Prominens Leaf Water*, Prunus Armeniaca Kernel Oil*, Sodium Hyaluronate, Helianthus Annuus Seed Oil, Sodium Phytate, Tocopherol, Limonium Narbonense Flower\/leaf\/stem Extract, Citric Acid, Sodium Levulinate, Xanthan Gum, Levulinic Acid, Sodium.<\/p>\n<p>[\/cg_accordion]\n","protected":false},"featured_media":258384,"template":"","meta":{"_acf_changed":false},"product_brand":[562],"product_cat":[778],"product_tag":[],"class_list":{"0":"post-267141","1":"product","2":"type-product","3":"status-publish","4":"has-post-thumbnail","6":"product_brand-zao","7":"product_cat-gezichtscreme-serum","9":"first","10":"instock","11":"taxable","12":"shipping-taxable","13":"purchasable","14":"product-type-simple"},"acf":[],"_links":{"self":[{"href":"https:\/\/healthyhead.dk\/nl\/wp-json\/wp\/v2\/product\/267141","targetHints":{"allow":["GET"]}}],"collection":[{"href":"https:\/\/healthyhead.dk\/nl\/wp-json\/wp\/v2\/product"}],"about":[{"href":"https:\/\/healthyhead.dk\/nl\/wp-json\/wp\/v2\/types\/product"}],"version-history":[{"count":0,"href":"https:\/\/healthyhead.dk\/nl\/wp-json\/wp\/v2\/product\/267141\/revisions"}],"wp:featuredmedia":[{"embeddable":true,"href":"https:\/\/healthyhead.dk\/nl\/wp-json\/wp\/v2\/media\/258384"}],"wp:attachment":[{"href":"https:\/\/healthyhead.dk\/nl\/wp-json\/wp\/v2\/media?parent=267141"}],"wp:term":[{"taxonomy":"product_brand","embeddable":true,"href":"https:\/\/healthyhead.dk\/nl\/wp-json\/wp\/v2\/product_brand?post=267141"},{"taxonomy":"product_cat","embeddable":true,"href":"https:\/\/healthyhead.dk\/nl\/wp-json\/wp\/v2\/product_cat?post=267141"},{"taxonomy":"product_tag","embeddable":true,"href":"https:\/\/healthyhead.dk\/nl\/wp-json\/wp\/v2\/product_tag?post=267141"}],"curies":[{"name":"wp","href":"https:\/\/api.w.org\/{rel}","templated":true}]}}