{"id":267145,"date":"2024-12-19T12:40:09","date_gmt":"2024-12-19T12:40:09","guid":{"rendered":"https:\/\/new.healthyhead.dk\/vare\/zao-okologisk-regenerating-concentrated-serum-30-ml\/"},"modified":"2025-10-04T18:05:08","modified_gmt":"2025-10-04T18:05:08","slug":"zao-biologische-regenerating-concentrated-serum-30-ml","status":"publish","type":"product","link":"https:\/\/healthyhead.dk\/nl\/product\/zao-biologische-regenerating-concentrated-serum-30-ml\/","title":{"rendered":"ZAO, Biologische Regenerating Concentrated Serum, 30 ml"},"content":{"rendered":"","protected":false},"excerpt":{"rendered":"<p><img decoding=\"async\" class=\"\" src=\"\/wp-content\/uploads\/2024\/08\/Ingen-kemi.svg\" alt=\"\" width=\"45\" height=\"45\">Geen hormoonontregelaars<\/p>\n<p><img decoding=\"async\" class=\"\" src=\"\/wp-content\/uploads\/2024\/08\/Ingen-allergifremkaldende.svg\" alt=\"\" width=\"46\" height=\"46\">Geen allergene stoffen<\/p>\n<p><img decoding=\"async\" class=\"\" src=\"\/wp-content\/uploads\/2024\/08\/Ingen-miljoebelastende.svg\" width=\"46\" height=\"46\">Geen milieubelastende stoffen<\/p>\n<p><img loading=\"lazy\" decoding=\"async\" class=\"\" src=\"\/wp-content\/uploads\/2024\/08\/indeholder-parfume.svg\" width=\"46\" height=\"46\">Bevat een zeer kleine hoeveelheid hypoallergene en 100% natuurlijke geurstof<\/p>\n<p>&nbsp;<\/p>\n[cg_accordion title=\"Productbeschrijving\" open=\"open\"]<\/p>\n<p>Biologisch regenererend gezichtsserum van het Franse ZAO. Het is verrijkt met veel biologische en natuurlijke ingredi\u00ebnten, zoals arganolie en jojoba-olie, die je huid regenereren, de tekenen van veroudering tegengaan en haar zowel laten stralen als soepel maken. Het bevat ook biologische tamanu-olie, die een kalmerend effect heeft op de huid. Het serum heeft een heerlijke citroenverbena geur en is natuurlijk gecertificeerd biologisch en veganistisch met 100% natuurlijke ingredi\u00ebnten.   <\/p>\n<ul>\n<li class=\"iconic-wlv-terms__term iconic-wlv-terms__term--zao-ansigtscreme iconic-wlv-terms__term--instock iconic-wlv-terms__term--current iconic-wlv-terms__term--image\" data-iconic-wlv-term-label=\"ZAO Ansigtscreme\">Biologisch en veganistisch gecertificeerd serum<\/li>\n<li data-iconic-wlv-term-label=\"ZAO Ansigtscreme\">Verrijkt met regenererende ingredi\u00ebnten die de tekenen van veroudering tegengaan, zoals arganolie en jojoba-olie<\/li>\n<li data-iconic-wlv-term-label=\"ZAO Ansigtscreme\">Bevat ook biologische tamanu-olie, die een kalmerend effect heeft op de huid<\/li>\n<li data-iconic-wlv-term-label=\"ZAO Ansigtscreme\">Heerlijke en milde citroenverbena geur<\/li>\n<\/ul>\n<p><img loading=\"lazy\" decoding=\"async\" class=\"alignnone size-full wp-image-8916\" src=\"\/wp-content\/uploads\/2024\/08\/zao-certificeringer.jpg\" alt=\"\" width=\"479\" height=\"93\" srcset=\"https:\/\/i0.wp.com\/healthyhead.dk\/wp-content\/uploads\/2024\/08\/zao-certificeringer.jpg?w=479&amp;ssl=1 479w, https:\/\/i0.wp.com\/healthyhead.dk\/wp-content\/uploads\/2024\/08\/zao-certificeringer.jpg?resize=300%2C58&amp;ssl=1 300w, https:\/\/i0.wp.com\/healthyhead.dk\/wp-content\/uploads\/2024\/08\/zao-certificeringer.jpg?resize=441%2C86&amp;ssl=1 441w, https:\/\/i0.wp.com\/healthyhead.dk\/wp-content\/uploads\/2024\/08\/zao-certificeringer.jpg?resize=150%2C29&amp;ssl=1 150w\" sizes=\"(max-width: 479px) 100vw, 479px\" \/><br \/>\n[\/cg_accordion]\n[cg_accordion title=\"Gebruikstips\"]<\/p>\n<div class=\"group\/conversation-turn relative flex w-full min-w-0 flex-col agent-turn\">\n<div class=\"flex-col gap-1 md:gap-3\">\n<div class=\"flex max-w-full flex-col flex-grow\">\n<div class=\"min-h-8 text-message flex w-full flex-col items-end gap-2 whitespace-normal break-words text-start [.text-message+&amp;]:mt-5\" dir=\"auto\" data-message-author-role=\"assistant\" data-message-id=\"e4fa14b7-77f6-40a2-8aff-f5dc659777d0\" data-message-model-slug=\"gpt-4o\">\n<div class=\"flex w-full flex-col gap-1 empty:hidden first:pt-[3px]\">\n<div class=\"markdown prose w-full break-words dark:prose-invert light\">\n<p>Breng op een gereinigde en droge huid 3 tot 4 druppels serum aan op het hele gezicht en de hals, v\u00f3\u00f3r je gebruikelijke cr\u00e8me. Masseer het product zachtjes van het midden van het gezicht naar buiten toe. <\/p>\n<p><strong>GEBRUIKSAANWIJZING:<\/strong> Ochtend en avond. Dagelijks gebruik. <\/p>\n<\/div>\n<\/div>\n<\/div>\n<\/div>\n<\/div>\n<\/div>\n<p>[\/cg_accordion]\n[cg_accordion title=\"Ingredi\u00ebnten\"]<\/p>\n<p><strong>Biologische arganolie<\/strong><\/p>\n<p>Arganolie is rijk aan vitamine E en staat bekend om zijn voedende, regenererende en reconstructieve eigenschappen. Het hoge gehalte aan antioxidanten maakt het ideaal om huidveroudering tegen te gaan. De vetzuren maken de droge en ondervoede huid weer soepel en zacht.  <\/p>\n<p><strong>Biologische tamanu-olie<\/strong><\/p>\n<p>Deze olie wordt gewonnen uit de noten van de tamanutboom, die oorspronkelijk voorkomt in de tropische gebieden van de Indische en Stille Oceaan (Madagaskar), en is rijk aan essenti\u00eble vetzuren en antioxidanten. Ze hydrateert de huid en helpt fijne lijntjes en rimpels te vervagen. Dankzij de ontstekingsremmende eigenschappen kalmeert het irritatie, roodheid en huidontsteking.  <\/p>\n<p><strong>Biologische jojoba-olie<\/strong><\/p>\n<p>Jojoba-olie staat erom bekend uitdroging te voorkomen en een verstikte huid te revitaliseren. De droge textuur en originele samenstelling versterkt de hydrolipidenfilm en reguleert de talgproductie bij een vette huid. Het regenereert en behoudt de soepelheid en elasticiteit van de huid en bestrijdt tekenen van huidveroudering.  <\/p>\n<p><b>INCI-lijst:<\/b> Dicaprylyl Ether, Argania Spinosa Kernel Oil*, Persea Gratissima Oil*, Simmondsia Chinensis Seed Oil*, Helianthus Annuus Hybrid Oil*, Helianthus Annuus Seed Oil Unsaponifiables*, Calophyllum Inophyllum Seed Oil*, Helianthus Annuus Seed Oil, Brassica Campestris Zaadolie*, Tocoferol, Bambusa Arundinacea Stam Extract*, Litsea Cubeba Vruchtolie*, Citral, Cistus Monspeliensis Extract*, Stevia Rebaudiana Extract, Parfum, Polyglyceryl-3 Diisostearate, Limonene, Linalool, Geraniol. *Ingredi\u00ebnten van biologische landbouw. <\/p>\n<p>[\/cg_accordion]\n","protected":false},"featured_media":258520,"template":"","meta":{"_acf_changed":false},"product_brand":[562],"product_cat":[778],"product_tag":[],"class_list":{"0":"post-267145","1":"product","2":"type-product","3":"status-publish","4":"has-post-thumbnail","6":"product_brand-zao","7":"product_cat-gezichtscreme-serum","9":"first","10":"instock","11":"taxable","12":"shipping-taxable","13":"purchasable","14":"product-type-simple"},"acf":[],"_links":{"self":[{"href":"https:\/\/healthyhead.dk\/nl\/wp-json\/wp\/v2\/product\/267145","targetHints":{"allow":["GET"]}}],"collection":[{"href":"https:\/\/healthyhead.dk\/nl\/wp-json\/wp\/v2\/product"}],"about":[{"href":"https:\/\/healthyhead.dk\/nl\/wp-json\/wp\/v2\/types\/product"}],"version-history":[{"count":0,"href":"https:\/\/healthyhead.dk\/nl\/wp-json\/wp\/v2\/product\/267145\/revisions"}],"wp:featuredmedia":[{"embeddable":true,"href":"https:\/\/healthyhead.dk\/nl\/wp-json\/wp\/v2\/media\/258520"}],"wp:attachment":[{"href":"https:\/\/healthyhead.dk\/nl\/wp-json\/wp\/v2\/media?parent=267145"}],"wp:term":[{"taxonomy":"product_brand","embeddable":true,"href":"https:\/\/healthyhead.dk\/nl\/wp-json\/wp\/v2\/product_brand?post=267145"},{"taxonomy":"product_cat","embeddable":true,"href":"https:\/\/healthyhead.dk\/nl\/wp-json\/wp\/v2\/product_cat?post=267145"},{"taxonomy":"product_tag","embeddable":true,"href":"https:\/\/healthyhead.dk\/nl\/wp-json\/wp\/v2\/product_tag?post=267145"}],"curies":[{"name":"wp","href":"https:\/\/api.w.org\/{rel}","templated":true}]}}