{"id":267165,"date":"2024-12-28T12:31:29","date_gmt":"2024-12-28T12:31:29","guid":{"rendered":"https:\/\/new.healthyhead.dk\/vare\/zao-okologisk-cleansing-micellar-jelly-ansigtsrens-100-ml\/"},"modified":"2025-07-11T10:38:20","modified_gmt":"2025-07-11T10:38:20","slug":"zao-biologische-cleansing-micellar-jelly-gezichtsreiniger","status":"publish","type":"product","link":"https:\/\/healthyhead.dk\/nl\/product\/zao-biologische-cleansing-micellar-jelly-gezichtsreiniger\/","title":{"rendered":"ZAO, Biologische Cleansing Micellar Jelly, Gezichtsreiniger, 100 ml"},"content":{"rendered":"","protected":false},"excerpt":{"rendered":"<p><img decoding=\"async\" class=\"\" src=\"\/wp-content\/uploads\/2024\/08\/Ingen-kemi.svg\" alt=\"\" width=\"45\" height=\"45\">Geen hormoonontregelaars<\/p>\n<p><img decoding=\"async\" class=\"\" src=\"\/wp-content\/uploads\/2024\/08\/Ingen-allergifremkaldende.svg\" alt=\"\" width=\"46\" height=\"46\">Geen allergene stoffen<\/p>\n<p><img decoding=\"async\" class=\"\" src=\"\/wp-content\/uploads\/2024\/08\/Ingen-miljoebelastende.svg\" width=\"46\" height=\"46\">Geen milieubelastende stoffen<\/p>\n<p><img loading=\"lazy\" decoding=\"async\" class=\"\" src=\"\/wp-content\/uploads\/2024\/08\/indeholder-parfume.svg\" width=\"46\" height=\"46\">Bevat een zeer kleine hoeveelheid hypoallergene en 100% natuurlijke geurstof<\/p>\n<p>&nbsp;<\/p>\n[cg_accordion title=\"Productbeschrijving\" open=\"open\"]<\/p>\n<p>Biologische gezichtsreiniger van het Franse ZAO. Met zijn aangename vanillegeur verwijdert deze gel op milde wijze make-up en onzuiverheden van de huid. Hij laat een frisse finish achter en een heldere huid. Het is ideaal voor alle huidtypes, zelfs de meest gevoelige, dankzij verzachtende ingredi\u00ebnten zoals biologisch bamboebloemwater, verzachtende ingredi\u00ebnten zoals biologische alo\u00eb vera en verstevigende ingredi\u00ebnten zoals biologisch toverhazelaarbloemwater. ZAO Organic Cleansing Micellar Jelly is natuurlijk gecertificeerd biologisch en veganistisch op basis van 100% natuurlijke ingredi\u00ebnten.    <\/p>\n<ul>\n<li data-iconic-wlv-term-label=\"ZAO Ansigtscreme\">Heeft een <strong>zachte vanillegeur <\/strong> <\/li>\n<li data-iconic-wlv-term-label=\"ZAO Ansigtscreme\"><strong>Verwijdert make-up<\/strong> en onzuiverheden <strong>zachtjes<\/strong> van de huid<\/li>\n<li data-iconic-wlv-term-label=\"ZAO Ansigtscreme\">Ideaal voor alle huidtypes, zelfs de meest <strong>gevoelige <\/strong> <\/li>\n<li data-iconic-wlv-term-label=\"ZAO Ansigtscreme\">Bevat <strong>organisch bamboebloemwater<\/strong>, dat een <strong>kalmerend effect <\/strong>heeft op de huid<\/li>\n<li data-iconic-wlv-term-label=\"ZAO Ansigtscreme\"><strong>Biologische alo\u00eb vera<\/strong> die <strong>de huid verzacht<\/strong><\/li>\n<li data-iconic-wlv-term-label=\"ZAO Ansigtscreme\">Biologisch <strong>toverhazelaarbloesemwater<\/strong> dat <strong>de huid strakker maakt<\/strong><\/li>\n<\/ul>\n<p><img loading=\"lazy\" decoding=\"async\" class=\"alignnone size-full wp-image-8916\" src=\"\/wp-content\/uploads\/2024\/08\/zao-certificeringer.jpg\" alt=\"\" width=\"479\" height=\"93\" srcset=\"https:\/\/i0.wp.com\/healthyhead.dk\/wp-content\/uploads\/2024\/08\/zao-certificeringer.jpg?w=479&amp;ssl=1 479w, https:\/\/i0.wp.com\/healthyhead.dk\/wp-content\/uploads\/2024\/08\/zao-certificeringer.jpg?resize=300%2C58&amp;ssl=1 300w, https:\/\/i0.wp.com\/healthyhead.dk\/wp-content\/uploads\/2024\/08\/zao-certificeringer.jpg?resize=441%2C86&amp;ssl=1 441w, https:\/\/i0.wp.com\/healthyhead.dk\/wp-content\/uploads\/2024\/08\/zao-certificeringer.jpg?resize=150%2C29&amp;ssl=1 150w\" sizes=\"(max-width: 479px) 100vw, 479px\" \/><br \/>\n[\/cg_accordion]\n[cg_accordion title=\"Gebruikstips\"]\n<ul>\n<li style=\"list-style-type: none;\">\n<ul>\n<li>Breng een kleine hoeveelheid Cleansing Micellar Jelly aan op een wattenschijfje en was zachtjes je hele gezicht,<\/li>\n<li>Je kunt ook een kleine hoeveelheid in je handen nemen, bevochtigen met water van tevoren, emulgeren met ronddraaiende bewegingen en dan afspoelen.<\/li>\n<li>Dagelijks, elke nacht gebruiken<\/li>\n<\/ul>\n<\/li>\n<\/ul>\n<p>[\/cg_accordion][cg_accordion title=\"Ingredi\u00ebnten\"]<\/p>\n<p><strong>Biologisch bamboebloemwater<\/strong><\/p>\n<p>Verzachtend en zuiverend bamboebloemwater hydrateert de huid diep en matteert glans. De rijkdom aan organische silica laat een zacht, zijdeachtig laagje achter, waardoor de huid gekalmeerd en fluweelzacht aanvoelt. <\/p>\n<p><strong>Biologische alo\u00eb vera<\/strong><\/p>\n<p>Alo\u00eb vera staat bekend om zijn verzachtende en kalmerende eigenschappen en herstelt en kalmeert zelfs de meest gevoelige huid. Met een pH die dicht bij pH 4,5 van de huid ligt, is het een uitstekende vochtinbrenger die de elasticiteit bevordert en huidveroudering voorkomt. <\/p>\n<p><strong>Biologisch toverhazelaar bloemenwater<\/strong><\/p>\n<p>Dit water wordt gedestilleerd uit de bladeren en bloemen van toverhazelaar, een struik die veel voorkomt in de bossen van Quebec en het noordoosten van de Verenigde Staten. Het is adstringerend, reinigend en verstevigend en helpt de huidpori\u00ebn te vernauwen. Ideaal voor de gevoelige huid, het verzacht en kalmeert huidirritaties.  <\/p>\n<p><b>INCI-lijst: <\/b>Aqua (Water)Helianthus Annuus (Zonnebloem) Hybride Olie [1]Phyllostachys Prominens Leaf Water [1]KaolinButyrospermum Parkii (Shea) Butter [1]Glyceryl Stearate CitrateGlyceryl BehenateCetyl AlcoholGlycerinePerfume (Parfum)MelkzuurOlea Europaea (Olijf)zaadpoederIllietPyrus Malus fruitextractHelianthus Annuus (Zonnebloem)zaadolieTocoferolNatriumlevulinaatXanthaan gomCitroenzuurGlycerylcaprylaatLevulinezuurNatriumhydroxideNatriumanisaatCi 77491 (IJzeroxide)Natriumcitraat<\/p>\n<p>&nbsp;<\/p>\n<p>[\/cg_accordion]<\/p>\n","protected":false},"featured_media":258624,"template":"","meta":{"_acf_changed":false},"product_brand":[562],"product_cat":[782],"product_tag":[],"class_list":{"0":"post-267165","1":"product","2":"type-product","3":"status-publish","4":"has-post-thumbnail","6":"product_brand-zao","7":"product_cat-gezichtsreiniger","9":"first","10":"instock","11":"taxable","12":"shipping-taxable","13":"purchasable","14":"product-type-simple"},"acf":[],"_links":{"self":[{"href":"https:\/\/healthyhead.dk\/nl\/wp-json\/wp\/v2\/product\/267165","targetHints":{"allow":["GET"]}}],"collection":[{"href":"https:\/\/healthyhead.dk\/nl\/wp-json\/wp\/v2\/product"}],"about":[{"href":"https:\/\/healthyhead.dk\/nl\/wp-json\/wp\/v2\/types\/product"}],"version-history":[{"count":0,"href":"https:\/\/healthyhead.dk\/nl\/wp-json\/wp\/v2\/product\/267165\/revisions"}],"wp:featuredmedia":[{"embeddable":true,"href":"https:\/\/healthyhead.dk\/nl\/wp-json\/wp\/v2\/media\/258624"}],"wp:attachment":[{"href":"https:\/\/healthyhead.dk\/nl\/wp-json\/wp\/v2\/media?parent=267165"}],"wp:term":[{"taxonomy":"product_brand","embeddable":true,"href":"https:\/\/healthyhead.dk\/nl\/wp-json\/wp\/v2\/product_brand?post=267165"},{"taxonomy":"product_cat","embeddable":true,"href":"https:\/\/healthyhead.dk\/nl\/wp-json\/wp\/v2\/product_cat?post=267165"},{"taxonomy":"product_tag","embeddable":true,"href":"https:\/\/healthyhead.dk\/nl\/wp-json\/wp\/v2\/product_tag?post=267165"}],"curies":[{"name":"wp","href":"https:\/\/api.w.org\/{rel}","templated":true}]}}