{"id":268079,"date":"2024-08-22T12:33:34","date_gmt":"2024-08-22T12:33:34","guid":{"rendered":"https:\/\/new.healthyhead.dk\/vare\/zao-okologisk-liquid-concealer-7-ml\/"},"modified":"2025-08-05T12:56:09","modified_gmt":"2025-08-05T12:56:09","slug":"zao-biologische-liquid-concealer-7-ml","status":"publish","type":"product","link":"https:\/\/healthyhead.dk\/nl\/product\/zao-biologische-liquid-concealer-7-ml\/","title":{"rendered":"ZAO, Biologische Liquid Concealer, 7 ml"},"content":{"rendered":"","protected":false},"excerpt":{"rendered":"<p><img decoding=\"async\" class=\"\" src=\"\/wp-content\/uploads\/2024\/08\/Ingen-kemi.svg\" alt=\"\" width=\"45\" height=\"45\">Geen hormoonontregelaars<\/p>\n<p><img decoding=\"async\" class=\"\" src=\"\/wp-content\/uploads\/2024\/08\/Ingen-allergifremkaldende.svg\" alt=\"\" width=\"46\" height=\"46\">Geen allergene stoffen<\/p>\n<p><img decoding=\"async\" class=\"\" src=\"\/wp-content\/uploads\/2024\/08\/Ingen-miljoebelastende.svg\" width=\"46\" height=\"46\">Geen milieubelastende stoffen<\/p>\n<p><img loading=\"lazy\" decoding=\"async\" class=\"\" src=\"\/wp-content\/uploads\/2024\/08\/indeholder-parfume.svg\" width=\"46\" height=\"46\">Bevat een zeer kleine hoeveelheid hypoallergene en 100% natuurlijke geurstof<\/p>\n<p>&nbsp;<\/p>\n[cg_accordion title=\"Productbeschrijving\" open=\"open\"]<\/p>\n<p>Biologische en vegan gecertificeerde vloeibare concealer van het Franse ZAO. De concealer heeft een fluweelzachte textuur en is effectief voor het camoufleren van grote en kleine oneffenheden, donkere kringen onder de ogen en kleurverschillen in de huid.   <\/p>\n<ul>\n<li>Effectief voor het bedekken van grote en kleine oneffenheden<\/li>\n<li>Verrijkt met <b>organisch magnolia-extract<\/b>, bekend om zijn antibacteri\u00eble, ontstekingsremmende en antioxiderende eigenschappen  <\/li>\n<li>Bevat ook <b>biologische alo\u00eb vera<\/b>, die een kalmerend effect heeft op de huid<\/li>\n<li>Vrij van gevaarlijke chemicali\u00ebn<\/li>\n<li>Mogelijkheid om <b>bij te vullen met een navulling<\/b><\/li>\n<\/ul>\n<p><img loading=\"lazy\" decoding=\"async\" src=\"\/wp-content\/uploads\/2024\/08\/zao-certificeringer.jpg\" alt=\"\" width=\"479\" height=\"93\" class=\"alignnone size-full wp-image-8916\" srcset=\"https:\/\/i0.wp.com\/healthyhead.dk\/wp-content\/uploads\/2024\/08\/zao-certificeringer.jpg?w=479&amp;ssl=1 479w, https:\/\/i0.wp.com\/healthyhead.dk\/wp-content\/uploads\/2024\/08\/zao-certificeringer.jpg?resize=300%2C58&amp;ssl=1 300w, https:\/\/i0.wp.com\/healthyhead.dk\/wp-content\/uploads\/2024\/08\/zao-certificeringer.jpg?resize=441%2C86&amp;ssl=1 441w, https:\/\/i0.wp.com\/healthyhead.dk\/wp-content\/uploads\/2024\/08\/zao-certificeringer.jpg?resize=150%2C29&amp;ssl=1 150w\" sizes=\"(max-width: 479px) 100vw, 479px\" \/><br \/>\n[\/cg_accordion]\n[cg_accordion title=\"Gebruikstips\"]<\/p>\n<ul>\n<li>Breng op een schone, droge en gehydrateerde huid concealer aan met de punt in kleine stipjes rond de oogcontour en\/of donkere kringen.<\/li>\n<li>  Werk de concealer in de huid met een droog of licht bevochtigd sponsje.<\/li>\n<li>Het is belangrijk om een tint te kiezen die \u00bd tot 1 tint lichter is dan je huidskleur om donkere kringen op te helderen en op te vullen.<\/li>\n<\/ul>\n<p>[\/cg_accordion]\n[cg_accordion title=\"Ingredi\u00ebnten\"] <b>Magnolia-extract:<\/b> Magnolia-extract wordt gewonnen uit de bast van de boom. Het wordt al eeuwenlang gebruikt als remedie in de traditionele Chinese geneeskunde vanwege de antibacteri\u00eble, ontstekingsremmende en antioxiderende eigenschappen. Dit komt door magnolol en honokiol, actieve ingredi\u00ebnten die in grote hoeveelheden aanwezig zijn in magnolia-extract. Ze bestrijden de bacteri\u00ebn die huidonzuiverheden veroorzaken. Omdat ze ook antioxiderende eigenschappen hebben, zijn ze in staat om vrije radicalen te neutraliseren die, veroorzaakt door UV-stralen, de huid beschadigen. Op deze manier voorkomt magnolia-extract effectief vroegtijdige huidveroudering.<br \/>\n&nbsp;<br \/>\n<b>Biologische alo\u00eb vera:<\/b> Alo\u00eb vera staat bekend om zijn verzachtende en kalmerende eigenschappen en herstelt en kalmeert de meest gevoelige huid. Als uitstekende vochtinbrenger compenseert het vochtverlies van de huid.<br \/>\n&nbsp;<br \/>\n<b>INCI-lijst:<\/b> Ingredi\u00ebnt Vloeibare Concealer 791 tot 796 (F1): Aqua (Water), Alo\u00eb Barbadensis Bladsap*, Octyldodecanol, Glycerine**, Butyleenglycol, Sucrosepalmitaat, Cetearylalcohol, Glycerylstearaat, Kaliumpalmitoyl Gehydrolyseerd Tarweprote\u00efne, Glycerylcaprylaat, Phyllostachys Nigra Extract*, Oliezuur\/Linoleenzuur\/Linoleenzuur Polyglyceriden, Bambusa Arundinacea (Bamboe) Stam Extract*, Bambusa Arundinacea Stam Poeder, Helianthus Annuus (Zonnebloem) Zaadolie*, Pentylene Glycol, Natrium Stearoyl Glutamaat, Xanthan Gum, Parfum, P-anijszuur, Magnolia Officinalis Bast Extract, Lecithine, Tocoferol, Ascorbyl Palmitaat, Citroenzuur, Ci 77820 (Zilver). Kan (+\/-) bevatten: Ci 77891 (titaandioxide), Ci 77492 (ijzeroxiden), Ci 77491 (ijzeroxiden), Ci 77499 (ijzeroxiden). *Ingredi\u00ebnten van biologische landbouw. ** Bewerkt met biologische ingredi\u00ebnten.   <\/p>\n<p>[\/cg_accordion]\n<p>&nbsp;<\/p>\n","protected":false},"featured_media":253832,"template":"","meta":{"_acf_changed":false},"product_brand":[562],"product_cat":[818],"product_tag":[],"class_list":{"0":"post-268079","1":"product","2":"type-product","3":"status-publish","4":"has-post-thumbnail","6":"product_brand-zao","7":"product_cat-concealer","9":"first","10":"instock","11":"taxable","12":"shipping-taxable","13":"purchasable","14":"product-type-variable"},"acf":[],"_links":{"self":[{"href":"https:\/\/healthyhead.dk\/nl\/wp-json\/wp\/v2\/product\/268079","targetHints":{"allow":["GET"]}}],"collection":[{"href":"https:\/\/healthyhead.dk\/nl\/wp-json\/wp\/v2\/product"}],"about":[{"href":"https:\/\/healthyhead.dk\/nl\/wp-json\/wp\/v2\/types\/product"}],"version-history":[{"count":0,"href":"https:\/\/healthyhead.dk\/nl\/wp-json\/wp\/v2\/product\/268079\/revisions"}],"wp:featuredmedia":[{"embeddable":true,"href":"https:\/\/healthyhead.dk\/nl\/wp-json\/wp\/v2\/media\/253832"}],"wp:attachment":[{"href":"https:\/\/healthyhead.dk\/nl\/wp-json\/wp\/v2\/media?parent=268079"}],"wp:term":[{"taxonomy":"product_brand","embeddable":true,"href":"https:\/\/healthyhead.dk\/nl\/wp-json\/wp\/v2\/product_brand?post=268079"},{"taxonomy":"product_cat","embeddable":true,"href":"https:\/\/healthyhead.dk\/nl\/wp-json\/wp\/v2\/product_cat?post=268079"},{"taxonomy":"product_tag","embeddable":true,"href":"https:\/\/healthyhead.dk\/nl\/wp-json\/wp\/v2\/product_tag?post=268079"}],"curies":[{"name":"wp","href":"https:\/\/api.w.org\/{rel}","templated":true}]}}