{"id":271633,"date":"2024-12-14T16:47:04","date_gmt":"2024-12-14T16:47:04","guid":{"rendered":"https:\/\/new.healthyhead.dk\/vare\/zao-okologisk-concealer-refill-3-5-g\/"},"modified":"2025-09-17T16:36:26","modified_gmt":"2025-09-17T16:36:26","slug":"zao-biologische-concealer-refill-35-g","status":"publish","type":"product","link":"https:\/\/healthyhead.dk\/nl\/product\/zao-biologische-concealer-refill-35-g\/","title":{"rendered":"ZAO, Biologische Concealer, Refill, 3,5 g"},"content":{"rendered":"","protected":false},"excerpt":{"rendered":"<p><img decoding=\"async\" class=\"\" src=\"\/wp-content\/uploads\/2024\/08\/Ingen-kemi.svg\" alt=\"\" width=\"45\" height=\"45\">Geen hormoonontregelaars<\/p>\n<p><img decoding=\"async\" class=\"\" src=\"\/wp-content\/uploads\/2024\/08\/Ingen-allergifremkaldende.svg\" alt=\"\" width=\"46\" height=\"46\">Geen allergene stoffen<\/p>\n<p><img decoding=\"async\" class=\"\" src=\"\/wp-content\/uploads\/2024\/08\/Ingen-miljoebelastende.svg\" width=\"46\" height=\"46\">Geen milieubelastende stoffen<\/p>\n<p><img loading=\"lazy\" decoding=\"async\" class=\"\" src=\"\/wp-content\/uploads\/2024\/08\/indeholder-parfume.svg\" width=\"46\" height=\"46\">Bevat een zeer kleine hoeveelheid hypoallergene en 100% natuurlijke geurstof<\/p>\n<p>&nbsp;<\/p>\n[cg_accordion title=\"Productbeschrijving\" open=\"open\"]<\/p>\n<p>Navulling voor concealer van ZAO. Door navullingen te gebruiken, bespaar je geld en het milieu door onnodige verpakkingen. <\/p>\n<p><img loading=\"lazy\" decoding=\"async\" class=\"alignnone size-full wp-image-8916\" src=\"\/wp-content\/uploads\/2024\/08\/zao-certificeringer.jpg\" alt=\"\" width=\"479\" height=\"93\" srcset=\"https:\/\/i0.wp.com\/healthyhead.dk\/wp-content\/uploads\/2024\/08\/zao-certificeringer.jpg?w=479&amp;ssl=1 479w, https:\/\/i0.wp.com\/healthyhead.dk\/wp-content\/uploads\/2024\/08\/zao-certificeringer.jpg?resize=300%2C58&amp;ssl=1 300w, https:\/\/i0.wp.com\/healthyhead.dk\/wp-content\/uploads\/2024\/08\/zao-certificeringer.jpg?resize=441%2C86&amp;ssl=1 441w, https:\/\/i0.wp.com\/healthyhead.dk\/wp-content\/uploads\/2024\/08\/zao-certificeringer.jpg?resize=150%2C29&amp;ssl=1 150w\" sizes=\"(max-width: 479px) 100vw, 479px\" \/><br \/>\n[\/cg_accordion]\n[cg_accordion title=\"Gebruikstips\"]<\/p>\n<p>Om donkere kringen te verminderen, begin je bij de binnenste ooghoek en beweeg je naar het midden van het oog. Rek het materiaal vervolgens zachtjes en geleidelijk uit met je vinger of Concealer Brush naar de buitenkant van het oog. Om oneffenheden te corrigeren, breng je het materiaal aan met je vinger of met een schaduwpenseel en vervaag je het om de huidtint te egaliseren. De 494 corrector breng je het beste aan v\u00f3\u00f3r je foundation. De huidkleurige concealers breng je aan v\u00f3\u00f3r een poederfoundation en na een cr\u00e8mefoundation.    <\/p>\n<ul>\n<li><b>Concealers 491<\/b>: Gele ondertoon (ideaal voor paarse kringen en\/of een lichte huid)<\/li>\n<li><b>Concealers 492<\/b>: Roze ondertoon (ideaal om een porseleinen huid te laten stralen)<\/li>\n<li><b>Concealers 493<\/b>: Gele ondertoon (ideaal voor paarse kringen en\/of een medium huid)<\/li>\n<li><b>Concealers 494<\/b>: Oranje ondertoon (ideaal voor blauwachtige kringen en\/of medium huidtinten)<\/li>\n<li><b>Concealer 499<\/b> wordt gebruikt om plaatselijke roodheid van de huid en couperose te verbergen.<\/li>\n<\/ul>\n<p>[\/cg_accordion]\n[cg_accordion title=\"Ingredi\u00ebnten\"]<\/p>\n<p><b>Biologische ricinusolie<\/b><\/p>\n<p>Deze olie is interessant omdat hij verzachtend is en de huid zacht maakt. Ze is ook vochtinbrengend, verhoogt het vochtgehalte van de huid en houdt haar zacht en glad. <\/p>\n<p><b>Biologische carnaubawas<\/b><\/p>\n<p>Deze was wordt gewonnen uit de bladeren van een palmboom die oorspronkelijk uit Brazili\u00eb komt. Het is een filmvormend middel dat de huid beschermt door een ononderbroken film te vormen en make-up langer houdbaar te maken.<\/p>\n<p><b>Biologisch bamboe maceraat<\/b><\/p>\n<p>Bamboemaceraat is extreem rijk aan organisch kiezelzuur, waarvan de externe aanvoer nodig is om de elasticiteit van de bovenste lagen van de opperhuid te behouden. Organisch kiezelzuur stimuleert zelfs de aanmaak van collageen. <\/p>\n<p><b>INCI-lijst:<\/b> Ricinus Communis (Castor) Zaadolie*, C10-18 Triglyceriden, Copernicia Cerifera (Carnauba) Cera*, Jojoba Esters, Undecane, Helianthus Annuus (Zonnebloem) Zaad Cera, Silica, Hydroxystearic\/linolenic\/oleic Polyglycerides, Tridecane, Parfum (Geur), Euphorbia Cerifera (Candelilla) Cera, Polyglycerine-3, Acacia Decurrens Flower Cera, Lecithine, Bambusa Arundinacea Stem Powder, Bambusa Arundinacea Stem Extract*, Helianthus Annuus (Zonnebloem) Seed Oil*, Tocopherol, Ascorbyl Palmitate, Citroenzuur. Kan +\/- bevatten: Ci 77891 (titaandioxide), Ci 77491 (ijzeroxiden), Ci 77492 (ijzeroxiden), Ci 77499 (ijzeroxiden), Ci 77288 (chroomoxide groen). * Ingredi\u00ebnten van biologische landbouw.  <\/p>\n<p>[\/cg_accordion]\n","protected":false},"featured_media":258856,"template":"","meta":{"_acf_changed":false},"product_brand":[562],"product_cat":[818],"product_tag":[],"class_list":{"0":"post-271633","1":"product","2":"type-product","3":"status-publish","4":"has-post-thumbnail","6":"product_brand-zao","7":"product_cat-concealer","9":"first","10":"instock","11":"taxable","12":"shipping-taxable","13":"purchasable","14":"product-type-variable","15":"has-default-attributes"},"acf":[],"_links":{"self":[{"href":"https:\/\/healthyhead.dk\/nl\/wp-json\/wp\/v2\/product\/271633","targetHints":{"allow":["GET"]}}],"collection":[{"href":"https:\/\/healthyhead.dk\/nl\/wp-json\/wp\/v2\/product"}],"about":[{"href":"https:\/\/healthyhead.dk\/nl\/wp-json\/wp\/v2\/types\/product"}],"version-history":[{"count":0,"href":"https:\/\/healthyhead.dk\/nl\/wp-json\/wp\/v2\/product\/271633\/revisions"}],"wp:featuredmedia":[{"embeddable":true,"href":"https:\/\/healthyhead.dk\/nl\/wp-json\/wp\/v2\/media\/258856"}],"wp:attachment":[{"href":"https:\/\/healthyhead.dk\/nl\/wp-json\/wp\/v2\/media?parent=271633"}],"wp:term":[{"taxonomy":"product_brand","embeddable":true,"href":"https:\/\/healthyhead.dk\/nl\/wp-json\/wp\/v2\/product_brand?post=271633"},{"taxonomy":"product_cat","embeddable":true,"href":"https:\/\/healthyhead.dk\/nl\/wp-json\/wp\/v2\/product_cat?post=271633"},{"taxonomy":"product_tag","embeddable":true,"href":"https:\/\/healthyhead.dk\/nl\/wp-json\/wp\/v2\/product_tag?post=271633"}],"curies":[{"name":"wp","href":"https:\/\/api.w.org\/{rel}","templated":true}]}}