{"id":277216,"date":"2024-10-17T07:43:01","date_gmt":"2024-10-17T07:43:01","guid":{"rendered":"https:\/\/new.healthyhead.dk\/vare\/norge-landsholds-t-shirt-design-selv\/"},"modified":"2026-01-22T21:29:04","modified_gmt":"2026-01-22T21:29:04","slug":"norge-landsholds-t-shirt-design-selv","status":"publish","type":"product","link":"https:\/\/healthyhead.dk\/nl\/product\/norge-landsholds-t-shirt-design-selv\/","title":{"rendered":"Norge, Landsholds-t-shirt, Design Selv"},"content":{"rendered":"","protected":false},"excerpt":{"rendered":"<p><img decoding=\"async\" class=\"alignnone wp-image-7519\" src=\"\/wp-content\/uploads\/2024\/08\/Klassisk-pasform.svg\" alt=\"Klassisk-pasform\" width=\"46\" height=\"45\" \/>Klassisk pasform<\/p>\n<p><img decoding=\"async\" class=\"alignnone wp-image-7520\" src=\"\/wp-content\/uploads\/2024\/08\/Oeko-tex.svg\" alt=\"Oeko-tex\" width=\"46\" height=\"45\" \/>OEKO-tex certificeret bomuld og tryk uden skadelig kemi<\/p>\n<p><img decoding=\"async\" class=\"alignnone wp-image-7533\" src=\"\/wp-content\/uploads\/2024\/08\/Forvasket.svg\" alt=\"Forvasket\" width=\"46\" height=\"45\" \/>Forvasket for at minimere krymp<\/p>\n<section class=\"elegant-tabs-container et-horizontal\">\n<div class=\"et-tabs et-horizontal justified-tabs et-tabs-style-iconbox tab-class-670d08084954b\" data-tab_style=\"iconbox\" data-active-bg=\"#00a54f\" data-active-text=\"#ffffff\">\n<nav>\u00a0<\/nav>\n<\/div>\n<\/section>\n[cg_accordion title=\"Beskrivelse\" open=\"open\"]<\/p>\n<p>V\u00e6lg dit spillernummer og navn, som skal trykkes p\u00e5 bagsiden af denne perfekt passende t-shirt i norsk r\u00f8d. Forsiden prydes af teskten &#8216;Norge&#8217; samt det norske flag. Trykt med dansk OEKO-tex certificeret kvalitetstryk uden skadelige kemikalier. Leveringstiden er ca. 3-5 arbejdsdage efter bestilling<\/p>\n<ul>\n<li><b>Tryk:<\/b>\u00a0Dansk OEKO-tex certificeret kvalitetstryk uden risikabel kemi<\/li>\n<li><b>Fit:<\/b>\u00a0Almindelig pasform med 2 cm ekstra l\u00e6ngde for l\u00e6ngere holdbarhed<\/li>\n<li><b>Materiale:<\/b>\u00a0100% OEKO-tex certificeret bomuld, 165 g\/m\u00b2<\/li>\n<li><b>Krymp:<\/b>\u00a0T-shirten er \u2018pre-washed\u2019 \u2013 krymper derfor minimalt hvis vaskeanvisninger f\u00f8lges<\/li>\n<\/ul>\n<p>[\/cg_accordion]\n[cg_accordion title=\"Vaskeanvisning\"]<\/p>\n<p>Vi anbefaler at vaske ved 30 grader og undg\u00e5 t\u00f8rretumbling for at sk\u00e5ne milj\u00f8et og forl\u00e6nge levetiden p\u00e5 t-shirten.<\/p>\n<p>Vaskeanvisninger::<\/p>\n<p><img loading=\"lazy\" decoding=\"async\" class=\"wp-image-7353 alignleft\" src=\"\/wp-content\/uploads\/2024\/08\/Vaskeanvisning-305-t-shirt.svg\" alt=\"Vaskeanvisning-305-t-shirt\" width=\"270\" height=\"54\" srcset=\"https:\/\/healthyhead.dk\/wp-content\/uploads\/Vaskeanvisning-305-t-shirt.svg 150w, https:\/\/healthyhead.dk\/wp-content\/uploads\/Vaskeanvisning-305-t-shirt.svg 300w, https:\/\/healthyhead.dk\/wp-content\/uploads\/Vaskeanvisning-305-t-shirt.svg 768w, https:\/\/healthyhead.dk\/wp-content\/uploads\/Vaskeanvisning-305-t-shirt.svg 1024w, https:\/\/healthyhead.dk\/wp-content\/uploads\/Vaskeanvisning-305-t-shirt.svg 1230w\" sizes=\"(max-width: 270px) 100vw, 270px\" \/><\/p>\n<p>&nbsp;<\/p>\n<p>&nbsp;<\/p>\n<p>[\/cg_accordion]\n","protected":false},"featured_media":256724,"template":"","meta":{"_acf_changed":false},"product_brand":[],"product_cat":[751],"product_tag":[1098],"class_list":{"0":"post-277216","1":"product","2":"type-product","3":"status-publish","4":"has-post-thumbnail","6":"product_cat-nationale-teamkleding-noorwegen","7":"product_tag-ontwerp-zelf-product","8":"pa_size-2-aar-nl","9":"pa_size-4-6-aar-nl","10":"pa_size-8-10-aar-nl","11":"pa_size-12-14-aar-nl","12":"pa_size-x-small-nl","13":"pa_size-small-nl","14":"pa_size-medium-nl","15":"pa_size-large-nl","16":"pa_size-x-large-nl","17":"pa_size-xx-large-nl","18":"pa_size-3x-large-nl","19":"pa_size-4x-large-nl","20":"pa_size-5x-large-nl","21":"pa_size-6x-large-nl","23":"first","24":"instock","25":"taxable","26":"shipping-taxable","27":"purchasable","28":"product-type-variable","29":"has-default-attributes"},"acf":[],"_links":{"self":[{"href":"https:\/\/healthyhead.dk\/nl\/wp-json\/wp\/v2\/product\/277216","targetHints":{"allow":["GET"]}}],"collection":[{"href":"https:\/\/healthyhead.dk\/nl\/wp-json\/wp\/v2\/product"}],"about":[{"href":"https:\/\/healthyhead.dk\/nl\/wp-json\/wp\/v2\/types\/product"}],"version-history":[{"count":0,"href":"https:\/\/healthyhead.dk\/nl\/wp-json\/wp\/v2\/product\/277216\/revisions"}],"wp:featuredmedia":[{"embeddable":true,"href":"https:\/\/healthyhead.dk\/nl\/wp-json\/wp\/v2\/media\/256724"}],"wp:attachment":[{"href":"https:\/\/healthyhead.dk\/nl\/wp-json\/wp\/v2\/media?parent=277216"}],"wp:term":[{"taxonomy":"product_brand","embeddable":true,"href":"https:\/\/healthyhead.dk\/nl\/wp-json\/wp\/v2\/product_brand?post=277216"},{"taxonomy":"product_cat","embeddable":true,"href":"https:\/\/healthyhead.dk\/nl\/wp-json\/wp\/v2\/product_cat?post=277216"},{"taxonomy":"product_tag","embeddable":true,"href":"https:\/\/healthyhead.dk\/nl\/wp-json\/wp\/v2\/product_tag?post=277216"}],"curies":[{"name":"wp","href":"https:\/\/api.w.org\/{rel}","templated":true}]}}