{"id":289783,"date":"2025-11-18T12:26:38","date_gmt":"2025-11-18T12:26:38","guid":{"rendered":"https:\/\/healthyhead.dk\/vare\/zao-oekologisk-second-skin-tinted-serum-foundation\/"},"modified":"2025-11-19T13:48:02","modified_gmt":"2025-11-19T13:48:02","slug":"second-skin-tinted-serum-foundation","status":"publish","type":"product","link":"https:\/\/healthyhead.dk\/nl\/product\/second-skin-tinted-serum-foundation\/","title":{"rendered":"ZAO, Organic Second Skin Getint Serum Foundation"},"content":{"rendered":"","protected":false},"excerpt":{"rendered":"<p><img decoding=\"async\" class=\"\" src=\"\/wp-content\/uploads\/2024\/08\/Ingen-kemi.svg\" alt=\"\" width=\"45\" height=\"45\">Geen hormoonontregelaars<\/p>\n<p><img decoding=\"async\" class=\"\" src=\"\/wp-content\/uploads\/2024\/08\/Ingen-allergifremkaldende.svg\" alt=\"\" width=\"46\" height=\"46\">Geen allergene stoffen<\/p>\n<p><img decoding=\"async\" class=\"\" src=\"\/wp-content\/uploads\/2024\/08\/Ingen-miljoebelastende.svg\" width=\"46\" height=\"46\">Geen milieubelastende stoffen<\/p>\n<p><img loading=\"lazy\" decoding=\"async\" class=\"\" src=\"\/wp-content\/uploads\/2024\/08\/indeholder-parfume.svg\" width=\"46\" height=\"46\">Bevat een zeer kleine hoeveelheid hypoallergene en 100% natuurlijke geurstof<\/p>\n<p>&nbsp;<\/p>\n[cg_accordion title=\"Productbeschrijving\" open=\"open\"]<\/p>\n<p>Pro&#8217;fusion Tinted Serum is verkrijgbaar in vijf tinten die passen bij een breed scala aan huidtinten. Het geeft een lichtgewicht en bijna onzichtbare finish &#8211; perfect voor diegenen die een verbeterde maar toch natuurlijke blote huid look willen. De lichte, vloeibare textuur versmelt gemakkelijk met de huid zonder duidelijke overgangen en zorgt voor een natuurlijk, stralend resultaat dat naar behoefte kan worden opgebouwd.<\/p>\n<p>De formule bestaat voor 98,5% uit natuurlijke, gecertificeerde biologische ingredi\u00ebnten en is zowel hydraterend als verzachtend. Dit is te danken aan de combinatie van biologische alo\u00eb vera gel, bekend om zijn hydraterende en verzachtende eigenschappen, en biologisch gerststeelwater met natuurlijke antioxidanten.<\/p>\n<p>Het resultaat is een egalere teint en een huid die dag na dag comfortabeler aanvoelt.<\/p>\n<p>Speciaal geschikt voor de gecombineerde, droge en\/of gevoelige huid.<\/p>\n<ul>\n<li>Verkrijgbaar in vijf tinten die passen bij een breed scala aan huidtinten<\/li>\n<li>Geeft een lichte, natuurlijke en bijna onzichtbare finish op de blote huid<\/li>\n<li>Blendt gemakkelijk in de huid zonder zichtbare overgangen<\/li>\n<li>98,5% natuurlijke en gecertificeerde biologische ingredi\u00ebnten<\/li>\n<li>Hydraterend en verzachtend dankzij biologische alo\u00eb vera gel<\/li>\n<li>Antioxidantbescherming van biologisch gerstewater<\/li>\n<li>Geeft dag na dag een meer egale en comfortabele huid<\/li>\n<li>Geschikt voor de gecombineerde, droge en gevoelige huid<\/li>\n<\/ul>\n<p><img loading=\"lazy\" decoding=\"async\" class=\"alignnone size-full wp-image-8916\" src=\"\/wp-content\/uploads\/2024\/08\/zao-certificeringer.jpg\" alt=\"\" width=\"479\" height=\"93\" srcset=\"https:\/\/i0.wp.com\/healthyhead.dk\/wp-content\/uploads\/2024\/08\/zao-certificeringer.jpg?w=479&amp;ssl=1 479w, https:\/\/i0.wp.com\/healthyhead.dk\/wp-content\/uploads\/2024\/08\/zao-certificeringer.jpg?resize=300%2C58&amp;ssl=1 300w, https:\/\/i0.wp.com\/healthyhead.dk\/wp-content\/uploads\/2024\/08\/zao-certificeringer.jpg?resize=441%2C86&amp;ssl=1 441w, https:\/\/i0.wp.com\/healthyhead.dk\/wp-content\/uploads\/2024\/08\/zao-certificeringer.jpg?resize=150%2C29&amp;ssl=1 150w\" sizes=\"(max-width: 479px) 100vw, 479px\" \/><br \/>\n[\/cg_accordion]\n[cg_accordion title=\"Gebruikstips\"]<\/p>\n<ul>\n<li>Schudden voor gebruik<\/li>\n<li>Breng eerst je moisturizer aan<\/li>\n<li>Breng een paar druppels van het getinte serum aan op gezicht en hals<\/li>\n<li>Breng het product aan met een foundationkwast<\/li>\n<li>Werk met ronddraaiende bewegingen voor een gelijkmatig resultaat<\/li>\n<\/ul>\n<p>[\/cg_accordion]\n[cg_accordion title=\"Ingredi\u00ebnten\"]<\/p>\n<p><b>Biologisch alo\u00eb vera bladsap:<\/b><\/p>\n<p>Dit ingredi\u00ebnt wordt gewonnen uit het alo\u00eb verablad en heeft veel heilzame eigenschappen. Het is een uitstekende talgregulator en een natuurlijke antioxidant die helpt de pori\u00ebn te verkleinen en de huid te beschermen tegen invloeden van buitenaf.<\/p>\n<p><b>Biologisch gerstewater:<\/b><\/p>\n<p>Dit water werkt als een natuurlijke ontstekingsremmer voor de huid. De verzachtende eigenschappen helpen ook om de huid te ontspannen en de huidelasticiteit te verbeteren.<\/p>\n<p><b>INCI-lijst:<\/b> INGREDI\u00cbNTEN VAN NATUURLIJKE OORSPRONG: 98,5% INGREDI\u00cbNTEN UIT ORGANISCHE LANDBOUW: 21% INGREDI\u00cbNTENLIJST (F1): Aqua (Water), Hordeum Vulgare (Gerst)stengelwater*, Caprylic\/Capric Triglyceride, Isoamyl Laurate, Propanediol, Aloe Barbadensis Leaf Juice*, Phyllostachys Nigra Extract*, Glyceryl Oleate Citrate, Benzyl Alcohol, Glyceryl Oleate, Magnesium Sulfate, Aluminium Hydroxide, Olea Europaea (Olijf)olie onverzeepbaar, Polyglyceryl-3 polyricinoleaat, Magnesiumstearaat, Bambusa Arundinacea stengelpoeder, Squalaan, Helianthus Annuus (Zonnebloem)zaadolie*, Dehydroazijnzuur, Citroenzuur, Kaliumsorbaat, Natriumbenzoaat, Bambusa Arundinacea (Bamboe)stengel extract*. Kan bevatten (+\/-): CI 77891 (titaandioxide), CI 77491 (ijzeroxiden), CI 77492 (ijzeroxiden), CI 77499 (ijzeroxiden). *Ingredi\u00ebnten uit biologische landbouw.<\/p>\n<p>[\/cg_accordion]\n","protected":false},"featured_media":289698,"template":"","meta":{"_acf_changed":false},"product_brand":[562],"product_cat":[631],"product_tag":[],"class_list":{"0":"post-289783","1":"product","2":"type-product","3":"status-publish","4":"has-post-thumbnail","6":"product_brand-zao","7":"product_cat-foundation-bb-cream","9":"first","10":"instock","11":"taxable","12":"shipping-taxable","13":"purchasable","14":"product-type-variable"},"acf":[],"_links":{"self":[{"href":"https:\/\/healthyhead.dk\/nl\/wp-json\/wp\/v2\/product\/289783","targetHints":{"allow":["GET"]}}],"collection":[{"href":"https:\/\/healthyhead.dk\/nl\/wp-json\/wp\/v2\/product"}],"about":[{"href":"https:\/\/healthyhead.dk\/nl\/wp-json\/wp\/v2\/types\/product"}],"version-history":[{"count":2,"href":"https:\/\/healthyhead.dk\/nl\/wp-json\/wp\/v2\/product\/289783\/revisions"}],"predecessor-version":[{"id":289789,"href":"https:\/\/healthyhead.dk\/nl\/wp-json\/wp\/v2\/product\/289783\/revisions\/289789"}],"wp:featuredmedia":[{"embeddable":true,"href":"https:\/\/healthyhead.dk\/nl\/wp-json\/wp\/v2\/media\/289698"}],"wp:attachment":[{"href":"https:\/\/healthyhead.dk\/nl\/wp-json\/wp\/v2\/media?parent=289783"}],"wp:term":[{"taxonomy":"product_brand","embeddable":true,"href":"https:\/\/healthyhead.dk\/nl\/wp-json\/wp\/v2\/product_brand?post=289783"},{"taxonomy":"product_cat","embeddable":true,"href":"https:\/\/healthyhead.dk\/nl\/wp-json\/wp\/v2\/product_cat?post=289783"},{"taxonomy":"product_tag","embeddable":true,"href":"https:\/\/healthyhead.dk\/nl\/wp-json\/wp\/v2\/product_tag?post=289783"}],"curies":[{"name":"wp","href":"https:\/\/api.w.org\/{rel}","templated":true}]}}