{"id":300003,"date":"2026-01-17T20:26:37","date_gmt":"2026-01-17T20:26:37","guid":{"rendered":"https:\/\/healthyhead.dk\/vare\/hue-kalaallit-nunaat-groenland-danmark-onesize\/"},"modified":"2026-01-19T14:19:55","modified_gmt":"2026-01-19T14:19:55","slug":"hue-kalaallit-nunaat-groenland-danmark-oneensize","status":"publish","type":"product","link":"https:\/\/healthyhead.dk\/nl\/product\/hue-kalaallit-nunaat-groenland-danmark-oneensize\/","title":{"rendered":"Muts, Kalaallit Nunaat, Groenland, Onesize"},"content":{"rendered":"","protected":false},"excerpt":{"rendered":"<p><img decoding=\"async\" class=\"alignnone wp-image-7519\" src=\"\/wp-content\/uploads\/2024\/08\/Oeko-tex.svg\" alt=\"OEKO-tex\" width=\"46\" height=\"45\">OEKO-tex gecertificeerde print zonder schadelijke chemicali\u00ebn<\/p>\n<p>&nbsp;<\/p>\n[cg_accordion title=\"Beschrijving\" open=\"open\"]<\/p>\n<div class=\"woocommerce-product-details__short-description\">\n<p>Een warme en stijlvolle muts met de tekst &#8220;Kalaallit Nunaat&#8221; en de Groenlandse kaart op de patch aan de voorkant. Kalaallit Nunaat&#8217; betekent Land van de Groenlanders. Een boodschap die de trots benadrukt dat je uit Groenland komt. Tegelijkertijd geeft de zin aan dat we tegen de pogingen van Trump en de MAGA-beweging zijn om verdeeldheid en polarisatie in Groenland te cre\u00ebren en steunt hij het recht van Groenland op zelfbeschikking. De hoed is \u00e9\u00e9n maat voor alle hoofdvormen.<\/p>\n<ul>\n<li><b>Maat:<\/b> Onesize<\/li>\n<li><b>Bedrukking:<\/b> Deense OEKO-tex gecertificeerde kwaliteitsbedrukking zonder risicovolle chemicali\u00ebn<\/li>\n<\/ul>\n<\/div>\n<p>[\/cg_accordion]\n","protected":false},"featured_media":299748,"template":"","meta":{"_acf_changed":false},"product_brand":[],"product_cat":[660],"product_tag":[],"class_list":{"0":"post-300003","1":"product","2":"type-product","3":"status-publish","4":"has-post-thumbnail","6":"product_cat-groenland-boycot-vs","7":"pa_size-onesize-nl","9":"first","10":"instock","11":"taxable","12":"shipping-taxable","13":"purchasable","14":"product-type-variable","15":"has-default-attributes"},"acf":[],"_links":{"self":[{"href":"https:\/\/healthyhead.dk\/nl\/wp-json\/wp\/v2\/product\/300003","targetHints":{"allow":["GET"]}}],"collection":[{"href":"https:\/\/healthyhead.dk\/nl\/wp-json\/wp\/v2\/product"}],"about":[{"href":"https:\/\/healthyhead.dk\/nl\/wp-json\/wp\/v2\/types\/product"}],"version-history":[{"count":2,"href":"https:\/\/healthyhead.dk\/nl\/wp-json\/wp\/v2\/product\/300003\/revisions"}],"predecessor-version":[{"id":300146,"href":"https:\/\/healthyhead.dk\/nl\/wp-json\/wp\/v2\/product\/300003\/revisions\/300146"}],"wp:featuredmedia":[{"embeddable":true,"href":"https:\/\/healthyhead.dk\/nl\/wp-json\/wp\/v2\/media\/299748"}],"wp:attachment":[{"href":"https:\/\/healthyhead.dk\/nl\/wp-json\/wp\/v2\/media?parent=300003"}],"wp:term":[{"taxonomy":"product_brand","embeddable":true,"href":"https:\/\/healthyhead.dk\/nl\/wp-json\/wp\/v2\/product_brand?post=300003"},{"taxonomy":"product_cat","embeddable":true,"href":"https:\/\/healthyhead.dk\/nl\/wp-json\/wp\/v2\/product_cat?post=300003"},{"taxonomy":"product_tag","embeddable":true,"href":"https:\/\/healthyhead.dk\/nl\/wp-json\/wp\/v2\/product_tag?post=300003"}],"curies":[{"name":"wp","href":"https:\/\/api.w.org\/{rel}","templated":true}]}}