{"id":311121,"date":"2026-03-01T18:58:46","date_gmt":"2026-03-01T18:58:46","guid":{"rendered":"https:\/\/healthyhead.dk\/vare\/t-shirt-free-iran-frihed-til-iran-kort\/"},"modified":"2026-03-04T08:39:12","modified_gmt":"2026-03-04T08:39:12","slug":"t-shirt-free-iran-frihed-til-iran-kort","status":"publish","type":"product","link":"https:\/\/healthyhead.dk\/nl\/product\/t-shirt-free-iran-frihed-til-iran-kort\/","title":{"rendered":"T-shirt, Free Iran, Frihed til Iran, Kort"},"content":{"rendered":"","protected":false},"excerpt":{"rendered":"<p><img decoding=\"async\" class=\"alignnone wp-image-7519\" src=\"\/wp-content\/uploads\/2024\/08\/Oeko-tex.svg\" alt=\"OEKO-tex\" width=\"46\" height=\"45\" \/>OEKO-tex certificeret tryk uden skadelig kemi<\/p>\n<p><img decoding=\"async\" class=\"alignnone wp-image-7520\" src=\"\/wp-content\/uploads\/2024\/08\/Forvasket.svg\" alt=\"Forvasket\" width=\"46\" height=\"45\" \/>Forvasket for at minimere krymp<\/p>\n<p><img decoding=\"async\" class=\"alignnone wp-image-7533\" src=\"\/wp-content\/uploads\/2024\/08\/GOTS-.svg\" alt=\"GOTS\" width=\"46\" height=\"45\" \/>\u00d8kologisk GOTS certificeret t-shirt<\/p>\n<p>&nbsp;<\/p>\n[cg_accordion title=\"Beskrivelse\" open=\"open\"]<\/p>\n<div class=\"woocommerce-product-details__short-description\"><\/div>\n<p>FREE IRAN \u2013 Et statement for frihed. Et st\u00e6rkt og tidl\u00f8st statement for frihed i Iran. Printet \u201cFREE IRAN\u201d kombinerer markant typografi med Irans historiske l\u00f8vesymbol og landets farver samlet i landets silhuet. Designet forener kultur, historie og h\u00e5b i \u00e9t samlet udtryk, der signalerer stolthed, modstand og \u00f8nsket om forandring.<br \/>\nT-shirten er til dig, der \u00f8nsker at vise solidaritet med det iranske folk og deres kamp for frihed, menneskerettigheder og selvbestemmelse. Et grafisk st\u00e6rkt budskab, der st\u00e5r for h\u00e5b, v\u00e6rdighed og retten til at forme sin egen fremtid. Designet har et r\u00e5t, vintage-inspireret udtryk, som giver printet karakter og dybde \u2013 skabt til at blive set og b\u00e5ret med mening.<\/p>\n<p>T-shirten er produceret af kraftig 100 % \u00f8kologisk bomuld og trykt med dansk OEKO-TEX-certificeret kvalitetstryk uden skadelig kemi<\/p>\n<div class=\"woocommerce-product-details__short-description\">\n<ul>\n<li><b>Fit:<\/b> Almindelig pasform med 2 cm ekstra l\u00e6ngde for l\u00e6ngere holdbarhed<\/li>\n<li><b>Materiale:<\/b> 100% GOTS certificeret \u00f8kologisk bomuld, 165 g\/m\u00b2<\/li>\n<li><b>Krymp:<\/b> T-shirten er &#8216;pre-washed&#8217; &#8211; krymper derfor minimalt hvis vaskeanvisninger f\u00f8lges<\/li>\n<li><b>Tryk:<\/b> Dansk OEKO-tex certificeret kvalitetstryk uden risikabel kemi<\/li>\n<\/ul>\n<\/div>\n<p>[\/cg_accordion]\n[cg_accordion title=\"Vaskeanvisning\"]<\/p>\n<p>Vi anbefaler at vaske ved 40 grader og undg\u00e5 t\u00f8rretumbling for at sk\u00e5ne milj\u00f8et og forl\u00e6nge levetiden p\u00e5 t-shirten.<\/p>\n<p><img loading=\"lazy\" decoding=\"async\" class=\"wp-image-7353 alignleft\" src=\"\/wp-content\/uploads\/2024\/08\/Vaskeanvisning-305-t-shirt.svg\" alt=\"Vaskeanvisning-305-t-shirt\" width=\"270\" height=\"54\" srcset=\"https:\/\/healthyhead.dk\/wp-content\/uploads\/Vaskeanvisning-305-t-shirt.svg 150w, https:\/\/healthyhead.dk\/wp-content\/uploads\/Vaskeanvisning-305-t-shirt.svg 300w, https:\/\/healthyhead.dk\/wp-content\/uploads\/Vaskeanvisning-305-t-shirt.svg 768w, https:\/\/healthyhead.dk\/wp-content\/uploads\/Vaskeanvisning-305-t-shirt.svg 1024w, https:\/\/healthyhead.dk\/wp-content\/uploads\/Vaskeanvisning-305-t-shirt.svg 1230w\" sizes=\"(max-width: 270px) 100vw, 270px\" \/><\/p>\n<p>&nbsp;<\/p>\n<p>&nbsp;<\/p>\n<p>[\/cg_accordion]\n","protected":false},"featured_media":310175,"template":"","meta":{"_acf_changed":false},"product_brand":[],"product_cat":[1316],"product_tag":[],"class_list":{"0":"post-311121","1":"product","2":"type-product","3":"status-publish","4":"has-post-thumbnail","6":"product_cat-vrijheid-voor-iran","7":"pa_size-x-small-nl","8":"pa_size-small-nl","9":"pa_size-medium-nl","10":"pa_size-large-nl","11":"pa_size-x-large-nl","12":"pa_size-xx-large-nl","13":"pa_size-3x-large-nl","14":"pa_size-4x-large-nl","15":"pa_size-5x-large-nl","16":"pa_size-6x-large-nl","18":"first","19":"instock","20":"taxable","21":"shipping-taxable","22":"purchasable","23":"product-type-variable"},"acf":[],"_links":{"self":[{"href":"https:\/\/healthyhead.dk\/nl\/wp-json\/wp\/v2\/product\/311121","targetHints":{"allow":["GET"]}}],"collection":[{"href":"https:\/\/healthyhead.dk\/nl\/wp-json\/wp\/v2\/product"}],"about":[{"href":"https:\/\/healthyhead.dk\/nl\/wp-json\/wp\/v2\/types\/product"}],"version-history":[{"count":2,"href":"https:\/\/healthyhead.dk\/nl\/wp-json\/wp\/v2\/product\/311121\/revisions"}],"predecessor-version":[{"id":311508,"href":"https:\/\/healthyhead.dk\/nl\/wp-json\/wp\/v2\/product\/311121\/revisions\/311508"}],"wp:featuredmedia":[{"embeddable":true,"href":"https:\/\/healthyhead.dk\/nl\/wp-json\/wp\/v2\/media\/310175"}],"wp:attachment":[{"href":"https:\/\/healthyhead.dk\/nl\/wp-json\/wp\/v2\/media?parent=311121"}],"wp:term":[{"taxonomy":"product_brand","embeddable":true,"href":"https:\/\/healthyhead.dk\/nl\/wp-json\/wp\/v2\/product_brand?post=311121"},{"taxonomy":"product_cat","embeddable":true,"href":"https:\/\/healthyhead.dk\/nl\/wp-json\/wp\/v2\/product_cat?post=311121"},{"taxonomy":"product_tag","embeddable":true,"href":"https:\/\/healthyhead.dk\/nl\/wp-json\/wp\/v2\/product_tag?post=311121"}],"curies":[{"name":"wp","href":"https:\/\/api.w.org\/{rel}","templated":true}]}}