{"id":265264,"date":"2025-05-27T10:28:58","date_gmt":"2025-05-27T10:28:58","guid":{"rendered":"https:\/\/new.healthyhead.dk\/vare\/zenz-shampoo-menthol-no-10-250-ml\/"},"modified":"2025-07-04T19:43:47","modified_gmt":"2025-07-04T19:43:47","slug":"zenz-shampoo-menthol-no-10-250-ml","status":"publish","type":"product","link":"https:\/\/healthyhead.dk\/sv\/produkt\/zenz-shampoo-menthol-no-10-250-ml\/","title":{"rendered":"Zenz, Schampo Menthol No. 10, 250 ml"},"content":{"rendered":"","protected":false},"excerpt":{"rendered":"<p><img decoding=\"async\" class=\"alignnone\" src=\"\/wp-content\/uploads\/2024\/08\/Ingen-kemi.svg\" alt=\"Inga hormonst\u00f6rande \u00e4mnen\" width=\"46\" height=\"46\">Inga hormonst\u00f6rande \u00e4mnen<\/p>\n<p><img decoding=\"async\" class=\"\" src=\"\/wp-content\/uploads\/2024\/08\/Ingen-allergifremkaldende.svg\" alt=\"Icke allergiframkallande\" width=\"46\" height=\"46\">Inga allergiframkallande \u00e4mnen<\/p>\n<p><img decoding=\"async\" class=\"\" src=\"\/wp-content\/uploads\/2024\/08\/Ingen-miljoebelastende.svg\" alt=\"Ingen milj\u00f6p\u00e5verkan\" width=\"46\" height=\"46\">Inga milj\u00f6farliga \u00e4mnen<\/p>\n<p><img loading=\"lazy\" decoding=\"async\" class=\"\" src=\"\/wp-content\/uploads\/2024\/08\/indeholder-parfume.svg\" alt=\"inneh\u00e5ller parfym\" width=\"46\" height=\"46\">Inneh\u00e5ller parfym som uppfyller kraven f\u00f6r den nordiska milj\u00f6m\u00e4rkningen Svanen<\/p>\n<p>&nbsp;<\/p>\n[cg_accordion title=\"Beskrivning\" open=\"open\"]Menthol No. 10 Shampoo fr\u00e5n Zenz \u00e4r ett danskt Svanenm\u00e4rkt h\u00e5rschampo med en mild doft av eukalyptus. Det inneh\u00e5ller ekologisk kallpressad avokadoolja och renad aloe vera. Schampoformeln stimulerar blodcirkulationen och ger ny energi till h\u00e5rs\u00e4ckarna. Det har en antiseptisk och avfettande effekt samtidigt som det \u00e5terfuktar. L\u00e4mpligt f\u00f6r h\u00e5r som k\u00e4nns tungt eller tenderar att bli fett.<br \/>\n&nbsp;<\/p>\n<ul>\n<li><b>Svanenm\u00e4rkt<\/b> och <b>ekologiskt certifierat<\/b> balsam fr\u00e5n danska Zenz Organic<\/li>\n<li>Inneh\u00e5ller ekologisk kallpressad <b>avokadoolja<\/b> och renad <b>aloe vera<\/b><\/li>\n<li><b>Stimulerar blodcirkulationen<\/b> och ger ny energi till h\u00e5rs\u00e4ckarna<\/li>\n<li><b>Antiseptisk och avfettande<\/b> verkan samtidigt som den <b>\u00e5terfuktar<\/b><\/li>\n<li>Speciellt l\u00e4mplig f\u00f6r <b>fetare h\u00e5r<\/b><\/li>\n<\/ul>\n<p><img loading=\"lazy\" decoding=\"async\" class=\"alignnone size-full wp-image-8764\" src=\"\/wp-content\/uploads\/2024\/08\/certificeringer_zenz.jpg\" alt=\"\" width=\"480\" height=\"91\" srcset=\"https:\/\/healthyhead.dk\/wp-content\/uploads\/2024\/08\/certificeringer_zenz.jpg 480w, https:\/\/healthyhead.dk\/wp-content\/uploads\/2024\/08\/certificeringer_zenz-300x57.jpg 300w, https:\/\/healthyhead.dk\/wp-content\/uploads\/2024\/08\/certificeringer_zenz-441x84.jpg 441w, https:\/\/healthyhead.dk\/wp-content\/uploads\/2024\/08\/certificeringer_zenz-150x28.jpg 150w\" sizes=\"(max-width: 480px) 100vw, 480px\" \/><br \/>\n[\/cg_accordion]\n[cg_accordion title=\"Tips f\u00f6r anv\u00e4ndning\"]<\/p>\n<ul>\n<li>F\u00f6rdela en liten m\u00e4ngd i h\u00e5ret efter tv\u00e4tt.<\/li>\n<li>Kan appliceras i h\u00e5rbotten.<\/li>\n<li>V\u00e4nta 2-3 minuter och sk\u00f6lj sedan noggrant. Anv\u00e4nd som utsk\u00f6ljning eller leave-in balsam. <\/li>\n<\/ul>\n<p>[\/cg_accordion]\n[cg_accordion title=\"Ingredienser\"]<\/p>\n<p><span data-contrast=\"auto\">Zenz Shampoo Menthol no. 10 inneh\u00e5ller ekologisk renad aloe vera, mentol, ekologiskt kokosvatten och ekologisk kallpressad avokadoolja. <\/span><span data-ccp-props=\"{}\"> <\/span><\/p>\n<p><span data-contrast=\"auto\"><strong>Ekologisk renad aloe vera<\/strong>. Aloe vera gel\u00e9 inneh\u00e5ller 75 viktiga vitaminer och mineraler och har utm\u00e4rkta hud- och h\u00e5rv\u00e5rdande egenskaper. Hj\u00e4lper till att \u00f6ka blodcirkulationen och bibeh\u00e5lla hudens fukt. Aloe vera lugnar rodnad och kl\u00e5da och har d\u00e4rf\u00f6r ocks\u00e5 en god effekt p\u00e5 h\u00e5rbotten.    <\/span><span data-ccp-props=\"{}\"> <\/span><\/p>\n<p><span data-contrast=\"auto\"> <strong> Ekologiskt kokosvatten<\/strong> \u00e4r rikt p\u00e5 vitaminer och viktiga mineraler och ger h\u00e5ret massor av fukt och n\u00e4ring.  <\/span><span data-ccp-props=\"{}\"> <\/span><\/p>\n<p><span data-contrast=\"auto\"><strong>Ekologisk kallpressad avokadoolja<\/strong>inneh\u00e5ller en rad mineraler och vitaminerna A, B1, B2, D och E. Den har utm\u00e4rkta \u00e5terfuktande och n\u00e4rande egenskaper och \u00e4r effektiv f\u00f6r torr och <strong>uttorkad<\/strong>hud samt bra f\u00f6r h\u00e5rbotten. G\u00f6r h\u00e5r och hud sl\u00e4tare och mjukare.   <\/span><span data-ccp-props=\"{}\"> <\/span><\/p>\n<p><b>INCI-lista: <\/b>Aloe Barbadensis Leaf Extract*, Aqua, Sodium Coco-Sulfate, Coco-Glucoside, Glycerin, Sodium PCA, Maris Sal, Cocamidopropyl Betaine, Saccharide Isomerate, Sodium Levulinate, Menthol, Cocos- Nucifera Water*, Guar Hydroxypropyltrimonium Chloride, Tapioca Starch*, Persea Gratissima Oil*, Parfum, Citric Acid, Sodium Citrate, Sodium Benzoate, Potassium Sorbate.<\/p>\n<p>*Ingredienser som \u00e4r ekologiskt odlade.<\/p>\n<p>98% av den totala produkten \u00e4r av naturligt ursprung.<br \/>\n60% av de totala ingredienserna \u00e4r ekologiskt certifierade.<\/p>\n<p>pH 5-5,5<\/p>\n<p>[\/cg_accordion]\n","protected":false},"featured_media":261575,"template":"","meta":{"_acf_changed":false},"product_brand":[573],"product_cat":[640],"product_tag":[],"class_list":{"0":"post-265264","1":"product","2":"type-product","3":"status-publish","4":"has-post-thumbnail","6":"product_brand-zenz","7":"product_cat-schampo","9":"first","10":"instock","11":"taxable","12":"shipping-taxable","13":"purchasable","14":"product-type-simple"},"acf":[],"_links":{"self":[{"href":"https:\/\/healthyhead.dk\/sv\/wp-json\/wp\/v2\/product\/265264","targetHints":{"allow":["GET"]}}],"collection":[{"href":"https:\/\/healthyhead.dk\/sv\/wp-json\/wp\/v2\/product"}],"about":[{"href":"https:\/\/healthyhead.dk\/sv\/wp-json\/wp\/v2\/types\/product"}],"version-history":[{"count":0,"href":"https:\/\/healthyhead.dk\/sv\/wp-json\/wp\/v2\/product\/265264\/revisions"}],"wp:featuredmedia":[{"embeddable":true,"href":"https:\/\/healthyhead.dk\/sv\/wp-json\/wp\/v2\/media\/261575"}],"wp:attachment":[{"href":"https:\/\/healthyhead.dk\/sv\/wp-json\/wp\/v2\/media?parent=265264"}],"wp:term":[{"taxonomy":"product_brand","embeddable":true,"href":"https:\/\/healthyhead.dk\/sv\/wp-json\/wp\/v2\/product_brand?post=265264"},{"taxonomy":"product_cat","embeddable":true,"href":"https:\/\/healthyhead.dk\/sv\/wp-json\/wp\/v2\/product_cat?post=265264"},{"taxonomy":"product_tag","embeddable":true,"href":"https:\/\/healthyhead.dk\/sv\/wp-json\/wp\/v2\/product_tag?post=265264"}],"curies":[{"name":"wp","href":"https:\/\/api.w.org\/{rel}","templated":true}]}}