{"id":265297,"date":"2025-04-13T12:03:42","date_gmt":"2025-04-13T12:03:42","guid":{"rendered":"https:\/\/new.healthyhead.dk\/vare\/zenz-hair-styling-mousse-pure-no-90-extra-volume-200-ml\/"},"modified":"2025-07-05T08:29:37","modified_gmt":"2025-07-05T08:29:37","slug":"zenz-hair-styling-mousse-pure-no-90-extra-volume-200-ml","status":"publish","type":"product","link":"https:\/\/healthyhead.dk\/sv\/produkt\/zenz-hair-styling-mousse-pure-no-90-extra-volume-200-ml\/","title":{"rendered":"Zenz, Hair Styling Mousse Pure No. 90 \u2013 Extra Volume, 200 ml"},"content":{"rendered":"","protected":false},"excerpt":{"rendered":"<p><img decoding=\"async\" class=\"\" src=\"\/wp-content\/uploads\/2024\/08\/Ingen-kemi.svg\" alt=\"Inga hormonst\u00f6rande \u00e4mnen\" width=\"45\" height=\"45\">Inga hormonst\u00f6rande \u00e4mnen<\/p>\n<p><img decoding=\"async\" class=\"\" src=\"\/wp-content\/uploads\/2024\/08\/Ingen-allergifremkaldende.svg\" alt=\"Icke allergiframkallande\" width=\"46\" height=\"46\">Inga allergiframkallande \u00e4mnen<\/p>\n<p><img decoding=\"async\" class=\"\" src=\"\/wp-content\/uploads\/2024\/08\/Ingen-miljoebelastende.svg\" alt=\"Ingen milj\u00f6p\u00e5verkan\" width=\"46\" height=\"46\">Inga milj\u00f6farliga \u00e4mnen<\/p>\n<p><img loading=\"lazy\" decoding=\"async\" class=\"alignnone wp-image-8756\" src=\"\/wp-content\/uploads\/2024\/08\/Ingen-parfume.svg\" alt=\"\" width=\"45\" height=\"45\" srcset=\"https:\/\/healthyhead.dk\/wp-content\/uploads\/Ingen-parfume.svg 150w, https:\/\/healthyhead.dk\/wp-content\/uploads\/Ingen-parfume.svg 300w, https:\/\/healthyhead.dk\/wp-content\/uploads\/Ingen-parfume.svg 768w, https:\/\/healthyhead.dk\/wp-content\/uploads\/Ingen-parfume.svg 1024w, https:\/\/healthyhead.dk\/wp-content\/uploads\/Ingen-parfume.svg 250w\" sizes=\"(max-width: 45px) 100vw, 45px\" \/>Inga dofter<\/p>\n<p>&nbsp;<\/p>\n[cg_accordion title=\"Beskrivning\" open=\"open\"]<\/p>\n<p>Hair Styling Mousse No. 90 fr\u00e5n danska Zenz \u00e4r en Svanenm\u00e4rkt och astma-allergim\u00e4rkt h\u00e5rmousse. H\u00e5rmoussen \u00e4r l\u00e4tt och v\u00e5rdande och inneh\u00e5ller mjukg\u00f6rande ingredienser som b\u00e5de stylar och v\u00e5rdar h\u00e5ret p\u00e5 samma g\u00e5ng. Den h\u00e5ller stilen utan att g\u00f6ra h\u00e5ret stelt och ger en naturlig look med mycket stadga. Moussen \u00e4r perfekt f\u00f6r lockigt h\u00e5r och f\u00f6r frisyrer d\u00e4r man vill framh\u00e4va h\u00e5rets struktur. Passar \u00e4ven f\u00f6r styling med rundborste.    <\/p>\n<ul>\n<li><b>Aerosolfri, svan- och allergim\u00e4rkt<\/b> professionell stylingmousse<\/li>\n<li>Inneh\u00e5ller <b>ekologisk aloe vera och veteprotein<\/b><\/li>\n<li><b>Skonsam<\/b> mot h\u00e5rbotten och l\u00e4tt att tv\u00e4tta ur<\/li>\n<li><b>Aerosolfri, vattenbaserad<\/b> och vegansk<\/li>\n<li>L\u00e4mplig f\u00f6r <b>&#8221;Curly Girl Method&#8221;<\/b><\/li>\n<\/ul>\n<p><img loading=\"lazy\" decoding=\"async\" class=\"alignnone size-full wp-image-8764\" src=\"\/wp-content\/uploads\/2024\/08\/certificeringer_zenz.jpg\" alt=\"\" width=\"480\" height=\"91\" srcset=\"https:\/\/i0.wp.com\/healthyhead.dk\/wp-content\/uploads\/2024\/08\/certificeringer_zenz.jpg?w=480&amp;ssl=1 480w, https:\/\/i0.wp.com\/healthyhead.dk\/wp-content\/uploads\/2024\/08\/certificeringer_zenz.jpg?resize=300%2C57&amp;ssl=1 300w, https:\/\/i0.wp.com\/healthyhead.dk\/wp-content\/uploads\/2024\/08\/certificeringer_zenz.jpg?resize=441%2C84&amp;ssl=1 441w, https:\/\/i0.wp.com\/healthyhead.dk\/wp-content\/uploads\/2024\/08\/certificeringer_zenz.jpg?resize=150%2C28&amp;ssl=1 150w\" sizes=\"(max-width: 480px) 100vw, 480px\" \/><br \/>\n[\/cg_accordion]\n[cg_accordion title=\"Tips f\u00f6r anv\u00e4ndning\"]<\/p>\n<p>Anv\u00e4nd moussen i handdukstorkat h\u00e5r. Applicera med en kam f\u00f6r att skapa en klassisk wet look. Kan ocks\u00e5 blandas med Zenz Styling Paste. L\u00e4mplig f\u00f6r alla h\u00e5rtyper.   <\/p>\n<p>[\/cg_accordion]\n[cg_accordion title=\"Ingredienser\"]<\/p>\n<p><b>Ekologisk, renad Aloe vera<\/b><\/p>\n<p>Aloe vera gel inneh\u00e5ller 75 v\u00e4lk\u00e4nda och viktiga vitaminer och mineraler och har utm\u00e4rkta n\u00e4rande egenskaper f\u00f6r hud och h\u00e5r. Den bidrar till att \u00f6ka blodcirkulationen och bibeh\u00e5ller hudens fukt. Aloe vera lindrar ocks\u00e5 rodnad, kl\u00e5da och sm\u00e4rta och har d\u00e4rf\u00f6r en v\u00e4lg\u00f6rande effekt p\u00e5 h\u00e5rbotten.  <\/p>\n<p><b>Glutenfritt veteprotein<\/b><\/p>\n<p>Glutenfritt veteprotein \u00e4r en effektivt \u00e5terfuktande ingrediens som \u00e5teruppbygger skadat h\u00e5r. St\u00e4rker h\u00e5ret och ger glans och smidighet. ZENZ anv\u00e4nder endast glutenfritt veteprotein.  <\/p>\n<p><b>INCI-lista:<\/b> Aloe Barbadensis Leaf Extract*, PVP, Aqua, VP\/VA Copolymer, Cocamidopropyl Betaine, Hydroxypropyltrimonium Hydrolysed Corn Starch, Hydrolysed Wheat protein, Citric Acid, Sodium Benzoate, Phenoxyethanol.<\/p>\n<p>[\/cg_accordion]\n","protected":false},"featured_media":260495,"template":"","meta":{"_acf_changed":false},"product_brand":[573],"product_cat":[809],"product_tag":[],"class_list":{"0":"post-265297","1":"product","2":"type-product","3":"status-publish","4":"has-post-thumbnail","6":"product_brand-zenz","7":"product_cat-styling","9":"first","10":"instock","11":"taxable","12":"shipping-taxable","13":"purchasable","14":"product-type-simple"},"acf":[],"_links":{"self":[{"href":"https:\/\/healthyhead.dk\/sv\/wp-json\/wp\/v2\/product\/265297","targetHints":{"allow":["GET"]}}],"collection":[{"href":"https:\/\/healthyhead.dk\/sv\/wp-json\/wp\/v2\/product"}],"about":[{"href":"https:\/\/healthyhead.dk\/sv\/wp-json\/wp\/v2\/types\/product"}],"version-history":[{"count":0,"href":"https:\/\/healthyhead.dk\/sv\/wp-json\/wp\/v2\/product\/265297\/revisions"}],"wp:featuredmedia":[{"embeddable":true,"href":"https:\/\/healthyhead.dk\/sv\/wp-json\/wp\/v2\/media\/260495"}],"wp:attachment":[{"href":"https:\/\/healthyhead.dk\/sv\/wp-json\/wp\/v2\/media?parent=265297"}],"wp:term":[{"taxonomy":"product_brand","embeddable":true,"href":"https:\/\/healthyhead.dk\/sv\/wp-json\/wp\/v2\/product_brand?post=265297"},{"taxonomy":"product_cat","embeddable":true,"href":"https:\/\/healthyhead.dk\/sv\/wp-json\/wp\/v2\/product_cat?post=265297"},{"taxonomy":"product_tag","embeddable":true,"href":"https:\/\/healthyhead.dk\/sv\/wp-json\/wp\/v2\/product_tag?post=265297"}],"curies":[{"name":"wp","href":"https:\/\/api.w.org\/{rel}","templated":true}]}}