{"id":265301,"date":"2025-01-30T12:55:03","date_gmt":"2025-01-30T12:55:03","guid":{"rendered":"https:\/\/new.healthyhead.dk\/vare\/conditioner-deep-wood-no-08-250-ml\/"},"modified":"2025-07-10T09:28:51","modified_gmt":"2025-07-10T09:28:51","slug":"conditioner-deep-wood-no-08-250-ml","status":"publish","type":"product","link":"https:\/\/healthyhead.dk\/sv\/produkt\/conditioner-deep-wood-no-08-250-ml\/","title":{"rendered":"Zenz, Balsam Deep Wood No. 08, 250 ml"},"content":{"rendered":"","protected":false},"excerpt":{"rendered":"<p><img decoding=\"async\" class=\"alignnone\" src=\"\/wp-content\/uploads\/2024\/08\/Ingen-kemi.svg\" alt=\"Inga hormonst\u00f6rande \u00e4mnen\" width=\"46\" height=\"46\">Inga hormonst\u00f6rande \u00e4mnen<\/p>\n<p><img decoding=\"async\" class=\"\" src=\"\/wp-content\/uploads\/2024\/08\/Ingen-allergifremkaldende.svg\" alt=\"Icke allergiframkallande\" width=\"46\" height=\"46\">Inga allergiframkallande \u00e4mnen<\/p>\n<p><img decoding=\"async\" class=\"\" src=\"\/wp-content\/uploads\/2024\/08\/Ingen-miljoebelastende.svg\" alt=\"Ingen milj\u00f6p\u00e5verkan\" width=\"46\" height=\"46\">Inga milj\u00f6farliga \u00e4mnen<\/p>\n<p><img loading=\"lazy\" decoding=\"async\" class=\"\" src=\"\/wp-content\/uploads\/2024\/08\/indeholder-parfume.svg\" alt=\"inneh\u00e5ller parfym\" width=\"46\" height=\"46\">Inneh\u00e5ller parfym som uppfyller kraven f\u00f6r den nordiska milj\u00f6m\u00e4rkningen Svanen<\/p>\n<p>&nbsp;<\/p>\n[cg_accordion title=\"Beskrivning\" open=\"open\"]<\/p>\n<p>Shampoo Deep Wood nr. 07 fr\u00e5n Zenz Organic \u00e4r ett danskt Svanenm\u00e4rkt balsam som ger fukt, styrka och v\u00e5rd till alla h\u00e5rtyper. Det har en varm doft av ceder, patchouli, myrra och sandeltr\u00e4 fr\u00e5n eteriska oljor och ger n\u00e4ring till h\u00e5ret med ekologiskt renad aloe vera, kallpressad avokadoolja och kokosvatten. <\/p>\n<ul>\n<li><b>Svanenm\u00e4rkt<\/b> och <b>ekologiskt certifierat<\/b> balsam fr\u00e5n danska Zenz Organic<\/li>\n<li>Ger <b>fukt, styrka och v\u00e5rdande<\/b> egenskaper f\u00f6r alla h\u00e5rtyper<\/li>\n<li>Den \u00e4r s\u00e4rskilt l\u00e4mplig f\u00f6r <strong>lockigt eller torrt h\u00e5r och flagnande h\u00e5rbotten<\/strong><\/li>\n<li>Berikar h\u00e5r och h\u00e5rbotten med vitaminer och mineraler, <strong>\u00e5terst\u00e4ller fuktbalansen och vitaliserar<\/strong> h\u00e5rbotten<\/li>\n<li><strong>H\u00e5rbotten och h\u00e5rs\u00e4ckarna st\u00e4rks<\/strong>, vilket ger ett<strong> friskt och gl\u00e4nsande<\/strong> h\u00e5r<\/li>\n<li>Ger en <strong>varm doft<\/strong> av cedertr\u00e4, patchouli, myrra och sandeltr\u00e4<\/li>\n<li><b>Specialegenskaper:<\/b> F\u00e4rgbevarande, intensiv fukt f\u00f6r torrt h\u00e5r, l\u00e4mplig f\u00f6r Curly Girl-metoden.<\/li>\n<\/ul>\n<p><img loading=\"lazy\" decoding=\"async\" class=\"alignnone size-full wp-image-8764\" src=\"\/wp-content\/uploads\/2024\/08\/certificeringer_zenz.jpg\" alt=\"\" width=\"480\" height=\"91\" srcset=\"https:\/\/i0.wp.com\/healthyhead.dk\/wp-content\/uploads\/2024\/08\/certificeringer_zenz.jpg?w=480&amp;ssl=1 480w, https:\/\/i0.wp.com\/healthyhead.dk\/wp-content\/uploads\/2024\/08\/certificeringer_zenz.jpg?resize=300%2C57&amp;ssl=1 300w, https:\/\/i0.wp.com\/healthyhead.dk\/wp-content\/uploads\/2024\/08\/certificeringer_zenz.jpg?resize=441%2C84&amp;ssl=1 441w, https:\/\/i0.wp.com\/healthyhead.dk\/wp-content\/uploads\/2024\/08\/certificeringer_zenz.jpg?resize=150%2C28&amp;ssl=1 150w\" sizes=\"(max-width: 480px) 100vw, 480px\" \/><br \/>\n[\/cg_accordion]\n[cg_accordion title=\"Tips f\u00f6r anv\u00e4ndning\"]<\/p>\n<ul>\n<li>F\u00f6rdela en liten m\u00e4ngd i h\u00e5ret efter tv\u00e4tt.<\/li>\n<li>Kan appliceras i h\u00e5rbotten.<\/li>\n<li>V\u00e4nta 2-3 minuter och sk\u00f6lj sedan noggrant. Anv\u00e4nd som utsk\u00f6ljning eller leave-in balsam. <\/li>\n<\/ul>\n<p>[\/cg_accordion]\n[cg_accordion title=\"Ingredienser\"]<\/p>\n<p><span data-contrast=\"auto\">Schampo Deep Wood nr. 07 inneh\u00e5ller ekologisk renad aloe vera, ekologisk kallpressad avokadoolja, ekologiskt kokosn\u00f6tsvatten och eteriska oljor.   <\/span><span data-ccp-props=\"{}\"> <\/span><\/p>\n<p><span data-contrast=\"auto\">Ekologisk renad aloe vera. Aloe vera gel\u00e9 inneh\u00e5ller 75 viktiga vitaminer och mineraler och har utm\u00e4rkta hud- och h\u00e5rv\u00e5rdande egenskaper. Hj\u00e4lper till att \u00f6ka blodcirkulationen och bibeh\u00e5lla hudens fukt. Aloe vera lugnar rodnad och kl\u00e5da och har d\u00e4rf\u00f6r ocks\u00e5 en god effekt p\u00e5 h\u00e5rbotten.    <\/span><span data-ccp-props=\"{}\"> <\/span><\/p>\n<p><span data-contrast=\"auto\">Ekologisk kallpressad avokadoolja inneh\u00e5ller en rad mineraler och vitaminerna A, B1, B2, D och E. Den har utm\u00e4rkta \u00e5terfuktande och n\u00e4rande egenskaper och \u00e4r effektiv f\u00f6r torr och uttorkad hud samt bra f\u00f6r h\u00e5rbotten. G\u00f6r h\u00e5r och hud sl\u00e4tare och mjukare.   <\/span><span data-ccp-props=\"{}\"> <\/span><\/p>\n<p><span data-contrast=\"auto\">Ekologiskt kokosvatten \u00e4r rikt p\u00e5 vitaminer och viktiga mineraler och ger h\u00e5ret massor av fukt och n\u00e4ring. Eteriska oljor: cedertr\u00e4, patchouli, myrra och sandeltr\u00e4.  <\/span><span data-ccp-props=\"{}\"> <\/span><\/p>\n<p><b>INCI-lista<\/b> Aloe Barbadensis Leaf Extract*, Cetearyl Alcohol, Aqua, Glycerin**, Behenamidopropyl Dimethylamine, Lactic Acid, Persea Gratissima Oil*, Sodium Levulinate, Cedrus Atlantica Bark Oil*, Pogostemon Cablin Leaf Oil*, Commiphora Myrrha Oil, Santalum Spicata Wood Oil*, Parfum (naturlig), Potassium Sorbate.<\/p>\n<p><span data-contrast=\"auto\">*Ingredienser som \u00e4r ekologiskt odlade.  <\/span><span data-ccp-props=\"{}\"><br \/>\n<\/span><span data-ccp-props=\"{}\">**Tillverkad av ekologiska ingredienser. .<\/span><\/p>\n<p>99% ingredienser av naturligt ursprung<br \/>\n87% certifierade ekologiska ingredienser<\/p>\n<p>pH 4-4,5<\/p>\n<p>[\/cg_accordion]\n","protected":false},"featured_media":260395,"template":"","meta":{"_acf_changed":false},"product_brand":[573],"product_cat":[629],"product_tag":[],"class_list":{"0":"post-265301","1":"product","2":"type-product","3":"status-publish","4":"has-post-thumbnail","6":"product_brand-zenz","7":"product_cat-balsam-haarkur","9":"first","10":"instock","11":"taxable","12":"shipping-taxable","13":"purchasable","14":"product-type-simple"},"acf":[],"_links":{"self":[{"href":"https:\/\/healthyhead.dk\/sv\/wp-json\/wp\/v2\/product\/265301","targetHints":{"allow":["GET"]}}],"collection":[{"href":"https:\/\/healthyhead.dk\/sv\/wp-json\/wp\/v2\/product"}],"about":[{"href":"https:\/\/healthyhead.dk\/sv\/wp-json\/wp\/v2\/types\/product"}],"version-history":[{"count":0,"href":"https:\/\/healthyhead.dk\/sv\/wp-json\/wp\/v2\/product\/265301\/revisions"}],"wp:featuredmedia":[{"embeddable":true,"href":"https:\/\/healthyhead.dk\/sv\/wp-json\/wp\/v2\/media\/260395"}],"wp:attachment":[{"href":"https:\/\/healthyhead.dk\/sv\/wp-json\/wp\/v2\/media?parent=265301"}],"wp:term":[{"taxonomy":"product_brand","embeddable":true,"href":"https:\/\/healthyhead.dk\/sv\/wp-json\/wp\/v2\/product_brand?post=265301"},{"taxonomy":"product_cat","embeddable":true,"href":"https:\/\/healthyhead.dk\/sv\/wp-json\/wp\/v2\/product_cat?post=265301"},{"taxonomy":"product_tag","embeddable":true,"href":"https:\/\/healthyhead.dk\/sv\/wp-json\/wp\/v2\/product_tag?post=265301"}],"curies":[{"name":"wp","href":"https:\/\/api.w.org\/{rel}","templated":true}]}}