{"id":265305,"date":"2025-01-30T12:45:04","date_gmt":"2025-01-30T12:45:04","guid":{"rendered":"https:\/\/new.healthyhead.dk\/vare\/zenz-shampoo-deep-wood-no-07-250-ml\/"},"modified":"2025-07-10T11:56:53","modified_gmt":"2025-07-10T11:56:53","slug":"zenz-shampoo-deep-wood-no-07-250-ml","status":"publish","type":"product","link":"https:\/\/healthyhead.dk\/sv\/produkt\/zenz-shampoo-deep-wood-no-07-250-ml\/","title":{"rendered":"Zenz, Schampo Deep Wood No. 07, 250 ml"},"content":{"rendered":"","protected":false},"excerpt":{"rendered":"<p><img decoding=\"async\" class=\"alignnone\" src=\"\/wp-content\/uploads\/2024\/08\/Ingen-kemi.svg\" alt=\"Inga hormonst\u00f6rande \u00e4mnen\" width=\"46\" height=\"46\">Inga hormonst\u00f6rande \u00e4mnen<\/p>\n<p><img decoding=\"async\" class=\"\" src=\"\/wp-content\/uploads\/2024\/08\/Ingen-allergifremkaldende.svg\" alt=\"Icke allergiframkallande\" width=\"46\" height=\"46\">Inga allergiframkallande \u00e4mnen<\/p>\n<p><img decoding=\"async\" class=\"\" src=\"\/wp-content\/uploads\/2024\/08\/Ingen-miljoebelastende.svg\" alt=\"Ingen milj\u00f6p\u00e5verkan\" width=\"46\" height=\"46\">Inga milj\u00f6farliga \u00e4mnen<\/p>\n<p><img loading=\"lazy\" decoding=\"async\" class=\"\" src=\"\/wp-content\/uploads\/2024\/08\/indeholder-parfume.svg\" alt=\"inneh\u00e5ller parfym\" width=\"46\" height=\"46\">Inneh\u00e5ller parfym som uppfyller kraven f\u00f6r den nordiska milj\u00f6m\u00e4rkningen Svanen<\/p>\n<p>&nbsp;<\/p>\n[cg_accordion title=\"Beskrivning\" open=\"open\"]<\/p>\n<p>Schampo Deep Wood nr. 07 fr\u00e5n Zenz Organic \u00e4r ett danskt Svanenm\u00e4rkt schampo. Ger en varm doft av cedertr\u00e4, patchouli, myrra och sandeltr\u00e4 fr\u00e5n eteriska oljor och v\u00e5rdar h\u00e5ret med ekologiskt renad aloe vera, kallpressad avokadoolja och kokosvatten. <\/p>\n<ul>\n<li><b>Svanenm\u00e4rkt<\/b> och <b>ekologiskt certifierat<\/b> schampo fr\u00e5n danska Zenz Organic<\/li>\n<li>Den \u00e4r s\u00e4rskilt l\u00e4mplig f\u00f6r <strong>lockigt eller torrt h\u00e5r och flagnande h\u00e5rbotten<\/strong><\/li>\n<li>Berikar h\u00e5r och h\u00e5rbotten med vitaminer och mineraler, <strong>\u00e5terst\u00e4ller fuktbalansen och vitaliserar<\/strong> h\u00e5rbotten<\/li>\n<li><strong>H\u00e5rbotten och h\u00e5rs\u00e4ckarna st\u00e4rks<\/strong>, vilket ger ett<strong> friskt och gl\u00e4nsande<\/strong> h\u00e5r<\/li>\n<li>Ger en <strong>varm doft<\/strong> av cedertr\u00e4, patchouli, myrra och sandeltr\u00e4<\/li>\n<li><b>S\u00e4rskilda egenskaper<\/b>: Lugnande effekt p\u00e5 irriterad h\u00e5rbotten, milda tv\u00e5lingredienser reng\u00f6r f\u00f6rsiktigt och bidrar till den naturliga balansen i h\u00e5rbotten, l\u00e4mplig f\u00f6r Curly Girl-metoden.<\/li>\n<\/ul>\n<p><img loading=\"lazy\" decoding=\"async\" class=\"alignnone size-full wp-image-8764\" src=\"\/wp-content\/uploads\/2024\/08\/certificeringer_zenz.jpg\" alt=\"\" width=\"480\" height=\"91\" srcset=\"https:\/\/i0.wp.com\/healthyhead.dk\/wp-content\/uploads\/2024\/08\/certificeringer_zenz.jpg?w=480&amp;ssl=1 480w, https:\/\/i0.wp.com\/healthyhead.dk\/wp-content\/uploads\/2024\/08\/certificeringer_zenz.jpg?resize=300%2C57&amp;ssl=1 300w, https:\/\/i0.wp.com\/healthyhead.dk\/wp-content\/uploads\/2024\/08\/certificeringer_zenz.jpg?resize=441%2C84&amp;ssl=1 441w, https:\/\/i0.wp.com\/healthyhead.dk\/wp-content\/uploads\/2024\/08\/certificeringer_zenz.jpg?resize=150%2C28&amp;ssl=1 150w\" sizes=\"(max-width: 480px) 100vw, 480px\" \/><br \/>\n[\/cg_accordion]\n[cg_accordion title=\"Tips f\u00f6r anv\u00e4ndning\"]<\/p>\n<ul>\n<li>Applicera en liten m\u00e4ngd i v\u00e5tt h\u00e5r.<\/li>\n<li>Massera in i h\u00e5ret s\u00e5 att det bildas ett mjukt l\u00f6dder.<\/li>\n<li>Sk\u00f6lj noggrant efter\u00e5t. Avsluta med Conditioner no. 08 efter behov <\/li>\n<\/ul>\n<p>[\/cg_accordion]\n[cg_accordion title=\"Ingredienser\"]<\/p>\n<p><span data-contrast=\"auto\">Schampo Deep Wood nr. 07 inneh\u00e5ller ekologisk renad aloe vera, ekologisk kallpressad avokadoolja, ekologiskt kokosn\u00f6tsvatten och eteriska oljor.   <\/span><span data-ccp-props=\"{}\"> <\/span><\/p>\n<p><span data-contrast=\"auto\">Ekologisk renad aloe vera. Aloe vera gel\u00e9 inneh\u00e5ller 75 viktiga vitaminer och mineraler och har utm\u00e4rkta hud- och h\u00e5rv\u00e5rdande egenskaper. Hj\u00e4lper till att \u00f6ka blodcirkulationen och bibeh\u00e5lla hudens fukt. Aloe vera lugnar rodnad och kl\u00e5da och har d\u00e4rf\u00f6r ocks\u00e5 en god effekt p\u00e5 h\u00e5rbotten.    <\/span><span data-ccp-props=\"{}\"> <\/span><\/p>\n<p><span data-contrast=\"auto\">Ekologisk kallpressad avokadoolja inneh\u00e5ller en rad mineraler och vitaminerna A, B1, B2, D och E. Den har utm\u00e4rkta \u00e5terfuktande och n\u00e4rande egenskaper och \u00e4r effektiv f\u00f6r torr och uttorkad hud samt bra f\u00f6r h\u00e5rbotten. G\u00f6r h\u00e5r och hud sl\u00e4tare och mjukare.   <\/span><span data-ccp-props=\"{}\"> <\/span><\/p>\n<p><span data-contrast=\"auto\">Ekologiskt kokosvatten \u00e4r rikt p\u00e5 vitaminer och viktiga mineraler och ger h\u00e5ret massor av fukt och n\u00e4ring. Eteriska oljor: cedertr\u00e4, patchouli, myrra och sandeltr\u00e4.  <\/span><span data-ccp-props=\"{}\"> <\/span><\/p>\n<p><b>INCI-lista<\/b> Aloe Barbadensis Leaf Extract*, Aqua, Sodium Coco-Sulfate, Coco-Glucoside, Glycerin, Sodium PCA, Cocamidopropyl Betaine,<br \/>\nSaccharide Isomerate, Sodium Levulinate, Guar Hydroxypropyltrimonium Chloride, Persea Gratissima Oil*, Cocos Nucifera Water*,<br \/>\nCedrus Atlantica Bark Oil*, Pogostemon Cablin Leaf Oil*, Commiphora Myrrha Oil, Santalum Spicata Wood Oil*, Tapioca Starch**,<br \/>\nParfum (naturlig), Citric Acid, Sodium Citrate, Sodium Benzoate, Potassium Sorbate.<\/p>\n<p><span data-contrast=\"auto\">*Ingredienser som \u00e4r ekologiskt odlade.  <\/span><span data-ccp-props=\"{}\"><br \/>\n<\/span><span data-ccp-props=\"{}\">**Tillverkad av ekologiska ingredienser. .<\/span><\/p>\n<p><span data-ccp-props=\"{}\"><br \/>\n<\/span><span data-contrast=\"auto\">98% av den totala produkten \u00e4r av naturligt ursprung.  <\/span><span data-ccp-props=\"{}\"><br \/>\n<\/span><span data-contrast=\"auto\">58% av de totala ingredienserna \u00e4r ekologiskt odlade.  <\/span><span data-ccp-props=\"{}\"> <\/span><\/p>\n<p>pH 5-5,5<\/p>\n<p>[\/cg_accordion]\n","protected":false},"featured_media":260439,"template":"","meta":{"_acf_changed":false},"product_brand":[573],"product_cat":[640],"product_tag":[],"class_list":{"0":"post-265305","1":"product","2":"type-product","3":"status-publish","4":"has-post-thumbnail","6":"product_brand-zenz","7":"product_cat-schampo","9":"first","10":"instock","11":"taxable","12":"shipping-taxable","13":"purchasable","14":"product-type-simple"},"acf":[],"_links":{"self":[{"href":"https:\/\/healthyhead.dk\/sv\/wp-json\/wp\/v2\/product\/265305","targetHints":{"allow":["GET"]}}],"collection":[{"href":"https:\/\/healthyhead.dk\/sv\/wp-json\/wp\/v2\/product"}],"about":[{"href":"https:\/\/healthyhead.dk\/sv\/wp-json\/wp\/v2\/types\/product"}],"version-history":[{"count":0,"href":"https:\/\/healthyhead.dk\/sv\/wp-json\/wp\/v2\/product\/265305\/revisions"}],"wp:featuredmedia":[{"embeddable":true,"href":"https:\/\/healthyhead.dk\/sv\/wp-json\/wp\/v2\/media\/260439"}],"wp:attachment":[{"href":"https:\/\/healthyhead.dk\/sv\/wp-json\/wp\/v2\/media?parent=265305"}],"wp:term":[{"taxonomy":"product_brand","embeddable":true,"href":"https:\/\/healthyhead.dk\/sv\/wp-json\/wp\/v2\/product_brand?post=265305"},{"taxonomy":"product_cat","embeddable":true,"href":"https:\/\/healthyhead.dk\/sv\/wp-json\/wp\/v2\/product_cat?post=265305"},{"taxonomy":"product_tag","embeddable":true,"href":"https:\/\/healthyhead.dk\/sv\/wp-json\/wp\/v2\/product_tag?post=265305"}],"curies":[{"name":"wp","href":"https:\/\/api.w.org\/{rel}","templated":true}]}}