{"id":265313,"date":"2024-09-26T08:03:47","date_gmt":"2024-09-26T08:03:47","guid":{"rendered":"https:\/\/new.healthyhead.dk\/vare\/zenz-salt-water-spray-pure-no-14-medium-hold-200-ml\/"},"modified":"2025-07-05T08:30:03","modified_gmt":"2025-07-05T08:30:03","slug":"zenz-salt-water-spray-pure-no-14-medium-hold-200-ml","status":"publish","type":"product","link":"https:\/\/healthyhead.dk\/sv\/produkt\/zenz-salt-water-spray-pure-no-14-medium-hold-200-ml\/","title":{"rendered":"Zenz, Salt Water Spray Pure No. 14 &#8211; Medium hold, 200 ml"},"content":{"rendered":"","protected":false},"excerpt":{"rendered":"<p><img decoding=\"async\" class=\"\" src=\"\/wp-content\/uploads\/2024\/08\/Ingen-kemi.svg\" alt=\"Inga hormonst\u00f6rande \u00e4mnen\" width=\"45\" height=\"45\">Inga hormonst\u00f6rande \u00e4mnen<\/p>\n<p><img decoding=\"async\" class=\"\" src=\"\/wp-content\/uploads\/2024\/08\/Ingen-allergifremkaldende.svg\" alt=\"Icke allergiframkallande\" width=\"46\" height=\"46\">Inga allergiframkallande \u00e4mnen<\/p>\n<p><img decoding=\"async\" class=\"\" src=\"\/wp-content\/uploads\/2024\/08\/Ingen-miljoebelastende.svg\" alt=\"Ingen milj\u00f6p\u00e5verkan\" width=\"46\" height=\"46\">Inga milj\u00f6farliga \u00e4mnen<\/p>\n<p><img loading=\"lazy\" decoding=\"async\" class=\"alignnone wp-image-8756\" src=\"\/wp-content\/uploads\/2024\/08\/Ingen-parfume.svg\" alt=\"\" width=\"45\" height=\"45\" srcset=\"https:\/\/healthyhead.dk\/wp-content\/uploads\/Ingen-parfume.svg 150w, https:\/\/healthyhead.dk\/wp-content\/uploads\/Ingen-parfume.svg 300w, https:\/\/healthyhead.dk\/wp-content\/uploads\/Ingen-parfume.svg 768w, https:\/\/healthyhead.dk\/wp-content\/uploads\/Ingen-parfume.svg 1024w, https:\/\/healthyhead.dk\/wp-content\/uploads\/Ingen-parfume.svg 250w\" sizes=\"(max-width: 45px) 100vw, 45px\" \/>Inga dofter<\/p>\n<p>&nbsp;<\/p>\n[cg_accordion title=\"Beskrivning\" open=\"open\"]<\/p>\n<p>Pure No. 14 Salt Water Spray fr\u00e5n danska Zenz. Denna svan- och allergim\u00e4rkta saltvattenspray \u00e4r framtagen f\u00f6r att ge ditt h\u00e5r en h\u00e4rlig strandlook med massor av textur och fyllighet. Saltvattensprayen \u00e4r en hypoallergen, doftfri stylingprodukt. Den \u00e4r skonsam mot h\u00e5rbotten och l\u00e4tt att tv\u00e4tta ur. H\u00e5ret \u00e4r inpackat med ekologiskt renad aloe vera, havssalt och ekologiskt kallpressat avokadoextrakt.    <\/p>\n<ul>\n<li>Ger h\u00e5ret en h\u00e4rlig strandlook med mycket fyllighet<\/li>\n<li>Har <b>v\u00e5rdande<\/b> egenskaper och inneh\u00e5ller <strong>renad aloe vera<\/strong> och<strong> avokadoextrakt<\/strong><\/li>\n<li>Allergiv\u00e4nlig utan parfym<\/li>\n<\/ul>\n<p><img loading=\"lazy\" decoding=\"async\" class=\"alignnone size-full wp-image-8764\" src=\"\/wp-content\/uploads\/2024\/08\/certificeringer_zenz.jpg\" alt=\"\" width=\"480\" height=\"91\" srcset=\"https:\/\/i0.wp.com\/healthyhead.dk\/wp-content\/uploads\/2024\/08\/certificeringer_zenz.jpg?w=480&amp;ssl=1 480w, https:\/\/i0.wp.com\/healthyhead.dk\/wp-content\/uploads\/2024\/08\/certificeringer_zenz.jpg?resize=300%2C57&amp;ssl=1 300w, https:\/\/i0.wp.com\/healthyhead.dk\/wp-content\/uploads\/2024\/08\/certificeringer_zenz.jpg?resize=441%2C84&amp;ssl=1 441w, https:\/\/i0.wp.com\/healthyhead.dk\/wp-content\/uploads\/2024\/08\/certificeringer_zenz.jpg?resize=150%2C28&amp;ssl=1 150w\" sizes=\"(max-width: 480px) 100vw, 480px\" \/><br \/>\n[\/cg_accordion]\n[cg_accordion title=\"Tips f\u00f6r anv\u00e4ndning\"]<\/p>\n<ul>\n<li>Kan anv\u00e4ndas i v\u00e5tt eller torrt h\u00e5r<\/li>\n<li>Spraya mot r\u00f6tterna i v\u00e5tt h\u00e5r innan du f\u00f6nar f\u00f6r att skapa volym<\/li>\n<li>Spraya i h\u00e5ret och l\u00e5t lufttorka f\u00f6r en strandlook med naturlig textur. L\u00e4mplig f\u00f6r alla h\u00e5rtyper <\/li>\n<\/ul>\n<p>[\/cg_accordion]\n[cg_accordion title=\"Ingredienser\"]<\/p>\n<p>Salt Water Spray Pure no. 14 inneh\u00e5ller ekologisk renad aloe vera, havssalt och ekologiskt kallpressat avokadoextrakt. <\/p>\n<p><strong>Ekologisk renad aloe vera<\/strong>. Aloe vera gel\u00e9 inneh\u00e5ller 75 viktiga vitaminer och mineraler och har utm\u00e4rkta hud- och h\u00e5rv\u00e5rdande egenskaper. Hj\u00e4lper till att \u00f6ka blodcirkulationen och bibeh\u00e5lla hudens fuktighet. Aloe vera lugnar rodnad och kl\u00e5da och har d\u00e4rf\u00f6r ocks\u00e5 en god effekt p\u00e5 h\u00e5rbotten.  <\/p>\n<p><strong>Havssalt<\/strong> utvinns ur havsvatten. Rikt p\u00e5 mineraler och sp\u00e5r\u00e4mnen, bl.a. kalium och magnesium, som \u00e4r bra f\u00f6r huden. <\/p>\n<p><strong>Ekologiskt kallpressat avokadoextrakt<\/strong>inneh\u00e5ller en rad mineraler och vitaminerna A, B1, B2, D och E. Det har utm\u00e4rkta \u00e5terfuktande och n\u00e4rande egenskaper och \u00e4r effektivt f\u00f6r torr och <strong>uttorkad<\/strong>hud och bra f\u00f6r h\u00e5rbotten. G\u00f6r h\u00e5r och hud sl\u00e4tare och mjukare. <\/p>\n<p>INCI-lista:Aloe Barbadensis Leaf Extract*, Maris Sal, Alcohol**, Aqua, PVP, Sodium Levulinate, Magnesium Sulfate, Sorbitol, Glycerin**, Persea Gratissima Fruit Extract*, Panthenol, Sodium Hydroxide, Citric Acid, Sodium Benzoate, Potassium Sorbate.<\/p>\n<p>Ekologiskt ursprung. **Tillverkad av ekologiska ingredienser. Certifierad ekologisk enligt EG 834\/2007.  <\/p>\n<p>97% av den totala produkten \u00e4r av naturligt ursprung.<br \/>\n85% av de totala ingredienserna \u00e4r ekologiskt certifierade.<\/p>\n<p>pH 5,5-6<br \/>\n[\/cg_accordion]\n","protected":false},"featured_media":255155,"template":"","meta":{"_acf_changed":false},"product_brand":[573],"product_cat":[809],"product_tag":[],"class_list":{"0":"post-265313","1":"product","2":"type-product","3":"status-publish","4":"has-post-thumbnail","6":"product_brand-zenz","7":"product_cat-styling","9":"first","10":"instock","11":"taxable","12":"shipping-taxable","13":"purchasable","14":"product-type-simple"},"acf":[],"_links":{"self":[{"href":"https:\/\/healthyhead.dk\/sv\/wp-json\/wp\/v2\/product\/265313","targetHints":{"allow":["GET"]}}],"collection":[{"href":"https:\/\/healthyhead.dk\/sv\/wp-json\/wp\/v2\/product"}],"about":[{"href":"https:\/\/healthyhead.dk\/sv\/wp-json\/wp\/v2\/types\/product"}],"version-history":[{"count":0,"href":"https:\/\/healthyhead.dk\/sv\/wp-json\/wp\/v2\/product\/265313\/revisions"}],"wp:featuredmedia":[{"embeddable":true,"href":"https:\/\/healthyhead.dk\/sv\/wp-json\/wp\/v2\/media\/255155"}],"wp:attachment":[{"href":"https:\/\/healthyhead.dk\/sv\/wp-json\/wp\/v2\/media?parent=265313"}],"wp:term":[{"taxonomy":"product_brand","embeddable":true,"href":"https:\/\/healthyhead.dk\/sv\/wp-json\/wp\/v2\/product_brand?post=265313"},{"taxonomy":"product_cat","embeddable":true,"href":"https:\/\/healthyhead.dk\/sv\/wp-json\/wp\/v2\/product_cat?post=265313"},{"taxonomy":"product_tag","embeddable":true,"href":"https:\/\/healthyhead.dk\/sv\/wp-json\/wp\/v2\/product_tag?post=265313"}],"curies":[{"name":"wp","href":"https:\/\/api.w.org\/{rel}","templated":true}]}}