{"id":265321,"date":"2024-09-15T11:19:10","date_gmt":"2024-09-15T11:19:10","guid":{"rendered":"https:\/\/new.healthyhead.dk\/vare\/zenz-finishing-hair-spray-pure-no-88-strong-hold-200-ml\/"},"modified":"2025-07-04T22:01:44","modified_gmt":"2025-07-04T22:01:44","slug":"zenz-finishing-hair-spray-pure-no-88-strong-hold-200-ml","status":"publish","type":"product","link":"https:\/\/healthyhead.dk\/sv\/produkt\/zenz-finishing-hair-spray-pure-no-88-strong-hold-200-ml\/","title":{"rendered":"Zenz, Finishing Hair Spray Pure No. 88 &#8211; Strong Hold, 200 ml"},"content":{"rendered":"","protected":false},"excerpt":{"rendered":"<p><img decoding=\"async\" class=\"\" src=\"\/wp-content\/uploads\/2024\/08\/Ingen-kemi.svg\" alt=\"Inga hormonst\u00f6rande \u00e4mnen\" width=\"45\" height=\"45\">Inga hormonst\u00f6rande \u00e4mnen<\/p>\n<p><img decoding=\"async\" class=\"\" src=\"\/wp-content\/uploads\/2024\/08\/Ingen-allergifremkaldende.svg\" alt=\"Icke allergiframkallande\" width=\"46\" height=\"46\">Inga allergiframkallande \u00e4mnen<\/p>\n<p><img decoding=\"async\" class=\"\" src=\"\/wp-content\/uploads\/2024\/08\/Ingen-miljoebelastende.svg\" alt=\"Ingen milj\u00f6p\u00e5verkan\" width=\"46\" height=\"46\">Inga milj\u00f6farliga \u00e4mnen<\/p>\n<p><img loading=\"lazy\" decoding=\"async\" class=\"alignnone wp-image-8756\" src=\"\/wp-content\/uploads\/2024\/08\/Ingen-parfume.svg\" alt=\"\" width=\"45\" height=\"45\" srcset=\"https:\/\/healthyhead.dk\/wp-content\/uploads\/Ingen-parfume.svg 150w, https:\/\/healthyhead.dk\/wp-content\/uploads\/Ingen-parfume.svg 300w, https:\/\/healthyhead.dk\/wp-content\/uploads\/Ingen-parfume.svg 768w, https:\/\/healthyhead.dk\/wp-content\/uploads\/Ingen-parfume.svg 1024w, https:\/\/healthyhead.dk\/wp-content\/uploads\/Ingen-parfume.svg 250w\" sizes=\"(max-width: 45px) 100vw, 45px\" \/>Inga dofter<\/p>\n<p>&nbsp;<\/p>\n[cg_accordion title=\"Beskrivning\" open=\"open\"] <\/p>\n<p>  Pure Strong Hold Finishing Hair Spray fr\u00e5n danska Zenz \u00e4r en aerosolfri, svan- och allergim\u00e4rkt professionell h\u00e5rspray med stark stadga. Perfekt f\u00f6r att avsluta frisyren s\u00e5 att den h\u00e5ller hela dagen efter styling eller fixering. Den \u00e4r helt fri fr\u00e5n silikon och syntetiska eller eteriska parfymer. Ger h\u00e5ret en naturlig och gl\u00e4nsande look. H\u00e5rf\u00e4rgen har v\u00e5rdande egenskaper och \u00e4r l\u00e4mplig f\u00f6r alla h\u00e5rtyper. Den \u00e4r ocks\u00e5 l\u00e4tt att kamma ut eller tv\u00e4tta bort.     <\/p>\n<ul>\n<li><b>Aerosolfri<\/b>, svan- och allergim\u00e4rkt professionell h\u00e5rspray<\/li>\n<li>H\u00e5ller hela dagen efter styling eller h\u00e5rstyling<\/li>\n<li><b>Fri fr\u00e5n silikon<\/b> och syntetiska eller eteriska parfymer<\/li>\n<li>Ger h\u00e5ret en <b>naturlig och gl\u00e4nsande<\/b> look<\/li>\n<li>Har <b>v\u00e5rdande<\/b> egenskaper<\/li>\n<\/ul>\n<p>&nbsp;<br \/>\n<img loading=\"lazy\" decoding=\"async\" class=\"alignnone size-full wp-image-8764\" src=\"\/wp-content\/uploads\/2024\/08\/certificeringer_zenz.jpg\" alt=\"\" width=\"480\" height=\"91\" srcset=\"https:\/\/i0.wp.com\/healthyhead.dk\/wp-content\/uploads\/2024\/08\/certificeringer_zenz.jpg?w=480&amp;ssl=1 480w, https:\/\/i0.wp.com\/healthyhead.dk\/wp-content\/uploads\/2024\/08\/certificeringer_zenz.jpg?resize=300%2C57&amp;ssl=1 300w, https:\/\/i0.wp.com\/healthyhead.dk\/wp-content\/uploads\/2024\/08\/certificeringer_zenz.jpg?resize=441%2C84&amp;ssl=1 441w, https:\/\/i0.wp.com\/healthyhead.dk\/wp-content\/uploads\/2024\/08\/certificeringer_zenz.jpg?resize=150%2C28&amp;ssl=1 150w\" sizes=\"(max-width: 480px) 100vw, 480px\" \/><br \/>\n[\/cg_accordion]\n[cg_accordion title=\"Tips f\u00f6r anv\u00e4ndning\"]<\/p>\n<p>\nSpraya p\u00e5 torrt h\u00e5r efter styling eller i frisyrer<\/p>\n<p>[\/cg_accordion]\n[cg_accordion title=\"Ingredienser\"]<\/p>\n<p>Volume Hair Spray Pure no. 88 inneh\u00e5ller endast 3 veganska ingredienser f\u00f6rutom vatten.<\/p>\n<p><b>INCI-lista:<\/b> Alkohol**, vatten, VP\/VA-sampolymer, PVP<\/p>\n<p>[\/cg_accordion]\n","protected":false},"featured_media":255183,"template":"","meta":{"_acf_changed":false},"product_brand":[573],"product_cat":[809],"product_tag":[],"class_list":{"0":"post-265321","1":"product","2":"type-product","3":"status-publish","4":"has-post-thumbnail","6":"product_brand-zenz","7":"product_cat-styling","9":"first","10":"outofstock","11":"taxable","12":"shipping-taxable","13":"purchasable","14":"product-type-simple"},"acf":[],"_links":{"self":[{"href":"https:\/\/healthyhead.dk\/sv\/wp-json\/wp\/v2\/product\/265321","targetHints":{"allow":["GET"]}}],"collection":[{"href":"https:\/\/healthyhead.dk\/sv\/wp-json\/wp\/v2\/product"}],"about":[{"href":"https:\/\/healthyhead.dk\/sv\/wp-json\/wp\/v2\/types\/product"}],"version-history":[{"count":0,"href":"https:\/\/healthyhead.dk\/sv\/wp-json\/wp\/v2\/product\/265321\/revisions"}],"wp:featuredmedia":[{"embeddable":true,"href":"https:\/\/healthyhead.dk\/sv\/wp-json\/wp\/v2\/media\/255183"}],"wp:attachment":[{"href":"https:\/\/healthyhead.dk\/sv\/wp-json\/wp\/v2\/media?parent=265321"}],"wp:term":[{"taxonomy":"product_brand","embeddable":true,"href":"https:\/\/healthyhead.dk\/sv\/wp-json\/wp\/v2\/product_brand?post=265321"},{"taxonomy":"product_cat","embeddable":true,"href":"https:\/\/healthyhead.dk\/sv\/wp-json\/wp\/v2\/product_cat?post=265321"},{"taxonomy":"product_tag","embeddable":true,"href":"https:\/\/healthyhead.dk\/sv\/wp-json\/wp\/v2\/product_tag?post=265321"}],"curies":[{"name":"wp","href":"https:\/\/api.w.org\/{rel}","templated":true}]}}