{"id":265325,"date":"2024-09-15T10:03:15","date_gmt":"2024-09-15T10:03:15","guid":{"rendered":"https:\/\/new.healthyhead.dk\/vare\/zenz-copenhagen-hair-powder-pure-no-89-10-g\/"},"modified":"2025-07-10T10:46:53","modified_gmt":"2025-07-10T10:46:53","slug":"zenz-copenhagen-hair-powder-pure-no-89-10-g","status":"publish","type":"product","link":"https:\/\/healthyhead.dk\/sv\/produkt\/zenz-copenhagen-hair-powder-pure-no-89-10-g\/","title":{"rendered":"Zenz, Copenhagen Hair Powder Pure No. 89, H\u00e5rpuder, 10 g"},"content":{"rendered":"","protected":false},"excerpt":{"rendered":"<p><img decoding=\"async\" class=\"\" src=\"\/wp-content\/uploads\/2024\/08\/Ingen-kemi.svg\" alt=\"Inga hormonst\u00f6rande \u00e4mnen\" width=\"45\" height=\"45\">Inga hormonst\u00f6rande \u00e4mnen<\/p>\n<p><img decoding=\"async\" class=\"\" src=\"\/wp-content\/uploads\/2024\/08\/Ingen-allergifremkaldende.svg\" alt=\"Icke allergiframkallande\" width=\"46\" height=\"46\">Inga allergiframkallande \u00e4mnen<\/p>\n<p><img decoding=\"async\" class=\"\" src=\"\/wp-content\/uploads\/2024\/08\/Ingen-miljoebelastende.svg\" alt=\"Ingen milj\u00f6p\u00e5verkan\" width=\"46\" height=\"46\">Inga milj\u00f6farliga \u00e4mnen<\/p>\n<p><img loading=\"lazy\" decoding=\"async\" class=\"alignnone wp-image-8756\" src=\"\/wp-content\/uploads\/2024\/08\/Ingen-parfume.svg\" alt=\"\" width=\"45\" height=\"45\" srcset=\"https:\/\/healthyhead.dk\/wp-content\/uploads\/Ingen-parfume.svg 150w, https:\/\/healthyhead.dk\/wp-content\/uploads\/Ingen-parfume.svg 300w, https:\/\/healthyhead.dk\/wp-content\/uploads\/Ingen-parfume.svg 768w, https:\/\/healthyhead.dk\/wp-content\/uploads\/Ingen-parfume.svg 1024w, https:\/\/healthyhead.dk\/wp-content\/uploads\/Ingen-parfume.svg 250w\" sizes=\"(max-width: 45px) 100vw, 45px\" \/>Inga dofter<\/p>\n<p>&nbsp;<\/p>\n[cg_accordion title=\"Beskrivning\" open=\"open\"] <\/p>\n<p>Pure Copenhagen Hair Powder No. 89 fr\u00e5n danska Zenz. Det \u00e4r ett svan- och allergim\u00e4rkt h\u00e5rpuder som ger maximal fyllighet och stadga i b\u00e5de kort och l\u00e5ngt h\u00e5r. Pudret absorberar smuts och fett fr\u00e5n h\u00e5rstr\u00e5na, vilket ger h\u00e5ret ett rent och friskt utseende. Volume Hair Powder no. 89 \u00e4r ett h\u00e5rpuder f\u00f6r alla h\u00e5rtyper. Speciellt l\u00e4mpligt f\u00f6r att ge volym till platt h\u00e5r.    <\/p>\n<ul>\n<li>Svanen- och allergim\u00e4rkt h\u00e5rpuder <b>f\u00f6r maximal fyllighet<\/b><\/li>\n<li><b>Suger bort smuts och fett fr\u00e5n h\u00e5rstr\u00e5na<\/b> f\u00f6r en ren och h\u00e4lsosam look<\/li>\n<li>Speciellt l\u00e4mplig f\u00f6r att ge <b>volym till platt h\u00e5r<\/b><\/li>\n<li>Specialfunktioner: Transparent h\u00e5rpuder, matt look, <b>fungerar som torrschampo<\/b>, vegan.<\/li>\n<\/ul>\n<p>&nbsp;<br \/>\n<img loading=\"lazy\" decoding=\"async\" class=\"alignnone size-full wp-image-8764\" src=\"\/wp-content\/uploads\/2024\/08\/certificeringer_zenz.jpg\" alt=\"\" width=\"480\" height=\"91\" srcset=\"https:\/\/i0.wp.com\/healthyhead.dk\/wp-content\/uploads\/2024\/08\/certificeringer_zenz.jpg?w=480&amp;ssl=1 480w, https:\/\/i0.wp.com\/healthyhead.dk\/wp-content\/uploads\/2024\/08\/certificeringer_zenz.jpg?resize=300%2C57&amp;ssl=1 300w, https:\/\/i0.wp.com\/healthyhead.dk\/wp-content\/uploads\/2024\/08\/certificeringer_zenz.jpg?resize=441%2C84&amp;ssl=1 441w, https:\/\/i0.wp.com\/healthyhead.dk\/wp-content\/uploads\/2024\/08\/certificeringer_zenz.jpg?resize=150%2C28&amp;ssl=1 150w\" sizes=\"(max-width: 480px) 100vw, 480px\" \/><br \/>\n[\/cg_accordion]\n[cg_accordion title=\"Tips f\u00f6r anv\u00e4ndning\"]<\/p>\n<ul>\n<li>Str\u00f6 pulvret i torrt h\u00e5r vid r\u00f6tterna och arbeta f\u00f6rsiktigt in det i h\u00e5ret med fingertopparna. L\u00e4mplig f\u00f6r styling av kort h\u00e5r, l\u00e5ngt h\u00e5r och i frisyrer <\/li>\n<li>Kan anv\u00e4ndas som torrschampo mellan h\u00e5rtv\u00e4ttarna<\/li>\n<\/ul>\n<p>[\/cg_accordion]\n[cg_accordion title=\"Ingredienser\"]<\/p>\n<p>Produkten inneh\u00e5ller <b>Silica Silylate<\/b>, som \u00e4r modifierad kiseldioxid. Den har goda fett- och sebumabsorberande egenskaper och ger volym till h\u00e5ret.   <\/p>\n<p><b>INCI-lista:<\/b> Aqua, Silica Silylate, PEG-8, Undecane, Tridecane, Carrageenan, Kalium Sorbate, Citronsyra, Tocopherol.<\/p>\n<p>40% av de totala ingredienserna \u00e4r certifierat ekologiska.<\/p>\n<p>[\/cg_accordion]\n","protected":false},"featured_media":255195,"template":"","meta":{"_acf_changed":false},"product_brand":[573],"product_cat":[809],"product_tag":[],"class_list":{"0":"post-265325","1":"product","2":"type-product","3":"status-publish","4":"has-post-thumbnail","6":"product_brand-zenz","7":"product_cat-styling","9":"first","10":"instock","11":"taxable","12":"shipping-taxable","13":"purchasable","14":"product-type-simple"},"acf":[],"_links":{"self":[{"href":"https:\/\/healthyhead.dk\/sv\/wp-json\/wp\/v2\/product\/265325","targetHints":{"allow":["GET"]}}],"collection":[{"href":"https:\/\/healthyhead.dk\/sv\/wp-json\/wp\/v2\/product"}],"about":[{"href":"https:\/\/healthyhead.dk\/sv\/wp-json\/wp\/v2\/types\/product"}],"version-history":[{"count":0,"href":"https:\/\/healthyhead.dk\/sv\/wp-json\/wp\/v2\/product\/265325\/revisions"}],"wp:featuredmedia":[{"embeddable":true,"href":"https:\/\/healthyhead.dk\/sv\/wp-json\/wp\/v2\/media\/255195"}],"wp:attachment":[{"href":"https:\/\/healthyhead.dk\/sv\/wp-json\/wp\/v2\/media?parent=265325"}],"wp:term":[{"taxonomy":"product_brand","embeddable":true,"href":"https:\/\/healthyhead.dk\/sv\/wp-json\/wp\/v2\/product_brand?post=265325"},{"taxonomy":"product_cat","embeddable":true,"href":"https:\/\/healthyhead.dk\/sv\/wp-json\/wp\/v2\/product_cat?post=265325"},{"taxonomy":"product_tag","embeddable":true,"href":"https:\/\/healthyhead.dk\/sv\/wp-json\/wp\/v2\/product_tag?post=265325"}],"curies":[{"name":"wp","href":"https:\/\/api.w.org\/{rel}","templated":true}]}}