{"id":265329,"date":"2024-09-15T08:55:07","date_gmt":"2024-09-15T08:55:07","guid":{"rendered":"https:\/\/new.healthyhead.dk\/vare\/zenz-styling-paste-pure-no-06-strong-hold-150-ml\/"},"modified":"2025-07-05T06:41:22","modified_gmt":"2025-07-05T06:41:22","slug":"zenz-styling-paste-pure-no-06-strong-hold-150-ml","status":"publish","type":"product","link":"https:\/\/healthyhead.dk\/sv\/produkt\/zenz-styling-paste-pure-no-06-strong-hold-150-ml\/","title":{"rendered":"Zenz, Styling Paste Pure No. 06 &#8211; Strong Hold, 150 ml"},"content":{"rendered":"","protected":false},"excerpt":{"rendered":"<p><img decoding=\"async\" class=\"\" src=\"\/wp-content\/uploads\/2024\/08\/Ingen-kemi.svg\" alt=\"Inga hormonst\u00f6rande \u00e4mnen\" width=\"45\" height=\"45\">Inga hormonst\u00f6rande \u00e4mnen<\/p>\n<p><img decoding=\"async\" class=\"\" src=\"\/wp-content\/uploads\/2024\/08\/Ingen-allergifremkaldende.svg\" alt=\"Icke allergiframkallande\" width=\"46\" height=\"46\">Inga allergiframkallande \u00e4mnen<\/p>\n<p><img decoding=\"async\" class=\"\" src=\"\/wp-content\/uploads\/2024\/08\/Ingen-miljoebelastende.svg\" alt=\"Ingen milj\u00f6p\u00e5verkan\" width=\"46\" height=\"46\">Inga milj\u00f6farliga \u00e4mnen<\/p>\n<p><img loading=\"lazy\" decoding=\"async\" class=\"alignnone wp-image-8756\" src=\"\/wp-content\/uploads\/2024\/08\/Ingen-parfume.svg\" alt=\"\" width=\"45\" height=\"45\" srcset=\"https:\/\/healthyhead.dk\/wp-content\/uploads\/Ingen-parfume.svg 150w, https:\/\/healthyhead.dk\/wp-content\/uploads\/Ingen-parfume.svg 300w, https:\/\/healthyhead.dk\/wp-content\/uploads\/Ingen-parfume.svg 768w, https:\/\/healthyhead.dk\/wp-content\/uploads\/Ingen-parfume.svg 1024w, https:\/\/healthyhead.dk\/wp-content\/uploads\/Ingen-parfume.svg 250w\" sizes=\"(max-width: 45px) 100vw, 45px\" \/>Inga dofter<\/p>\n<p>&nbsp;<\/p>\n[cg_accordion title=\"Beskrivning\" open=\"open\"]<\/p>\n<p>Svanenm\u00e4rkt och allergim\u00e4rkt styling Paste Pure no.6 fr\u00e5n danska Zenz. Pastan ger en stark stadga och \u00e4r helt baserad p\u00e5 naturliga ingredienser som bivax och kallpressad advocadoolja, som b\u00e5de v\u00e5rdar h\u00e5ret och ger det struktur. Zenz Pure Styling Paste vann utm\u00e4rkelsen &#8221;\u00c5rets produkt&#8221; vid Danish Beauty Award 2011. Pastan \u00e4r l\u00e4mplig f\u00f6r daglig anv\u00e4ndning.   <\/p>\n<ul>\n<li><b>Svanenm\u00e4rkt och allergim\u00e4rkt<\/b> styling Paste Pure no.6<\/li>\n<li>Skapar ett <b>starkt team<\/b><\/li>\n<li>Helt baserad p\u00e5 <b>naturliga ingredienser<\/b> som <b>bivax och kallpressad advocadoolja<\/b><\/li>\n<li>Vinnare av utm\u00e4rkelsen <b>&#8221;\u00c5rets produkt&#8221;<\/b> vid Danish Beauty Award 2011<\/li>\n<\/ul>\n<p>&nbsp;<\/p>\n<p><img loading=\"lazy\" decoding=\"async\" class=\"alignnone size-full wp-image-8764\" src=\"\/wp-content\/uploads\/2024\/08\/certificeringer_zenz.jpg\" alt=\"\" width=\"480\" height=\"91\" srcset=\"https:\/\/i0.wp.com\/healthyhead.dk\/wp-content\/uploads\/2024\/08\/certificeringer_zenz.jpg?w=480&amp;ssl=1 480w, https:\/\/i0.wp.com\/healthyhead.dk\/wp-content\/uploads\/2024\/08\/certificeringer_zenz.jpg?resize=300%2C57&amp;ssl=1 300w, https:\/\/i0.wp.com\/healthyhead.dk\/wp-content\/uploads\/2024\/08\/certificeringer_zenz.jpg?resize=441%2C84&amp;ssl=1 441w, https:\/\/i0.wp.com\/healthyhead.dk\/wp-content\/uploads\/2024\/08\/certificeringer_zenz.jpg?resize=150%2C28&amp;ssl=1 150w\" sizes=\"(max-width: 480px) 100vw, 480px\" \/><br \/>\n[\/cg_accordion]\n[cg_accordion title=\"Tips f\u00f6r anv\u00e4ndning\"]<\/p>\n<ul>\n<li style=\"list-style-type: none;\">\n<ul>\n<li style=\"list-style-type: none;\">\n<ul>\n<li>V\u00e4rm stylingpastan i handflatorna och arbeta in den i v\u00e5tt h\u00e5r medan du f\u00f6nar f\u00f6r att skapa struktur<\/li>\n<li>Applicera i torrt h\u00e5r f\u00f6r extra stadga<\/li>\n<li>F\u00f6r att framh\u00e4va lockar, f\u00f6rdela produkten i h\u00e4nderna och krama in den i v\u00e5tt h\u00e5r innan du f\u00f6nar det<\/li>\n<\/ul>\n<\/li>\n<\/ul>\n<\/li>\n<\/ul>\n<p>[\/cg_accordion]\n[cg_accordion title=\"Ingredienser\"]<\/p>\n<p>Styling Paste Pure no. 06 inneh\u00e5ller ekologisk renad aloe vera och ekologiskt glycerin. <\/p>\n<p><b>Ekologisk renad aloe vera<\/b>. Aloe vera gel\u00e9 inneh\u00e5ller 75 viktiga vitaminer och mineraler och har utm\u00e4rkta hud- och h\u00e5rv\u00e5rdande egenskaper. Hj\u00e4lper till att \u00f6ka blodcirkulationen och bibeh\u00e5lla hudens fukt. Aloe vera lugnar rodnad och kl\u00e5da och har d\u00e4rf\u00f6r ocks\u00e5 en god effekt p\u00e5 h\u00e5rbotten.  <\/p>\n<p><b>Ekologiskt glycerin<\/b> \u00e5terfuktar och mjukg\u00f6r. \u00c4r en naturlig best\u00e5ndsdel i fetter och oljor. Bibeh\u00e5ller hudens och h\u00e5rets naturliga fuktbalans och f\u00f6rb\u00e4ttrar elasticiteten.  <\/p>\n<p><b>INCI-lista:<\/b>Aloe Barbadensis Leaf Extract*, Ceteareth-30, C18-36 Acid Triglyceride, Alcohol**, Cetearyl Alcohol, Glycerin**, Aqua, Hydroxypropyltrimonium Hydrolysed Corn Starch, Hydroxystearic\/Linolenic\/Oleic Polyglycerides, Sodium Levulinate, Citric Acid, Phenoxyethanol, Potassium Sorbate.<\/p>\n<p>*Organiskt ursprung. **Tillverkad av ekologiska ingredienser. Ekologiskt certifierad enligt EG 834\/2007.<\/p>\n<p>[\/cg_accordion]\n","protected":false},"featured_media":255091,"template":"","meta":{"_acf_changed":false},"product_brand":[573],"product_cat":[809],"product_tag":[],"class_list":{"0":"post-265329","1":"product","2":"type-product","3":"status-publish","4":"has-post-thumbnail","6":"product_brand-zenz","7":"product_cat-styling","9":"first","10":"instock","11":"taxable","12":"shipping-taxable","13":"purchasable","14":"product-type-simple"},"acf":[],"_links":{"self":[{"href":"https:\/\/healthyhead.dk\/sv\/wp-json\/wp\/v2\/product\/265329","targetHints":{"allow":["GET"]}}],"collection":[{"href":"https:\/\/healthyhead.dk\/sv\/wp-json\/wp\/v2\/product"}],"about":[{"href":"https:\/\/healthyhead.dk\/sv\/wp-json\/wp\/v2\/types\/product"}],"version-history":[{"count":0,"href":"https:\/\/healthyhead.dk\/sv\/wp-json\/wp\/v2\/product\/265329\/revisions"}],"wp:featuredmedia":[{"embeddable":true,"href":"https:\/\/healthyhead.dk\/sv\/wp-json\/wp\/v2\/media\/255091"}],"wp:attachment":[{"href":"https:\/\/healthyhead.dk\/sv\/wp-json\/wp\/v2\/media?parent=265329"}],"wp:term":[{"taxonomy":"product_brand","embeddable":true,"href":"https:\/\/healthyhead.dk\/sv\/wp-json\/wp\/v2\/product_brand?post=265329"},{"taxonomy":"product_cat","embeddable":true,"href":"https:\/\/healthyhead.dk\/sv\/wp-json\/wp\/v2\/product_cat?post=265329"},{"taxonomy":"product_tag","embeddable":true,"href":"https:\/\/healthyhead.dk\/sv\/wp-json\/wp\/v2\/product_tag?post=265329"}],"curies":[{"name":"wp","href":"https:\/\/api.w.org\/{rel}","templated":true}]}}