{"id":265333,"date":"2024-09-15T08:23:19","date_gmt":"2024-09-15T08:23:19","guid":{"rendered":"https:\/\/new.healthyhead.dk\/vare\/zenz-ansigtscreme-pure-no-101-antiage-moisture-hydration-100-ml\/"},"modified":"2025-07-10T10:47:15","modified_gmt":"2025-07-10T10:47:15","slug":"zenz-ansiktskram-pure-no-101-antiage-fukt-hydrering-100-ml","status":"publish","type":"product","link":"https:\/\/healthyhead.dk\/sv\/produkt\/zenz-ansiktskram-pure-no-101-antiage-fukt-hydrering-100-ml\/","title":{"rendered":"Zenz, Ansiktskr\u00e4m Pure No. 101, Antiage, Moisture &amp; Hydration 100 ml"},"content":{"rendered":"","protected":false},"excerpt":{"rendered":"<p><img decoding=\"async\" class=\"\" src=\"\/wp-content\/uploads\/2024\/08\/Ingen-kemi.svg\" alt=\"Inga hormonst\u00f6rande \u00e4mnen\" width=\"45\" height=\"45\">Inga hormonst\u00f6rande \u00e4mnen<\/p>\n<p><img decoding=\"async\" class=\"\" src=\"\/wp-content\/uploads\/2024\/08\/Ingen-allergifremkaldende.svg\" alt=\"Icke allergiframkallande\" width=\"46\" height=\"46\">Inga allergiframkallande \u00e4mnen<\/p>\n<p><img decoding=\"async\" class=\"\" src=\"\/wp-content\/uploads\/2024\/08\/Ingen-miljoebelastende.svg\" alt=\"Ingen milj\u00f6p\u00e5verkan\" width=\"46\" height=\"46\">Inga milj\u00f6farliga \u00e4mnen<\/p>\n<p><img loading=\"lazy\" decoding=\"async\" class=\"alignnone wp-image-8756\" src=\"\/wp-content\/uploads\/2024\/08\/Ingen-parfume.svg\" alt=\"\" width=\"45\" height=\"45\" srcset=\"https:\/\/healthyhead.dk\/wp-content\/uploads\/Ingen-parfume.svg 150w, https:\/\/healthyhead.dk\/wp-content\/uploads\/Ingen-parfume.svg 300w, https:\/\/healthyhead.dk\/wp-content\/uploads\/Ingen-parfume.svg 768w, https:\/\/healthyhead.dk\/wp-content\/uploads\/Ingen-parfume.svg 1024w, https:\/\/healthyhead.dk\/wp-content\/uploads\/Ingen-parfume.svg 250w\" sizes=\"(max-width: 45px) 100vw, 45px\" \/>Inga dofter<\/p>\n<p>&nbsp;<\/p>\n[cg_accordion title=\"Beskrivning\" open=\"open\"]  Pure No. 101 Face Cream fr\u00e5n Zenz \u00e4r en dansk svan- och allergim\u00e4rkt ansiktskr\u00e4m med fuktgivande, \u00e5terfuktande och uppstramande effekt. Kr\u00e4men inneh\u00e5ller tv\u00e5 kraftfulla anti-ageing-ingredienser, Matrixyl-\u00ae3000 och hyaluronsyra, som har visat sig vara mycket effektiva f\u00f6r att minska rynkor. Tillsammans bidrar de till att omstrukturera, reparera, bibeh\u00e5lla och \u00e5terst\u00e4lla hudens ungdomliga utseende. Hudtonen och elasticiteten f\u00f6rb\u00e4ttras och huden blir sl\u00e4tare och mjukare.   <\/p>\n<p>&nbsp;<\/p>\n<ul>\n<li>Dansk svan och allergim\u00e4rkt ansiktskr\u00e4m<\/li>\n<li>Har en <b>fuktgivande, \u00e5terfuktande<\/b> och <b>uppstramande effekt<\/b><\/li>\n<li>Inneh\u00e5ller <b>tv\u00e5 kraftfulla anti-ageing-ingredienser<\/b>, Matrixyl-\u00ae3000 och hyaluronsyra<\/li>\n<li><b>Bibeh\u00e5ller och \u00e5terst\u00e4ller<\/b> hudens ungdomliga utseende<\/li>\n<li><b>Guldvinnare i kategorin &#8221;B\u00e4sta gr\u00f6na produkt&#8221;<\/b> vid Green Bambini Baby Awards 2023<\/li>\n<\/ul>\n<p>&nbsp;<\/p>\n<p><img loading=\"lazy\" decoding=\"async\" class=\"alignnone size-full wp-image-8764\" src=\"\/wp-content\/uploads\/2024\/08\/certificeringer_zenz.jpg\" alt=\"\" width=\"480\" height=\"91\" srcset=\"https:\/\/i0.wp.com\/healthyhead.dk\/wp-content\/uploads\/2024\/08\/certificeringer_zenz.jpg?w=480&amp;ssl=1 480w, https:\/\/i0.wp.com\/healthyhead.dk\/wp-content\/uploads\/2024\/08\/certificeringer_zenz.jpg?resize=300%2C57&amp;ssl=1 300w, https:\/\/i0.wp.com\/healthyhead.dk\/wp-content\/uploads\/2024\/08\/certificeringer_zenz.jpg?resize=441%2C84&amp;ssl=1 441w, https:\/\/i0.wp.com\/healthyhead.dk\/wp-content\/uploads\/2024\/08\/certificeringer_zenz.jpg?resize=150%2C28&amp;ssl=1 150w\" sizes=\"(max-width: 480px) 100vw, 480px\" \/><br \/>\n[\/cg_accordion]\n[cg_accordion title=\"Tips f\u00f6r anv\u00e4ndning\"]<\/p>\n<ul>\n<li>Applicera en liten m\u00e4ngd kr\u00e4m morgon och kv\u00e4ll p\u00e5 rengjort ansikte och hals. Perfekt som bas innan du applicerar foundation, l\u00e4mplig som dag- eller nattkr\u00e4m. <\/li>\n<\/ul>\n<p>[\/cg_accordion]\n[cg_accordion title=\"Ingredienser\"]<\/p>\n<p>Anti-Ageing Face Cream Pure no. 101 inneh\u00e5ller ekologisk renad aloe vera, sheasm\u00f6r, ekologisk kallpressad avokadoolja, hyaluronsyra och Matrixyl\u00ae 3000. <\/p>\n<p><b>Ekologisk renad aloe ver<\/b> a Aloe vera gel\u00e9 inneh\u00e5ller 75 viktiga vitaminer och mineraler och har utm\u00e4rkta hudv\u00e5rdande egenskaper. Hj\u00e4lper till att \u00f6ka blodcirkulationen och bibeh\u00e5lla hudens fukt. Aloe vera lindrar rodnad och kl\u00e5da.  <\/p>\n<p><b>Sheasm\u00f6r<\/b> utvinns ur n\u00f6tterna fr\u00e5n sheatr\u00e4det. Har anv\u00e4nts i \u00e5rhundraden f\u00f6r att behandla huden. Kallpressat vegetabiliskt fett som \u00e4r rikt p\u00e5 om\u00e4ttade fettsyror och vitamin A och E. Mycket \u00e5terfuktande och hj\u00e4lper till att bibeh\u00e5lla hudens elasticitet. Har antirynk- och antiinflammatoriska egenskaper.    <\/p>\n<p><b>Ekologisk kallpressad avokadoolja<\/b> inneh\u00e5ller en rad mineraler samt vitamin A, B1, B2, D och E. Den har utm\u00e4rkta fuktgivande och n\u00e4rande egenskaper och \u00e4r effektiv f\u00f6r torr och uttorkad hud. G\u00f6r huden sl\u00e4tare och mjukare. <\/p>\n<p><b>Hyaluronsyra<\/b> \u00e4r en kraftfullt \u00e5terfuktande ingrediens som hj\u00e4lper till att bibeh\u00e5lla och \u00e5terst\u00e4lla hudens ungdomliga utseende. Huden blir sl\u00e4tare, mjukare och smidigare och rynkor reduceras. Har en bevisad uppstramande effekt.  <\/p>\n<p><b>Den dubbla peptiden Matrixyl\u00ae 3000<\/b> \u00e4r en erk\u00e4nd och effektiv antirynk-ingrediens med bevisad effekt. Den reducerar rynkor, j\u00e4mnar ut hudtonen och f\u00f6rb\u00e4ttrar hudens elasticitet. Den best\u00e5r av 2 kollagenstimulerande peptider som \u00f6kar hudens inneh\u00e5ll av kollagen och elastin, vilket bidrar till att g\u00f6ra huden tjockare och minska rynkor.  <\/p>\n<p><b>INCI-lista:<\/b> Aloe Barbadensis Leaf Extract*, Caprylic\/Capric Triglyceride, Butyrospermum Parkii Butter, Aqua, Glycerin, Perseas Grattissima Oil*, Propanediol, Cetearyl Glucoside, Cetearyl Alcohol, Isoamyl Cocoate, Glyceryl Stearate, Butylene Glycol, Sodium Stearoyl Glutamate, Sodium Levulinate, Saccharide Isomerate, Sodium PCA, Xanthan Gum, Tocopherol, Sodium Hyaluronate, Helianthus Annuus Seed Oil, Sodium Lactate, Carbomer, Polysorbate 20, Palmitoyl Tripetide-1, Palmitoyl Tetrapeptide-7, Parfum, Citric Acid, Sodium Citrate, Potassium Sorbate.<\/p>\n<p>*Organiskt ursprung. Ekologiskt certifierad enligt EG 834\/2007.<\/p>\n<p>99% av den totala produkten \u00e4r av naturligt ursprung.<br \/>\n61% av de totala ingredienserna \u00e4r ekologiskt certifierade.<\/p>\n<p>[\/cg_accordion]\n","protected":false},"featured_media":255247,"template":"","meta":{"_acf_changed":false},"product_brand":[573],"product_cat":[781],"product_tag":[],"class_list":{"0":"post-265333","1":"product","2":"type-product","3":"status-publish","4":"has-post-thumbnail","6":"product_brand-zenz","7":"product_cat-ansiktskraem-serum","9":"first","10":"outofstock","11":"taxable","12":"shipping-taxable","13":"purchasable","14":"product-type-simple"},"acf":[],"_links":{"self":[{"href":"https:\/\/healthyhead.dk\/sv\/wp-json\/wp\/v2\/product\/265333","targetHints":{"allow":["GET"]}}],"collection":[{"href":"https:\/\/healthyhead.dk\/sv\/wp-json\/wp\/v2\/product"}],"about":[{"href":"https:\/\/healthyhead.dk\/sv\/wp-json\/wp\/v2\/types\/product"}],"version-history":[{"count":0,"href":"https:\/\/healthyhead.dk\/sv\/wp-json\/wp\/v2\/product\/265333\/revisions"}],"wp:featuredmedia":[{"embeddable":true,"href":"https:\/\/healthyhead.dk\/sv\/wp-json\/wp\/v2\/media\/255247"}],"wp:attachment":[{"href":"https:\/\/healthyhead.dk\/sv\/wp-json\/wp\/v2\/media?parent=265333"}],"wp:term":[{"taxonomy":"product_brand","embeddable":true,"href":"https:\/\/healthyhead.dk\/sv\/wp-json\/wp\/v2\/product_brand?post=265333"},{"taxonomy":"product_cat","embeddable":true,"href":"https:\/\/healthyhead.dk\/sv\/wp-json\/wp\/v2\/product_cat?post=265333"},{"taxonomy":"product_tag","embeddable":true,"href":"https:\/\/healthyhead.dk\/sv\/wp-json\/wp\/v2\/product_tag?post=265333"}],"curies":[{"name":"wp","href":"https:\/\/api.w.org\/{rel}","templated":true}]}}