{"id":265337,"date":"2024-08-29T11:20:05","date_gmt":"2024-08-29T11:20:05","guid":{"rendered":"https:\/\/new.healthyhead.dk\/vare\/zenz-treatment-pure-no-03-250-ml\/"},"modified":"2025-07-05T06:49:57","modified_gmt":"2025-07-05T06:49:57","slug":"zenz-treatment-pure-no-03-250-ml","status":"publish","type":"product","link":"https:\/\/healthyhead.dk\/sv\/produkt\/zenz-treatment-pure-no-03-250-ml\/","title":{"rendered":"Zenz, Treatment Pure No. 03, 250 ml"},"content":{"rendered":"","protected":false},"excerpt":{"rendered":"<p><img decoding=\"async\" class=\"\" src=\"\/wp-content\/uploads\/2024\/08\/Ingen-kemi.svg\" alt=\"Inga hormonst\u00f6rande \u00e4mnen\" width=\"45\" height=\"45\">Inga hormonst\u00f6rande \u00e4mnen<\/p>\n<p><img decoding=\"async\" class=\"\" src=\"\/wp-content\/uploads\/2024\/08\/Ingen-allergifremkaldende.svg\" alt=\"Icke allergiframkallande\" width=\"46\" height=\"46\">Inga allergiframkallande \u00e4mnen<\/p>\n<p><img decoding=\"async\" class=\"\" src=\"\/wp-content\/uploads\/2024\/08\/Ingen-miljoebelastende.svg\" alt=\"Ingen milj\u00f6p\u00e5verkan\" width=\"46\" height=\"46\">Inga milj\u00f6farliga \u00e4mnen<\/p>\n<p><img loading=\"lazy\" decoding=\"async\" class=\"alignnone wp-image-8756\" src=\"\/wp-content\/uploads\/2024\/08\/Ingen-parfume.svg\" alt=\"\" width=\"45\" height=\"45\" srcset=\"https:\/\/healthyhead.dk\/wp-content\/uploads\/Ingen-parfume.svg 150w, https:\/\/healthyhead.dk\/wp-content\/uploads\/Ingen-parfume.svg 300w, https:\/\/healthyhead.dk\/wp-content\/uploads\/Ingen-parfume.svg 768w, https:\/\/healthyhead.dk\/wp-content\/uploads\/Ingen-parfume.svg 1024w, https:\/\/healthyhead.dk\/wp-content\/uploads\/Ingen-parfume.svg 250w\" sizes=\"(max-width: 45px) 100vw, 45px\" \/>Inga dofter<\/p>\n<p>&nbsp;<\/p>\n[cg_accordion title=\"Beskrivning\" open=\"open\"]Zenz Pure Treatment No.03 \u00e4r en dansk Svanenm\u00e4rkt h\u00e5rkur utan parfym. H\u00e5rkuren inneh\u00e5ller ekologisk kallpressad advocadoolja och renad aloe vera som st\u00e4rker b\u00e5de h\u00e5r och h\u00e5rbotten och ger ett friskt, v\u00e4lm\u00e5ende och glansigt h\u00e5r. Behandlingen bildar en skyddande, osynlig film runt varje enskilt h\u00e5rstr\u00e5 och bevarar intensiteten i f\u00e4rgat h\u00e5r. H\u00e5ret l\u00e4mnas silkeslent och mjukt, men \u00e4nd\u00e5 l\u00e4tt och luftigt. Kan anv\u00e4ndas p\u00e5 alla h\u00e5rtyper, b\u00e5de naturliga och kemiskt behandlade.    <\/p>\n<p>&nbsp;<\/p>\n<ul>\n<li><b>Svanenm\u00e4rkt<\/b> och <b>ekologiskt certifierad<\/b> h\u00e5rkur fr\u00e5n danska Zenz Organic<\/li>\n<li>St\u00e4rker b\u00e5de h\u00e5r och h\u00e5rbotten s\u00e5 att de blir <strong>friska<\/strong>, <strong>v\u00e4ln\u00e4rda<\/strong> och <strong>gl\u00e4nsande<\/strong><\/li>\n<li>Inneh\u00e5ller ekologiskt renad <b>aloe vera<\/b>, <b>kokosn\u00f6tsolja<\/b>, <b>glycerin<\/b> och kallpressad <b>avokadoolja<\/b><\/li>\n<li><strong>Speciellt l\u00e4mplig f\u00f6r:<\/strong> Gravida kvinnor, barn och parfymallergiker, eftersom den \u00e4r fri fr\u00e5n syntetiska eller eteriska parfymer<\/li>\n<li><b>Speciella egenskaper<\/b>: G\u00f6r h\u00e5ret silkeslent och mjukt. L\u00e4tt och luftig, bidrar till den naturliga balansen i h\u00e5rbotten <\/li>\n<li><strong>F\u00f6rpackningar: <\/strong>Milj\u00f6v\u00e4nliga och biologiskt nedbrytbara f\u00f6rpackningar som minimerar milj\u00f6p\u00e5verkan.<\/li>\n<\/ul>\n<p>&nbsp;<\/p>\n<p><img loading=\"lazy\" decoding=\"async\" class=\"alignnone size-full wp-image-8764\" src=\"\/wp-content\/uploads\/2024\/08\/certificeringer_zenz.jpg\" alt=\"\" width=\"480\" height=\"91\" srcset=\"https:\/\/i0.wp.com\/healthyhead.dk\/wp-content\/uploads\/2024\/08\/certificeringer_zenz.jpg?w=480&amp;ssl=1 480w, https:\/\/i0.wp.com\/healthyhead.dk\/wp-content\/uploads\/2024\/08\/certificeringer_zenz.jpg?resize=300%2C57&amp;ssl=1 300w, https:\/\/i0.wp.com\/healthyhead.dk\/wp-content\/uploads\/2024\/08\/certificeringer_zenz.jpg?resize=441%2C84&amp;ssl=1 441w, https:\/\/i0.wp.com\/healthyhead.dk\/wp-content\/uploads\/2024\/08\/certificeringer_zenz.jpg?resize=150%2C28&amp;ssl=1 150w\" sizes=\"(max-width: 480px) 100vw, 480px\" \/><br \/>\n[\/cg_accordion]\n[cg_accordion title=\"Tips f\u00f6r anv\u00e4ndning\"]<\/p>\n<ul>\n<li>Applicera i nytv\u00e4ttat h\u00e5r &#8211; antingen handdukstorkat eller helt torrt<\/li>\n<li>F\u00f6rdela behandlingen i hela h\u00e5ret. Vira sedan in h\u00e5ret i en p\u00e5se och\/eller handduk. L\u00e5t behandlingen verka i 10-30 minuter.  <\/li>\n<li>L\u00e5t behandlingen verka i 10-30 minuter. Sk\u00f6lj noggrant med vatten <\/li>\n<li>F\u00f6r mycket skadat h\u00e5r, upprepa behandlingen en g\u00e5ng i veckan.<\/li>\n<li>Kuren kan kombineras med oljor f\u00f6r att skapa en doft eller f\u00f6r att g\u00f6ra den rikare<\/li>\n<\/ul>\n<p>[\/cg_accordion]\n[cg_accordion title=\"Ingredienser\"]<\/p>\n<p>Treatment Pure No. 03 inneh\u00e5ller ekologisk renad aloe vera, ekologiskt glycerin och ekologisk kallpressad avokadoolja. <\/p>\n<p><b>Ekologisk renad aloe vera.<\/b>  Aloe vera gel\u00e9 inneh\u00e5ller 75 viktiga vitaminer och mineraler och har utm\u00e4rkta hud- och h\u00e5rv\u00e5rdande egenskaper. Hj\u00e4lper till att \u00f6ka blodcirkulationen och bibeh\u00e5lla hudens fukt. Aloe vera lugnar rodnad och kl\u00e5da och har d\u00e4rf\u00f6r ocks\u00e5 en god effekt p\u00e5 h\u00e5rbotten.  <\/p>\n<p><b>Ekologiskt kokosvatten<\/b> \u00e4r rikt p\u00e5 vitaminer och viktiga mineraler och ger h\u00e5ret massor av fukt och n\u00e4ring.<\/p>\n<p><b>Ekologiskt glycerin<\/b> \u00e5terfuktar och mjukg\u00f6r. \u00c4r en naturlig best\u00e5ndsdel i fetter och oljor. Bibeh\u00e5ller hudens och h\u00e5rets naturliga fuktbalans och f\u00f6rb\u00e4ttrar elasticiteten.  <\/p>\n<p><b>Ekologisk kallpressad avokadoolja<\/b> inneh\u00e5ller en rad mineraler samt vitamin A, B1, B2, D och E. Den har utm\u00e4rkta fuktgivande och n\u00e4rande egenskaper och \u00e4r effektiv f\u00f6r torr och uttorkad hud samt bra f\u00f6r h\u00e5rbotten. G\u00f6r h\u00e5r och hud sl\u00e4tare och mjukare. <\/p>\n<p><b>INCI-lista: <\/b>Aqua, Cetearyl Alcohol , Persea Gratissima Oil* (3%) , Behenamidopropyl Dimethylamine , Aloe Barbadensis Leaf Extract* (2,2%) , Glycerin* (2,1%) , Behenoyl PG-Trimonium Chloride , Panthenol , Hydrolysed Wheat Protein , Hydrolysed Wheat Starch , Hexylene Glycol , Citric Acid , Phenoxyethanol , Benzoic Acid , Dehydroacetic Acid , Potassium Sorbate.<\/p>\n<p>*Organiskt ursprung. Ekologiskt certifierad enligt EG 834\/2007.<\/p>\n<p>[\/cg_accordion]\n","protected":false},"featured_media":255031,"template":"","meta":{"_acf_changed":false},"product_brand":[573],"product_cat":[629],"product_tag":[],"class_list":{"0":"post-265337","1":"product","2":"type-product","3":"status-publish","4":"has-post-thumbnail","6":"product_brand-zenz","7":"product_cat-balsam-haarkur","9":"first","10":"instock","11":"taxable","12":"shipping-taxable","13":"purchasable","14":"product-type-simple"},"acf":[],"_links":{"self":[{"href":"https:\/\/healthyhead.dk\/sv\/wp-json\/wp\/v2\/product\/265337","targetHints":{"allow":["GET"]}}],"collection":[{"href":"https:\/\/healthyhead.dk\/sv\/wp-json\/wp\/v2\/product"}],"about":[{"href":"https:\/\/healthyhead.dk\/sv\/wp-json\/wp\/v2\/types\/product"}],"version-history":[{"count":0,"href":"https:\/\/healthyhead.dk\/sv\/wp-json\/wp\/v2\/product\/265337\/revisions"}],"wp:featuredmedia":[{"embeddable":true,"href":"https:\/\/healthyhead.dk\/sv\/wp-json\/wp\/v2\/media\/255031"}],"wp:attachment":[{"href":"https:\/\/healthyhead.dk\/sv\/wp-json\/wp\/v2\/media?parent=265337"}],"wp:term":[{"taxonomy":"product_brand","embeddable":true,"href":"https:\/\/healthyhead.dk\/sv\/wp-json\/wp\/v2\/product_brand?post=265337"},{"taxonomy":"product_cat","embeddable":true,"href":"https:\/\/healthyhead.dk\/sv\/wp-json\/wp\/v2\/product_cat?post=265337"},{"taxonomy":"product_tag","embeddable":true,"href":"https:\/\/healthyhead.dk\/sv\/wp-json\/wp\/v2\/product_tag?post=265337"}],"curies":[{"name":"wp","href":"https:\/\/api.w.org\/{rel}","templated":true}]}}