{"id":265341,"date":"2024-08-27T05:18:41","date_gmt":"2024-08-27T05:18:41","guid":{"rendered":"https:\/\/new.healthyhead.dk\/vare\/zenz-shampoo-pure-no-01-250-ml\/"},"modified":"2025-07-05T07:04:17","modified_gmt":"2025-07-05T07:04:17","slug":"zenz-shampoo-pure-no-01-250-ml","status":"publish","type":"product","link":"https:\/\/healthyhead.dk\/sv\/produkt\/zenz-shampoo-pure-no-01-250-ml\/","title":{"rendered":"Zenz, Schampo Pure No. 01, 250 ml"},"content":{"rendered":"","protected":false},"excerpt":{"rendered":"<p><img decoding=\"async\" class=\"\" src=\"\/wp-content\/uploads\/2024\/08\/Ingen-kemi.svg\" alt=\"Inga hormonst\u00f6rande \u00e4mnen\" width=\"45\" height=\"45\">Inga hormonst\u00f6rande \u00e4mnen<\/p>\n<p><img decoding=\"async\" class=\"\" src=\"\/wp-content\/uploads\/2024\/08\/Ingen-allergifremkaldende.svg\" alt=\"Icke allergiframkallande\" width=\"46\" height=\"46\">Inga allergiframkallande \u00e4mnen<\/p>\n<p><img decoding=\"async\" class=\"\" src=\"\/wp-content\/uploads\/2024\/08\/Ingen-miljoebelastende.svg\" alt=\"Ingen milj\u00f6p\u00e5verkan\" width=\"46\" height=\"46\">Inga milj\u00f6farliga \u00e4mnen<\/p>\n<p><img loading=\"lazy\" decoding=\"async\" class=\"alignnone wp-image-8756\" src=\"\/wp-content\/uploads\/2024\/08\/Ingen-parfume.svg\" alt=\"\" width=\"45\" height=\"45\" srcset=\"https:\/\/healthyhead.dk\/wp-content\/uploads\/Ingen-parfume.svg 150w, https:\/\/healthyhead.dk\/wp-content\/uploads\/Ingen-parfume.svg 300w, https:\/\/healthyhead.dk\/wp-content\/uploads\/Ingen-parfume.svg 768w, https:\/\/healthyhead.dk\/wp-content\/uploads\/Ingen-parfume.svg 1024w, https:\/\/healthyhead.dk\/wp-content\/uploads\/Ingen-parfume.svg 250w\" sizes=\"(max-width: 45px) 100vw, 45px\" \/>Inga dofter<\/p>\n<p>&nbsp;<\/p>\n[cg_accordion title=\"Beskrivning\" open=\"open\"]Pure No. 01 Shampoo fr\u00e5n Zenz \u00e4r ett danskt svanen- och allergim\u00e4rkt h\u00e5rschampo utan parfym. Det inneh\u00e5ller ekologisk kallpressad avokadoolja och renad aloe vera, som \u00e4r ingredienser som st\u00e4rker h\u00e5rbotten och h\u00e5ret och g\u00f6r det friskt, v\u00e4lv\u00e5rdat och glansigt. Schampot \u00e4r vinnare av kategorin &#8221;Best skin-friendly product for professionals&#8221; p\u00e5 AllergyAward 2017.  <\/p>\n<p>&nbsp;<\/p>\n<ul>\n<li><b>Svanenm\u00e4rkt<\/b> och <b>ekologiskt certifierat<\/b> schampo fr\u00e5n danska Zenz Organic<\/li>\n<li><b>Skapar volym<\/b> i h\u00e5ret och berikar med vitaminer och mineraler fr\u00e5n v\u00e4xtoljor<\/li>\n<li>H\u00e5ret blir <b>glansigt och st\u00e4rkt<\/b><\/li>\n<li>Inneh\u00e5ller ekologiskt renad <b>aloe vera<\/b>, <b>kokosn\u00f6tsolja<\/b>, <b>glycerin<\/b> och kallpressad <b>avokadoolja<\/b><\/li>\n<li>&#8221;B\u00e4sta hudv\u00e4nliga produkt f\u00f6r professionella anv\u00e4ndare&#8221; vid AllergyAward 2017.<\/li>\n<li><b>Specialfunktioner<\/b>: Ger volym, milda tv\u00e5lar reng\u00f6r skonsamt och bidrar till den naturliga balansen i h\u00e5rbotten<\/li>\n<\/ul>\n<p><img loading=\"lazy\" decoding=\"async\" class=\"alignnone size-full wp-image-8764\" src=\"\/wp-content\/uploads\/2024\/08\/certificeringer_zenz.jpg\" alt=\"\" width=\"480\" height=\"91\" srcset=\"https:\/\/i0.wp.com\/healthyhead.dk\/wp-content\/uploads\/2024\/08\/certificeringer_zenz.jpg?w=480&amp;ssl=1 480w, https:\/\/i0.wp.com\/healthyhead.dk\/wp-content\/uploads\/2024\/08\/certificeringer_zenz.jpg?resize=300%2C57&amp;ssl=1 300w, https:\/\/i0.wp.com\/healthyhead.dk\/wp-content\/uploads\/2024\/08\/certificeringer_zenz.jpg?resize=441%2C84&amp;ssl=1 441w, https:\/\/i0.wp.com\/healthyhead.dk\/wp-content\/uploads\/2024\/08\/certificeringer_zenz.jpg?resize=150%2C28&amp;ssl=1 150w\" sizes=\"(max-width: 480px) 100vw, 480px\" \/><br \/>\n[\/cg_accordion]\n[cg_accordion title=\"Tips f\u00f6r anv\u00e4ndning\"]<\/p>\n<ul>\n<li>Applicera en liten m\u00e4ngd i v\u00e5tt h\u00e5r.<\/li>\n<li>Massera in i h\u00e5ret s\u00e5 att det bildas ett mjukt l\u00f6dder.<\/li>\n<li>Sk\u00f6lj noggrant efter\u00e5t. Avsluta med Conditioner Pure No. 02 efter behov. <\/li>\n<\/ul>\n<p>[\/cg_accordion]\n[cg_accordion title=\"Ingredienser\"]<\/p>\n<p>Shampoo Pure No. 01 inneh\u00e5ller ekologisk renad aloe vera, ekologiskt glycerin och ekologisk kallpressad avokadoolja. <\/p>\n<p><b>Ekologisk renad aloe vera.<\/b>  Aloe vera gel\u00e9 inneh\u00e5ller 75 viktiga vitaminer och mineraler och har utm\u00e4rkta hud- och h\u00e5rv\u00e5rdande egenskaper. Hj\u00e4lper till att \u00f6ka blodcirkulationen och bibeh\u00e5lla hudens fukt. Aloe vera lugnar rodnad och kl\u00e5da och har d\u00e4rf\u00f6r ocks\u00e5 en god effekt p\u00e5 h\u00e5rbotten.  <\/p>\n<p><b>Ekologiskt kokosvatten<\/b> \u00e4r rikt p\u00e5 vitaminer och viktiga mineraler och ger h\u00e5ret massor av fukt och n\u00e4ring.<\/p>\n<p><b>Ekologiskt glycerin<\/b> \u00e5terfuktar och mjukg\u00f6r. \u00c4r en naturlig best\u00e5ndsdel i fetter och oljor. Bibeh\u00e5ller hudens och h\u00e5rets naturliga fuktbalans och f\u00f6rb\u00e4ttrar elasticiteten.  <\/p>\n<p><b>Ekologisk kallpressad avokadoolja<\/b> inneh\u00e5ller en rad mineraler samt vitamin A, B1, B2, D och E. Den har utm\u00e4rkta fuktgivande och n\u00e4rande egenskaper och \u00e4r effektiv f\u00f6r torr och uttorkad hud samt bra f\u00f6r h\u00e5rbotten. G\u00f6r h\u00e5r och hud sl\u00e4tare och mjukare. <\/p>\n<p><b>INCI-lista<\/b> Aloe Barbadensis Leaf Extract*, Aqua, Sodium Coco-Sulfate, Coco-Glucoside, Glycerin, Citric Acid, Sodium PCA, Cocamidopropyl Betaine, Saccharide Isomerate, Sodium Levulinate, Sea Salt, Cocos Nucifera Water*, Guar Hydroxypropyltrimonium Chloride, Persea Gratissima Oil*, Sodium Citrate, Tapioca Starch*, Sodium Benzoate, Potassium Sorbate.<\/p>\n<p>*Ingredienser som \u00e4r ekologiskt odlade.<\/p>\n<p>98% av det totala inneh\u00e5llet \u00e4r av naturligt ursprung.<br \/>\n62% av alla ingredienser \u00e4r ekologiskt odlade.<\/p>\n<p>[\/cg_accordion]\n","protected":false},"featured_media":255027,"template":"","meta":{"_acf_changed":false},"product_brand":[573],"product_cat":[640],"product_tag":[],"class_list":{"0":"post-265341","1":"product","2":"type-product","3":"status-publish","4":"has-post-thumbnail","6":"product_brand-zenz","7":"product_cat-schampo","9":"first","10":"instock","11":"taxable","12":"shipping-taxable","13":"purchasable","14":"product-type-simple"},"acf":[],"_links":{"self":[{"href":"https:\/\/healthyhead.dk\/sv\/wp-json\/wp\/v2\/product\/265341","targetHints":{"allow":["GET"]}}],"collection":[{"href":"https:\/\/healthyhead.dk\/sv\/wp-json\/wp\/v2\/product"}],"about":[{"href":"https:\/\/healthyhead.dk\/sv\/wp-json\/wp\/v2\/types\/product"}],"version-history":[{"count":0,"href":"https:\/\/healthyhead.dk\/sv\/wp-json\/wp\/v2\/product\/265341\/revisions"}],"wp:featuredmedia":[{"embeddable":true,"href":"https:\/\/healthyhead.dk\/sv\/wp-json\/wp\/v2\/media\/255027"}],"wp:attachment":[{"href":"https:\/\/healthyhead.dk\/sv\/wp-json\/wp\/v2\/media?parent=265341"}],"wp:term":[{"taxonomy":"product_brand","embeddable":true,"href":"https:\/\/healthyhead.dk\/sv\/wp-json\/wp\/v2\/product_brand?post=265341"},{"taxonomy":"product_cat","embeddable":true,"href":"https:\/\/healthyhead.dk\/sv\/wp-json\/wp\/v2\/product_cat?post=265341"},{"taxonomy":"product_tag","embeddable":true,"href":"https:\/\/healthyhead.dk\/sv\/wp-json\/wp\/v2\/product_tag?post=265341"}],"curies":[{"name":"wp","href":"https:\/\/api.w.org\/{rel}","templated":true}]}}