{"id":265877,"date":"2024-09-16T19:40:21","date_gmt":"2024-09-16T19:40:21","guid":{"rendered":"https:\/\/new.healthyhead.dk\/vare\/zenz-styling-wax-pure-no-09-strong-hold-60-ml\/"},"modified":"2025-07-05T08:30:45","modified_gmt":"2025-07-05T08:30:45","slug":"zenz-styling-wax-pure-no-09-strong-hold-60-ml","status":"publish","type":"product","link":"https:\/\/healthyhead.dk\/sv\/produkt\/zenz-styling-wax-pure-no-09-strong-hold-60-ml\/","title":{"rendered":"Zenz, Styling Wax Pure No. 09 &#8211; Strong Hold, 60 ml"},"content":{"rendered":"","protected":false},"excerpt":{"rendered":"<p><img decoding=\"async\" class=\"\" src=\"\/wp-content\/uploads\/2024\/08\/Ingen-kemi.svg\" alt=\"Inga hormonst\u00f6rande \u00e4mnen\" width=\"45\" height=\"45\">Inga hormonst\u00f6rande \u00e4mnen<\/p>\n<p><img decoding=\"async\" class=\"\" src=\"\/wp-content\/uploads\/2024\/08\/Ingen-allergifremkaldende.svg\" alt=\"Icke allergiframkallande\" width=\"46\" height=\"46\">Inga allergiframkallande \u00e4mnen<\/p>\n<p><img decoding=\"async\" class=\"\" src=\"\/wp-content\/uploads\/2024\/08\/Ingen-miljoebelastende.svg\" alt=\"Ingen milj\u00f6p\u00e5verkan\" width=\"46\" height=\"46\">Inga milj\u00f6farliga \u00e4mnen<\/p>\n<p><img loading=\"lazy\" decoding=\"async\" class=\"alignnone wp-image-8756\" src=\"\/wp-content\/uploads\/2024\/08\/Ingen-parfume.svg\" alt=\"\" width=\"45\" height=\"45\" srcset=\"https:\/\/healthyhead.dk\/wp-content\/uploads\/Ingen-parfume.svg 150w, https:\/\/healthyhead.dk\/wp-content\/uploads\/Ingen-parfume.svg 300w, https:\/\/healthyhead.dk\/wp-content\/uploads\/Ingen-parfume.svg 768w, https:\/\/healthyhead.dk\/wp-content\/uploads\/Ingen-parfume.svg 1024w, https:\/\/healthyhead.dk\/wp-content\/uploads\/Ingen-parfume.svg 250w\" sizes=\"(max-width: 45px) 100vw, 45px\" \/>Inga dofter<\/p>\n<p>&nbsp;<\/p>\n[cg_accordion title=\"Beskrivning\" open=\"open\"] <\/p>\n<p>Pure Styling Wax No. 09 fr\u00e5n danska Zenz \u00e4r ett svanen- och allergim\u00e4rkt h\u00e5rvax som ger extra stadga. Vaxet \u00e4r helt baserat p\u00e5 naturliga ingredienser som bivax, mandelolja och sheasm\u00f6r, som f\u00f6rutom att ge stadga \u00e4ven v\u00e5rdar, \u00e5terfuktar och \u00e5teruppbygger ditt h\u00e5r. Vaxet passar b\u00e5de kort och l\u00e5ngt h\u00e5r och inneh\u00e5ller ingen parfym eller eteriska oljor.  <\/p>\n<li><b>Svanenm\u00e4rkt och allergim\u00e4rkt<\/b> h\u00e5rvax<\/li>\n<li>Ger <b>extra grepp<\/b><\/li>\n<li>Helt baserad p\u00e5 <b>naturliga ingredienser<\/b> <\/li>\n<li>Inneh\u00e5ller <b>v\u00e5rdande ingredienser<\/b> som <b>ekologiskt bivax, mandelolja och sheasm\u00f6r<\/b> som inte bara ger stadga utan ocks\u00e5 v\u00e5rdar, \u00e5terfuktar och \u00e5teruppbygger h\u00e5ret<\/li>\n<p>&nbsp;<\/p>\n<ul>\n<p>&nbsp;<br \/>\n<img loading=\"lazy\" decoding=\"async\" class=\"alignnone size-full wp-image-8764\" src=\"\/wp-content\/uploads\/2024\/08\/certificeringer_zenz.jpg\" alt=\"\" width=\"480\" height=\"91\" srcset=\"https:\/\/i0.wp.com\/healthyhead.dk\/wp-content\/uploads\/2024\/08\/certificeringer_zenz.jpg?w=480&amp;ssl=1 480w, https:\/\/i0.wp.com\/healthyhead.dk\/wp-content\/uploads\/2024\/08\/certificeringer_zenz.jpg?resize=300%2C57&amp;ssl=1 300w, https:\/\/i0.wp.com\/healthyhead.dk\/wp-content\/uploads\/2024\/08\/certificeringer_zenz.jpg?resize=441%2C84&amp;ssl=1 441w, https:\/\/i0.wp.com\/healthyhead.dk\/wp-content\/uploads\/2024\/08\/certificeringer_zenz.jpg?resize=150%2C28&amp;ssl=1 150w\" sizes=\"(max-width: 480px) 100vw, 480px\" \/><br \/>\n[\/cg_accordion]\n[cg_accordion title=\"Tips f\u00f6r anv\u00e4ndning\"]<\/p>\n<p>Applicera i torrt h\u00e5r.<\/p>\n<p>[\/cg_accordion]\n[cg_accordion title=\"Ingredienser\"] <\/p>\n<p>Stylingvax Pure no. 09 inneh\u00e5ller ekologisk renad aloe vera, bivax, sheasm\u00f6r och ekologisk mandelolja. <\/p>\n<p><b>Ekologisk renad aloe vera.<\/b>  Aloe vera gel\u00e9 inneh\u00e5ller 75 viktiga vitaminer och mineraler och har utm\u00e4rkta hud- och h\u00e5rv\u00e5rdande egenskaper. Hj\u00e4lper till att \u00f6ka blodcirkulationen och bibeh\u00e5lla hudens fuktighet. Aloe vera lugnar rodnad och kl\u00e5da och har d\u00e4rf\u00f6r ocks\u00e5 en god effekt p\u00e5 h\u00e5rbotten.  <\/p>\n<p><b>Bivax<\/b> produceras av honungsbin. Ger bra stadga \u00e5t h\u00e5ret. Har v\u00e5rdande egenskaper och \u00e4r d\u00e4rf\u00f6r l\u00e4mpligt f\u00f6r kluvna toppar och torrt h\u00e5r eftersom det skapar en skyddande hinna runt h\u00e5rstr\u00e5et.    <\/p>\n<p><b>Sheasm\u00f6r<\/b> utvinns ur n\u00f6tterna fr\u00e5n sheatr\u00e4det. Har anv\u00e4nts i \u00e5rhundraden f\u00f6r att behandla b\u00e5de hud och h\u00e5r. Kallpressat vegetabiliskt fett rikt p\u00e5 om\u00e4ttade fettsyror. Naturligt inneh\u00e5ll av vitamin A och E.   <\/p>\n<p><b>Ekologisk mandelolja<\/b> har ett h\u00f6gt inneh\u00e5ll av linolensyra (GLA) och inneh\u00e5ller \u00e4ven vitaminerna A, B1, B2, B6 och E. Skyddar, mjukg\u00f6r och ger n\u00e4ring \u00e5t hud och h\u00e5r.<\/p>\n<p><b>INCI-lista:<\/b> Aloe Barbadensis Leaf Extract*, Ceteareth-30, Cera Alba, Hydrogenated Vegetable Oil, C18-36 Acid Triglyceride, Butyrospermum Parkii Butter, Aqua, Glycerin**, Prunus Amygdalus Dulcis Oil*, Cetearyl Alcohol, Lanolin, Hydroxypropyltrimonium Hydrolysed Corn Starch, Sodium Levulinate, Potassium Sorbate, Phenoxyethanol.<\/p>\n<p>*Organiskt ursprung.<br \/>\n**Tillverkad av ekologiska ingredienser.<br \/>\n[\/cg_accordion]\n","protected":false},"featured_media":255127,"template":"","meta":{"_acf_changed":false},"product_brand":[573],"product_cat":[809],"product_tag":[],"class_list":{"0":"post-265877","1":"product","2":"type-product","3":"status-publish","4":"has-post-thumbnail","6":"product_brand-zenz","7":"product_cat-styling","9":"first","10":"instock","11":"taxable","12":"shipping-taxable","13":"purchasable","14":"product-type-simple"},"acf":[],"_links":{"self":[{"href":"https:\/\/healthyhead.dk\/sv\/wp-json\/wp\/v2\/product\/265877","targetHints":{"allow":["GET"]}}],"collection":[{"href":"https:\/\/healthyhead.dk\/sv\/wp-json\/wp\/v2\/product"}],"about":[{"href":"https:\/\/healthyhead.dk\/sv\/wp-json\/wp\/v2\/types\/product"}],"version-history":[{"count":0,"href":"https:\/\/healthyhead.dk\/sv\/wp-json\/wp\/v2\/product\/265877\/revisions"}],"wp:featuredmedia":[{"embeddable":true,"href":"https:\/\/healthyhead.dk\/sv\/wp-json\/wp\/v2\/media\/255127"}],"wp:attachment":[{"href":"https:\/\/healthyhead.dk\/sv\/wp-json\/wp\/v2\/media?parent=265877"}],"wp:term":[{"taxonomy":"product_brand","embeddable":true,"href":"https:\/\/healthyhead.dk\/sv\/wp-json\/wp\/v2\/product_brand?post=265877"},{"taxonomy":"product_cat","embeddable":true,"href":"https:\/\/healthyhead.dk\/sv\/wp-json\/wp\/v2\/product_cat?post=265877"},{"taxonomy":"product_tag","embeddable":true,"href":"https:\/\/healthyhead.dk\/sv\/wp-json\/wp\/v2\/product_tag?post=265877"}],"curies":[{"name":"wp","href":"https:\/\/api.w.org\/{rel}","templated":true}]}}