{"id":265900,"date":"2024-08-23T11:22:57","date_gmt":"2024-08-23T11:22:57","guid":{"rendered":"https:\/\/new.healthyhead.dk\/vare\/zao-okologisk-blush-stick-10-g\/"},"modified":"2025-08-06T18:59:21","modified_gmt":"2025-08-06T18:59:21","slug":"zao-ekologisk-blush-stick-10-g","status":"publish","type":"product","link":"https:\/\/healthyhead.dk\/sv\/produkt\/zao-ekologisk-blush-stick-10-g\/","title":{"rendered":"ZAO, Ekologisk Blush Stick, 10 g"},"content":{"rendered":"","protected":false},"excerpt":{"rendered":"<p><img decoding=\"async\" class=\"\" src=\"\/wp-content\/uploads\/2024\/08\/Ingen-kemi.svg\" alt=\"\" width=\"45\" height=\"45\">Inga hormonst\u00f6rande \u00e4mnen<\/p>\n<p><img decoding=\"async\" class=\"\" src=\"\/wp-content\/uploads\/2024\/08\/Ingen-allergifremkaldende.svg\" alt=\"\" width=\"46\" height=\"46\">Inga allergiframkallande \u00e4mnen<\/p>\n<p><img decoding=\"async\" class=\"\" src=\"\/wp-content\/uploads\/2024\/08\/Ingen-miljoebelastende.svg\" width=\"46\" height=\"46\">Inga milj\u00f6farliga \u00e4mnen<\/p>\n<p><img loading=\"lazy\" decoding=\"async\" class=\"\" src=\"\/wp-content\/uploads\/2024\/08\/indeholder-parfume.svg\" width=\"46\" height=\"46\">Inneh\u00e5ller en mycket liten m\u00e4ngd allergiv\u00e4nlig och 100 % naturlig doft<\/p>\n<p>&nbsp;<\/p>\n[cg_accordion title=\"Produktbeskrivning\" open=\"open\"]<\/p>\n<p>Ekologiskt och veganskt certifierat rouge i stickform. Med ZAO stick blush kan du enkelt l\u00e4gga till lite extra f\u00e4rg p\u00e5 kinderna i din dagliga sminkrutin. <\/p>\n<ul>\n<li><b>L\u00e4tt och kr\u00e4mig konsistens<\/b> f\u00f6r enkel applicering<\/li>\n<li>Berikad med <b>ekologiska ricin- och jojobaoljor<\/b> som har b\u00e5de \u00e5terfuktande och v\u00e5rdande egenskaper.<\/li>\n<li>Tv\u00e5-i-ett-produkt, kan \u00e4ven anv\u00e4ndas som ett <b>diskret l\u00e4ppstift<\/b><\/li>\n<li>Fri fr\u00e5n farliga kemikalier<\/li>\n<li>M\u00f6jlighet att <b>fylla p\u00e5 med en refill<\/b><\/li>\n<\/ul>\n<p><img loading=\"lazy\" decoding=\"async\" class=\"alignnone size-full wp-image-8916\" src=\"\/wp-content\/uploads\/2024\/08\/zao-certificeringer.jpg\" alt=\"\" width=\"479\" height=\"93\" srcset=\"https:\/\/i0.wp.com\/healthyhead.dk\/wp-content\/uploads\/2024\/08\/zao-certificeringer.jpg?w=479&amp;ssl=1 479w, https:\/\/i0.wp.com\/healthyhead.dk\/wp-content\/uploads\/2024\/08\/zao-certificeringer.jpg?resize=300%2C58&amp;ssl=1 300w, https:\/\/i0.wp.com\/healthyhead.dk\/wp-content\/uploads\/2024\/08\/zao-certificeringer.jpg?resize=441%2C86&amp;ssl=1 441w, https:\/\/i0.wp.com\/healthyhead.dk\/wp-content\/uploads\/2024\/08\/zao-certificeringer.jpg?resize=150%2C29&amp;ssl=1 150w\" sizes=\"(max-width: 479px) 100vw, 479px\" \/><br \/>\n[\/cg_accordion]\n[cg_accordion title=\"Tips f\u00f6r anv\u00e4ndning\"]<\/p>\n<ul>\n<li>Applicera produkten med en borste, svamp eller fingertopparna f\u00f6r ett naturligt resultat som du enkelt kan bygga upp.<\/li>\n<li>F\u00f6r ett mer intensivt resultat kan du applicera sticket direkt p\u00e5 huden.<\/li>\n<li>F\u00f6r att skapa en mer komplett look kan du \u00e4ven anv\u00e4nda rougestift p\u00e5 l\u00e4pparna. Avsluta med l\u00e4ppglans f\u00f6r ett mer glansigt resultat. <\/li>\n<\/ul>\n<p>[\/cg_accordion]\n[cg_accordion title=\"Ingredienser\"]<\/p>\n<p><b>Ekologisk ricinolja:<\/b> Denna olja lugnar k\u00e4nslig hud som \u00e4r ben\u00e4gen f\u00f6r obehag genom sin mjukg\u00f6rande och reparerande verkan. Den ricinolsyra som den inneh\u00e5ller \u00e4r k\u00e4nd f\u00f6r att h\u00e4mma tillv\u00e4xten av mikrober, vilket ger ricinolja en reng\u00f6rande effekt. <\/p>\n<p><b>Ekologisk jojobaolja:<\/b> Denna lugnande och mjukg\u00f6rande olja tr\u00e4nger l\u00e4tt in i huden utan att l\u00e4mna en fet k\u00e4nsla. Den skyddar huden mot uttorkning och rynkor. Dess torra konsistens och ursprungliga sammans\u00e4ttning g\u00f6r att den kan st\u00e4rka hudens hydrolipidiska film och reglera talgproduktionen i fet hud.  <\/p>\n<p><b>Ekologiskt carnaubavax:<\/b> Detta vax, som utvinns ur bladen p\u00e5 en palm som h\u00e4rstammar fr\u00e5n Brasilien, \u00e4r ett filmbildande medel som skyddar huden genom att skapa en kontinuerlig film och f\u00f6rb\u00e4ttrar makeupens h\u00e5llbarhet.<\/p>\n<p><b>INCI-lista:<\/b> Heptyl Undecylenate, Ricinus Communis (Castor) Seed Oil*, Simmondsia Chinensis (Jojoba) Seed Oil*, Mica, Copernicia Cerifera (Carnauba) Wax*, Hydroxystearic\/linolenic\/oleic Polyglycerides, Hydrogenated Jojoba Oil, Silica, Tribehenin, Euphorbia Cerifera (Candelilla) Cera, Parfum (doft), Helianthus Annuus (Sunflower) Seed Oil*, Lecithin, Tocopherol, Bambusa Arundinacea (Bamboo) Stem Extract*, Ascorbyl Palmitate, Citric Acid. Kan inneh\u00e5lla (+\/-): Ci 77891 (titandioxid), Ci 77742 (manganviolett), Ci 77491 (j\u00e4rnoxider), Ci 77499 (j\u00e4rnoxider). *Ingredienser fr\u00e5n ekologiskt jordbruk.  <\/p>\n<p>[\/cg_accordion]\n","protected":false},"featured_media":254035,"template":"","meta":{"_acf_changed":false},"product_brand":[565],"product_cat":[621],"product_tag":[],"class_list":{"0":"post-265900","1":"product","2":"type-product","3":"status-publish","4":"has-post-thumbnail","6":"product_brand-zao","7":"product_cat-blush","9":"first","10":"instock","11":"taxable","12":"shipping-taxable","13":"purchasable","14":"product-type-variable"},"acf":[],"_links":{"self":[{"href":"https:\/\/healthyhead.dk\/sv\/wp-json\/wp\/v2\/product\/265900","targetHints":{"allow":["GET"]}}],"collection":[{"href":"https:\/\/healthyhead.dk\/sv\/wp-json\/wp\/v2\/product"}],"about":[{"href":"https:\/\/healthyhead.dk\/sv\/wp-json\/wp\/v2\/types\/product"}],"version-history":[{"count":0,"href":"https:\/\/healthyhead.dk\/sv\/wp-json\/wp\/v2\/product\/265900\/revisions"}],"wp:featuredmedia":[{"embeddable":true,"href":"https:\/\/healthyhead.dk\/sv\/wp-json\/wp\/v2\/media\/254035"}],"wp:attachment":[{"href":"https:\/\/healthyhead.dk\/sv\/wp-json\/wp\/v2\/media?parent=265900"}],"wp:term":[{"taxonomy":"product_brand","embeddable":true,"href":"https:\/\/healthyhead.dk\/sv\/wp-json\/wp\/v2\/product_brand?post=265900"},{"taxonomy":"product_cat","embeddable":true,"href":"https:\/\/healthyhead.dk\/sv\/wp-json\/wp\/v2\/product_cat?post=265900"},{"taxonomy":"product_tag","embeddable":true,"href":"https:\/\/healthyhead.dk\/sv\/wp-json\/wp\/v2\/product_tag?post=265900"}],"curies":[{"name":"wp","href":"https:\/\/api.w.org\/{rel}","templated":true}]}}