{"id":266831,"date":"2024-08-26T12:54:59","date_gmt":"2024-08-26T12:54:59","guid":{"rendered":"https:\/\/new.healthyhead.dk\/vare\/grums-bambus-tandboerste-etui\/"},"modified":"2025-07-10T10:45:19","modified_gmt":"2025-07-10T10:45:19","slug":"grums-tandborstfodral-i-bambu","status":"publish","type":"product","link":"https:\/\/healthyhead.dk\/sv\/produkt\/grums-tandborstfodral-i-bambu\/","title":{"rendered":"Grums, Tandborstfodral i Bambu"},"content":{"rendered":"","protected":false},"excerpt":{"rendered":"<p><img decoding=\"async\" class=\"\" src=\"\/wp-content\/uploads\/2024\/09\/Miljoevenligt-bambus-ikon.svg\" alt=\"Milj\u00f6v\u00e4nlig bambu\" width=\"45\" height=\"45\">Milj\u00f6v\u00e4nlig bambu<\/p>\n<p>&nbsp;<\/p>\n[cg_accordion title=\"Beskrivning\" open=\"open\"]<\/p>\n<p>Milj\u00f6v\u00e4nligt tandborstfodral i bambu fr\u00e5n grums aarhus. Bambu \u00e4r en typ av gr\u00e4s som v\u00e4xer snabbare \u00e4n ett tr\u00e4d, vilket g\u00f6r det till ett milj\u00f6v\u00e4nligt alternativ till b\u00e5de tr\u00e4- och plastmaterial. <\/p>\n<ul>\n<li>100% <b>biologiskt nedbrytbar<\/b> bambu<\/li>\n<li><b>Vegansk<\/b><\/li>\n<li>F\u00f6rhindrar bakterier<\/li>\n<\/ul>\n<p><img decoding=\"async\" class=\"alignnone wp-image-9142\" src=\"\/wp-content\/uploads\/2024\/08\/Made-in-denmark.webp\" alt=\"\" width=\"60\" height=\"60\" srcset=\"https:\/\/i0.wp.com\/healthyhead.dk\/wp-content\/uploads\/2024\/08\/Made-in-denmark.webp?w=150&amp;ssl=1 150w, https:\/\/i0.wp.com\/healthyhead.dk\/wp-content\/uploads\/2024\/08\/Made-in-denmark.webp?resize=100%2C100&amp;ssl=1 100w\" sizes=\"(max-width: 60px) 100vw, 60px\" \/><img decoding=\"async\" class=\"alignnone wp-image-9143\" src=\"\/wp-content\/uploads\/2024\/08\/plant_based_packagings_2-01.webp\" alt=\"\" width=\"60\" height=\"60\"><img loading=\"lazy\" decoding=\"async\" class=\"alignnone wp-image-9141\" src=\"\/wp-content\/uploads\/2024\/08\/Allergi-friendly.webp\" alt=\"\" width=\"60\" height=\"60\" srcset=\"https:\/\/i0.wp.com\/healthyhead.dk\/wp-content\/uploads\/2024\/08\/Allergi-friendly.webp?w=150&amp;ssl=1 150w, https:\/\/i0.wp.com\/healthyhead.dk\/wp-content\/uploads\/2024\/08\/Allergi-friendly.webp?resize=100%2C100&amp;ssl=1 100w\" sizes=\"(max-width: 60px) 100vw, 60px\" \/><img loading=\"lazy\" decoding=\"async\" class=\"alignnone wp-image-9168\" src=\"\/wp-content\/uploads\/2024\/08\/fsc3.png\" alt=\"\" width=\"60\" height=\"60\" srcset=\"https:\/\/i0.wp.com\/healthyhead.dk\/wp-content\/uploads\/2024\/08\/fsc3.png?w=250&amp;ssl=1 250w, https:\/\/i0.wp.com\/healthyhead.dk\/wp-content\/uploads\/2024\/08\/fsc3.png?resize=150%2C150&amp;ssl=1 150w, https:\/\/i0.wp.com\/healthyhead.dk\/wp-content\/uploads\/2024\/08\/fsc3.png?resize=100%2C100&amp;ssl=1 100w\" sizes=\"(max-width: 60px) 100vw, 60px\" \/><img loading=\"lazy\" decoding=\"async\" class=\"alignnone wp-image-9139\" src=\"\/wp-content\/uploads\/2024\/08\/With-upcycled-coffee.webp\" alt=\"\" width=\"60\" height=\"60\" srcset=\"https:\/\/i0.wp.com\/healthyhead.dk\/wp-content\/uploads\/2024\/08\/With-upcycled-coffee.webp?w=150&amp;ssl=1 150w, https:\/\/i0.wp.com\/healthyhead.dk\/wp-content\/uploads\/2024\/08\/With-upcycled-coffee.webp?resize=100%2C100&amp;ssl=1 100w\" sizes=\"(max-width: 60px) 100vw, 60px\" \/><img loading=\"lazy\" decoding=\"async\" class=\"alignnone wp-image-9797\" src=\"\/wp-content\/uploads\/2024\/08\/logo_vegan.webp\" alt=\"\" width=\"60\" height=\"60\" srcset=\"https:\/\/i0.wp.com\/healthyhead.dk\/wp-content\/uploads\/2024\/08\/logo_vegan.webp?w=300&amp;ssl=1 300w, https:\/\/i0.wp.com\/healthyhead.dk\/wp-content\/uploads\/2024\/08\/logo_vegan.webp?resize=150%2C150&amp;ssl=1 150w, https:\/\/i0.wp.com\/healthyhead.dk\/wp-content\/uploads\/2024\/08\/logo_vegan.webp?resize=100%2C100&amp;ssl=1 100w\" sizes=\"(max-width: 60px) 100vw, 60px\" \/><\/p>\n<p>&nbsp;<\/p>\n<p>[\/cg_accordion]\n<p>&nbsp;<\/p>\n","protected":false},"featured_media":254979,"template":"","meta":{"_acf_changed":false},"product_brand":[569],"product_cat":[790],"product_tag":[],"class_list":{"0":"post-266831","1":"product","2":"type-product","3":"status-publish","4":"has-post-thumbnail","6":"product_brand-grums","7":"product_cat-munvaard","9":"first","10":"instock","11":"taxable","12":"shipping-taxable","13":"purchasable","14":"product-type-simple"},"acf":[],"_links":{"self":[{"href":"https:\/\/healthyhead.dk\/sv\/wp-json\/wp\/v2\/product\/266831","targetHints":{"allow":["GET"]}}],"collection":[{"href":"https:\/\/healthyhead.dk\/sv\/wp-json\/wp\/v2\/product"}],"about":[{"href":"https:\/\/healthyhead.dk\/sv\/wp-json\/wp\/v2\/types\/product"}],"version-history":[{"count":0,"href":"https:\/\/healthyhead.dk\/sv\/wp-json\/wp\/v2\/product\/266831\/revisions"}],"wp:featuredmedia":[{"embeddable":true,"href":"https:\/\/healthyhead.dk\/sv\/wp-json\/wp\/v2\/media\/254979"}],"wp:attachment":[{"href":"https:\/\/healthyhead.dk\/sv\/wp-json\/wp\/v2\/media?parent=266831"}],"wp:term":[{"taxonomy":"product_brand","embeddable":true,"href":"https:\/\/healthyhead.dk\/sv\/wp-json\/wp\/v2\/product_brand?post=266831"},{"taxonomy":"product_cat","embeddable":true,"href":"https:\/\/healthyhead.dk\/sv\/wp-json\/wp\/v2\/product_cat?post=266831"},{"taxonomy":"product_tag","embeddable":true,"href":"https:\/\/healthyhead.dk\/sv\/wp-json\/wp\/v2\/product_tag?post=266831"}],"curies":[{"name":"wp","href":"https:\/\/api.w.org\/{rel}","templated":true}]}}