{"id":266847,"date":"2024-08-26T10:39:31","date_gmt":"2024-08-26T10:39:31","guid":{"rendered":"https:\/\/new.healthyhead.dk\/vare\/grums-bambus-haarboerste\/"},"modified":"2025-07-10T11:54:07","modified_gmt":"2025-07-10T11:54:07","slug":"grums-bambu-haar-borste","status":"publish","type":"product","link":"https:\/\/healthyhead.dk\/sv\/produkt\/grums-bambu-haar-borste\/","title":{"rendered":"Grums, H\u00e5rborste av Bambu"},"content":{"rendered":"","protected":false},"excerpt":{"rendered":"<p><img decoding=\"async\" class=\"alignnone wp-image-9499\" src=\"\/wp-content\/uploads\/2024\/09\/Miljoevenligt-bambus-ikon.svg\" alt=\"\" width=\"46\" height=\"46\" srcset=\"https:\/\/healthyhead.dk\/wp-content\/uploads\/Miljoevenligt-bambus-ikon.svg 150w, https:\/\/healthyhead.dk\/wp-content\/uploads\/Miljoevenligt-bambus-ikon.svg 300w, https:\/\/healthyhead.dk\/wp-content\/uploads\/Miljoevenligt-bambus-ikon.svg 768w, https:\/\/healthyhead.dk\/wp-content\/uploads\/Miljoevenligt-bambus-ikon.svg 1024w, https:\/\/healthyhead.dk\/wp-content\/uploads\/Miljoevenligt-bambus-ikon.svg 250w\" sizes=\"(max-width: 46px) 100vw, 46px\" \/>Milj\u00f6v\u00e4nlig bambu<\/p>\n<p>&nbsp;<\/p>\n[cg_accordion title=\"Beskrivning\" open=\"open\"]\n<p>Grums Bamboo Hair Brush \u00e4r tillverkad med ett 100% biologiskt nedbrytbart bambuskaft och antistatiska bambut\u00e4nder. T\u00e4nderna minskar avsev\u00e4rt friktionen mot h\u00e5ret, vilket minimerar f\u00f6rlusten av friskt h\u00e5r. Borsten levereras i en 100 % biologiskt nedbrytbar f\u00f6rpackning. Bambu \u00e4r ett h\u00e5llbart material som v\u00e4xer snabbt, vilket g\u00f6r det till en ansvarsfull resurs att anv\u00e4nda.   <\/p>\n<ul>\n<li>Tillverkad av <strong>100% biologiskt nedbrytbart bambuskaft<\/strong><\/li>\n<li>Har <strong>antistatiska<\/strong> t\u00e4nder av bambu<\/li>\n<li><strong>Minskar friktionen<\/strong> mot h\u00e5ret<\/li>\n<li><strong>Minskar f\u00f6rlusten<\/strong> av friskt h\u00e5r<\/li>\n<li>Levereras i <strong>100% biologiskt nedbrytbar f\u00f6rpackning<\/strong><\/li>\n<\/ul>\n<p><img decoding=\"async\" class=\"alignnone size-full wp-image-9797\" src=\"\/wp-content\/uploads\/2024\/08\/logo_vegan.webp\" alt=\"\" width=\"60\" height=\"60\" srcset=\"https:\/\/i0.wp.com\/healthyhead.dk\/wp-content\/uploads\/2024\/08\/logo_vegan.webp?w=300&amp;ssl=1 300w, https:\/\/i0.wp.com\/healthyhead.dk\/wp-content\/uploads\/2024\/08\/logo_vegan.webp?resize=150%2C150&amp;ssl=1 150w, https:\/\/i0.wp.com\/healthyhead.dk\/wp-content\/uploads\/2024\/08\/logo_vegan.webp?resize=100%2C100&amp;ssl=1 100w\" sizes=\"(max-width: 60px) 100vw, 60px\" \/><img decoding=\"async\" class=\"alignnone wp-image-9142\" src=\"\/wp-content\/uploads\/2024\/08\/Made-in-denmark.webp\" alt=\"\" width=\"60\" height=\"60\" srcset=\"https:\/\/i0.wp.com\/healthyhead.dk\/wp-content\/uploads\/2024\/08\/Made-in-denmark.webp?w=150&amp;ssl=1 150w, https:\/\/i0.wp.com\/healthyhead.dk\/wp-content\/uploads\/2024\/08\/Made-in-denmark.webp?resize=100%2C100&amp;ssl=1 100w\" sizes=\"(max-width: 60px) 100vw, 60px\" \/><img loading=\"lazy\" decoding=\"async\" class=\"alignnone wp-image-9143\" src=\"\/wp-content\/uploads\/2024\/08\/plant_based_packagings_2-01.webp\" alt=\"\" width=\"60\" height=\"60\"><img loading=\"lazy\" decoding=\"async\" class=\"alignnone wp-image-9141\" src=\"\/wp-content\/uploads\/2024\/08\/Allergi-friendly.webp\" alt=\"\" width=\"60\" height=\"60\" srcset=\"https:\/\/i0.wp.com\/healthyhead.dk\/wp-content\/uploads\/2024\/08\/Allergi-friendly.webp?w=150&amp;ssl=1 150w, https:\/\/i0.wp.com\/healthyhead.dk\/wp-content\/uploads\/2024\/08\/Allergi-friendly.webp?resize=100%2C100&amp;ssl=1 100w\" sizes=\"(max-width: 60px) 100vw, 60px\" \/><img loading=\"lazy\" decoding=\"async\" class=\"alignnone wp-image-9168\" src=\"\/wp-content\/uploads\/2024\/08\/fsc3.png\" alt=\"\" width=\"60\" height=\"60\" srcset=\"https:\/\/i0.wp.com\/healthyhead.dk\/wp-content\/uploads\/2024\/08\/fsc3.png?w=250&amp;ssl=1 250w, https:\/\/i0.wp.com\/healthyhead.dk\/wp-content\/uploads\/2024\/08\/fsc3.png?resize=150%2C150&amp;ssl=1 150w, https:\/\/i0.wp.com\/healthyhead.dk\/wp-content\/uploads\/2024\/08\/fsc3.png?resize=100%2C100&amp;ssl=1 100w\" sizes=\"(max-width: 60px) 100vw, 60px\" \/><img loading=\"lazy\" decoding=\"async\" class=\"alignnone wp-image-9139\" src=\"\/wp-content\/uploads\/2024\/08\/With-upcycled-coffee.webp\" alt=\"\" width=\"60\" height=\"60\" srcset=\"https:\/\/i0.wp.com\/healthyhead.dk\/wp-content\/uploads\/2024\/08\/With-upcycled-coffee.webp?w=150&amp;ssl=1 150w, https:\/\/i0.wp.com\/healthyhead.dk\/wp-content\/uploads\/2024\/08\/With-upcycled-coffee.webp?resize=100%2C100&amp;ssl=1 100w\" sizes=\"(max-width: 60px) 100vw, 60px\" \/><\/p>\n<p>[\/cg_accordion] [cg_accordion title=\"Tips f\u00f6r anv\u00e4ndning\"]<\/p>\n<ul>\n<li>Borsta h\u00e5ret i topparna f\u00f6rst och r\u00f6r dig sedan upp mot r\u00f6tterna. P\u00e5 s\u00e5 s\u00e4tt undviker du s\u00e5 lite skador p\u00e5 h\u00e5ret som m\u00f6jligt. <\/li>\n<li>Borsta sedan h\u00e5ret bak\u00e5t och hitta sedan din skylt.  [\/cg_accordion]<\/li>\n<\/ul>\n<p>&nbsp;<\/p>\n","protected":false},"featured_media":254959,"template":"","meta":{"_acf_changed":false},"product_brand":[569],"product_cat":[805],"product_tag":[],"class_list":{"0":"post-266847","1":"product","2":"type-product","3":"status-publish","4":"has-post-thumbnail","6":"product_brand-grums","7":"product_cat-haar","9":"first","10":"outofstock","11":"taxable","12":"shipping-taxable","13":"purchasable","14":"product-type-simple"},"acf":[],"_links":{"self":[{"href":"https:\/\/healthyhead.dk\/sv\/wp-json\/wp\/v2\/product\/266847","targetHints":{"allow":["GET"]}}],"collection":[{"href":"https:\/\/healthyhead.dk\/sv\/wp-json\/wp\/v2\/product"}],"about":[{"href":"https:\/\/healthyhead.dk\/sv\/wp-json\/wp\/v2\/types\/product"}],"version-history":[{"count":0,"href":"https:\/\/healthyhead.dk\/sv\/wp-json\/wp\/v2\/product\/266847\/revisions"}],"wp:featuredmedia":[{"embeddable":true,"href":"https:\/\/healthyhead.dk\/sv\/wp-json\/wp\/v2\/media\/254959"}],"wp:attachment":[{"href":"https:\/\/healthyhead.dk\/sv\/wp-json\/wp\/v2\/media?parent=266847"}],"wp:term":[{"taxonomy":"product_brand","embeddable":true,"href":"https:\/\/healthyhead.dk\/sv\/wp-json\/wp\/v2\/product_brand?post=266847"},{"taxonomy":"product_cat","embeddable":true,"href":"https:\/\/healthyhead.dk\/sv\/wp-json\/wp\/v2\/product_cat?post=266847"},{"taxonomy":"product_tag","embeddable":true,"href":"https:\/\/healthyhead.dk\/sv\/wp-json\/wp\/v2\/product_tag?post=266847"}],"curies":[{"name":"wp","href":"https:\/\/api.w.org\/{rel}","templated":true}]}}