{"id":266851,"date":"2024-08-25T18:23:36","date_gmt":"2024-08-25T18:23:36","guid":{"rendered":"https:\/\/new.healthyhead.dk\/vare\/grums-mild-facial-cleansing-milk-200-ml\/"},"modified":"2025-07-10T11:54:55","modified_gmt":"2025-07-10T11:54:55","slug":"grums-mild-ansiktsrengoringsmjolk-200-ml","status":"publish","type":"product","link":"https:\/\/healthyhead.dk\/sv\/produkt\/grums-mild-ansiktsrengoringsmjolk-200-ml\/","title":{"rendered":"Grums, Mild Facial Cleansing Milk, 200 ml"},"content":{"rendered":"","protected":false},"excerpt":{"rendered":"<p><img decoding=\"async\" class=\"\" src=\"\/wp-content\/uploads\/2024\/08\/Ingen-kemi.svg\" alt=\"Inga hormonst\u00f6rande \u00e4mnen\" width=\"45\" height=\"45\">Inga hormonst\u00f6rande \u00e4mnen<\/p>\n<p><img decoding=\"async\" class=\"\" src=\"\/wp-content\/uploads\/2024\/08\/Ingen-allergifremkaldende.svg\" alt=\"Icke allergiframkallande\" width=\"45\" height=\"45\">Inga allergiframkallande \u00e4mnen<\/p>\n<p><img decoding=\"async\" class=\"\" src=\"\/wp-content\/uploads\/2024\/08\/Ingen-miljoebelastende.svg\" alt=\"Ingen milj\u00f6p\u00e5verkan\" width=\"45\" height=\"45\">Inga milj\u00f6farliga \u00e4mnen<\/p>\n<p><img loading=\"lazy\" decoding=\"async\" class=\"alignnone wp-image-8756\" src=\"\/wp-content\/uploads\/2024\/08\/Ingen-parfume.svg\" alt=\"\" width=\"45\" height=\"45\" srcset=\"https:\/\/healthyhead.dk\/wp-content\/uploads\/Ingen-parfume.svg 150w, https:\/\/healthyhead.dk\/wp-content\/uploads\/Ingen-parfume.svg 300w, https:\/\/healthyhead.dk\/wp-content\/uploads\/Ingen-parfume.svg 768w, https:\/\/healthyhead.dk\/wp-content\/uploads\/Ingen-parfume.svg 1024w, https:\/\/healthyhead.dk\/wp-content\/uploads\/Ingen-parfume.svg 250w\" sizes=\"(max-width: 45px) 100vw, 45px\" \/>Ingen parfym<\/p>\n<p>&nbsp;<\/p>\n<p>[cg_accordion title=\"Beskrivning\" open=\"open\"]  Mild ansiktsreng\u00f6ring fr\u00e5n Grums. Den st\u00f6rsta orsaken till oren hud kommer fr\u00e5n smuts, olja, d\u00f6d hud, anv\u00e4ndning av sminkprodukter och \u00f6verdriven talgproduktion. Med denna ansiktsreng\u00f6ringsmj\u00f6lk kan du ta bort s\u00e5dana orenheter, h\u00e5lla porerna rena och minska talgproduktionen. Ansiktsreng\u00f6ringen \u00e4r helt doftfri och ger en skonsam men effektiv reng\u00f6ring utan att skada eller irritera huden.   <\/p>\n<p>&nbsp;<\/p>\n<ul>\n<li><strong>Mild<\/strong> och <strong>effektiv<\/strong> reng\u00f6ringsmj\u00f6lk f\u00f6r ansiktet.<\/li>\n<li>Idealisk f\u00f6r <strong>normal\/k\u00e4nslig hud<\/strong><\/li>\n<li>Har en <strong>utj\u00e4mnande effekt<\/strong> p\u00e5 huden<\/li>\n<li>Skapar <strong>h\u00e4lsosamma mikroorganismer<\/strong> i huden<\/li>\n<\/ul>\n<p><img loading=\"lazy\" decoding=\"async\" class=\"alignnone wp-image-9165\" src=\"\/wp-content\/uploads\/2024\/08\/A-kolbe.svg\" alt=\"\" width=\"60\" height=\"60\" srcset=\"https:\/\/healthyhead.dk\/wp-content\/uploads\/A-kolbe.svg 150w, https:\/\/healthyhead.dk\/wp-content\/uploads\/A-kolbe.svg 300w, https:\/\/healthyhead.dk\/wp-content\/uploads\/A-kolbe.svg 768w, https:\/\/healthyhead.dk\/wp-content\/uploads\/A-kolbe.svg 1024w, https:\/\/healthyhead.dk\/wp-content\/uploads\/A-kolbe.svg 250w\" sizes=\"(max-width: 60px) 100vw, 60px\" \/><img loading=\"lazy\" decoding=\"async\" class=\"alignnone wp-image-9797\" src=\"\/wp-content\/uploads\/2024\/08\/logo_vegan.webp\" alt=\"\" width=\"60\" height=\"60\" srcset=\"https:\/\/i0.wp.com\/healthyhead.dk\/wp-content\/uploads\/2024\/08\/logo_vegan.webp?w=300&amp;ssl=1 300w, https:\/\/i0.wp.com\/healthyhead.dk\/wp-content\/uploads\/2024\/08\/logo_vegan.webp?resize=150%2C150&amp;ssl=1 150w, https:\/\/i0.wp.com\/healthyhead.dk\/wp-content\/uploads\/2024\/08\/logo_vegan.webp?resize=100%2C100&amp;ssl=1 100w\" sizes=\"(max-width: 60px) 100vw, 60px\" \/><img loading=\"lazy\" decoding=\"async\" class=\"alignnone wp-image-9141\" src=\"\/wp-content\/uploads\/2024\/08\/Allergi-friendly.webp\" alt=\"\" width=\"60\" height=\"60\" srcset=\"https:\/\/i0.wp.com\/healthyhead.dk\/wp-content\/uploads\/2024\/08\/Allergi-friendly.webp?w=150&amp;ssl=1 150w, https:\/\/i0.wp.com\/healthyhead.dk\/wp-content\/uploads\/2024\/08\/Allergi-friendly.webp?resize=100%2C100&amp;ssl=1 100w\" sizes=\"(max-width: 60px) 100vw, 60px\" \/> <img loading=\"lazy\" decoding=\"async\" class=\"alignnone wp-image-9151\" src=\"\/wp-content\/uploads\/2024\/08\/Recyclable-glass-packaging3.png\" alt=\"\" width=\"60\" height=\"60\" srcset=\"https:\/\/i0.wp.com\/healthyhead.dk\/wp-content\/uploads\/2024\/08\/Recyclable-glass-packaging3.png?w=212&amp;ssl=1 212w, https:\/\/i0.wp.com\/healthyhead.dk\/wp-content\/uploads\/2024\/08\/Recyclable-glass-packaging3.png?resize=150%2C150&amp;ssl=1 150w, https:\/\/i0.wp.com\/healthyhead.dk\/wp-content\/uploads\/2024\/08\/Recyclable-glass-packaging3.png?resize=100%2C100&amp;ssl=1 100w\" sizes=\"(max-width: 60px) 100vw, 60px\" \/> <img loading=\"lazy\" decoding=\"async\" class=\"alignnone wp-image-9142\" src=\"\/wp-content\/uploads\/2024\/08\/Made-in-denmark.webp\" alt=\"\" width=\"60\" height=\"60\" srcset=\"https:\/\/i0.wp.com\/healthyhead.dk\/wp-content\/uploads\/2024\/08\/Made-in-denmark.webp?w=150&amp;ssl=1 150w, https:\/\/i0.wp.com\/healthyhead.dk\/wp-content\/uploads\/2024\/08\/Made-in-denmark.webp?resize=100%2C100&amp;ssl=1 100w\" sizes=\"(max-width: 60px) 100vw, 60px\" \/><\/p>\n<p>[\/cg_accordion] [cg_accordion title=\"Tips f\u00f6r anv\u00e4ndning\"]<\/p>\n<ul>\n<li>Applicera p\u00e5 fuktig hud och massera med cirkul\u00e4ra r\u00f6relser och tv\u00e4tta av med ljummet vatten. Anv\u00e4nd morgon och kv\u00e4ll. <\/li>\n<li>Applicera ett l\u00e4tt lager ansiktskr\u00e4m f\u00f6r att avsluta denna rutin<\/li>\n<\/ul>\n<p>[\/cg_accordion] [cg_accordion title=\"Ingredienser\"]  Hyaluronsyraserumet \u00e4r baserat p\u00e5 koncentrerade fuktgivande ingredienser samt extrakt fr\u00e5n \u00e5tervunnen kaffesump som bidrar med skyddande antioxidanter, koffein och vitamin B3.<\/p>\n<p><b>INCI-lista: <\/b>Aqua (vatten), Caprylic\/Capric Triglyceride (emulgeringsmedel), Hexyl Laurate (mjukg\u00f6rande ester), Glycerin (fuktighetsbevarande medel), Polyglyceryl-4 Laurate\/Succinate (emulgeringsmedel), Cetearyl Alcohol (mjukg\u00f6rande medel), Sorbitan Stearate (emulgeringsmedel), Xanthan Gum (emulgeringsmedel och texturf\u00f6rst\u00e4rkare), Sodium Benzoate (konserveringsmedel), Potassium Sorbate (konserveringsmedel).  [\/cg_accordion]<\/p>\n","protected":false},"featured_media":254947,"template":"","meta":{"_acf_changed":false},"product_brand":[569],"product_cat":[785],"product_tag":[],"class_list":{"0":"post-266851","1":"product","2":"type-product","3":"status-publish","4":"has-post-thumbnail","6":"product_brand-grums","7":"product_cat-ansiktsrengoering","9":"first","10":"instock","11":"taxable","12":"shipping-taxable","13":"purchasable","14":"product-type-simple"},"acf":[],"_links":{"self":[{"href":"https:\/\/healthyhead.dk\/sv\/wp-json\/wp\/v2\/product\/266851","targetHints":{"allow":["GET"]}}],"collection":[{"href":"https:\/\/healthyhead.dk\/sv\/wp-json\/wp\/v2\/product"}],"about":[{"href":"https:\/\/healthyhead.dk\/sv\/wp-json\/wp\/v2\/types\/product"}],"version-history":[{"count":0,"href":"https:\/\/healthyhead.dk\/sv\/wp-json\/wp\/v2\/product\/266851\/revisions"}],"wp:featuredmedia":[{"embeddable":true,"href":"https:\/\/healthyhead.dk\/sv\/wp-json\/wp\/v2\/media\/254947"}],"wp:attachment":[{"href":"https:\/\/healthyhead.dk\/sv\/wp-json\/wp\/v2\/media?parent=266851"}],"wp:term":[{"taxonomy":"product_brand","embeddable":true,"href":"https:\/\/healthyhead.dk\/sv\/wp-json\/wp\/v2\/product_brand?post=266851"},{"taxonomy":"product_cat","embeddable":true,"href":"https:\/\/healthyhead.dk\/sv\/wp-json\/wp\/v2\/product_cat?post=266851"},{"taxonomy":"product_tag","embeddable":true,"href":"https:\/\/healthyhead.dk\/sv\/wp-json\/wp\/v2\/product_tag?post=266851"}],"curies":[{"name":"wp","href":"https:\/\/api.w.org\/{rel}","templated":true}]}}