{"id":266855,"date":"2024-08-25T12:04:42","date_gmt":"2024-08-25T12:04:42","guid":{"rendered":"https:\/\/new.healthyhead.dk\/vare\/grums-raw-coffee-hand-scrub-wash-120-ml\/"},"modified":"2025-07-10T10:43:24","modified_gmt":"2025-07-10T10:43:24","slug":"grums-raatt-kaffe-handskrubb-tvatt-120-ml","status":"publish","type":"product","link":"https:\/\/healthyhead.dk\/sv\/produkt\/grums-raatt-kaffe-handskrubb-tvatt-120-ml\/","title":{"rendered":"Grums, Raw Coffee Hand Scrub + Wash, 120 ml"},"content":{"rendered":"","protected":false},"excerpt":{"rendered":"<p><img decoding=\"async\" class=\"\" src=\"\/wp-content\/uploads\/2024\/08\/Ingen-kemi.svg\" alt=\"Inga hormonst\u00f6rande \u00e4mnen\" width=\"45\" height=\"45\">Inga hormonst\u00f6rande \u00e4mnen<\/p>\n<p><img decoding=\"async\" class=\"\" src=\"\/wp-content\/uploads\/2024\/08\/Ingen-allergifremkaldende.svg\" alt=\"Icke allergiframkallande\" width=\"45\" height=\"45\">Inga allergiframkallande \u00e4mnen<\/p>\n<p><img decoding=\"async\" class=\"\" src=\"\/wp-content\/uploads\/2024\/08\/Ingen-miljoebelastende.svg\" alt=\"Ingen milj\u00f6p\u00e5verkan\" width=\"45\" height=\"45\">Inga milj\u00f6farliga \u00e4mnen<\/p>\n<p><img loading=\"lazy\" decoding=\"async\" class=\"alignnone wp-image-8756\" src=\"\/wp-content\/uploads\/2024\/08\/Ingen-parfume.svg\" alt=\"\" width=\"45\" height=\"45\" srcset=\"https:\/\/healthyhead.dk\/wp-content\/uploads\/Ingen-parfume.svg 150w, https:\/\/healthyhead.dk\/wp-content\/uploads\/Ingen-parfume.svg 300w, https:\/\/healthyhead.dk\/wp-content\/uploads\/Ingen-parfume.svg 768w, https:\/\/healthyhead.dk\/wp-content\/uploads\/Ingen-parfume.svg 1024w, https:\/\/healthyhead.dk\/wp-content\/uploads\/Ingen-parfume.svg 250w\" sizes=\"(max-width: 45px) 100vw, 45px\" \/>Ingen parfym<\/p>\n<p>&nbsp;<\/p>\n[cg_accordion title=\"Beskrivning\" open=\"open\"]  Raw Coffee Hand Scrub + wash fr\u00e5n \u00c5rhusbaserade Grums. Denna handskrubb inneh\u00e5ller endast naturliga ingredienser och \u00e5tervunnen kaffesump fr\u00e5n filterkaffe. Den avl\u00e4gsnar d\u00f6da hudceller och stimulerar blodcirkulationen, vilket minskar inflammation och synliga \u00e5lderstecken. Dessutom g\u00f6r skrubben det l\u00e4ttare f\u00f6r huden att absorbera handkr\u00e4m. Anv\u00e4nd den p\u00e5 k\u00e4nslig, torr och normal hud och se effekten sj\u00e4lv. Denna skrubb \u00e4r 100% fri fr\u00e5n allergener, parabener och doft\u00e4mnen. Den \u00e4r ocks\u00e5 vegansk.      <\/p>\n<p>&nbsp;<\/p>\n<ul>\n<li><strong>Raw Coffee Hand Scrub<\/strong> fr\u00e5n Aarhus-baserade Grums<\/li>\n<li>Inneh\u00e5ller endast <strong>naturliga ingredienser<\/strong> och \u00e5tervunnen kaffesump fr\u00e5n filterkaffe<\/li>\n<li>Fylld med <strong>antioxidanter<\/strong> som fungerar som en <strong>naturlig exfoliator<\/strong><\/li>\n<li>F\u00f6rb\u00e4ttrar hudens f\u00f6rm\u00e5ga att absorbera lotion\/kr\u00e4m.<\/li>\n<li>Perfekt f\u00f6r b\u00e5de <strong>torr<\/strong> och <strong>normal hud<\/strong><\/li>\n<li>Neutraliserar d\u00e5liga lukter<\/li>\n<li>Inneh\u00e5ller<strong>inga parabener<\/strong>, <strong>allergener<\/strong>, <strong>f\u00e4rg\u00e4mnen<\/strong> eller <strong>parfymer<\/strong><\/li>\n<li><strong>En flaska<\/strong> Chemiluppen<\/li>\n<\/ul>\n<p data-wp-editing=\"1\"><img loading=\"lazy\" decoding=\"async\" class=\"alignnone wp-image-9165\" src=\"\/wp-content\/uploads\/2024\/08\/A-kolbe.svg\" alt=\"\" width=\"60\" height=\"60\" srcset=\"https:\/\/healthyhead.dk\/wp-content\/uploads\/A-kolbe.svg 150w, https:\/\/healthyhead.dk\/wp-content\/uploads\/A-kolbe.svg 300w, https:\/\/healthyhead.dk\/wp-content\/uploads\/A-kolbe.svg 768w, https:\/\/healthyhead.dk\/wp-content\/uploads\/A-kolbe.svg 1024w, https:\/\/healthyhead.dk\/wp-content\/uploads\/A-kolbe.svg 250w\" sizes=\"(max-width: 60px) 100vw, 60px\" \/><img loading=\"lazy\" decoding=\"async\" class=\"alignnone wp-image-9142\" src=\"\/wp-content\/uploads\/2024\/08\/Made-in-denmark.webp\" alt=\"\" width=\"60\" height=\"60\" srcset=\"https:\/\/i0.wp.com\/healthyhead.dk\/wp-content\/uploads\/2024\/08\/Made-in-denmark.webp?w=150&amp;ssl=1 150w, https:\/\/i0.wp.com\/healthyhead.dk\/wp-content\/uploads\/2024\/08\/Made-in-denmark.webp?resize=100%2C100&amp;ssl=1 100w\" sizes=\"(max-width: 60px) 100vw, 60px\" \/><img loading=\"lazy\" decoding=\"async\" class=\"alignnone wp-image-9143\" src=\"\/wp-content\/uploads\/2024\/08\/plant_based_packagings_2-01.webp\" alt=\"\" width=\"55\" height=\"60\"><img loading=\"lazy\" decoding=\"async\" class=\"alignnone wp-image-9141\" src=\"\/wp-content\/uploads\/2024\/08\/Allergi-friendly.webp\" alt=\"\" width=\"60\" height=\"60\" srcset=\"https:\/\/i0.wp.com\/healthyhead.dk\/wp-content\/uploads\/2024\/08\/Allergi-friendly.webp?w=150&amp;ssl=1 150w, https:\/\/i0.wp.com\/healthyhead.dk\/wp-content\/uploads\/2024\/08\/Allergi-friendly.webp?resize=100%2C100&amp;ssl=1 100w\" sizes=\"(max-width: 60px) 100vw, 60px\" \/><img loading=\"lazy\" decoding=\"async\" class=\"alignnone wp-image-9168\" src=\"\/wp-content\/uploads\/2024\/08\/fsc3.png\" alt=\"\" width=\"60\" height=\"60\" srcset=\"https:\/\/i0.wp.com\/healthyhead.dk\/wp-content\/uploads\/2024\/08\/fsc3.png?w=250&amp;ssl=1 250w, https:\/\/i0.wp.com\/healthyhead.dk\/wp-content\/uploads\/2024\/08\/fsc3.png?resize=150%2C150&amp;ssl=1 150w, https:\/\/i0.wp.com\/healthyhead.dk\/wp-content\/uploads\/2024\/08\/fsc3.png?resize=100%2C100&amp;ssl=1 100w\" sizes=\"(max-width: 60px) 100vw, 60px\" \/><img loading=\"lazy\" decoding=\"async\" class=\"alignnone wp-image-9139\" src=\"\/wp-content\/uploads\/2024\/08\/With-upcycled-coffee.webp\" alt=\"\" width=\"60\" height=\"60\" srcset=\"https:\/\/i0.wp.com\/healthyhead.dk\/wp-content\/uploads\/2024\/08\/With-upcycled-coffee.webp?w=150&amp;ssl=1 150w, https:\/\/i0.wp.com\/healthyhead.dk\/wp-content\/uploads\/2024\/08\/With-upcycled-coffee.webp?resize=100%2C100&amp;ssl=1 100w\" sizes=\"(max-width: 60px) 100vw, 60px\" \/><\/p>\n<p>[\/cg_accordion]\n[cg_accordion title=\"Tips f\u00f6r anv\u00e4ndning\"]<\/p>\n<ul>\n<li>Anv\u00e4nd 1-2 g\u00e5nger i veckan f\u00f6r exfolierande v\u00e5rd, eller n\u00e4r extra djupreng\u00f6ring beh\u00f6vs f\u00f6r smutsiga h\u00e4nder eller illaluktande lukter som l\u00f6k.<\/li>\n<li>Kan anv\u00e4ndas efter vanlig handtv\u00e4tt f\u00f6r exfolierande v\u00e5rd, eller separat som en 2in1 handtv\u00e5l och skrubb.<\/li>\n<li>Undvik att anv\u00e4nda handtv\u00e5l omedelbart efter att du har anv\u00e4nt handskrubben eftersom det kan g\u00f6ra att huden k\u00e4nns torr<\/li>\n<\/ul>\n<p>&nbsp;<\/p>\n<p>[\/cg_accordion]\n[cg_accordion title=\"Ingredienser\"]<\/p>\n<p>Skrubben \u00e4r baserad p\u00e5 helt naturliga ingredienser och ekologisk, \u00e5tervunnen espressokaffesump. Den \u00e4r berikad med <strong>glycerin<\/strong> och <strong>macadamian\u00f6tsolja<\/strong> f\u00f6r att \u00e5terfukta huden och h\u00e5lla den \u00e5terfuktad. <\/p>\n<p><b>INCI-lista:<\/b>Aqua (vatten), Coffea Robusta Seed Powder (\u00e5tervunnen kaffesump), Sodium Coco Sulfate (reng\u00f6ringsmedel), Glycerin (fuktighetsbevarande medel), Cocamidopropyl Betaine (reng\u00f6ringsmedel), Hydroxypropyl Methylcellulose (reng\u00f6ringsmedel), Xanthan Gum (viskositetsjusterare), Sodium Benzoate (konserveringsmedel), Potassium Sorbate (konserveringsmedel), Sodium Chloride (viskositetsjusterare), Citric Acid (pH-justering). >99% naturliga ingredienser. <\/p>\n<p>[\/cg_accordion]\n","protected":false},"featured_media":254195,"template":"","meta":{"_acf_changed":false},"product_brand":[569],"product_cat":[797],"product_tag":[],"class_list":{"0":"post-266855","1":"product","2":"type-product","3":"status-publish","4":"has-post-thumbnail","6":"product_brand-grums","7":"product_cat-kroppsvaard","9":"first","10":"instock","11":"taxable","12":"shipping-taxable","13":"purchasable","14":"product-type-simple"},"acf":[],"_links":{"self":[{"href":"https:\/\/healthyhead.dk\/sv\/wp-json\/wp\/v2\/product\/266855","targetHints":{"allow":["GET"]}}],"collection":[{"href":"https:\/\/healthyhead.dk\/sv\/wp-json\/wp\/v2\/product"}],"about":[{"href":"https:\/\/healthyhead.dk\/sv\/wp-json\/wp\/v2\/types\/product"}],"version-history":[{"count":0,"href":"https:\/\/healthyhead.dk\/sv\/wp-json\/wp\/v2\/product\/266855\/revisions"}],"wp:featuredmedia":[{"embeddable":true,"href":"https:\/\/healthyhead.dk\/sv\/wp-json\/wp\/v2\/media\/254195"}],"wp:attachment":[{"href":"https:\/\/healthyhead.dk\/sv\/wp-json\/wp\/v2\/media?parent=266855"}],"wp:term":[{"taxonomy":"product_brand","embeddable":true,"href":"https:\/\/healthyhead.dk\/sv\/wp-json\/wp\/v2\/product_brand?post=266855"},{"taxonomy":"product_cat","embeddable":true,"href":"https:\/\/healthyhead.dk\/sv\/wp-json\/wp\/v2\/product_cat?post=266855"},{"taxonomy":"product_tag","embeddable":true,"href":"https:\/\/healthyhead.dk\/sv\/wp-json\/wp\/v2\/product_tag?post=266855"}],"curies":[{"name":"wp","href":"https:\/\/api.w.org\/{rel}","templated":true}]}}