{"id":266863,"date":"2024-08-23T08:37:56","date_gmt":"2024-08-23T08:37:56","guid":{"rendered":"https:\/\/new.healthyhead.dk\/vare\/grums-raw-espresso-face-scrub-mask-80-ml\/"},"modified":"2025-07-10T10:19:45","modified_gmt":"2025-07-10T10:19:45","slug":"grums-raatt-espressoansikte-skrubba-mask-80-ml","status":"publish","type":"product","link":"https:\/\/healthyhead.dk\/sv\/produkt\/grums-raatt-espressoansikte-skrubba-mask-80-ml\/","title":{"rendered":"Grums, Raw Espresso Face Scrub &amp; Mask, 80 ml"},"content":{"rendered":"","protected":false},"excerpt":{"rendered":"<p><img decoding=\"async\" class=\"\" src=\"\/wp-content\/uploads\/2024\/08\/Ingen-kemi.svg\" alt=\"Inga hormonst\u00f6rande \u00e4mnen\" width=\"45\" height=\"45\">Inga hormonst\u00f6rande \u00e4mnen<\/p>\n<p><img decoding=\"async\" class=\"\" src=\"\/wp-content\/uploads\/2024\/08\/Ingen-allergifremkaldende.svg\" alt=\"Icke allergiframkallande\" width=\"45\" height=\"45\">Inga allergiframkallande \u00e4mnen<\/p>\n<p><img decoding=\"async\" class=\"\" src=\"\/wp-content\/uploads\/2024\/08\/Ingen-miljoebelastende.svg\" alt=\"Ingen milj\u00f6p\u00e5verkan\" width=\"45\" height=\"45\">Inga milj\u00f6farliga \u00e4mnen<\/p>\n<p><img loading=\"lazy\" decoding=\"async\" class=\"alignnone wp-image-8756\" src=\"\/wp-content\/uploads\/2024\/08\/Ingen-parfume.svg\" alt=\"\" width=\"45\" height=\"45\" srcset=\"https:\/\/healthyhead.dk\/wp-content\/uploads\/Ingen-parfume.svg 150w, https:\/\/healthyhead.dk\/wp-content\/uploads\/Ingen-parfume.svg 300w, https:\/\/healthyhead.dk\/wp-content\/uploads\/Ingen-parfume.svg 768w, https:\/\/healthyhead.dk\/wp-content\/uploads\/Ingen-parfume.svg 1024w, https:\/\/healthyhead.dk\/wp-content\/uploads\/Ingen-parfume.svg 250w\" sizes=\"(max-width: 45px) 100vw, 45px\" \/>Ingen parfym<\/p>\n<p>&nbsp;<\/p>\n[cg_accordion title=\"Beskrivning\" open=\"open\"]  Raw Espresso 2 in 1 ansiktsskrubb och ansiktsmask fr\u00e5n \u00c5rhusbaserade Grums. Skrubben \u00e4r baserad p\u00e5 helt naturliga ingredienser och ekologisk, \u00e5tervunnen espressokaffesump, vilket ger en djup och effektiv reng\u00f6ring av hudens yta, medan behandlingen \u00e4r b\u00e5de mild och v\u00e5rdande. Produkten \u00e4r fullproppad med antioxidanter och fungerar som en naturlig exfoliator.  <\/p>\n<p>&nbsp;<\/p>\n<ul>\n<li><strong>2 i 1 ansiktsskrubb och ansiktsmask<\/strong> fr\u00e5n \u00c5rhusbaserade Grums<\/li>\n<li>Baserat p\u00e5 <strong>naturliga ingredienser<\/strong> och <strong>ekologisk, \u00e5tervunnen kaffesump <\/strong>fr\u00e5n espresso<\/li>\n<li>Fylld med <strong>antioxidanter<\/strong> som fungerar som en <strong>naturlig exfoliator<\/strong><\/li>\n<li>Perfekt f\u00f6r b\u00e5de <strong>torr<\/strong> och <strong>normal hud<\/strong><\/li>\n<li><strong>Glycerin<\/strong> och <strong>macadamian\u00f6tolja<\/strong> g\u00f6r huden ren<strong>, mjuk <\/strong>och<strong> \u00e5terfuktad<\/strong>.<\/li>\n<li>Inneh\u00e5ller inga parabener, allergener, f\u00e4rg\u00e4mnen eller parfymer<\/li>\n<li>En kolv p\u00e5 Chemilup<\/li>\n<\/ul>\n<p data-wp-editing=\"1\"><img loading=\"lazy\" decoding=\"async\" class=\"alignnone wp-image-9165\" src=\"\/wp-content\/uploads\/2024\/08\/A-kolbe.svg\" alt=\"\" width=\"60\" height=\"60\" srcset=\"https:\/\/healthyhead.dk\/wp-content\/uploads\/A-kolbe.svg 150w, https:\/\/healthyhead.dk\/wp-content\/uploads\/A-kolbe.svg 300w, https:\/\/healthyhead.dk\/wp-content\/uploads\/A-kolbe.svg 768w, https:\/\/healthyhead.dk\/wp-content\/uploads\/A-kolbe.svg 1024w, https:\/\/healthyhead.dk\/wp-content\/uploads\/A-kolbe.svg 250w\" sizes=\"(max-width: 60px) 100vw, 60px\" \/><img loading=\"lazy\" decoding=\"async\" class=\"alignnone wp-image-9142\" src=\"\/wp-content\/uploads\/2024\/08\/Made-in-denmark.webp\" alt=\"\" width=\"60\" height=\"60\" srcset=\"https:\/\/i0.wp.com\/healthyhead.dk\/wp-content\/uploads\/2024\/08\/Made-in-denmark.webp?w=150&amp;ssl=1 150w, https:\/\/i0.wp.com\/healthyhead.dk\/wp-content\/uploads\/2024\/08\/Made-in-denmark.webp?resize=100%2C100&amp;ssl=1 100w\" sizes=\"(max-width: 60px) 100vw, 60px\" \/><img loading=\"lazy\" decoding=\"async\" class=\"alignnone wp-image-9143\" src=\"\/wp-content\/uploads\/2024\/08\/plant_based_packagings_2-01.webp\" alt=\"\" width=\"55\" height=\"60\"><img loading=\"lazy\" decoding=\"async\" class=\"alignnone wp-image-9141\" src=\"\/wp-content\/uploads\/2024\/08\/Allergi-friendly.webp\" alt=\"\" width=\"60\" height=\"60\" srcset=\"https:\/\/i0.wp.com\/healthyhead.dk\/wp-content\/uploads\/2024\/08\/Allergi-friendly.webp?w=150&amp;ssl=1 150w, https:\/\/i0.wp.com\/healthyhead.dk\/wp-content\/uploads\/2024\/08\/Allergi-friendly.webp?resize=100%2C100&amp;ssl=1 100w\" sizes=\"(max-width: 60px) 100vw, 60px\" \/><img loading=\"lazy\" decoding=\"async\" class=\"alignnone wp-image-9168\" src=\"\/wp-content\/uploads\/2024\/08\/fsc3.png\" alt=\"\" width=\"60\" height=\"60\" srcset=\"https:\/\/i0.wp.com\/healthyhead.dk\/wp-content\/uploads\/2024\/08\/fsc3.png?w=250&amp;ssl=1 250w, https:\/\/i0.wp.com\/healthyhead.dk\/wp-content\/uploads\/2024\/08\/fsc3.png?resize=150%2C150&amp;ssl=1 150w, https:\/\/i0.wp.com\/healthyhead.dk\/wp-content\/uploads\/2024\/08\/fsc3.png?resize=100%2C100&amp;ssl=1 100w\" sizes=\"(max-width: 60px) 100vw, 60px\" \/><img loading=\"lazy\" decoding=\"async\" class=\"alignnone wp-image-9139\" src=\"\/wp-content\/uploads\/2024\/08\/With-upcycled-coffee.webp\" alt=\"\" width=\"60\" height=\"60\" srcset=\"https:\/\/i0.wp.com\/healthyhead.dk\/wp-content\/uploads\/2024\/08\/With-upcycled-coffee.webp?w=150&amp;ssl=1 150w, https:\/\/i0.wp.com\/healthyhead.dk\/wp-content\/uploads\/2024\/08\/With-upcycled-coffee.webp?resize=100%2C100&amp;ssl=1 100w\" sizes=\"(max-width: 60px) 100vw, 60px\" \/><\/p>\n<p>[\/cg_accordion]\n[cg_accordion title=\"Tips f\u00f6r anv\u00e4ndning\"]<\/p>\n<ul>\n<li>Se till att ditt ansikte \u00e4r v\u00e5tt eller \u00e5terfuktat f\u00f6re anv\u00e4ndning<\/li>\n<li>Skrubba efter behov och sk\u00f6lj med vatten utan att anv\u00e4nda tv\u00e5l, eftersom det kan ta bort de v\u00e5rdande oljorna i produkten och g\u00f6ra huden torr<\/li>\n<li>L\u00e5t produkten verka i 15-20 minuter som en mask efter skrubbning f\u00f6r b\u00e4sta resultat<\/li>\n<li>Kan anv\u00e4ndas b\u00e5de som ansiktsskrubb och ansiktsmask. Anv\u00e4nd skrubben 1-2 g\u00e5nger i veckan <\/li>\n<\/ul>\n<p>[\/cg_accordion]\n[cg_accordion title=\"Ingredienser\"]<\/p>\n<p>Skrubben \u00e4r baserad p\u00e5 helt naturliga ingredienser och ekologisk, \u00e5tervunnen espressokaffesump. Den \u00e4r berikad med <strong>glycerin<\/strong> och <strong>macadamian\u00f6tsolja<\/strong> f\u00f6r att \u00e5terfukta huden och h\u00e5lla den \u00e5terfuktad. <\/p>\n<p><b>INCI-lista: <\/b>Butyrospermum Parkii-olja, kapryl\/kapris-triglycerid, glycerin, pulver av Coffea Robusta-fr\u00f6, Ricinus Communis-fr\u00f6olja, dietylhexylkarbonat, Cera Alba, Theobroma Cacao-fr\u00f6sm\u00f6r, Macadamia Ternifolia-fr\u00f6olja, Aqua, sukrose-laktat, Rhus Succedanea-fruktera<\/p>\n<p>[\/cg_accordion]\n","protected":false},"featured_media":254219,"template":"","meta":{"_acf_changed":false},"product_brand":[569],"product_cat":[789],"product_tag":[],"class_list":{"0":"post-266863","1":"product","2":"type-product","3":"status-publish","4":"has-post-thumbnail","6":"product_brand-grums","7":"product_cat-ansiktsskrubb","9":"first","10":"instock","11":"taxable","12":"shipping-taxable","13":"purchasable","14":"product-type-simple"},"acf":[],"_links":{"self":[{"href":"https:\/\/healthyhead.dk\/sv\/wp-json\/wp\/v2\/product\/266863","targetHints":{"allow":["GET"]}}],"collection":[{"href":"https:\/\/healthyhead.dk\/sv\/wp-json\/wp\/v2\/product"}],"about":[{"href":"https:\/\/healthyhead.dk\/sv\/wp-json\/wp\/v2\/types\/product"}],"version-history":[{"count":0,"href":"https:\/\/healthyhead.dk\/sv\/wp-json\/wp\/v2\/product\/266863\/revisions"}],"wp:featuredmedia":[{"embeddable":true,"href":"https:\/\/healthyhead.dk\/sv\/wp-json\/wp\/v2\/media\/254219"}],"wp:attachment":[{"href":"https:\/\/healthyhead.dk\/sv\/wp-json\/wp\/v2\/media?parent=266863"}],"wp:term":[{"taxonomy":"product_brand","embeddable":true,"href":"https:\/\/healthyhead.dk\/sv\/wp-json\/wp\/v2\/product_brand?post=266863"},{"taxonomy":"product_cat","embeddable":true,"href":"https:\/\/healthyhead.dk\/sv\/wp-json\/wp\/v2\/product_cat?post=266863"},{"taxonomy":"product_tag","embeddable":true,"href":"https:\/\/healthyhead.dk\/sv\/wp-json\/wp\/v2\/product_tag?post=266863"}],"curies":[{"name":"wp","href":"https:\/\/api.w.org\/{rel}","templated":true}]}}