{"id":266867,"date":"2024-09-02T09:47:19","date_gmt":"2024-09-02T09:47:19","guid":{"rendered":"https:\/\/new.healthyhead.dk\/vare\/pure-simple-hair-wax-100-ml\/"},"modified":"2026-01-26T20:36:10","modified_gmt":"2026-01-26T20:36:10","slug":"pure-simple-hair-wax-100-ml","status":"publish","type":"product","link":"https:\/\/healthyhead.dk\/sv\/produkt\/pure-simple-hair-wax-100-ml\/","title":{"rendered":"Pure &amp; Simple, h\u00e5rvax, 100 ml"},"content":{"rendered":"","protected":false},"excerpt":{"rendered":"<p><img decoding=\"async\" class=\"\" src=\"\/wp-content\/uploads\/2024\/08\/Ingen-kemi.svg\" alt=\"\" width=\"45\" height=\"45\">Inga hormonst\u00f6rande \u00e4mnen<\/p>\n<p><img decoding=\"async\" class=\"\" src=\"\/wp-content\/uploads\/2024\/08\/Ingen-allergifremkaldende.svg\" alt=\"\" width=\"46\" height=\"46\">Inga allergiframkallande \u00e4mnen<\/p>\n<p><img decoding=\"async\" class=\"\" src=\"\/wp-content\/uploads\/2024\/08\/Ingen-miljoebelastende.svg\" width=\"46\" height=\"46\">Inga milj\u00f6farliga \u00e4mnen<\/p>\n<p><img loading=\"lazy\" decoding=\"async\" class=\"\" src=\"\/wp-content\/uploads\/2024\/08\/Ingen-parfume.svg\" width=\"46\" height=\"46\">Ingen parfym<\/p>\n<p>&nbsp;<\/p>\n[cg_accordion title=\"Beskrivning\" open=\"open\"]\n<p>Pure &amp; Simple Wax \u00e4r ett kr\u00e4mvax med officiell m\u00e4rkning f\u00f6r astma och allergi. Det ger stark stadga, en stelnande effekt och naturlig glans \u2013 och \u00e4r dessutom mycket l\u00e4tt att arbeta med. Liksom alla produkter fr\u00e5n Healthy Head \u00e4r vaxet helt fritt fr\u00e5n hormonst\u00f6rande \u00e4mnen, allergener och milj\u00f6skadliga ingredienser, med st\u00f6rsta m\u00f6jliga h\u00e4nsyn till b\u00e5de h\u00e4lsa och milj\u00f6. Pure &amp; Simple Wax blev dessutom testvinnare i ett professionellt vax-test p\u00e5 Go&#8217; Morgen Danmark \u2013 ett av Danmarks mest popul\u00e4ra morgonprogram \u2013 d\u00e4r en professionell stylist ber\u00f6mde det f\u00f6r b\u00e5de effekt och renhet.   <\/p>\n<ul>\n<li><strong>Astma- och allergim\u00e4rkt<\/strong> kr\u00e4mvax<\/li>\n<li><b>Stark stadga<\/b> och naturlig glans<\/li>\n<li>L\u00e4tt att arbeta med<\/li>\n<li><b>Testvinnare<\/b> fr\u00e5n Go&#8217; Morgen Danmark<\/li>\n<\/ul>\n<p><img loading=\"lazy\" decoding=\"async\" class=\"alignnone wp-image-10038\" src=\"\/wp-content\/uploads\/2024\/09\/astma-allergy-icon.png\" alt=\"\" width=\"70\" height=\"70\" srcset=\"https:\/\/i0.wp.com\/healthyhead.dk\/wp-content\/uploads\/2024\/09\/astma-allergy-icon.png?w=250&amp;ssl=1 250w, https:\/\/i0.wp.com\/healthyhead.dk\/wp-content\/uploads\/2024\/09\/astma-allergy-icon.png?resize=150%2C150&amp;ssl=1 150w, https:\/\/i0.wp.com\/healthyhead.dk\/wp-content\/uploads\/2024\/09\/astma-allergy-icon.png?resize=100%2C100&amp;ssl=1 100w\" sizes=\"(max-width: 70px) 100vw, 70px\" \/>  <img loading=\"lazy\" decoding=\"async\" class=\"alignnone wp-image-10039\" src=\"\/wp-content\/uploads\/2024\/09\/Svanemaerket-icon.png\" alt=\"\" width=\"70\" height=\"70\" srcset=\"https:\/\/i0.wp.com\/healthyhead.dk\/wp-content\/uploads\/2024\/09\/Svanemaerket-icon.png?w=250&amp;ssl=1 250w, https:\/\/i0.wp.com\/healthyhead.dk\/wp-content\/uploads\/2024\/09\/Svanemaerket-icon.png?resize=150%2C150&amp;ssl=1 150w, https:\/\/i0.wp.com\/healthyhead.dk\/wp-content\/uploads\/2024\/09\/Svanemaerket-icon.png?resize=100%2C100&amp;ssl=1 100w\" sizes=\"(max-width: 70px) 100vw, 70px\" \/><\/p>\n<p>[\/cg_accordion] [cg_accordion title=\"Tips f\u00f6r anv\u00e4ndning\"]<\/p>\n<p>Kan anv\u00e4ndas i b\u00e5de kort och l\u00e5ngt h\u00e5r. Anv\u00e4nd i torrt h\u00e5r. [\/cg_accordion]<\/p>\n","protected":false},"featured_media":255003,"template":"","meta":{"_acf_changed":false},"product_brand":[913],"product_cat":[809,805],"product_tag":[],"class_list":{"0":"post-266867","1":"product","2":"type-product","3":"status-publish","4":"has-post-thumbnail","6":"product_brand-puresimple-sv","7":"product_cat-styling","8":"product_cat-haar","10":"first","11":"instock","12":"taxable","13":"shipping-taxable","14":"purchasable","15":"product-type-simple"},"acf":[],"_links":{"self":[{"href":"https:\/\/healthyhead.dk\/sv\/wp-json\/wp\/v2\/product\/266867","targetHints":{"allow":["GET"]}}],"collection":[{"href":"https:\/\/healthyhead.dk\/sv\/wp-json\/wp\/v2\/product"}],"about":[{"href":"https:\/\/healthyhead.dk\/sv\/wp-json\/wp\/v2\/types\/product"}],"version-history":[{"count":0,"href":"https:\/\/healthyhead.dk\/sv\/wp-json\/wp\/v2\/product\/266867\/revisions"}],"wp:featuredmedia":[{"embeddable":true,"href":"https:\/\/healthyhead.dk\/sv\/wp-json\/wp\/v2\/media\/255003"}],"wp:attachment":[{"href":"https:\/\/healthyhead.dk\/sv\/wp-json\/wp\/v2\/media?parent=266867"}],"wp:term":[{"taxonomy":"product_brand","embeddable":true,"href":"https:\/\/healthyhead.dk\/sv\/wp-json\/wp\/v2\/product_brand?post=266867"},{"taxonomy":"product_cat","embeddable":true,"href":"https:\/\/healthyhead.dk\/sv\/wp-json\/wp\/v2\/product_cat?post=266867"},{"taxonomy":"product_tag","embeddable":true,"href":"https:\/\/healthyhead.dk\/sv\/wp-json\/wp\/v2\/product_tag?post=266867"}],"curies":[{"name":"wp","href":"https:\/\/api.w.org\/{rel}","templated":true}]}}