{"id":266946,"date":"2024-12-29T08:12:44","date_gmt":"2024-12-29T08:12:44","guid":{"rendered":"https:\/\/new.healthyhead.dk\/vare\/zao-okologisk-fugtighedsgivende-solcreme-til-ansigt-spf50\/"},"modified":"2025-08-06T18:33:36","modified_gmt":"2025-08-06T18:33:36","slug":"zao-organisk-fuktgivande-solskyddsmedel-for-ansiktet-spf50","status":"publish","type":"product","link":"https:\/\/healthyhead.dk\/sv\/produkt\/zao-organisk-fuktgivande-solskyddsmedel-for-ansiktet-spf50\/","title":{"rendered":"ZAO, Ekologisk \u00c5terfuktande Solkr\u00e4m f\u00f6r ansiktet, SPF50"},"content":{"rendered":"","protected":false},"excerpt":{"rendered":"<p><img decoding=\"async\" class=\"\" src=\"\/wp-content\/uploads\/2024\/08\/Ingen-kemi.svg\" alt=\"\" width=\"45\" height=\"45\">Inga hormonst\u00f6rande \u00e4mnen<\/p>\n<p><img decoding=\"async\" class=\"\" src=\"\/wp-content\/uploads\/2024\/08\/Ingen-allergifremkaldende.svg\" alt=\"\" width=\"46\" height=\"46\">Inga allergiframkallande \u00e4mnen<\/p>\n<p><img decoding=\"async\" class=\"\" src=\"\/wp-content\/uploads\/2024\/08\/Ingen-miljoebelastende.svg\" width=\"46\" height=\"46\">Inga milj\u00f6farliga \u00e4mnen<\/p>\n<p><img loading=\"lazy\" decoding=\"async\" class=\"\" src=\"\/wp-content\/uploads\/2024\/08\/indeholder-parfume.svg\" width=\"46\" height=\"46\">Inneh\u00e5ller en mycket liten m\u00e4ngd allergiv\u00e4nlig och 100 % naturlig doft<\/p>\n<p>&nbsp;<\/p>\n[cg_accordion title=\"Produktbeskrivning\" open=\"open\"]<\/p>\n<p>Ekologisk och vegansk vattenavst\u00f6tande solkr\u00e4m f\u00f6r ansiktet fr\u00e5n ZAO med ett 100% naturligt mineralfilter. Solkr\u00e4men ger ett h\u00f6gt skydd utan att l\u00e4mna vita m\u00e4rken. Den skadar inte den marina milj\u00f6n och har testats p\u00e5 korallrev f\u00f6r att s\u00e4kerst\u00e4lla att den inte skadar ens de mest \u00f6mt\u00e5liga korallerna. Den \u00e4r berikad med plommonolja, som \u00e4r rik p\u00e5 omega 6 och 9 som hj\u00e4lper till att h\u00e5lla huden \u00e5terfuktad. Den inneh\u00e5ller en liten m\u00e4ngd tigerblomsextrakt, som har en mild vaniljdoft.    <\/p>\n<ul>\n<li data-iconic-wlv-term-label=\"ZAO Ansigtscreme\"><strong>Ekologiskt och veganskt certifierat solskyddsmedel<\/strong><\/li>\n<li data-iconic-wlv-term-label=\"ZAO Ansigtscreme\">100% <strong>naturligt filter<\/strong><\/li>\n<li data-iconic-wlv-term-label=\"ZAO Ansigtscreme\">Ger <strong>h\u00f6gt skydd utan att l\u00e4mna vita m\u00e4rken<\/strong><\/li>\n<li data-iconic-wlv-term-label=\"ZAO Ansigtscreme\">L\u00e5g p\u00e5verkan p\u00e5 den marina milj\u00f6n och<strong> testas p\u00e5 korallrev<\/strong><\/li>\n<li data-iconic-wlv-term-label=\"ZAO Ansigtscreme\">Berikad med plommonolja, som \u00e4r rik p\u00e5 <strong>omega 6 och 9 och hj\u00e4lper till att h\u00e5lla huden \u00e5terfuktad<\/strong><\/li>\n<li data-iconic-wlv-term-label=\"ZAO Ansigtscreme\"><strong>Extrakt av tigerblomma<\/strong> ger en <strong>mild vaniljdoft<\/strong><\/li>\n<\/ul>\n<p><img loading=\"lazy\" decoding=\"async\" class=\"alignnone size-full wp-image-8916\" src=\"\/wp-content\/uploads\/2024\/08\/zao-certificeringer.jpg\" alt=\"\" width=\"479\" height=\"93\" srcset=\"https:\/\/i0.wp.com\/healthyhead.dk\/wp-content\/uploads\/2024\/08\/zao-certificeringer.jpg?w=479&amp;ssl=1 479w, https:\/\/i0.wp.com\/healthyhead.dk\/wp-content\/uploads\/2024\/08\/zao-certificeringer.jpg?resize=300%2C58&amp;ssl=1 300w, https:\/\/i0.wp.com\/healthyhead.dk\/wp-content\/uploads\/2024\/08\/zao-certificeringer.jpg?resize=441%2C86&amp;ssl=1 441w, https:\/\/i0.wp.com\/healthyhead.dk\/wp-content\/uploads\/2024\/08\/zao-certificeringer.jpg?resize=150%2C29&amp;ssl=1 150w\" sizes=\"(max-width: 479px) 100vw, 479px\" \/><br \/>\n[\/cg_accordion]\n[cg_accordion title=\"Tips f\u00f6r anv\u00e4ndning\"]\n<ul>\n<li>Applicera solskyddsmedel j\u00e4mnt och rikligt \u00f6ver hela ansiktet och halsen innan du g\u00e5r ut i solen.<\/li>\n<li>Applicera varannan timme vid l\u00e5ngvarig exponering f\u00f6r solen.<\/li>\n<\/ul>\n<p>&nbsp;<\/p>\n<p>[\/cg_accordion][cg_accordion title=\"Ingredienser\"]<\/p>\n<div class=\"group\/conversation-turn relative flex w-full min-w-0 flex-col agent-turn\">\n<div class=\"flex-col gap-1 md:gap-3\">\n<div class=\"flex max-w-full flex-col flex-grow\">\n<div class=\"min-h-8 text-message flex w-full flex-col items-end gap-2 whitespace-normal break-words text-start [.text-message+&amp;]:mt-5\" dir=\"auto\" data-message-author-role=\"assistant\" data-message-id=\"964dc2be-9351-45c2-b544-e8b38996d5b4\" data-message-model-slug=\"gpt-4o\">\n<div class=\"flex w-full flex-col gap-1 empty:hidden first:pt-[3px]\">\n<div class=\"markdown prose w-full break-words dark:prose-invert light\">\n<p><strong>Organic Plum Tree Oil<\/strong><br \/>\nDenna v\u00e4rdefulla olja, som utvinns ur plommontr\u00e4dets fr\u00f6n och \u00e4r rik p\u00e5 antioxidanter och essentiella fettsyror, \u00e4r uppskattad f\u00f6r sin f\u00f6rm\u00e5ga att \u00e5terfukta och vitalisera huden p\u00e5 djupet och g\u00f6ra den mjuk och str\u00e5lande.<\/p>\n<p><strong>Ekologisk bambumacerat<\/strong><br \/>\nBambu \u00e4r extremt rik p\u00e5 organisk kiseldioxid, vars externa tillf\u00f6rsel \u00e4r n\u00f6dv\u00e4ndig f\u00f6r att bibeh\u00e5lla elasticiteten i epidermis. Organisk kiseldioxid stimulerar ocks\u00e5 processen f\u00f6r kollagenproduktion. <\/p>\n<\/div>\n<\/div>\n<\/div>\n<\/div>\n<\/div>\n<\/div>\n<p><b>INCI-lista: <\/b>Caprylic \/ Capric Triglyceride, Helianthus Annuus Hybrid Oil*, Zinc Oxide [nano], Trihydroxystearin, Helianthus Annuus Seed Oil Unsaponifiables*, Prunus Domestica Seed Oil*, Glyceryl Isostearate, Helianthus Annuus Seed Oil, Parfum, Polyhydroxystearic Acid, Bambusa Arundinacea Stem Extract*, Tocopherol.<\/p>\n<p>&nbsp;<\/p>\n<p>[\/cg_accordion]<\/p>\n","protected":false},"featured_media":258343,"template":"","meta":{"_acf_changed":false},"product_brand":[565,1192],"product_cat":[801],"product_tag":[],"class_list":{"0":"post-266946","1":"product","2":"type-product","3":"status-publish","4":"has-post-thumbnail","6":"product_brand-zao","7":"product_brand-zao-hudvaard","8":"product_cat-solvaard","10":"first","11":"instock","12":"taxable","13":"shipping-taxable","14":"purchasable","15":"product-type-simple"},"acf":[],"_links":{"self":[{"href":"https:\/\/healthyhead.dk\/sv\/wp-json\/wp\/v2\/product\/266946","targetHints":{"allow":["GET"]}}],"collection":[{"href":"https:\/\/healthyhead.dk\/sv\/wp-json\/wp\/v2\/product"}],"about":[{"href":"https:\/\/healthyhead.dk\/sv\/wp-json\/wp\/v2\/types\/product"}],"version-history":[{"count":0,"href":"https:\/\/healthyhead.dk\/sv\/wp-json\/wp\/v2\/product\/266946\/revisions"}],"wp:featuredmedia":[{"embeddable":true,"href":"https:\/\/healthyhead.dk\/sv\/wp-json\/wp\/v2\/media\/258343"}],"wp:attachment":[{"href":"https:\/\/healthyhead.dk\/sv\/wp-json\/wp\/v2\/media?parent=266946"}],"wp:term":[{"taxonomy":"product_brand","embeddable":true,"href":"https:\/\/healthyhead.dk\/sv\/wp-json\/wp\/v2\/product_brand?post=266946"},{"taxonomy":"product_cat","embeddable":true,"href":"https:\/\/healthyhead.dk\/sv\/wp-json\/wp\/v2\/product_cat?post=266946"},{"taxonomy":"product_tag","embeddable":true,"href":"https:\/\/healthyhead.dk\/sv\/wp-json\/wp\/v2\/product_tag?post=266946"}],"curies":[{"name":"wp","href":"https:\/\/api.w.org\/{rel}","templated":true}]}}