{"id":267144,"date":"2024-12-19T13:39:25","date_gmt":"2024-12-19T13:39:25","guid":{"rendered":"https:\/\/new.healthyhead.dk\/vare\/zao-okologisk-moisturising-light-cream-ansigtscreme-50-ml\/"},"modified":"2025-08-06T18:36:09","modified_gmt":"2025-08-06T18:36:09","slug":"zao-okologisk-moisturising-light-cream-ansigtscreme-50-ml","status":"publish","type":"product","link":"https:\/\/healthyhead.dk\/sv\/produkt\/zao-okologisk-moisturising-light-cream-ansigtscreme-50-ml\/","title":{"rendered":"ZAO, Ekologisk Moisturising Light Cream, Ansiktskr\u00e4m, 50 ml"},"content":{"rendered":"","protected":false},"excerpt":{"rendered":"<p><img decoding=\"async\" class=\"\" src=\"\/wp-content\/uploads\/2024\/08\/Ingen-kemi.svg\" alt=\"\" width=\"45\" height=\"45\">Inga hormonst\u00f6rande \u00e4mnen<\/p>\n<p><img decoding=\"async\" class=\"\" src=\"\/wp-content\/uploads\/2024\/08\/Ingen-allergifremkaldende.svg\" alt=\"\" width=\"46\" height=\"46\">Inga allergiframkallande \u00e4mnen<\/p>\n<p><img decoding=\"async\" class=\"\" src=\"\/wp-content\/uploads\/2024\/08\/Ingen-miljoebelastende.svg\" width=\"46\" height=\"46\">Inga milj\u00f6farliga \u00e4mnen<\/p>\n<p><img loading=\"lazy\" decoding=\"async\" class=\"\" src=\"\/wp-content\/uploads\/2024\/08\/indeholder-parfume.svg\" width=\"46\" height=\"46\">Inneh\u00e5ller en mycket liten m\u00e4ngd allergiv\u00e4nlig och 100 % naturlig doft<\/p>\n<p>&nbsp;<\/p>\n[cg_accordion title=\"Produktbeskrivning\" open=\"open\"]<\/p>\n<p>Ekologisk Moisturising Light Cream fr\u00e5n franska ZAO. Det \u00e4r en l\u00e4tt \u00e5terfuktande kr\u00e4m som lugnar och mjukg\u00f6r din hud. Den \u00e4r l\u00e4mplig f\u00f6r alla hudtyper, \u00e4ven de mest k\u00e4nsliga, tack vare lugnande ingredienser som ekologisk aloe vera, ekologiskt ringblomsvatten och bambuvatten. Kr\u00e4men \u00e4r baserad p\u00e5 100% naturliga ingredienser utan riskfyllda kemikalier. Certifierad ekologisk och vegansk.    <\/p>\n<ul>\n<li class=\"iconic-wlv-terms__term iconic-wlv-terms__term--zao-ansigtscreme iconic-wlv-terms__term--instock iconic-wlv-terms__term--current iconic-wlv-terms__term--image\" data-iconic-wlv-term-label=\"ZAO Ansigtscreme\">Ekologisk ansiktskr\u00e4m<\/li>\n<li data-iconic-wlv-term-label=\"ZAO Ansigtscreme\">L\u00e4tt och \u00e5terfuktande med lugnande och mjukg\u00f6rande egenskaper<\/li>\n<li data-iconic-wlv-term-label=\"ZAO Ansigtscreme\">L\u00e4mplig f\u00f6r alla hudtyper, \u00e4ven k\u00e4nslig<\/li>\n<li data-iconic-wlv-term-label=\"ZAO Ansigtscreme\">Inneh\u00e5ller ekologisk aloe vera, ringblomsvatten och bambuvatten.<\/li>\n<\/ul>\n<p><img loading=\"lazy\" decoding=\"async\" class=\"alignnone size-full wp-image-8916\" src=\"\/wp-content\/uploads\/2024\/08\/zao-certificeringer.jpg\" alt=\"\" width=\"479\" height=\"93\" srcset=\"https:\/\/i0.wp.com\/healthyhead.dk\/wp-content\/uploads\/2024\/08\/zao-certificeringer.jpg?w=479&amp;ssl=1 479w, https:\/\/i0.wp.com\/healthyhead.dk\/wp-content\/uploads\/2024\/08\/zao-certificeringer.jpg?resize=300%2C58&amp;ssl=1 300w, https:\/\/i0.wp.com\/healthyhead.dk\/wp-content\/uploads\/2024\/08\/zao-certificeringer.jpg?resize=441%2C86&amp;ssl=1 441w, https:\/\/i0.wp.com\/healthyhead.dk\/wp-content\/uploads\/2024\/08\/zao-certificeringer.jpg?resize=150%2C29&amp;ssl=1 150w\" sizes=\"(max-width: 479px) 100vw, 479px\" \/><br \/>\n[\/cg_accordion]\n[cg_accordion title=\"Tips f\u00f6r anv\u00e4ndning\"]<\/p>\n<p>P\u00e5 rengjord hud och efter serumet, applicera en liten m\u00e4ngd kr\u00e4m p\u00e5 hela ansiktet och halsen. Sm\u00f6rj in kr\u00e4men fr\u00e5n mitten av ansiktet och ut\u00e5t. F\u00f6r halsen, j\u00e4mna ut kr\u00e4men nedifr\u00e5n och upp.  <\/p>\n<p><strong>ANV\u00c4NDNINGSFREKVENS:<\/strong> Morgon och kv\u00e4ll. Daglig anv\u00e4ndning. <\/p>\n<p>[\/cg_accordion]\n[cg_accordion title=\"Ingredienser\"]<\/p>\n<p><strong>Ekologisk Aloe Vera:<\/strong><\/p>\n<p>Aloe vera \u00e4r k\u00e4nd f\u00f6r sina lugnande egenskaper och reparerar och lugnar \u00e4ven den k\u00e4nsligaste huden med ett pH-v\u00e4rde som ligger n\u00e4ra hudens pH-v\u00e4rde 4,5. Det \u00e4r en utm\u00e4rkt fuktighetskr\u00e4m som fr\u00e4mjar elasticitet och f\u00f6rebygger hudens \u00e5ldrande. <\/p>\n<p><strong>Ekologiskt vatten fr\u00e5n ringblomman:<\/strong><\/p>\n<p>Ringblommans blomvatten, som utvinns genom destillering av ringblommans blommor, \u00e4r en underbar produkt f\u00f6r k\u00e4nslig eller irriterad hud. Den \u00e4r k\u00e4nd f\u00f6r sina lugnande, mjukg\u00f6rande och reparerande egenskaper och g\u00f6r huden mjuk och smidig. <\/p>\n<p><strong>Ekologiskt vatten fr\u00e5n bambublomster:<\/strong><\/p>\n<p>Bambublommans vatten \u00e4r lugnande och renande och \u00e5terfuktar huden p\u00e5 djupet samtidigt som det mattar ner eventuell glans. Dess rika inneh\u00e5ll av organisk kiseldioxid l\u00e4mnar en mjuk, silkeslen hinna som g\u00f6r huden mjuk och len som sammet. <\/p>\n<p><b>INCI-lista:<\/b> Aloe Barbadensis Leaf Juice*, C 9 12 Alkanes, Calendula Officinalis Flowerwater*, Glycerin, Aqua, Polyglyceryl 10 Myristate, Polyglyceryl 10 Stearate, Glyceryl Behenate,propanediol, 2 3 Butanediol, Coco Caprylate\/caprate, Helianthus Annuus Seed Oil Unsaponifiables*, Phyllostachys Prominens Leaf Water*, Prunus Armeniaca Kernel Oil*, Sodium Hyaluronate, Helianthus Annuus Seed Oil, Sodium Phytate, Tocopherol, Limonium Narbonense Flower\/leaf\/stem Extract, Citric Acid, Sodium Levulinate, Xanthan Gum, Levulinic Acid, Sodium.<\/p>\n<p>[\/cg_accordion]\n","protected":false},"featured_media":258387,"template":"","meta":{"_acf_changed":false},"product_brand":[565],"product_cat":[781],"product_tag":[],"class_list":{"0":"post-267144","1":"product","2":"type-product","3":"status-publish","4":"has-post-thumbnail","6":"product_brand-zao","7":"product_cat-ansiktskraem-serum","9":"first","10":"instock","11":"taxable","12":"shipping-taxable","13":"purchasable","14":"product-type-simple"},"acf":[],"_links":{"self":[{"href":"https:\/\/healthyhead.dk\/sv\/wp-json\/wp\/v2\/product\/267144","targetHints":{"allow":["GET"]}}],"collection":[{"href":"https:\/\/healthyhead.dk\/sv\/wp-json\/wp\/v2\/product"}],"about":[{"href":"https:\/\/healthyhead.dk\/sv\/wp-json\/wp\/v2\/types\/product"}],"version-history":[{"count":0,"href":"https:\/\/healthyhead.dk\/sv\/wp-json\/wp\/v2\/product\/267144\/revisions"}],"wp:featuredmedia":[{"embeddable":true,"href":"https:\/\/healthyhead.dk\/sv\/wp-json\/wp\/v2\/media\/258387"}],"wp:attachment":[{"href":"https:\/\/healthyhead.dk\/sv\/wp-json\/wp\/v2\/media?parent=267144"}],"wp:term":[{"taxonomy":"product_brand","embeddable":true,"href":"https:\/\/healthyhead.dk\/sv\/wp-json\/wp\/v2\/product_brand?post=267144"},{"taxonomy":"product_cat","embeddable":true,"href":"https:\/\/healthyhead.dk\/sv\/wp-json\/wp\/v2\/product_cat?post=267144"},{"taxonomy":"product_tag","embeddable":true,"href":"https:\/\/healthyhead.dk\/sv\/wp-json\/wp\/v2\/product_tag?post=267144"}],"curies":[{"name":"wp","href":"https:\/\/api.w.org\/{rel}","templated":true}]}}