{"id":267148,"date":"2024-12-19T12:40:09","date_gmt":"2024-12-19T12:40:09","guid":{"rendered":"https:\/\/new.healthyhead.dk\/vare\/zao-okologisk-regenerating-concentrated-serum-30-ml\/"},"modified":"2025-07-11T09:18:01","modified_gmt":"2025-07-11T09:18:01","slug":"zao-okologisk-regenerating-concentrated-serum-30-ml","status":"publish","type":"product","link":"https:\/\/healthyhead.dk\/sv\/produkt\/zao-okologisk-regenerating-concentrated-serum-30-ml\/","title":{"rendered":"ZAO, Ekologiskt Regenerating Concentrated Serum, 30 ml"},"content":{"rendered":"","protected":false},"excerpt":{"rendered":"<p><img decoding=\"async\" class=\"\" src=\"\/wp-content\/uploads\/2024\/08\/Ingen-kemi.svg\" alt=\"\" width=\"45\" height=\"45\">Inga hormonst\u00f6rande \u00e4mnen<\/p>\n<p><img decoding=\"async\" class=\"\" src=\"\/wp-content\/uploads\/2024\/08\/Ingen-allergifremkaldende.svg\" alt=\"\" width=\"46\" height=\"46\">Inga allergiframkallande \u00e4mnen<\/p>\n<p><img decoding=\"async\" class=\"\" src=\"\/wp-content\/uploads\/2024\/08\/Ingen-miljoebelastende.svg\" width=\"46\" height=\"46\">Inga milj\u00f6farliga \u00e4mnen<\/p>\n<p><img loading=\"lazy\" decoding=\"async\" class=\"\" src=\"\/wp-content\/uploads\/2024\/08\/indeholder-parfume.svg\" width=\"46\" height=\"46\">Inneh\u00e5ller en mycket liten m\u00e4ngd allergiv\u00e4nlig och 100 % naturlig doft<\/p>\n<p>&nbsp;<\/p>\n[cg_accordion title=\"Produktbeskrivning\" open=\"open\"]<\/p>\n<p>Ekologiskt regenererande ansiktsserum fr\u00e5n franska ZAO. Det \u00e4r berikat med massor av ekologiska och naturliga ingredienser, t.ex. arganolja och jojobaolja, som f\u00f6rnyar huden, motverkar \u00e5lderstecken och ger den b\u00e5de lyster och smidighet. Det inneh\u00e5ller ocks\u00e5 ekologisk tamanuolja som har en lugnande effekt p\u00e5 huden. Serumet har en h\u00e4rlig doft av citronverbena och \u00e4r sj\u00e4lvklart certifierat ekologiskt och veganskt med 100% naturliga ingredienser.   <\/p>\n<ul>\n<li class=\"iconic-wlv-terms__term iconic-wlv-terms__term--zao-ansigtscreme iconic-wlv-terms__term--instock iconic-wlv-terms__term--current iconic-wlv-terms__term--image\" data-iconic-wlv-term-label=\"ZAO Ansigtscreme\">Ekologiskt och veganskt certifierat serum<\/li>\n<li data-iconic-wlv-term-label=\"ZAO Ansigtscreme\">Berikad med regenererande ingredienser som motverkar \u00e5lderstecken, t.ex. arganolja och jojobaolja<\/li>\n<li data-iconic-wlv-term-label=\"ZAO Ansigtscreme\">Inneh\u00e5ller \u00e4ven ekologisk tamanuolja, som har en lugnande effekt p\u00e5 huden<\/li>\n<li data-iconic-wlv-term-label=\"ZAO Ansigtscreme\">H\u00e4rlig och mild doft av citronverbena<\/li>\n<\/ul>\n<p><img loading=\"lazy\" decoding=\"async\" class=\"alignnone size-full wp-image-8916\" src=\"\/wp-content\/uploads\/2024\/08\/zao-certificeringer.jpg\" alt=\"\" width=\"479\" height=\"93\" srcset=\"https:\/\/i0.wp.com\/healthyhead.dk\/wp-content\/uploads\/2024\/08\/zao-certificeringer.jpg?w=479&amp;ssl=1 479w, https:\/\/i0.wp.com\/healthyhead.dk\/wp-content\/uploads\/2024\/08\/zao-certificeringer.jpg?resize=300%2C58&amp;ssl=1 300w, https:\/\/i0.wp.com\/healthyhead.dk\/wp-content\/uploads\/2024\/08\/zao-certificeringer.jpg?resize=441%2C86&amp;ssl=1 441w, https:\/\/i0.wp.com\/healthyhead.dk\/wp-content\/uploads\/2024\/08\/zao-certificeringer.jpg?resize=150%2C29&amp;ssl=1 150w\" sizes=\"(max-width: 479px) 100vw, 479px\" \/><br \/>\n[\/cg_accordion]\n[cg_accordion title=\"Tips f\u00f6r anv\u00e4ndning\"]<\/p>\n<div class=\"group\/conversation-turn relative flex w-full min-w-0 flex-col agent-turn\">\n<div class=\"flex-col gap-1 md:gap-3\">\n<div class=\"flex max-w-full flex-col flex-grow\">\n<div class=\"min-h-8 text-message flex w-full flex-col items-end gap-2 whitespace-normal break-words text-start [.text-message+&amp;]:mt-5\" dir=\"auto\" data-message-author-role=\"assistant\" data-message-id=\"e4fa14b7-77f6-40a2-8aff-f5dc659777d0\" data-message-model-slug=\"gpt-4o\">\n<div class=\"flex w-full flex-col gap-1 empty:hidden first:pt-[3px]\">\n<div class=\"markdown prose w-full break-words dark:prose-invert light\">\n<p>Applicera 3 till 4 droppar serum p\u00e5 rengjord och torr hud i hela ansiktet och p\u00e5 halsen f\u00f6re din vanliga kr\u00e4m. Massera f\u00f6rsiktigt in produkten fr\u00e5n mitten av ansiktet och ut\u00e5t. <\/p>\n<p><strong>ANV\u00c4NDNINGSFREKVENS:<\/strong> Morgon och kv\u00e4ll. Daglig anv\u00e4ndning. <\/p>\n<\/div>\n<\/div>\n<\/div>\n<\/div>\n<\/div>\n<\/div>\n<p>[\/cg_accordion]\n[cg_accordion title=\"Ingredienser\"]<\/p>\n<p><strong>Ekologisk arganolja<\/strong><\/p>\n<p>Arganolja \u00e4r rik p\u00e5 E-vitamin och k\u00e4nd f\u00f6r sina n\u00e4rande, regenererande och \u00e5teruppbyggande egenskaper. Dess h\u00f6ga inneh\u00e5ll av antioxidanter g\u00f6r den idealisk f\u00f6r att bek\u00e4mpa hudens \u00e5ldrande. Dess fettsyror \u00e5terger torr och undern\u00e4rd hud dess smidighet och mjukhet.  <\/p>\n<p><strong>Ekologisk tamanuolja<\/strong><\/p>\n<p>Denna olja utvinns ur n\u00f6tterna fr\u00e5n tamanuttr\u00e4det, som h\u00e4rstammar fr\u00e5n de tropiska regionerna i Indiska oceanen och Stilla havet (Madagaskar), och \u00e4r rik p\u00e5 essentiella fettsyror och antioxidanter. Den \u00e5terfuktar huden och bidrar till att minska uppkomsten av fina linjer och rynkor. Tack vare sina antiinflammatoriska egenskaper lugnar den irritation, rodnad och hudinflammation.  <\/p>\n<p><strong>Ekologisk jojobaolja<\/strong><\/p>\n<p>Jojobaolja \u00e4r k\u00e4nd f\u00f6r att f\u00f6rhindra uttorkning och \u00e5teruppliva kv\u00e4vd hud. Dess torra konsistens och ursprungliga sammans\u00e4ttning st\u00e4rker den hydrolipida filmen och reglerar talgproduktionen i fet hud. Den f\u00f6rnyar och bibeh\u00e5ller hudens smidighet och elasticitet och motverkar tecken p\u00e5 hud\u00e5ldrande.  <\/p>\n<p><b>INCI-lista:<\/b> Dicaprylyl Ether, Argania Spinosa Kernel Oil*, Persea Gratissima Oil*, Simmondsia Chinensis Seed Oil*, Helianthus Annuus Hybrid Oil*, Helianthus Annuus Seed Oil Unsaponifiables*, Calophyllum Inophyllum Seed Oil*, Helianthus Annuus Seed Oil, Brassica Campestris Seed Oil*, Tocopherol, Bambusa Arundinacea Stem Extract*, Litsea Cubeba Fruit Oil*, Citral, Cistus Monspeliensis Extract*, Stevia Rebaudiana Extract, Parfum, Polyglyceryl-3 Diisostearate, Limonene, Linalool, Geraniol. *Ingredienser fr\u00e5n ekologisk odling. <\/p>\n<p>[\/cg_accordion]\n","protected":false},"featured_media":258523,"template":"","meta":{"_acf_changed":false},"product_brand":[565],"product_cat":[781],"product_tag":[],"class_list":{"0":"post-267148","1":"product","2":"type-product","3":"status-publish","4":"has-post-thumbnail","6":"product_brand-zao","7":"product_cat-ansiktskraem-serum","9":"first","10":"instock","11":"taxable","12":"shipping-taxable","13":"purchasable","14":"product-type-simple"},"acf":[],"_links":{"self":[{"href":"https:\/\/healthyhead.dk\/sv\/wp-json\/wp\/v2\/product\/267148","targetHints":{"allow":["GET"]}}],"collection":[{"href":"https:\/\/healthyhead.dk\/sv\/wp-json\/wp\/v2\/product"}],"about":[{"href":"https:\/\/healthyhead.dk\/sv\/wp-json\/wp\/v2\/types\/product"}],"version-history":[{"count":0,"href":"https:\/\/healthyhead.dk\/sv\/wp-json\/wp\/v2\/product\/267148\/revisions"}],"wp:featuredmedia":[{"embeddable":true,"href":"https:\/\/healthyhead.dk\/sv\/wp-json\/wp\/v2\/media\/258523"}],"wp:attachment":[{"href":"https:\/\/healthyhead.dk\/sv\/wp-json\/wp\/v2\/media?parent=267148"}],"wp:term":[{"taxonomy":"product_brand","embeddable":true,"href":"https:\/\/healthyhead.dk\/sv\/wp-json\/wp\/v2\/product_brand?post=267148"},{"taxonomy":"product_cat","embeddable":true,"href":"https:\/\/healthyhead.dk\/sv\/wp-json\/wp\/v2\/product_cat?post=267148"},{"taxonomy":"product_tag","embeddable":true,"href":"https:\/\/healthyhead.dk\/sv\/wp-json\/wp\/v2\/product_tag?post=267148"}],"curies":[{"name":"wp","href":"https:\/\/api.w.org\/{rel}","templated":true}]}}