{"id":267152,"date":"2024-12-28T11:26:42","date_gmt":"2024-12-28T11:26:42","guid":{"rendered":"https:\/\/new.healthyhead.dk\/vare\/zao-okologisk-gentle-2-in-1-scrub-ansigtsmaske-og-scrub-50-ml\/"},"modified":"2025-08-06T18:41:28","modified_gmt":"2025-08-06T18:41:28","slug":"zao-ekologisk-mjuk-2-in-1-skrubba-ansiktsmask-och-skrubba-50-ml","status":"publish","type":"product","link":"https:\/\/healthyhead.dk\/sv\/produkt\/zao-ekologisk-mjuk-2-in-1-skrubba-ansiktsmask-och-skrubba-50-ml\/","title":{"rendered":"ZAO, Ekologisk Gentle 2 in 1 Scrub, Ansiktsmask och Skrubb, 50 ml"},"content":{"rendered":"","protected":false},"excerpt":{"rendered":"<p><img decoding=\"async\" class=\"\" src=\"\/wp-content\/uploads\/2024\/08\/Ingen-kemi.svg\" alt=\"\" width=\"45\" height=\"45\">Inga hormonst\u00f6rande \u00e4mnen<\/p>\n<p><img decoding=\"async\" class=\"\" src=\"\/wp-content\/uploads\/2024\/08\/Ingen-allergifremkaldende.svg\" alt=\"\" width=\"46\" height=\"46\">Inga allergiframkallande \u00e4mnen<\/p>\n<p><img decoding=\"async\" class=\"\" src=\"\/wp-content\/uploads\/2024\/08\/Ingen-miljoebelastende.svg\" width=\"46\" height=\"46\">Inga milj\u00f6farliga \u00e4mnen<\/p>\n<p><img loading=\"lazy\" decoding=\"async\" class=\"\" src=\"\/wp-content\/uploads\/2024\/08\/indeholder-parfume.svg\" width=\"46\" height=\"46\">Inneh\u00e5ller en mycket liten m\u00e4ngd allergiv\u00e4nlig och 100 % naturlig doft<\/p>\n<p>&nbsp;<\/p>\n[cg_accordion title=\"Produktbeskrivning\" open=\"open\"]<\/p>\n<p>Ekologisk 2 i 1 skrubb och ansiktsmask fr\u00e5n franska ZAO. Den passar alla hudtyper, \u00e4ven de mest k\u00e4nsliga, tack vare sina ingredienser med \u00e5terfuktande egenskaper som ekologiskt sheasm\u00f6r, antioxidanter som \u00e4ppelextrakt och lugnande egenskaper som ekologiskt bambublomsvatten. Med sin milda doft av r\u00f6da frukter exfolierar den f\u00f6rsiktigt och j\u00e4mnar ut hudstrukturen f\u00f6r en j\u00e4mn och str\u00e5lande hy. Den kan anv\u00e4ndas som en skrubb genom att masseras in i huden med cirkul\u00e4ra r\u00f6relser. Eller som en ansiktsmask som du l\u00e5ter verka i 5-10 minuter. Den \u00e4r naturligtvis certifierad ekologisk och vegansk med 100% naturliga ingredienser.     <\/p>\n<ul>\n<li class=\"iconic-wlv-terms__term iconic-wlv-terms__term--zao-ansigtscreme iconic-wlv-terms__term--instock iconic-wlv-terms__term--current iconic-wlv-terms__term--image\" data-iconic-wlv-term-label=\"ZAO Ansigtscreme\">Ekologisk ansiktsskrubb som varsamt <strong>exfolierar<\/strong> huden<\/li>\n<li data-iconic-wlv-term-label=\"ZAO Ansigtscreme\">Inneh\u00e5ller ekologiskt sheasm\u00f6r f\u00f6r att <strong>mjuka upp huden<\/strong><\/li>\n<li data-iconic-wlv-term-label=\"ZAO Ansigtscreme\">\u00c4ppelextrakt som \u00e4r en kraftfull <strong>antioxidant<\/strong><\/li>\n<li data-iconic-wlv-term-label=\"ZAO Ansigtscreme\">Bambuvatten med <strong>lugnande egenskaper<\/strong><\/li>\n<li data-iconic-wlv-term-label=\"ZAO Ansigtscreme\">Har en<strong> mild doft av r\u00f6da b\u00e4r<\/strong><\/li>\n<\/ul>\n<p><img loading=\"lazy\" decoding=\"async\" class=\"alignnone size-full wp-image-8916\" src=\"\/wp-content\/uploads\/2024\/08\/zao-certificeringer.jpg\" alt=\"\" width=\"479\" height=\"93\" srcset=\"https:\/\/i0.wp.com\/healthyhead.dk\/wp-content\/uploads\/2024\/08\/zao-certificeringer.jpg?w=479&amp;ssl=1 479w, https:\/\/i0.wp.com\/healthyhead.dk\/wp-content\/uploads\/2024\/08\/zao-certificeringer.jpg?resize=300%2C58&amp;ssl=1 300w, https:\/\/i0.wp.com\/healthyhead.dk\/wp-content\/uploads\/2024\/08\/zao-certificeringer.jpg?resize=441%2C86&amp;ssl=1 441w, https:\/\/i0.wp.com\/healthyhead.dk\/wp-content\/uploads\/2024\/08\/zao-certificeringer.jpg?resize=150%2C29&amp;ssl=1 150w\" sizes=\"(max-width: 479px) 100vw, 479px\" \/><br \/>\n[\/cg_accordion]\n[cg_accordion title=\"Tips f\u00f6r anv\u00e4ndning\"]\n<ul>\n<li>Applicera p\u00e5 rengjord och \u00e5terfuktad hud.<\/li>\n<li>Applicera ett l\u00e4tt lager av skrubben p\u00e5 ansikte och hals, undvik det k\u00e4nsliga \u00f6gonomr\u00e5det. L\u00e5t produkten verka p\u00e5 huden i 5-10 minuter och sk\u00f6lj sedan av. Eller exfoliera huden med cirkul\u00e4ra r\u00f6relser och sk\u00f6lj sedan av.  <\/li>\n<li>Anv\u00e4nd<strong> 1 till 2 g\u00e5nger i veckan<\/strong><\/li>\n<li>[\/cg_accordion][cg_accordion title=\"Ingredienser\"]Ekologiskt <strong>sheasm\u00f6r:<\/strong>Sheasm\u00f6r utvinns ur frukten av sheatr\u00e4det, som v\u00e4xer vilt endast p\u00e5 savannerna i V\u00e4stafrika. Dess fettsyrasammans\u00e4ttning ger det \u00e5terfuktande och n\u00e4rande egenskaper<strong>.Ekologiskt \u00e4pp<\/strong>elextrakt: \u00c4ppelextrakt \u00e4r en formidabel k\u00e4lla till antioxidanter, vilket g\u00f6r att det effektivt kan f\u00e5nga de fria radikaler som \u00e4r ansvariga f\u00f6r vissa hud\u00e5kommor. Det hj\u00e4lper d\u00e4rf\u00f6r till att skydda huden fr\u00e5n yttre p\u00e5verkan och f\u00f6rhindra f\u00f6r tidigt \u00e5ldrande. Det hj\u00e4lper ocks\u00e5 till att \u00e5terst\u00e4lla volym och densitet i huden<strong>.Ekologiskt bambublommvatten:<\/strong>Bambublommvatten \u00e4r lugnande och renande och \u00e5terfuktar huden p\u00e5 djupet samtidigt som det mattar ner eventuell glans. Dess rikedom p\u00e5 organisk kiseldioxid l\u00e4mnar en mjuk, silkeslen film som g\u00f6r huden lugnad och sammetslen.<b>INCI-lista:<\/b> Ingredienslista (F1): Aqua, Helianthus Annuus Hybrid Oil*, Phyllostachys Prominens Leaf Water*, Kaolin, Butyrospermum Parkii Butter*, Glyceryl Stearate Citrate, Glyceryl Behenate, Cetyl Alcohol, Glycerin, Parfum, Lactic Acid, Olea Europaea Seed Powder, Illite, Pyrus Malus Fruit Extract, Helianthus Annuus Seed Oil, Tocopherol, Sodium Levulinate, Xanthan Gum, Citric Acid, Glyceryl Caprylate, Levulinic Acid, Sodium Hydroxide, Sodium Anisate, Ci 77491, Sodium Citrate. *Ingredienser fr\u00e5n ekologisk odling.\n<p>[\/cg_accordion]<\/li>\n<\/ul>\n<p>&nbsp;<\/p>\n","protected":false},"featured_media":258491,"template":"","meta":{"_acf_changed":false},"product_brand":[565],"product_cat":[789],"product_tag":[],"class_list":{"0":"post-267152","1":"product","2":"type-product","3":"status-publish","4":"has-post-thumbnail","6":"product_brand-zao","7":"product_cat-ansiktsskrubb","9":"first","10":"instock","11":"taxable","12":"shipping-taxable","13":"purchasable","14":"product-type-simple"},"acf":[],"_links":{"self":[{"href":"https:\/\/healthyhead.dk\/sv\/wp-json\/wp\/v2\/product\/267152","targetHints":{"allow":["GET"]}}],"collection":[{"href":"https:\/\/healthyhead.dk\/sv\/wp-json\/wp\/v2\/product"}],"about":[{"href":"https:\/\/healthyhead.dk\/sv\/wp-json\/wp\/v2\/types\/product"}],"version-history":[{"count":0,"href":"https:\/\/healthyhead.dk\/sv\/wp-json\/wp\/v2\/product\/267152\/revisions"}],"wp:featuredmedia":[{"embeddable":true,"href":"https:\/\/healthyhead.dk\/sv\/wp-json\/wp\/v2\/media\/258491"}],"wp:attachment":[{"href":"https:\/\/healthyhead.dk\/sv\/wp-json\/wp\/v2\/media?parent=267152"}],"wp:term":[{"taxonomy":"product_brand","embeddable":true,"href":"https:\/\/healthyhead.dk\/sv\/wp-json\/wp\/v2\/product_brand?post=267152"},{"taxonomy":"product_cat","embeddable":true,"href":"https:\/\/healthyhead.dk\/sv\/wp-json\/wp\/v2\/product_cat?post=267152"},{"taxonomy":"product_tag","embeddable":true,"href":"https:\/\/healthyhead.dk\/sv\/wp-json\/wp\/v2\/product_tag?post=267152"}],"curies":[{"name":"wp","href":"https:\/\/api.w.org\/{rel}","templated":true}]}}