{"id":267156,"date":"2024-12-28T13:14:06","date_gmt":"2024-12-28T13:14:06","guid":{"rendered":"https:\/\/new.healthyhead.dk\/vare\/zao-okologisk-detox-facial-cleanser-ansigtssaebe-70-g\/"},"modified":"2025-08-06T18:43:41","modified_gmt":"2025-08-06T18:43:41","slug":"zao-okologisk-detox-facial-cleanser-ansigtssaebe-70g","status":"publish","type":"product","link":"https:\/\/healthyhead.dk\/sv\/produkt\/zao-okologisk-detox-facial-cleanser-ansigtssaebe-70g\/","title":{"rendered":"ZAO, Ekologisk Detox Facial Cleanser, Ansiktstv\u00e5l, 70 g"},"content":{"rendered":"","protected":false},"excerpt":{"rendered":"<p><img decoding=\"async\" class=\"\" src=\"\/wp-content\/uploads\/2024\/08\/Ingen-kemi.svg\" alt=\"\" width=\"45\" height=\"45\">Inga hormonst\u00f6rande \u00e4mnen<\/p>\n<p><img decoding=\"async\" class=\"\" src=\"\/wp-content\/uploads\/2024\/08\/Ingen-allergifremkaldende.svg\" alt=\"\" width=\"46\" height=\"46\">Inga allergiframkallande \u00e4mnen<\/p>\n<p><img decoding=\"async\" class=\"\" src=\"\/wp-content\/uploads\/2024\/08\/Ingen-miljoebelastende.svg\" width=\"46\" height=\"46\">Inga milj\u00f6farliga \u00e4mnen<\/p>\n<p><img loading=\"lazy\" decoding=\"async\" class=\"alignnone wp-image-8756\" src=\"\/wp-content\/uploads\/2024\/08\/Ingen-parfume.svg\" alt=\"\" width=\"45\" height=\"45\" srcset=\"https:\/\/healthyhead.dk\/wp-content\/uploads\/Ingen-parfume.svg 150w, https:\/\/healthyhead.dk\/wp-content\/uploads\/Ingen-parfume.svg 300w, https:\/\/healthyhead.dk\/wp-content\/uploads\/Ingen-parfume.svg 768w, https:\/\/healthyhead.dk\/wp-content\/uploads\/Ingen-parfume.svg 1024w, https:\/\/healthyhead.dk\/wp-content\/uploads\/Ingen-parfume.svg 250w\" sizes=\"(max-width: 45px) 100vw, 45px\" \/>Ingen parfym<\/p>\n<p>&nbsp;<\/p>\n[cg_accordion title=\"Produktbeskrivning\" open=\"open\"]<\/p>\n<p>Ekologisk och vegansk ansiktstv\u00e5l fr\u00e5n ZAO. Tv\u00e5len reng\u00f6r p\u00e5 djupet samtidigt som den skyddar hudens naturliga balans. Den \u00e4r berikad med bambukol, k\u00e4nt f\u00f6r sina absorberande och reng\u00f6rande egenskaper, vilket \u00e4r perfekt f\u00f6r att avl\u00e4gsna orenheter, \u00f6verfl\u00f6digt talg och toxiner.  <\/p>\n<ul>\n<li data-iconic-wlv-term-label=\"ZAO Ansigtscreme\"><strong>Ekologisk och vegansk ansiktstv\u00e5l<\/strong><\/li>\n<li data-iconic-wlv-term-label=\"ZAO Ansigtscreme\">Berikad med <strong>bambukol<\/strong> f\u00f6r att avl\u00e4gsna<strong> orenheter, \u00f6verfl\u00f6digt talg och toxiner<\/strong><\/li>\n<\/ul>\n<p><img loading=\"lazy\" decoding=\"async\" class=\"alignnone size-full wp-image-8916\" src=\"\/wp-content\/uploads\/2024\/08\/zao-certificeringer.jpg\" alt=\"\" width=\"479\" height=\"93\" srcset=\"https:\/\/i0.wp.com\/healthyhead.dk\/wp-content\/uploads\/2024\/08\/zao-certificeringer.jpg?w=479&amp;ssl=1 479w, https:\/\/i0.wp.com\/healthyhead.dk\/wp-content\/uploads\/2024\/08\/zao-certificeringer.jpg?resize=300%2C58&amp;ssl=1 300w, https:\/\/i0.wp.com\/healthyhead.dk\/wp-content\/uploads\/2024\/08\/zao-certificeringer.jpg?resize=441%2C86&amp;ssl=1 441w, https:\/\/i0.wp.com\/healthyhead.dk\/wp-content\/uploads\/2024\/08\/zao-certificeringer.jpg?resize=150%2C29&amp;ssl=1 150w\" sizes=\"(max-width: 479px) 100vw, 479px\" \/><br \/>\n[\/cg_accordion]\n[cg_accordion title=\"Tips f\u00f6r anv\u00e4ndning\"]\n<ul>\n<li style=\"list-style-type: none;\">\n<ul>\n<li>H\u00e5ll tv\u00e5len under vatten och l\u00f6ddra den mellan h\u00e4nderna.<\/li>\n<li>Applicera sedan skummet p\u00e5 ansiktet med cirkul\u00e4ra r\u00f6relser.<\/li>\n<li>Fokusera p\u00e5 ansiktets T-zon (haka, n\u00e4sa och panna). Sk\u00f6lj noggrant med rent vatten. Undvik kontakt med \u00f6gonen.  <\/li>\n<\/ul>\n<\/li>\n<\/ul>\n<p>Anv\u00e4nd dagligen &#8211; morgon och kv\u00e4ll.<\/p>\n<p>&nbsp;<\/p>\n<p>[\/cg_accordion][cg_accordion title=\"Ingredienser\"]<\/p>\n<h3><strong>Bambu tr\u00e4kol<\/strong><\/h3>\n<p><strong>F\u00f6r att skonsamt exfoliera huden:<\/strong> kiselrikt aktivt bambukol har en l\u00e4tt slipande men skonsam effekt och ger huden en mild mekanisk exfoliering. Det avl\u00e4gsnar d\u00f6da hudceller fr\u00e5n hudytan och stimulerar cellf\u00f6rnyelsen. <\/p>\n<p><strong>F\u00f6r att minska \u00f6verfl\u00f6digt<\/strong> sebum: En ansamling av sebum kan t\u00e4ppa till porerna och leda till att det bildas blemmor som pormaskar och\/eller finnar. Genom att absorbera \u00f6verfl\u00f6digt talg f\u00f6rhindrar aktivt kol uppkomsten av finnar och ger fet hud ett matt utseende. <\/p>\n<p><strong>F\u00f6r att avl\u00e4gsna orenheter:<\/strong> Aktivt kol kan absorbera toxiner, mikropartiklar och orenheter fr\u00e5n hudens yta. Det \u00e4r k\u00e4nt f\u00f6r sina avgiftande, dekontaminerande och renande egenskaper. <\/p>\n<p><b>INCI-lista: <\/b>Sodium Sunflowerseedate**, Aqua, Sodium Cocoate**, Glycerin**, Tr\u00e4kolspulver. **Tillverkad med ekologiska ingredienser. <b><br \/>\n<\/b><\/p>\n<p>&nbsp;<\/p>\n<p>[\/cg_accordion][:]<\/p>\n","protected":false},"featured_media":258671,"template":"","meta":{"_acf_changed":false},"product_brand":[565],"product_cat":[785],"product_tag":[],"class_list":{"0":"post-267156","1":"product","2":"type-product","3":"status-publish","4":"has-post-thumbnail","6":"product_brand-zao","7":"product_cat-ansiktsrengoering","9":"first","10":"outofstock","11":"taxable","12":"shipping-taxable","13":"purchasable","14":"product-type-simple"},"acf":[],"_links":{"self":[{"href":"https:\/\/healthyhead.dk\/sv\/wp-json\/wp\/v2\/product\/267156","targetHints":{"allow":["GET"]}}],"collection":[{"href":"https:\/\/healthyhead.dk\/sv\/wp-json\/wp\/v2\/product"}],"about":[{"href":"https:\/\/healthyhead.dk\/sv\/wp-json\/wp\/v2\/types\/product"}],"version-history":[{"count":0,"href":"https:\/\/healthyhead.dk\/sv\/wp-json\/wp\/v2\/product\/267156\/revisions"}],"wp:featuredmedia":[{"embeddable":true,"href":"https:\/\/healthyhead.dk\/sv\/wp-json\/wp\/v2\/media\/258671"}],"wp:attachment":[{"href":"https:\/\/healthyhead.dk\/sv\/wp-json\/wp\/v2\/media?parent=267156"}],"wp:term":[{"taxonomy":"product_brand","embeddable":true,"href":"https:\/\/healthyhead.dk\/sv\/wp-json\/wp\/v2\/product_brand?post=267156"},{"taxonomy":"product_cat","embeddable":true,"href":"https:\/\/healthyhead.dk\/sv\/wp-json\/wp\/v2\/product_cat?post=267156"},{"taxonomy":"product_tag","embeddable":true,"href":"https:\/\/healthyhead.dk\/sv\/wp-json\/wp\/v2\/product_tag?post=267156"}],"curies":[{"name":"wp","href":"https:\/\/api.w.org\/{rel}","templated":true}]}}