{"id":267160,"date":"2024-12-28T15:24:03","date_gmt":"2024-12-28T15:24:03","guid":{"rendered":"https:\/\/new.healthyhead.dk\/vare\/zao-okologisk-cleansing-velvet-milk-ansigtsrens-100-ml\/"},"modified":"2025-08-06T18:47:36","modified_gmt":"2025-08-06T18:47:36","slug":"zao-ekologisk-velvet-milk-ansiktsrengoering","status":"publish","type":"product","link":"https:\/\/healthyhead.dk\/sv\/produkt\/zao-ekologisk-velvet-milk-ansiktsrengoering\/","title":{"rendered":"ZAO, Ekologisk Cleansing Velvet Milk, Ansiktsreng\u00f6ring, 100 ml"},"content":{"rendered":"","protected":false},"excerpt":{"rendered":"<p><img decoding=\"async\" class=\"\" src=\"\/wp-content\/uploads\/2024\/08\/Ingen-kemi.svg\" alt=\"\" width=\"45\" height=\"45\">Inga hormonst\u00f6rande \u00e4mnen<\/p>\n<p><img decoding=\"async\" class=\"\" src=\"\/wp-content\/uploads\/2024\/08\/Ingen-allergifremkaldende.svg\" alt=\"\" width=\"46\" height=\"46\">Inga allergiframkallande \u00e4mnen<\/p>\n<p><img decoding=\"async\" class=\"\" src=\"\/wp-content\/uploads\/2024\/08\/Ingen-miljoebelastende.svg\" width=\"46\" height=\"46\">Inga milj\u00f6farliga \u00e4mnen<\/p>\n<p><img loading=\"lazy\" decoding=\"async\" class=\"\" src=\"\/wp-content\/uploads\/2024\/08\/indeholder-parfume.svg\" width=\"46\" height=\"46\">Inneh\u00e5ller en mycket liten m\u00e4ngd allergiv\u00e4nlig och 100 % naturlig doft<\/p>\n<p>&nbsp;<\/p>\n[cg_accordion title=\"Produktbeskrivning\" open=\"open\"]<\/p>\n<p>Ekologisk ansiktsreng\u00f6ringsmj\u00f6lk fr\u00e5n franska ZAO. Formulan inneh\u00e5ller n\u00e4rande ekologiska ingredienser med lugnande egenskaper, bland annat bl\u00e5klint, bambuvatten och aloe vera. Den \u00e4r framtagen f\u00f6r alla hudtyper &#8211; \u00e4ven k\u00e4nslig &#8211; och reng\u00f6r skonsamt samtidigt som den \u00e5terfuktar huden. Den har en mild vaniljdoft och en kr\u00e4mig konsistens, vilket g\u00f6r den perfekt f\u00f6r sj\u00e4lvf\u00f6rk\u00e4rlek. ZAO Organic Cleansing Velvet Milk \u00e4r certifierad ekologisk och vegansk och baserad p\u00e5 100% naturliga ingredienser.    <\/p>\n<ul>\n<li data-iconic-wlv-term-label=\"ZAO Ansigtscreme\"><strong>Ekologisk och veganskt certifierad ansiktsreng\u00f6ringsmj\u00f6lk  <\/strong><\/li>\n<li data-iconic-wlv-term-label=\"ZAO Ansigtscreme\">Inneh\u00e5ller ekologisk bl\u00e5klint, bambuvatten och aloe vera, som har <strong>lugnande egenskaper<\/strong><\/li>\n<\/ul>\n<p><img loading=\"lazy\" decoding=\"async\" class=\"alignnone size-full wp-image-8916\" src=\"\/wp-content\/uploads\/2024\/08\/zao-certificeringer.jpg\" alt=\"\" width=\"479\" height=\"93\" srcset=\"https:\/\/i0.wp.com\/healthyhead.dk\/wp-content\/uploads\/2024\/08\/zao-certificeringer.jpg?w=479&amp;ssl=1 479w, https:\/\/i0.wp.com\/healthyhead.dk\/wp-content\/uploads\/2024\/08\/zao-certificeringer.jpg?resize=300%2C58&amp;ssl=1 300w, https:\/\/i0.wp.com\/healthyhead.dk\/wp-content\/uploads\/2024\/08\/zao-certificeringer.jpg?resize=441%2C86&amp;ssl=1 441w, https:\/\/i0.wp.com\/healthyhead.dk\/wp-content\/uploads\/2024\/08\/zao-certificeringer.jpg?resize=150%2C29&amp;ssl=1 150w\" sizes=\"(max-width: 479px) 100vw, 479px\" \/><br \/>\n[\/cg_accordion]\n[cg_accordion title=\"Tips f\u00f6r anv\u00e4ndning\"]\n<ul>\n<li style=\"list-style-type: none;\">\n<ul>\n<li>F\u00f6r perfekt sminkborttagning eller f\u00f6r att helt enkelt tona huden, anv\u00e4nd Radiance tonic lotion p\u00e5 rengjord och torr hud.<\/li>\n<li>Applicera lotionen \u00f6ver hela ansiktet och halsen med hj\u00e4lp av en bomullsrondell eller fingrarna och sl\u00e4ta ut eller klappa in i huden. Sk\u00f6lj inte av. <\/li>\n<li>Anv\u00e4nd dagligen &#8211; morgon och kv\u00e4ll.<\/li>\n<\/ul>\n<\/li>\n<\/ul>\n<p>[\/cg_accordion][cg_accordion title=\"Ingredienser\"]<\/p>\n<div class=\"group\/conversation-turn relative flex w-full min-w-0 flex-col agent-turn\">\n<div class=\"flex-col gap-1 md:gap-3\">\n<div class=\"flex max-w-full flex-col flex-grow\">\n<div class=\"min-h-8 text-message flex w-full flex-col items-end gap-2 whitespace-normal break-words text-start [.text-message+&amp;]:mt-5\" dir=\"auto\" data-message-author-role=\"assistant\" data-message-id=\"964dc2be-9351-45c2-b544-e8b38996d5b4\" data-message-model-slug=\"gpt-4o\">\n<div class=\"flex w-full flex-col gap-1 empty:hidden first:pt-[3px]\">\n<div class=\"markdown prose w-full break-words dark:prose-invert light\">\n<h4><strong>Ekologiskt blommigt vatten fr\u00e5n bl\u00e5klint<\/strong><\/h4>\n<p>Detta blomvatten \u00e4r traditionellt k\u00e4nt f\u00f6r att lugna och vitalisera tr\u00f6tta eller k\u00e4nsliga \u00f6gon, och det \u00e4r ocks\u00e5 k\u00e4nt f\u00f6r sina lugnande, sammandragande och vitaliserande egenskaper som g\u00f6r underverk f\u00f6r huden.<\/p>\n<h4><strong>Ekologisk aloe vera<\/strong><\/h4>\n<p>Aloe vera \u00e4r k\u00e4nd f\u00f6r sina lugnande egenskaper och reparerar och lindrar \u00e4ven den mest k\u00e4nsliga huden. Med ett pH-v\u00e4rde som ligger n\u00e4ra hudens eget (4,5) fungerar den som en utm\u00e4rkt fuktgivare, fr\u00e4mjar elasticitet och f\u00f6rebygger hudens \u00e5ldrande. <\/p>\n<h4><strong>Ekologiskt vatten fr\u00e5n bambublomster<\/strong><\/h4>\n<p>Bambublommans vatten \u00e4r lugnande och renande och \u00e5terfuktar huden p\u00e5 djupet samtidigt som det reducerar gl\u00e4nsande hud. Dess rika inneh\u00e5ll av organisk kiseldioxid l\u00e4mnar en mjuk, silkeslen sl\u00f6ja: huden \u00e4r lugnad och sammetslen. <\/p>\n<\/div>\n<\/div>\n<\/div>\n<\/div>\n<\/div>\n<\/div>\n<p><b>INCI-lista:<\/b>Aqua (Vatten)Citrus Aurantifolia (Lime) Fruktvatten [1]Hamamelis Virginiana (Trollhassel) Vatten [1]Rosa Damascena Blomvatten [1]GlycerinPhyllostachys Prominens BladvattenMj\u00f6lksyraCitronsyraNatrium LevulinatNatriumhydroxidLevulinsyraDecyl GlukosidNatrium AnisatPerfume (Doft)<\/p>\n<p>&nbsp;<\/p>\n<p>[\/cg_accordion]<\/p>\n","protected":false},"featured_media":258615,"template":"","meta":{"_acf_changed":false},"product_brand":[565],"product_cat":[785],"product_tag":[],"class_list":{"0":"post-267160","1":"product","2":"type-product","3":"status-publish","4":"has-post-thumbnail","6":"product_brand-zao","7":"product_cat-ansiktsrengoering","9":"first","10":"outofstock","11":"taxable","12":"shipping-taxable","13":"purchasable","14":"product-type-simple"},"acf":[],"_links":{"self":[{"href":"https:\/\/healthyhead.dk\/sv\/wp-json\/wp\/v2\/product\/267160","targetHints":{"allow":["GET"]}}],"collection":[{"href":"https:\/\/healthyhead.dk\/sv\/wp-json\/wp\/v2\/product"}],"about":[{"href":"https:\/\/healthyhead.dk\/sv\/wp-json\/wp\/v2\/types\/product"}],"version-history":[{"count":0,"href":"https:\/\/healthyhead.dk\/sv\/wp-json\/wp\/v2\/product\/267160\/revisions"}],"wp:featuredmedia":[{"embeddable":true,"href":"https:\/\/healthyhead.dk\/sv\/wp-json\/wp\/v2\/media\/258615"}],"wp:attachment":[{"href":"https:\/\/healthyhead.dk\/sv\/wp-json\/wp\/v2\/media?parent=267160"}],"wp:term":[{"taxonomy":"product_brand","embeddable":true,"href":"https:\/\/healthyhead.dk\/sv\/wp-json\/wp\/v2\/product_brand?post=267160"},{"taxonomy":"product_cat","embeddable":true,"href":"https:\/\/healthyhead.dk\/sv\/wp-json\/wp\/v2\/product_cat?post=267160"},{"taxonomy":"product_tag","embeddable":true,"href":"https:\/\/healthyhead.dk\/sv\/wp-json\/wp\/v2\/product_tag?post=267160"}],"curies":[{"name":"wp","href":"https:\/\/api.w.org\/{rel}","templated":true}]}}