{"id":267164,"date":"2024-12-28T12:48:59","date_gmt":"2024-12-28T12:48:59","guid":{"rendered":"https:\/\/new.healthyhead.dk\/vare\/zao-okologisk-radiance-tonic-lotion-skin-tonic-100-ml\/"},"modified":"2025-09-06T15:08:07","modified_gmt":"2025-09-06T15:08:07","slug":"zao-ekologisk-radiance-tonic-lotion-ansiktsvatten-100-ml","status":"publish","type":"product","link":"https:\/\/healthyhead.dk\/sv\/produkt\/zao-ekologisk-radiance-tonic-lotion-ansiktsvatten-100-ml\/","title":{"rendered":"ZAO, Ekologisk Radiance Tonic Lotion, Ansiktsvatten, 100 ml"},"content":{"rendered":"","protected":false},"excerpt":{"rendered":"<p><img decoding=\"async\" class=\"\" src=\"\/wp-content\/uploads\/2024\/08\/Ingen-kemi.svg\" alt=\"\" width=\"45\" height=\"45\">Inga hormonst\u00f6rande \u00e4mnen<\/p>\n<p><img decoding=\"async\" class=\"\" src=\"\/wp-content\/uploads\/2024\/08\/Ingen-allergifremkaldende.svg\" alt=\"\" width=\"46\" height=\"46\">Inga allergiframkallande \u00e4mnen<\/p>\n<p><img decoding=\"async\" class=\"\" src=\"\/wp-content\/uploads\/2024\/08\/Ingen-miljoebelastende.svg\" width=\"46\" height=\"46\">Inga milj\u00f6farliga \u00e4mnen<\/p>\n<p><img loading=\"lazy\" decoding=\"async\" class=\"\" src=\"\/wp-content\/uploads\/2024\/08\/indeholder-parfume.svg\" width=\"46\" height=\"46\">Inneh\u00e5ller en mycket liten m\u00e4ngd allergiv\u00e4nlig och 100 % naturlig doft<\/p>\n<p>&nbsp;<\/p>\n[cg_accordion title=\"Produktbeskrivning\" open=\"open\"]<\/p>\n<p>Ekologisk Radiance Tonic Lotion fr\u00e5n franska ZAO. Denna tonic kompletterar den dagliga reng\u00f6ringsrutinen, fr\u00e4schar upp huden och g\u00f6r att den ser vacker och str\u00e5lande ut. Den \u00e4r l\u00e4mplig f\u00f6r alla hudtyper, \u00e4ven k\u00e4nslig hud. ZAO Radiance Tonic inneh\u00e5ller n\u00e4rande ekologiska ingredienser som rosenblomsvatten som g\u00f6r huden fastare och motverkar \u00e5lderstecken, citronvatten med antioxidativa egenskaper som reducerar orenheter och ger huden en str\u00e5lande lyster. Och vatten fr\u00e5n trollhasselblommor som stramar upp huden, hj\u00e4lper till att dra ihop porerna och lugnar irriterad hud. Den har en doft av sommarfrukt som sk\u00e4mmer bort sinnena. Den \u00e4r b\u00e5de ekologisk och veganskt certifierad utan n\u00e5gra riskabla kemikalier.      <\/p>\n<ul>\n<li data-iconic-wlv-term-label=\"ZAO Ansigtscreme\"><strong>Ekologisk och veganskt certifierad tonic<\/strong><\/li>\n<li data-iconic-wlv-term-label=\"ZAO Ansigtscreme\">Perfekt f\u00f6r den dagliga reng\u00f6ringsrutinen<\/li>\n<li data-iconic-wlv-term-label=\"ZAO Ansigtscreme\"><strong>\u00c5terfuktar huden<\/strong> och g\u00f6r att den <strong>ser vacker och str\u00e5lande ut<\/strong><\/li>\n<li data-iconic-wlv-term-label=\"ZAO Ansigtscreme\">L\u00e4mplig f\u00f6r alla hudtyper, <strong>\u00e4ven k\u00e4nslig<\/strong><\/li>\n<li data-iconic-wlv-term-label=\"ZAO Ansigtscreme\">Inneh\u00e5ller ekologiskt <strong>rosenbladvatten som stramar upp huden och motverkar \u00e5lderstecken<\/strong><\/li>\n<li data-iconic-wlv-term-label=\"ZAO Ansigtscreme\"><strong>Citronvatten<\/strong> som <strong>reducerar orenheter<\/strong> och ger huden ett vackert och <strong>st\u00e5lblankt utseende<\/strong><\/li>\n<li data-iconic-wlv-term-label=\"ZAO Ansigtscreme\"><strong>Trollhasselblommans vatten<\/strong> <strong>stramar upp huden<\/strong> och hj\u00e4lper till att dra ihop porerna och <strong>lugnar irriterad hud<\/strong><\/li>\n<li data-iconic-wlv-term-label=\"ZAO Ansigtscreme\"><strong>Har en mild doft av sommarfrukt<\/strong> som sk\u00e4mmer bort sinnena<\/li>\n<\/ul>\n<p><img loading=\"lazy\" decoding=\"async\" class=\"alignnone size-full wp-image-8916\" src=\"\/wp-content\/uploads\/2024\/08\/zao-certificeringer.jpg\" alt=\"\" width=\"479\" height=\"93\" srcset=\"https:\/\/i0.wp.com\/healthyhead.dk\/wp-content\/uploads\/2024\/08\/zao-certificeringer.jpg?w=479&amp;ssl=1 479w, https:\/\/i0.wp.com\/healthyhead.dk\/wp-content\/uploads\/2024\/08\/zao-certificeringer.jpg?resize=300%2C58&amp;ssl=1 300w, https:\/\/i0.wp.com\/healthyhead.dk\/wp-content\/uploads\/2024\/08\/zao-certificeringer.jpg?resize=441%2C86&amp;ssl=1 441w, https:\/\/i0.wp.com\/healthyhead.dk\/wp-content\/uploads\/2024\/08\/zao-certificeringer.jpg?resize=150%2C29&amp;ssl=1 150w\" sizes=\"(max-width: 479px) 100vw, 479px\" \/><br \/>\n[\/cg_accordion]\n[cg_accordion title=\"Tips f\u00f6r anv\u00e4ndning\"]\n<ul>\n<li style=\"list-style-type: none;\">\n<ul>\n<li>F\u00f6r perfekt sminkborttagning eller f\u00f6r att helt enkelt tona huden, anv\u00e4nd Radiance tonic lotion p\u00e5 rengjord och torr hud.<\/li>\n<li>Applicera lotionen \u00f6ver hela ansiktet och halsen med hj\u00e4lp av en bomullsrondell eller fingrarna och sl\u00e4ta ut eller klappa in i huden. Sk\u00f6lj inte av. <\/li>\n<li>Anv\u00e4nd dagligen &#8211; morgon och kv\u00e4ll.<\/li>\n<\/ul>\n<\/li>\n<\/ul>\n<p>[\/cg_accordion][cg_accordion title=\"Ingredienser\"]<\/p>\n<p><strong>Ekologiskt rosenbladvatten<\/strong><\/p>\n<p>Denna sammandragande och uppstramande hydrosol \u00e4r en viktig ingrediens f\u00f6r att f\u00f6rebygga och bek\u00e4mpa tecken p\u00e5 hud\u00e5ldrande. Reng\u00f6r, fr\u00e4schar upp och mjukg\u00f6r huden. <\/p>\n<p><strong>Ekologiskt citronvatten<\/strong><\/p>\n<p>Den \u00e4r en riktig elixir f\u00f6r huden och erbjuder en m\u00e4ngd f\u00f6rdelar tack vare sitt rika inneh\u00e5ll av C-vitamin och sina antioxidativa egenskaper. Den ger en ljusare hy, reducerar orenheter och fr\u00e4mjar en str\u00e5lande och h\u00e4lsosam hud. <\/p>\n<p><strong>Ekologiskt vatten fr\u00e5n trollhasselblommor<\/strong><\/p>\n<p>Detta vatten destilleras fr\u00e5n blad och blommor av trollhassel, en buske som \u00e4r vanlig i skogarna i Quebec och nord\u00f6stra USA. Det \u00e4r sammandragande, reng\u00f6rande och uppstramande och hj\u00e4lper till att dra ihop hudens porer. Perfekt f\u00f6r k\u00e4nslig hud, lugnar och lindrar hudirritationer.  <\/p>\n<p><b>INCI-lista:<\/b>Aqua (Vatten)Citrus Aurantifolia (Lime) Fruktvatten [1]Hamamelis Virginiana (Trollhassel) Vatten [1]Rosa Damascena Blomvatten [1]GlycerinPhyllostachys Prominens BladvattenMj\u00f6lksyraCitronsyraNatrium LevulinatNatriumhydroxidLevulinsyraDecyl GlukosidNatrium AnisatPerfume (Doft)<\/p>\n<p>&nbsp;<\/p>\n<p>[\/cg_accordion]<\/p>\n","protected":false},"featured_media":258639,"template":"","meta":{"_acf_changed":false},"product_brand":[565],"product_cat":[785],"product_tag":[],"class_list":{"0":"post-267164","1":"product","2":"type-product","3":"status-publish","4":"has-post-thumbnail","6":"product_brand-zao","7":"product_cat-ansiktsrengoering","9":"first","10":"instock","11":"taxable","12":"shipping-taxable","13":"purchasable","14":"product-type-simple"},"acf":[],"_links":{"self":[{"href":"https:\/\/healthyhead.dk\/sv\/wp-json\/wp\/v2\/product\/267164","targetHints":{"allow":["GET"]}}],"collection":[{"href":"https:\/\/healthyhead.dk\/sv\/wp-json\/wp\/v2\/product"}],"about":[{"href":"https:\/\/healthyhead.dk\/sv\/wp-json\/wp\/v2\/types\/product"}],"version-history":[{"count":0,"href":"https:\/\/healthyhead.dk\/sv\/wp-json\/wp\/v2\/product\/267164\/revisions"}],"wp:featuredmedia":[{"embeddable":true,"href":"https:\/\/healthyhead.dk\/sv\/wp-json\/wp\/v2\/media\/258639"}],"wp:attachment":[{"href":"https:\/\/healthyhead.dk\/sv\/wp-json\/wp\/v2\/media?parent=267164"}],"wp:term":[{"taxonomy":"product_brand","embeddable":true,"href":"https:\/\/healthyhead.dk\/sv\/wp-json\/wp\/v2\/product_brand?post=267164"},{"taxonomy":"product_cat","embeddable":true,"href":"https:\/\/healthyhead.dk\/sv\/wp-json\/wp\/v2\/product_cat?post=267164"},{"taxonomy":"product_tag","embeddable":true,"href":"https:\/\/healthyhead.dk\/sv\/wp-json\/wp\/v2\/product_tag?post=267164"}],"curies":[{"name":"wp","href":"https:\/\/api.w.org\/{rel}","templated":true}]}}