{"id":267168,"date":"2024-12-28T12:31:29","date_gmt":"2024-12-28T12:31:29","guid":{"rendered":"https:\/\/new.healthyhead.dk\/vare\/zao-okologisk-cleansing-micellar-jelly-ansigtsrens-100-ml\/"},"modified":"2025-08-07T05:29:29","modified_gmt":"2025-08-07T05:29:29","slug":"zao-ekologis-cleansing-micellar-jelly-ansiktsrengoering-100-ml","status":"publish","type":"product","link":"https:\/\/healthyhead.dk\/sv\/produkt\/zao-ekologis-cleansing-micellar-jelly-ansiktsrengoering-100-ml\/","title":{"rendered":"ZAO, Ekologisk Cleansing Micellar Jelly, Ansiktsreng\u00f6ring, 100 ml"},"content":{"rendered":"","protected":false},"excerpt":{"rendered":"<p><img decoding=\"async\" class=\"\" src=\"\/wp-content\/uploads\/2024\/08\/Ingen-kemi.svg\" alt=\"\" width=\"45\" height=\"45\">Inga hormonst\u00f6rande \u00e4mnen<\/p>\n<p><img decoding=\"async\" class=\"\" src=\"\/wp-content\/uploads\/2024\/08\/Ingen-allergifremkaldende.svg\" alt=\"\" width=\"46\" height=\"46\">Inga allergiframkallande \u00e4mnen<\/p>\n<p><img decoding=\"async\" class=\"\" src=\"\/wp-content\/uploads\/2024\/08\/Ingen-miljoebelastende.svg\" width=\"46\" height=\"46\">Inga milj\u00f6farliga \u00e4mnen<\/p>\n<p><img loading=\"lazy\" decoding=\"async\" class=\"\" src=\"\/wp-content\/uploads\/2024\/08\/indeholder-parfume.svg\" width=\"46\" height=\"46\">Inneh\u00e5ller en mycket liten m\u00e4ngd allergiv\u00e4nlig och 100 % naturlig doft<\/p>\n<p>&nbsp;<\/p>\n[cg_accordion title=\"Produktbeskrivning\" open=\"open\"]<\/p>\n<p>Ekologisk ansiktsreng\u00f6ring fr\u00e5n franska ZAO. Med sin behagliga vaniljdoft avl\u00e4gsnar denna gel f\u00f6rsiktigt smink och orenheter fr\u00e5n huden. Den l\u00e4mnar en fr\u00e4sch finish och en klarare hud. Den \u00e4r idealisk f\u00f6r alla hudtyper, \u00e4ven de mest k\u00e4nsliga, tack vare lugnande ingredienser som ekologiskt bambublomvatten, mjukg\u00f6rande ingredienser som ekologisk aloe vera och uppstramande ingredienser som ekologiskt trollhasselblomvatten. ZAO Organic Cleansing Micellar Jelly \u00e4r naturligtvis certifierad ekologisk och vegansk och baserad p\u00e5 100% naturliga ingredienser.    <\/p>\n<ul>\n<li data-iconic-wlv-term-label=\"ZAO Ansigtscreme\">Har en <strong>mild vaniljdoft <\/strong> <\/li>\n<li data-iconic-wlv-term-label=\"ZAO Ansigtscreme\"><strong>Avl\u00e4gsnar skonsamt smink<\/strong> och orenheter fr\u00e5n huden<\/li>\n<li data-iconic-wlv-term-label=\"ZAO Ansigtscreme\">Idealisk f\u00f6r alla hudtyper, \u00e4ven de mest <strong>k\u00e4nsliga <\/strong> <\/li>\n<li data-iconic-wlv-term-label=\"ZAO Ansigtscreme\">Inneh\u00e5ller <strong>ekologiskt bambublomvatten<\/strong>, som har en <strong>lugnande effekt <\/strong>p\u00e5 huden<\/li>\n<li data-iconic-wlv-term-label=\"ZAO Ansigtscreme\"><strong>Ekologisk aloe vera<\/strong> som <strong>mjukg\u00f6r huden<\/strong><\/li>\n<li data-iconic-wlv-term-label=\"ZAO Ansigtscreme\">Ekologiskt <strong>vatten fr\u00e5n trollhasselblommor<\/strong> som <strong>stramar upp huden<\/strong><\/li>\n<\/ul>\n<p><img loading=\"lazy\" decoding=\"async\" class=\"alignnone size-full wp-image-8916\" src=\"\/wp-content\/uploads\/2024\/08\/zao-certificeringer.jpg\" alt=\"\" width=\"479\" height=\"93\" srcset=\"https:\/\/i0.wp.com\/healthyhead.dk\/wp-content\/uploads\/2024\/08\/zao-certificeringer.jpg?w=479&amp;ssl=1 479w, https:\/\/i0.wp.com\/healthyhead.dk\/wp-content\/uploads\/2024\/08\/zao-certificeringer.jpg?resize=300%2C58&amp;ssl=1 300w, https:\/\/i0.wp.com\/healthyhead.dk\/wp-content\/uploads\/2024\/08\/zao-certificeringer.jpg?resize=441%2C86&amp;ssl=1 441w, https:\/\/i0.wp.com\/healthyhead.dk\/wp-content\/uploads\/2024\/08\/zao-certificeringer.jpg?resize=150%2C29&amp;ssl=1 150w\" sizes=\"(max-width: 479px) 100vw, 479px\" \/><br \/>\n[\/cg_accordion]\n[cg_accordion title=\"Tips f\u00f6r anv\u00e4ndning\"]\n<ul>\n<li style=\"list-style-type: none;\">\n<ul>\n<li>Applicera en liten m\u00e4ngd Cleansing Micellar Jelly p\u00e5 en bomullsrondell och tv\u00e4tta f\u00f6rsiktigt hela ansiktet,<\/li>\n<li>Alternativt kan du ta en liten m\u00e4ngd i h\u00e4nderna, fuktade med vatten i f\u00f6rv\u00e4g, emulgera i cirkul\u00e4ra r\u00f6relser och sedan sk\u00f6lja av.<\/li>\n<li>Anv\u00e4nd dagligen, varje natt<\/li>\n<\/ul>\n<\/li>\n<\/ul>\n<p>[\/cg_accordion][cg_accordion title=\"Ingredienser\"]<\/p>\n<p><strong>Ekologiskt vatten fr\u00e5n bambublomster<\/strong><\/p>\n<p>Bambublommans vatten \u00e4r lugnande och renande och \u00e5terfuktar huden p\u00e5 djupet samtidigt som det mattar ner eventuell glans. Dess rika inneh\u00e5ll av organisk kiseldioxid l\u00e4mnar en mjuk, silkeslen hinna som g\u00f6r att huden k\u00e4nns lugnad och sammetslen. <\/p>\n<p><strong>Ekologisk aloe vera<\/strong><\/p>\n<p>Aloe vera \u00e4r k\u00e4nd f\u00f6r sina lugnande egenskaper och reparerar och lindrar \u00e4ven den mest k\u00e4nsliga huden. Med ett pH-v\u00e4rde som ligger n\u00e4ra hudens pH-v\u00e4rde 4,5 \u00e4r det en utm\u00e4rkt fuktighetskr\u00e4m som fr\u00e4mjar elasticitet och f\u00f6rebygger hudens \u00e5ldrande. <\/p>\n<p><strong>Ekologiskt vatten fr\u00e5n trollhasselblommor<\/strong><\/p>\n<p>Detta vatten destilleras fr\u00e5n blad och blommor av trollhassel, en buske som \u00e4r vanlig i skogarna i Quebec och nord\u00f6stra USA. Det \u00e4r sammandragande, reng\u00f6rande och uppstramande och hj\u00e4lper till att dra ihop hudens porer. Perfekt f\u00f6r k\u00e4nslig hud, lugnar och lindrar hudirritationer.  <\/p>\n<p><b>INCI-lista: <\/b>Aqua (Water)Helianthus Annuus (Sunflower) Hybrid Oil [1]Phyllostachys Prominens Leaf Water [1]KaolinButyrospermum Parkii (Shea) Butter [1]Glyceryl Stearate CitrateGlyceryl BehenateCetyl AlcoholGlycerinPerfume (Fragrance)Lactic AcidOlea Europaea (Olive) Seed PowderIllitePyrus Malus Fruit ExtractHelianthus Annuus (Sunflower) Seed OilTocopherolSodium LevulinateXanthan GumCitric AcidGlyceryl CaprylateLevulinic AcidSodium HydroxideSodium AnisateCi 77491 (Iron Oxide)Sodium Citrate<\/p>\n<p>&nbsp;<\/p>\n<p>[\/cg_accordion]<\/p>\n","protected":false},"featured_media":258627,"template":"","meta":{"_acf_changed":false},"product_brand":[565],"product_cat":[785],"product_tag":[],"class_list":{"0":"post-267168","1":"product","2":"type-product","3":"status-publish","4":"has-post-thumbnail","6":"product_brand-zao","7":"product_cat-ansiktsrengoering","9":"first","10":"instock","11":"taxable","12":"shipping-taxable","13":"purchasable","14":"product-type-simple"},"acf":[],"_links":{"self":[{"href":"https:\/\/healthyhead.dk\/sv\/wp-json\/wp\/v2\/product\/267168","targetHints":{"allow":["GET"]}}],"collection":[{"href":"https:\/\/healthyhead.dk\/sv\/wp-json\/wp\/v2\/product"}],"about":[{"href":"https:\/\/healthyhead.dk\/sv\/wp-json\/wp\/v2\/types\/product"}],"version-history":[{"count":0,"href":"https:\/\/healthyhead.dk\/sv\/wp-json\/wp\/v2\/product\/267168\/revisions"}],"wp:featuredmedia":[{"embeddable":true,"href":"https:\/\/healthyhead.dk\/sv\/wp-json\/wp\/v2\/media\/258627"}],"wp:attachment":[{"href":"https:\/\/healthyhead.dk\/sv\/wp-json\/wp\/v2\/media?parent=267168"}],"wp:term":[{"taxonomy":"product_brand","embeddable":true,"href":"https:\/\/healthyhead.dk\/sv\/wp-json\/wp\/v2\/product_brand?post=267168"},{"taxonomy":"product_cat","embeddable":true,"href":"https:\/\/healthyhead.dk\/sv\/wp-json\/wp\/v2\/product_cat?post=267168"},{"taxonomy":"product_tag","embeddable":true,"href":"https:\/\/healthyhead.dk\/sv\/wp-json\/wp\/v2\/product_tag?post=267168"}],"curies":[{"name":"wp","href":"https:\/\/api.w.org\/{rel}","templated":true}]}}