{"id":267176,"date":"2024-11-17T15:31:45","date_gmt":"2024-11-17T15:31:45","guid":{"rendered":"https:\/\/new.healthyhead.dk\/vare\/zao-bambus-box-til-refill-makeup-medium\/"},"modified":"2025-07-18T11:03:10","modified_gmt":"2025-07-18T11:03:10","slug":"zao-bamboo-box-for-aaterfyllning-makeup-medium","status":"publish","type":"product","link":"https:\/\/healthyhead.dk\/sv\/produkt\/zao-bamboo-box-for-aaterfyllning-makeup-medium\/","title":{"rendered":"ZAO, Bambul\u00e5da f\u00f6r sminkrefiller, medium"},"content":{"rendered":"","protected":false},"excerpt":{"rendered":"<p><img decoding=\"async\" class=\"alignnone wp-image-9499\" src=\"\/wp-content\/uploads\/2024\/09\/Miljoevenligt-bambus-ikon.svg\" alt=\"\" width=\"46\" height=\"46\" srcset=\"https:\/\/healthyhead.dk\/wp-content\/uploads\/Miljoevenligt-bambus-ikon.svg 150w, https:\/\/healthyhead.dk\/wp-content\/uploads\/Miljoevenligt-bambus-ikon.svg 300w, https:\/\/healthyhead.dk\/wp-content\/uploads\/Miljoevenligt-bambus-ikon.svg 768w, https:\/\/healthyhead.dk\/wp-content\/uploads\/Miljoevenligt-bambus-ikon.svg 1024w, https:\/\/healthyhead.dk\/wp-content\/uploads\/Miljoevenligt-bambus-ikon.svg 250w\" sizes=\"(max-width: 46px) 100vw, 46px\" \/>Milj\u00f6v\u00e4nlig bambu<\/p>\n<p>&nbsp;<\/p>\n[cg_accordion title=\"Beskrivning\" open=\"open\"]<\/p>\n<p>&nbsp;<\/p>\n<p><span style=\"font-weight: 400;\">Med ZAO Bamboo Box kan du skapa din alldeles egna sminkpalett med puder och \u00f6gonskuggor med hj\u00e4lp av refiller. P\u00e5 s\u00e5 s\u00e4tt sparar du pengar p\u00e5 produkterna och milj\u00f6n fr\u00e5n on\u00f6diga f\u00f6rpackningar. Palettens magnetiska bas g\u00f6r det m\u00f6jligt att organisera alla refillprodukter direkt i boxen. Du kan anv\u00e4nda den till \u00f6gonskugga, rouge, puder, shine-up-puder och \u00f6gonbrynspuder. Paletten kan inneh\u00e5lla 8 \u00f6gonskuggor, 2 stora puder eller vilken kombination du vill. Palettens storlek och integrerade spegel g\u00f6r att du enkelt kan ta med den p\u00e5 resan.       <\/span><\/p>\n<ul>\n<li style=\"font-weight: 400;\" aria-level=\"1\"><strong>Bygg din egen sminkpalett<\/strong> med refiller f\u00f6r puder och \u00f6gonskugga\/\u00f6gonbrynspuder<\/li>\n<li aria-level=\"1\"><strong>Spara pengar<\/strong> p\u00e5 produkter och <strong>milj\u00f6n genom att undvika on\u00f6diga f\u00f6rpackningar<\/strong><\/li>\n<li aria-level=\"1\"><span style=\"font-weight: 400;\">Pallens <strong>magnetiska bas<\/strong> g\u00f6r att du kan <strong>placera alla refillprodukter direkt i l\u00e5dan<\/strong><\/span><\/li>\n<li aria-level=\"1\">Tillverkad av <strong>snabbv\u00e4xande milj\u00f6v\u00e4nlig bambu<\/strong> som absorberar och lagrar CO2<\/li>\n<\/ul>\n<p>[\/cg_accordion]\n","protected":false},"featured_media":257547,"template":"","meta":{"_acf_changed":false},"product_brand":[565],"product_cat":[862],"product_tag":[],"class_list":{"0":"post-267176","1":"product","2":"type-product","3":"status-publish","4":"has-post-thumbnail","6":"product_brand-zao","7":"product_cat-bambulaador","9":"first","10":"instock","11":"taxable","12":"shipping-taxable","13":"purchasable","14":"product-type-simple"},"acf":[],"_links":{"self":[{"href":"https:\/\/healthyhead.dk\/sv\/wp-json\/wp\/v2\/product\/267176","targetHints":{"allow":["GET"]}}],"collection":[{"href":"https:\/\/healthyhead.dk\/sv\/wp-json\/wp\/v2\/product"}],"about":[{"href":"https:\/\/healthyhead.dk\/sv\/wp-json\/wp\/v2\/types\/product"}],"version-history":[{"count":0,"href":"https:\/\/healthyhead.dk\/sv\/wp-json\/wp\/v2\/product\/267176\/revisions"}],"wp:featuredmedia":[{"embeddable":true,"href":"https:\/\/healthyhead.dk\/sv\/wp-json\/wp\/v2\/media\/257547"}],"wp:attachment":[{"href":"https:\/\/healthyhead.dk\/sv\/wp-json\/wp\/v2\/media?parent=267176"}],"wp:term":[{"taxonomy":"product_brand","embeddable":true,"href":"https:\/\/healthyhead.dk\/sv\/wp-json\/wp\/v2\/product_brand?post=267176"},{"taxonomy":"product_cat","embeddable":true,"href":"https:\/\/healthyhead.dk\/sv\/wp-json\/wp\/v2\/product_cat?post=267176"},{"taxonomy":"product_tag","embeddable":true,"href":"https:\/\/healthyhead.dk\/sv\/wp-json\/wp\/v2\/product_tag?post=267176"}],"curies":[{"name":"wp","href":"https:\/\/api.w.org\/{rel}","templated":true}]}}