{"id":267277,"date":"2024-10-12T14:02:23","date_gmt":"2024-10-12T14:02:23","guid":{"rendered":"https:\/\/new.healthyhead.dk\/vare\/zao-okologisk-compact-blush-9-g\/"},"modified":"2025-08-06T18:42:36","modified_gmt":"2025-08-06T18:42:36","slug":"zao-ekologisk-compact-blush","status":"publish","type":"product","link":"https:\/\/healthyhead.dk\/sv\/produkt\/zao-ekologisk-compact-blush\/","title":{"rendered":"ZAO, Ekologisk Compact Blush, 9 g"},"content":{"rendered":"","protected":false},"excerpt":{"rendered":"<p><img decoding=\"async\" class=\"\" src=\"\/wp-content\/uploads\/2024\/08\/Ingen-kemi.svg\" alt=\"\" width=\"45\" height=\"45\">Inga hormonst\u00f6rande \u00e4mnen<\/p>\n<p><img decoding=\"async\" class=\"\" src=\"\/wp-content\/uploads\/2024\/08\/Ingen-allergifremkaldende.svg\" alt=\"\" width=\"46\" height=\"46\">Inga allergiframkallande \u00e4mnen<\/p>\n<p><img decoding=\"async\" class=\"\" src=\"\/wp-content\/uploads\/2024\/08\/Ingen-miljoebelastende.svg\" width=\"46\" height=\"46\">Inga milj\u00f6farliga \u00e4mnen<\/p>\n<p><img loading=\"lazy\" decoding=\"async\" class=\"\" src=\"\/wp-content\/uploads\/2024\/08\/indeholder-parfume.svg\" width=\"46\" height=\"46\">Inneh\u00e5ller en mycket liten m\u00e4ngd allergiv\u00e4nlig och 100 % naturlig doft<\/p>\n<p>&nbsp;<\/p>\n[cg_accordion title=\"Produktbeskrivning\" open=\"open\"]<\/p>\n<p>Ekologiskt och veganskt certifierat Compact Blush fr\u00e5n franska ZAO. Med ZAO Compact Blush kan du ge dina kinder den sista touchen till en vacker makeup-look. Denna blush ger en naturlig och sofistikerad look. Inneh\u00e5ller v\u00e5rdande ingredienser som ekologiskt shea- och kakaosm\u00f6r som \u00e5terfuktar och skyddar huden.   <\/p>\n<ul>\n<li><b>Ekologiskt och veganskt certifierat<\/b> rouge<\/li>\n<li>Berikad med <b>ekologiskt shea- och kakaosm\u00f6r<\/b> som \u00e5terfuktar och skyddar huden<\/li>\n<li>Fri fr\u00e5n farliga kemikalier<\/li>\n<li>M\u00f6jlighet att <b>fylla p\u00e5 med en refill<\/b><\/li>\n<\/ul>\n<p><img loading=\"lazy\" decoding=\"async\" class=\"alignnone size-full wp-image-8916\" src=\"\/wp-content\/uploads\/2024\/08\/zao-certificeringer.jpg\" alt=\"\" width=\"479\" height=\"93\" srcset=\"https:\/\/i0.wp.com\/healthyhead.dk\/wp-content\/uploads\/2024\/08\/zao-certificeringer.jpg?w=479&amp;ssl=1 479w, https:\/\/i0.wp.com\/healthyhead.dk\/wp-content\/uploads\/2024\/08\/zao-certificeringer.jpg?resize=300%2C58&amp;ssl=1 300w, https:\/\/i0.wp.com\/healthyhead.dk\/wp-content\/uploads\/2024\/08\/zao-certificeringer.jpg?resize=441%2C86&amp;ssl=1 441w, https:\/\/i0.wp.com\/healthyhead.dk\/wp-content\/uploads\/2024\/08\/zao-certificeringer.jpg?resize=150%2C29&amp;ssl=1 150w\" sizes=\"(max-width: 479px) 100vw, 479px\" \/><br \/>\n[\/cg_accordion]\n[cg_accordion title=\"Tips f\u00f6r anv\u00e4ndning\"]<\/p>\n<p>Anv\u00e4nd rougeborsten och b\u00f6rja under kindbenet n\u00e4ra \u00f6rat och r\u00f6r dig mot mitten av ansiktet.<\/p>\n<p>[\/cg_accordion]\n[cg_accordion title=\"Ingredienser\"]<\/p>\n<p><b>Kiseldioxid<\/b><\/p>\n<p>Mineralet silica \u00e4r k\u00e4nt f\u00f6r sin unika absorptionsf\u00f6rm\u00e5ga och medverkar till att \u00e5terskapa talg och \u00e5terfukta huden. Kiseldioxid ger en matt och sammetslen k\u00e4nsla till huden och j\u00e4mnar ut rynkor och oj\u00e4mnheter. <\/p>\n<p><b>Bambupulver<\/b><\/p>\n<p>Vit substans som utvinns ur bambufogar. Tack vare sin h\u00f6ga kiselinneh\u00e5ll remineraliserar, \u00e5terfuktar och bidrar till hudens f\u00f6rnyelse samtidigt som den minskar glans p\u00e5 kombinerad och fet hud. <\/p>\n<p><b>Ekologiskt sheasm\u00f6r<\/b><\/p>\n<p>Sheasm\u00f6r utvinns ur shean\u00f6ten, ett tr\u00e4d som bara v\u00e4xer vilt p\u00e5 savannerna i V\u00e4stafrika. Dess sammans\u00e4ttning, rik p\u00e5 fettsyror, ger det \u00e5terfuktande och n\u00e4rande egenskaper. <\/p>\n<p><b>Ekologiskt kakaosm\u00f6r<\/b><\/p>\n<p>Kakaosm\u00f6r skyddar huden mot yttre p\u00e5verkan. Det hj\u00e4lper till att bibeh\u00e5lla fukten eftersom det bromsar vattenf\u00f6rlusten genom att bilda en barri\u00e4r p\u00e5 \u00f6verhudens yta. Det har anv\u00e4nts i \u00e5rhundraden i Afrika som en f\u00f6rebyggande v\u00e5rd f\u00f6r att h\u00e5lla huden smidig och som en behandling mot torrhet.  <\/p>\n<p><b>INCI-lista:<\/b> Mica, zea mays (majs)st\u00e4rkelse*, silica, zinkstearat, squalane, parfum (doft), tocopherol, lauroyl lysine, butyrospermum parkii (shea)sm\u00f6r*, theobroma cacao (kakao)fr\u00f6sm\u00f6r*, aqua (vatten), glycerin, sodium anisate, sodium levulinate, ci 77820 (silver), theobroma cacao (kakaofr\u00f6)extrakt, bambusa arundinacea stam pulver, ilex paraguariensis bladextrakt*, maltodextrin, ginkgo biloba bladextrakt, haematococcus pluvialis extrakt, alkohol, maris aqua (havsvatten). Kan inneh\u00e5lla +\/-: ci 77891 (titandioxid), ci 77491 (j\u00e4rnoxider), ci 77492 (j\u00e4rnoxider), ci 77499 (j\u00e4rnoxider), ci 77007 (ultramariner), ci 77742 (manganviolett). * ingredienser fr\u00e5n ekologiskt jordbruk.  <\/p>\n<p>[\/cg_accordion]\n<p>&nbsp;<\/p>\n","protected":false},"featured_media":255987,"template":"","meta":{"_acf_changed":false},"product_brand":[565],"product_cat":[621],"product_tag":[],"class_list":{"0":"post-267277","1":"product","2":"type-product","3":"status-publish","4":"has-post-thumbnail","6":"product_brand-zao","7":"product_cat-blush","9":"first","10":"instock","11":"taxable","12":"shipping-taxable","13":"purchasable","14":"product-type-variable"},"acf":[],"_links":{"self":[{"href":"https:\/\/healthyhead.dk\/sv\/wp-json\/wp\/v2\/product\/267277","targetHints":{"allow":["GET"]}}],"collection":[{"href":"https:\/\/healthyhead.dk\/sv\/wp-json\/wp\/v2\/product"}],"about":[{"href":"https:\/\/healthyhead.dk\/sv\/wp-json\/wp\/v2\/types\/product"}],"version-history":[{"count":0,"href":"https:\/\/healthyhead.dk\/sv\/wp-json\/wp\/v2\/product\/267277\/revisions"}],"wp:featuredmedia":[{"embeddable":true,"href":"https:\/\/healthyhead.dk\/sv\/wp-json\/wp\/v2\/media\/255987"}],"wp:attachment":[{"href":"https:\/\/healthyhead.dk\/sv\/wp-json\/wp\/v2\/media?parent=267277"}],"wp:term":[{"taxonomy":"product_brand","embeddable":true,"href":"https:\/\/healthyhead.dk\/sv\/wp-json\/wp\/v2\/product_brand?post=267277"},{"taxonomy":"product_cat","embeddable":true,"href":"https:\/\/healthyhead.dk\/sv\/wp-json\/wp\/v2\/product_cat?post=267277"},{"taxonomy":"product_tag","embeddable":true,"href":"https:\/\/healthyhead.dk\/sv\/wp-json\/wp\/v2\/product_tag?post=267277"}],"curies":[{"name":"wp","href":"https:\/\/api.w.org\/{rel}","templated":true}]}}