{"id":267340,"date":"2024-12-11T13:10:06","date_gmt":"2024-12-11T13:10:06","guid":{"rendered":"https:\/\/new.healthyhead.dk\/vare\/zao-bamboo-blush-brush-makeupborste-703\/"},"modified":"2025-07-31T08:17:17","modified_gmt":"2025-07-31T08:17:17","slug":"zao-bamboo-blush-brush-sminkborste-703","status":"publish","type":"product","link":"https:\/\/healthyhead.dk\/sv\/produkt\/zao-bamboo-blush-brush-sminkborste-703\/","title":{"rendered":"ZAO, Bamboo Blush Brush, Sminkborste, 703"},"content":{"rendered":"","protected":false},"excerpt":{"rendered":"<p><img decoding=\"async\" class=\"\" src=\"\/wp-content\/uploads\/2024\/09\/Miljoevenligt-bambus-ikon.svg\" alt=\"Milj\u00f6v\u00e4nlig bambu\" width=\"45\" height=\"45\">Milj\u00f6v\u00e4nlig bambu<\/p>\n<p>&nbsp;<\/p>\n[cg_accordion title=\"Beskrivning\" open=\"open\"]<\/p>\n<p>Sminkborste fr\u00e5n ZAO med ett milj\u00f6v\u00e4nligt bambuhandtag som matchar resten av ZAO-sortimentet. Perfekt borste f\u00f6r applicering av rouge. Borsten f\u00f6rdelar pudret i ett j\u00e4mnt lager p\u00e5 kindbenet. Precis som alla andra ZAO-produkter \u00e4r borsten veganskt certifierad.   <\/p>\n<ul>\n<li>Perfekt f\u00f6r applicering av <strong>rouge<\/strong><\/li>\n<li>Veganskt certifierad<\/li>\n<\/ul>\n<p>&nbsp;<\/p>\n<p>[\/cg_accordion]\n<p>&nbsp;<\/p>\n","protected":false},"featured_media":259059,"template":"","meta":{"_acf_changed":false},"product_brand":[565],"product_cat":[866],"product_tag":[],"class_list":{"0":"post-267340","1":"product","2":"type-product","3":"status-publish","4":"has-post-thumbnail","6":"product_brand-zao","7":"product_cat-makeupborstar","9":"first","10":"instock","11":"taxable","12":"shipping-taxable","13":"purchasable","14":"product-type-simple"},"acf":[],"_links":{"self":[{"href":"https:\/\/healthyhead.dk\/sv\/wp-json\/wp\/v2\/product\/267340","targetHints":{"allow":["GET"]}}],"collection":[{"href":"https:\/\/healthyhead.dk\/sv\/wp-json\/wp\/v2\/product"}],"about":[{"href":"https:\/\/healthyhead.dk\/sv\/wp-json\/wp\/v2\/types\/product"}],"version-history":[{"count":0,"href":"https:\/\/healthyhead.dk\/sv\/wp-json\/wp\/v2\/product\/267340\/revisions"}],"wp:featuredmedia":[{"embeddable":true,"href":"https:\/\/healthyhead.dk\/sv\/wp-json\/wp\/v2\/media\/259059"}],"wp:attachment":[{"href":"https:\/\/healthyhead.dk\/sv\/wp-json\/wp\/v2\/media?parent=267340"}],"wp:term":[{"taxonomy":"product_brand","embeddable":true,"href":"https:\/\/healthyhead.dk\/sv\/wp-json\/wp\/v2\/product_brand?post=267340"},{"taxonomy":"product_cat","embeddable":true,"href":"https:\/\/healthyhead.dk\/sv\/wp-json\/wp\/v2\/product_cat?post=267340"},{"taxonomy":"product_tag","embeddable":true,"href":"https:\/\/healthyhead.dk\/sv\/wp-json\/wp\/v2\/product_tag?post=267340"}],"curies":[{"name":"wp","href":"https:\/\/api.w.org\/{rel}","templated":true}]}}