{"id":267444,"date":"2024-08-12T12:20:11","date_gmt":"2024-08-12T12:20:11","guid":{"rendered":"https:\/\/new.healthyhead.dk\/vare\/zao-biobaseret-neglelak-8-ml\/"},"modified":"2025-07-31T08:35:03","modified_gmt":"2025-07-31T08:35:03","slug":"zao-biobaserat-nagellack-8-ml","status":"publish","type":"product","link":"https:\/\/healthyhead.dk\/sv\/produkt\/zao-biobaserat-nagellack-8-ml\/","title":{"rendered":"ZAO, Biobaserat Veganskt Nagellack, 8 ml"},"content":{"rendered":"","protected":false},"excerpt":{"rendered":"<p><img decoding=\"async\" class=\"\" src=\"\/wp-content\/uploads\/2024\/08\/Ingen-kemi.svg\" alt=\"\" width=\"45\" height=\"45\">Inga hormonst\u00f6rande \u00e4mnen<\/p>\n<p><img decoding=\"async\" class=\"\" src=\"\/wp-content\/uploads\/2024\/08\/Ingen-allergifremkaldende.svg\" alt=\"\" width=\"46\" height=\"46\">Inga allergiframkallande \u00e4mnen<\/p>\n<p><img decoding=\"async\" class=\"\" src=\"\/wp-content\/uploads\/2024\/08\/Ingen-miljoebelastende.svg\" width=\"46\" height=\"46\">Inga milj\u00f6farliga \u00e4mnen<\/p>\n<p><img loading=\"lazy\" decoding=\"async\" class=\"\" src=\"\/wp-content\/uploads\/2024\/08\/Ingen-parfume.svg\" width=\"46\" height=\"46\">Ingen parfym<\/p>\n<p>&nbsp;<\/p>\n[cg_accordion title=\"Beskrivning\" open=\"open\"]<\/p>\n<p>Biobaserat nagellack fr\u00e5n franska ZAO. F\u00e5 vackra naglar utan att kompromissa med kvalitet, milj\u00f6 eller h\u00e4lsa. <\/p>\n<ul>\n<li>Torkar snabbt och har <b>l\u00e5ng<\/b> h\u00e5llbarhet<\/li>\n<li>Har en <b>bred borste<\/b> f\u00f6r enkel applicering<\/li>\n<li>Berikad med organisk kiseldioxid fr\u00e5n bambu f\u00f6r att <b>st\u00e4rka dina naglar<\/b><\/li>\n<li>74-84% av ingredienserna \u00e4r naturliga (varierar beroende p\u00e5 f\u00e4rg). De <b>naturliga ingrediens<\/b> erna \u00e4r baserade p\u00e5 majs, potatis, kassava och vete. <\/li>\n<li>Fri fr\u00e5n skadliga ingredienser (inklusive ftalater)<\/li>\n<\/ul>\n<p>[\/cg_accordion]\n[cg_accordion title=\"Tips f\u00f6r anv\u00e4ndning\"]<\/p>\n<ul>\n<li>B\u00f6rja med att applicera ett lager nagellack p\u00e5 torra och rena naglar<\/li>\n<li>Applicera ett andra lager nagellack n\u00e4r det f\u00f6rsta lagret har torkat om du vill ha en starkare f\u00e4rgeffekt<\/li>\n<\/ul>\n<p>[\/cg_accordion]\n[cg_accordion title=\"Ingredienser\"]<\/p>\n<p>Inneh\u00e5ller <b>bambuextrakt<\/b>, som \u00e4r naturligt rikt p\u00e5 <b>organisk kiseldioxid<\/b> som g\u00f6r naglarna h\u00e5rdare och mer motst\u00e5ndskraftiga.<\/p>\n<p><b>INCI-lista:<\/b> Butylacetat, etylacetat, nitrocellulosa, isosorbiddikaprylat\/-kaprat, sampolymer av adipinsyra\/neopentylglykol\/trimellitisk anhydrid, alkohol, acetyltributylcitrat, isopropylalkohol, stearalkoniumbentonit, n-butylalkohol, fosforsyra, Diacetone Alcohol, Helianthus Annuus (Sunflower) Seed Oil, Bambusa Vulgaris Leaf\/stem Extract, Silica, Tocopherol, Ci 77266 (Black 2), Ci 74160 (Pigment Blue 15), Ci 15850 (Red 7 Lake), Ci 15880 (Red 34 Lake), Ci 77891 (Titanium Dioxide), Ci 19140 (Yellow 5 Lake).<\/p>\n<p>[\/cg_accordion]\n<p>&nbsp;<\/p>\n","protected":false},"featured_media":253347,"template":"","meta":{"_acf_changed":false},"product_brand":[565,1160],"product_cat":[870,874],"product_tag":[],"class_list":{"0":"post-267444","1":"product","2":"type-product","3":"status-publish","4":"has-post-thumbnail","6":"product_brand-zao","7":"product_brand-zao-nagellack-sv","8":"product_cat-naglar","9":"product_cat-nagellack","11":"first","12":"instock","13":"taxable","14":"shipping-taxable","15":"purchasable","16":"product-type-variable","17":"has-default-attributes"},"acf":[],"_links":{"self":[{"href":"https:\/\/healthyhead.dk\/sv\/wp-json\/wp\/v2\/product\/267444","targetHints":{"allow":["GET"]}}],"collection":[{"href":"https:\/\/healthyhead.dk\/sv\/wp-json\/wp\/v2\/product"}],"about":[{"href":"https:\/\/healthyhead.dk\/sv\/wp-json\/wp\/v2\/types\/product"}],"version-history":[{"count":0,"href":"https:\/\/healthyhead.dk\/sv\/wp-json\/wp\/v2\/product\/267444\/revisions"}],"wp:featuredmedia":[{"embeddable":true,"href":"https:\/\/healthyhead.dk\/sv\/wp-json\/wp\/v2\/media\/253347"}],"wp:attachment":[{"href":"https:\/\/healthyhead.dk\/sv\/wp-json\/wp\/v2\/media?parent=267444"}],"wp:term":[{"taxonomy":"product_brand","embeddable":true,"href":"https:\/\/healthyhead.dk\/sv\/wp-json\/wp\/v2\/product_brand?post=267444"},{"taxonomy":"product_cat","embeddable":true,"href":"https:\/\/healthyhead.dk\/sv\/wp-json\/wp\/v2\/product_cat?post=267444"},{"taxonomy":"product_tag","embeddable":true,"href":"https:\/\/healthyhead.dk\/sv\/wp-json\/wp\/v2\/product_tag?post=267444"}],"curies":[{"name":"wp","href":"https:\/\/api.w.org\/{rel}","templated":true}]}}