{"id":267481,"date":"2024-10-29T09:54:08","date_gmt":"2024-10-29T09:54:08","guid":{"rendered":"https:\/\/new.healthyhead.dk\/vare\/zao-naturlig-hardener-635-8-ml\/"},"modified":"2025-07-31T09:01:20","modified_gmt":"2025-07-31T09:01:20","slug":"zao-naturlig-nagelhaerdare-635-8-ml","status":"publish","type":"product","link":"https:\/\/healthyhead.dk\/sv\/produkt\/zao-naturlig-nagelhaerdare-635-8-ml\/","title":{"rendered":"ZAO, Naturlig Nagelh\u00e4rdare 635, 8 ml"},"content":{"rendered":"","protected":false},"excerpt":{"rendered":"<p><img decoding=\"async\" class=\"\" src=\"\/wp-content\/uploads\/2024\/08\/Ingen-kemi.svg\" alt=\"\" width=\"45\" height=\"45\">Inga hormonst\u00f6rande \u00e4mnen<\/p>\n<p><img decoding=\"async\" class=\"\" src=\"\/wp-content\/uploads\/2024\/08\/Ingen-allergifremkaldende.svg\" alt=\"\" width=\"46\" height=\"46\">Inga allergiframkallande \u00e4mnen<\/p>\n<p><img decoding=\"async\" class=\"\" src=\"\/wp-content\/uploads\/2024\/08\/Ingen-miljoebelastende.svg\" width=\"46\" height=\"46\">Inga milj\u00f6farliga \u00e4mnen<\/p>\n<p><img loading=\"lazy\" decoding=\"async\" class=\"\" src=\"\/wp-content\/uploads\/2024\/08\/Ingen-parfume.svg\" width=\"46\" height=\"46\">Ingen parfym<\/p>\n<p>&nbsp;<\/p>\n[cg_accordion title=\"Beskrivning\" open=\"open\"]<\/p>\n<p><span style=\"font-weight: 400;\">Biobaserad nagelf\u00f6rst\u00e4rkare fr\u00e5n ZAO. Speciellt utformad f\u00f6r \u00f6mt\u00e5liga naglar. Den naturliga h\u00e4rdaren ger n\u00e4ring \u00e5t dina naglar genom att bilda en skyddande barri\u00e4r. Den \u00e4r berikad med ekologisk bambusiklia, som ger naglarna styrka och f\u00f6rhindrar att de spricker. Applicera ett lager p\u00e5 naglarna var tredje till femte dag f\u00f6r att bibeh\u00e5lla effekten, som nagelf\u00f6rst\u00e4rkare eller anv\u00e4nd det som baslack. Har en bred borste f\u00f6r enkel applicering. Fri fr\u00e5n farliga kemikalier.      <\/span><\/p>\n<ul>\n<li style=\"font-weight: 400;\" aria-level=\"1\"><b>Biobaserad nagelf\u00f6rst\u00e4rkare<\/b><span style=\"font-weight: 400;\"> fr\u00e5n ZAO<\/span><\/li>\n<li style=\"font-weight: 400;\" aria-level=\"1\"><span style=\"font-weight: 400;\">Perfekt f\u00f6r <\/span><b>\u00f6mt\u00e5liga naglar<\/b><\/li>\n<li style=\"font-weight: 400;\" aria-level=\"1\"><span style=\"font-weight: 400;\">Bildar en <\/span><b>skyddande barri\u00e4r<\/b><span style=\"font-weight: 400;\"> <\/span><\/li>\n<li style=\"font-weight: 400;\" aria-level=\"1\"><span style=\"font-weight: 400;\">Ekologisk kiseldioxid fr\u00e5n bambu <\/span><b>St\u00e4rker naglarna<\/b><\/li>\n<li aria-level=\"1\"><span style=\"font-weight: 400;\">Har en<\/span> <span style=\"font-weight: 400;\">bred borste<\/span><b> f\u00f6r enkel applicering<\/b> <span style=\"font-weight: 400;\">av topplacket<\/span><\/li>\n<li aria-level=\"1\"><span style=\"font-weight: 400;\">Baserat p\u00e5 <\/span><b>naturliga ingredienser<\/b><span style=\"font-weight: 400;\">Fri fr\u00e5n riskfylld kemi<\/span><\/li>\n<\/ul>\n<p>[\/cg_accordion]\n[cg_accordion title=\"Tips f\u00f6r anv\u00e4ndning\"]<\/p>\n<ul>\n<li><span style=\"font-weight: 400;\">Applicera ett lager p\u00e5 naglarna var tredje till femte dag f\u00f6r att bibeh\u00e5lla effekten, som en nagelf\u00f6rst\u00e4rkare eller anv\u00e4nd det som ett baslack.<\/span><\/li>\n<\/ul>\n<p>[\/cg_accordion]\n[cg_accordion title=\"Ingredienser\"]<\/p>\n<p>Inneh\u00e5ller <b>bambuextrakt<\/b>, som \u00e4r naturligt rikt p\u00e5 <b>organisk kiseldioxid<\/b> som g\u00f6r naglarna h\u00e5rdare och mer motst\u00e5ndskraftiga.<\/p>\n<p><b>INCI-lista: <\/b>Etylacetat, butylacetat, nitrocellulosa, sampolymer av adipinsyra\/neopentylglykol\/trimellitisk anhydrid, isosorbiddikaprylat\/-kaprat, alkohol, N-butylalkohol, frukt extrakt av Persea Gratissima (avokado), extrakt av Camellia Sinensis blad, citronsyra, Aqua (vatten), dinatriumedta, glycerin, hydrolyserat vegetabiliskt protein, pg-propylsilanetriol, metylpropandiol, Metyltiopropylamidoacetylmetionin, kaliumsorbat, Helianthus Annuus (solros)fr\u00f6olja, kapryl\/kapris triglycerid, trimetylpentandiyldibensoat, hexanal, Bambusa Vulgaris Sap Extract, fenoxietanol, Pistacia Lentiscus (mastix)gummi, propylenglykol, natriumbensoat, Spinacia Oleracea (spenat)bladextrakt, tokoferol, etokrylen, Ci 60725 (violett 2).<\/p>\n<p>[\/cg_accordion]\n<p>&nbsp;<\/p>\n","protected":false},"featured_media":257311,"template":"","meta":{"_acf_changed":false},"product_brand":[565],"product_cat":[870],"product_tag":[],"class_list":{"0":"post-267481","1":"product","2":"type-product","3":"status-publish","4":"has-post-thumbnail","6":"product_brand-zao","7":"product_cat-naglar","9":"first","10":"instock","11":"taxable","12":"shipping-taxable","13":"purchasable","14":"product-type-simple"},"acf":[],"_links":{"self":[{"href":"https:\/\/healthyhead.dk\/sv\/wp-json\/wp\/v2\/product\/267481","targetHints":{"allow":["GET"]}}],"collection":[{"href":"https:\/\/healthyhead.dk\/sv\/wp-json\/wp\/v2\/product"}],"about":[{"href":"https:\/\/healthyhead.dk\/sv\/wp-json\/wp\/v2\/types\/product"}],"version-history":[{"count":0,"href":"https:\/\/healthyhead.dk\/sv\/wp-json\/wp\/v2\/product\/267481\/revisions"}],"wp:featuredmedia":[{"embeddable":true,"href":"https:\/\/healthyhead.dk\/sv\/wp-json\/wp\/v2\/media\/257311"}],"wp:attachment":[{"href":"https:\/\/healthyhead.dk\/sv\/wp-json\/wp\/v2\/media?parent=267481"}],"wp:term":[{"taxonomy":"product_brand","embeddable":true,"href":"https:\/\/healthyhead.dk\/sv\/wp-json\/wp\/v2\/product_brand?post=267481"},{"taxonomy":"product_cat","embeddable":true,"href":"https:\/\/healthyhead.dk\/sv\/wp-json\/wp\/v2\/product_cat?post=267481"},{"taxonomy":"product_tag","embeddable":true,"href":"https:\/\/healthyhead.dk\/sv\/wp-json\/wp\/v2\/product_tag?post=267481"}],"curies":[{"name":"wp","href":"https:\/\/api.w.org\/{rel}","templated":true}]}}