{"id":267485,"date":"2024-10-29T10:41:58","date_gmt":"2024-10-29T10:41:58","guid":{"rendered":"https:\/\/new.healthyhead.dk\/vare\/zao-naturlig-nail-amp-cuticle-care-634-8-ml\/"},"modified":"2025-07-31T09:15:41","modified_gmt":"2025-07-31T09:15:41","slug":"zao-naturlig-nail-cuticle-care-634-8-ml","status":"publish","type":"product","link":"https:\/\/healthyhead.dk\/sv\/produkt\/zao-naturlig-nail-cuticle-care-634-8-ml\/","title":{"rendered":"ZAO, Naturlig Nail &amp; Cuticle Care 634, 8 ml"},"content":{"rendered":"","protected":false},"excerpt":{"rendered":"<p><img decoding=\"async\" class=\"\" src=\"\/wp-content\/uploads\/2024\/08\/Ingen-kemi.svg\" alt=\"\" width=\"45\" height=\"45\">Inga hormonst\u00f6rande \u00e4mnen<\/p>\n<p><img decoding=\"async\" class=\"\" src=\"\/wp-content\/uploads\/2024\/08\/Ingen-allergifremkaldende.svg\" alt=\"\" width=\"46\" height=\"46\">Inga allergiframkallande \u00e4mnen<\/p>\n<p><img decoding=\"async\" class=\"\" src=\"\/wp-content\/uploads\/2024\/08\/Ingen-miljoebelastende.svg\" width=\"46\" height=\"46\">Inga milj\u00f6farliga \u00e4mnen<\/p>\n<p><img loading=\"lazy\" decoding=\"async\" class=\"\" src=\"\/wp-content\/uploads\/2024\/08\/indeholder-parfume.svg\" width=\"46\" height=\"46\">Inneh\u00e5ller en mycket liten m\u00e4ngd allergiv\u00e4nlig och 100 % naturlig doft<\/p>\n<p>&nbsp;<\/p>\n[cg_accordion title=\"Beskrivning\" open=\"open\"]<\/p>\n<p>&nbsp;<\/p>\n<p><span style=\"font-weight: 400;\">Nail and cuticle care oil \u00e4r idealisk f\u00f6r att ge n\u00e4ring \u00e5t och st\u00e4rka naglarna och mjuka upp nagelbanden. Den inneh\u00e5ller s\u00f6tmandelolja och kukuiolja. Dessa vegetabiliska oljor \u00e4r k\u00e4nda f\u00f6r sina n\u00e4rande och reparerande egenskaper.  <\/span><\/p>\n<ul>\n<li style=\"font-weight: 400;\" aria-level=\"1\"><b>St\u00e4rker dina naglar<\/b><span style=\"font-weight: 400;\"> och mjukar upp nagelbanden<\/span><\/li>\n<li style=\"font-weight: 400;\" aria-level=\"1\"><span style=\"font-weight: 400;\">Berikad med<\/span><b> ekologisk s\u00f6t mandeilolja och kukuiolja, <\/b><span style=\"font-weight: 400;\">k\u00e4nd f\u00f6r sina n\u00e4rande och reparerande egenskaper<\/span><\/li>\n<li style=\"font-weight: 400;\" aria-level=\"1\"><span style=\"font-weight: 400;\">Baserat p\u00e5 <\/span><b>naturliga ingredienser<\/b><span style=\"font-weight: 400;\">Fri fr\u00e5n riskfylld kemi<\/span><\/li>\n<\/ul>\n<p>[\/cg_accordion]\n[cg_accordion title=\"Tips f\u00f6r anv\u00e4ndning\"]<\/p>\n<ul>\n<li>\n<div class=\"flex-shrink-0 flex flex-col relative items-end\">\n<div>\n<div class=\"pt-0\">\n<div class=\"gizmo-bot-avatar flex h-8 w-8 items-center justify-center overflow-hidden rounded-full\">\n<div class=\"relative p-1 rounded-sm flex items-center justify-center bg-token-main-surface-primary text-token-text-primary h-8 w-8\">Applicera oljan p\u00e5 nageln och dess kontur och massera f\u00f6rsiktigt tills den \u00e4r helt absorberad.<\/div>\n<div class=\"relative p-1 rounded-sm flex items-center justify-center bg-token-main-surface-primary text-token-text-primary h-8 w-8\">TIPS: Om du vill g\u00f6ra din manikyr direkt efter\u00e5t, kom ih\u00e5g att avfetta\/reng\u00f6ra nageln.<\/div>\n<\/div>\n<\/div>\n<\/div>\n<\/div>\n<\/li>\n<\/ul>\n<p>[\/cg_accordion]\n[cg_accordion title=\"Ingredienser\"]<\/p>\n<p><span style=\"font-weight: 400;\">Berikad<\/span><b> med ekologisk s\u00f6tmandelolja och kukuiolja <\/b><span style=\"font-weight: 400;\">, k\u00e4nda f\u00f6r sina v\u00e5rdande och reparerande egenskaper<\/span><\/p>\n<p><b>INCI-lista:<\/b>Prunus Amygdalus Dulcis (s\u00f6tmandel) olja, Helianthus Annuus (solros) fr\u00f6olja, Adansonia Digitata fr\u00f6olja, Passiflora Edulis fr\u00f6olja, Aleurites Moluccanus fr\u00f6olja, Cocos Nucifera (kokos) olja, Juglans Regia (valn\u00f6t) fr\u00f6olja, Tocopheryl Acetate, Tocopherol, Bambusa Vulgaris Sap Extract, Parfum (doft).<\/p>\n<p>[\/cg_accordion]\n<p>&nbsp;<\/p>\n","protected":false},"featured_media":257291,"template":"","meta":{"_acf_changed":false},"product_brand":[565,1160],"product_cat":[882],"product_tag":[],"class_list":{"0":"post-267485","1":"product","2":"type-product","3":"status-publish","4":"has-post-thumbnail","6":"product_brand-zao","7":"product_brand-zao-nagellack-sv","8":"product_cat-topplack-nagelvaard","10":"first","11":"instock","12":"taxable","13":"shipping-taxable","14":"purchasable","15":"product-type-simple"},"acf":[],"_links":{"self":[{"href":"https:\/\/healthyhead.dk\/sv\/wp-json\/wp\/v2\/product\/267485","targetHints":{"allow":["GET"]}}],"collection":[{"href":"https:\/\/healthyhead.dk\/sv\/wp-json\/wp\/v2\/product"}],"about":[{"href":"https:\/\/healthyhead.dk\/sv\/wp-json\/wp\/v2\/types\/product"}],"version-history":[{"count":0,"href":"https:\/\/healthyhead.dk\/sv\/wp-json\/wp\/v2\/product\/267485\/revisions"}],"wp:featuredmedia":[{"embeddable":true,"href":"https:\/\/healthyhead.dk\/sv\/wp-json\/wp\/v2\/media\/257291"}],"wp:attachment":[{"href":"https:\/\/healthyhead.dk\/sv\/wp-json\/wp\/v2\/media?parent=267485"}],"wp:term":[{"taxonomy":"product_brand","embeddable":true,"href":"https:\/\/healthyhead.dk\/sv\/wp-json\/wp\/v2\/product_brand?post=267485"},{"taxonomy":"product_cat","embeddable":true,"href":"https:\/\/healthyhead.dk\/sv\/wp-json\/wp\/v2\/product_cat?post=267485"},{"taxonomy":"product_tag","embeddable":true,"href":"https:\/\/healthyhead.dk\/sv\/wp-json\/wp\/v2\/product_tag?post=267485"}],"curies":[{"name":"wp","href":"https:\/\/api.w.org\/{rel}","templated":true}]}}