{"id":267495,"date":"2024-10-29T08:42:23","date_gmt":"2024-10-29T08:42:23","guid":{"rendered":"https:\/\/new.healthyhead.dk\/vare\/zao-biobaseret-duo-base-top-coat\/"},"modified":"2025-07-31T10:19:25","modified_gmt":"2025-07-31T10:19:25","slug":"zao-biobaserad-duo-baserad-topp-belaggning","status":"publish","type":"product","link":"https:\/\/healthyhead.dk\/sv\/produkt\/zao-biobaserad-duo-baserad-topp-belaggning\/","title":{"rendered":"ZAO, Biobaserad Duo Base Top Coat, 8 ml"},"content":{"rendered":"","protected":false},"excerpt":{"rendered":"<p><img decoding=\"async\" class=\"\" src=\"\/wp-content\/uploads\/2024\/08\/Ingen-kemi.svg\" alt=\"\" width=\"45\" height=\"45\">Inga hormonst\u00f6rande \u00e4mnen<\/p>\n<p><img decoding=\"async\" class=\"\" src=\"\/wp-content\/uploads\/2024\/08\/Ingen-allergifremkaldende.svg\" alt=\"\" width=\"46\" height=\"46\">Inga allergiframkallande \u00e4mnen<\/p>\n<p><img decoding=\"async\" class=\"\" src=\"\/wp-content\/uploads\/2024\/08\/Ingen-miljoebelastende.svg\" width=\"46\" height=\"46\">Inga milj\u00f6farliga \u00e4mnen<\/p>\n<p><img loading=\"lazy\" decoding=\"async\" class=\"\" src=\"\/wp-content\/uploads\/2024\/08\/Ingen-parfume.svg\" width=\"46\" height=\"46\">Ingen parfym<\/p>\n<p>&nbsp;<\/p>\n[cg_accordion title=\"Beskrivning\" open=\"open\"]<\/p>\n<p><span style=\"font-weight: 400;\">Biobaserat \u00f6verlack fr\u00e5n franska ZAO. Applicera ovanp\u00e5 nagellacket f\u00f6r en vacker och gl\u00e4nsande look med den transparenta topcoaten eller en vacker och gnistrande yta med glitterversionen. Topcoaten ger nagellacket \u00f6kad h\u00e5llbarhet. Kan \u00e4ven anv\u00e4ndas ensam om du vill st\u00e4rka naglarna och ge dem en sl\u00e4t eller glansig finish. Berikad med organisk silica fr\u00e5n bambu f\u00f6r att st\u00e4rka dina naglar. Produkten \u00e4r helt fri fr\u00e5n farliga kemikalier.     <\/span><\/p>\n<ul>\n<li style=\"font-weight: 400;\" aria-level=\"1\"><b>Biobaserad topplack <\/b><span style=\"font-weight: 400;\">fr\u00e5n franska ZAO<\/span><\/li>\n<li style=\"font-weight: 400;\" aria-level=\"1\"><span style=\"font-weight: 400;\">Finns i tv\u00e5 varianter<\/span><b> tv\u00e5 varianter: transparent och glitter<\/b><\/li>\n<li style=\"font-weight: 400;\" aria-level=\"1\"><span style=\"font-weight: 400;\">Ger nagellacket <\/span><b>\u00f6kad h\u00e5llbarhet<\/b><\/li>\n<li style=\"font-weight: 400;\" aria-level=\"1\"><span style=\"font-weight: 400;\">Baserad p\u00e5 naturliga ingredienser <\/span><b>Fri fr\u00e5n riskabla kemikalier<\/b><\/li>\n<li style=\"font-weight: 400;\" aria-level=\"1\"><span style=\"font-weight: 400;\">Berikad med <\/span><b>organisk kiseldioxid fr\u00e5n bambu<\/b><span style=\"font-weight: 400;\">, <\/span><b>som st\u00e4rker dina naglar<\/b><\/li>\n<li style=\"font-weight: 400;\" aria-level=\"1\"><span style=\"font-weight: 400;\">Har en<\/span> <span style=\"font-weight: 400;\">bred borste<\/span><b> f\u00f6r enkel applicering<\/b> <span style=\"font-weight: 400;\">av topplacket<\/span><\/li>\n<\/ul>\n<p>[\/cg_accordion]\n[cg_accordion title=\"Tips f\u00f6r anv\u00e4ndning\"]<\/p>\n<ul>\n<li>Se till att det f\u00e4rgade nagellacket \u00e4r helt torrt.<\/li>\n<li>Applicera Top Coat p\u00e5 nagellacket med b\u00f6rjan fr\u00e5n nagelns bas.<\/li>\n<\/ul>\n<p>[\/cg_accordion]\n[cg_accordion title=\"Ingredienser\"]<\/p>\n<p>Inneh\u00e5ller <b>bambuextrakt<\/b>, som \u00e4r naturligt rikt p\u00e5 <b>organisk kiseldioxid<\/b> som g\u00f6r naglarna h\u00e5rdare och mer motst\u00e5ndskraftiga.<\/p>\n<p><b>INCI-lista:  <\/b><\/p>\n<p>Classic Top Coat 636 : Etylacetat, butylacetat, nitrocellulosa, sampolymer av adipinsyra\/neopentylglykol\/trimellitisk anhydrid, isosorbiddiakrylat\/-kaprat, alkohol, N-butylalkohol, extrakt av frukt fr\u00e5n Persea Gratissima (avokado), extrakt av blad fr\u00e5n Camellia Sinensis, citronsyra, Aqua (vatten), glycerin, kaliumsorbat, Helianthus Annuus (solros) fr\u00f6olja, kapryl\/kapris triglycerid, trimetylpentandiyldibensoat, Bambusa Vulgaris sap-extrakt, Pistacia Lentiscus (mastix) gummi, propylenglykol, natriumbensoat, Spinacia Oleracea (spenat) bladextrakt, tokoferol, etokrylen, Ci 60725 (violett 2).<\/p>\n<p>Glitter Top Coat 665 : Butylacetat, etylacetat, nitrocellulosa, sampolymer av adipinsyra\/neopentylglykol\/trimellitisk anhydrid, acetyltributylcitrat, alkohol, stearalkoniumbentonit, isopropylalkohol, fosforsyra, extrakt av bambusav, butylacetat, Diacetonalkohol, etylacetat, etokrylen, polyetylentereftalat, polyuretan-33, dimetyloxobenzo-dioxasilan, Helianthus Annuus (solros)fr\u00f6olja, tokoferol, Ci 77000 (aluminiumpulver), Ci 60725 (violett 2), Ci 19140 (gul 5-sj\u00f6).<\/p>\n<p>[\/cg_accordion]\n<p>&nbsp;<\/p>\n","protected":false},"featured_media":257295,"template":"","meta":{"_acf_changed":false},"product_brand":[565],"product_cat":[870],"product_tag":[],"class_list":{"0":"post-267495","1":"product","2":"type-product","3":"status-publish","4":"has-post-thumbnail","6":"product_brand-zao","7":"product_cat-naglar","9":"first","10":"instock","11":"taxable","12":"shipping-taxable","13":"purchasable","14":"product-type-variable"},"acf":[],"_links":{"self":[{"href":"https:\/\/healthyhead.dk\/sv\/wp-json\/wp\/v2\/product\/267495","targetHints":{"allow":["GET"]}}],"collection":[{"href":"https:\/\/healthyhead.dk\/sv\/wp-json\/wp\/v2\/product"}],"about":[{"href":"https:\/\/healthyhead.dk\/sv\/wp-json\/wp\/v2\/types\/product"}],"version-history":[{"count":0,"href":"https:\/\/healthyhead.dk\/sv\/wp-json\/wp\/v2\/product\/267495\/revisions"}],"wp:featuredmedia":[{"embeddable":true,"href":"https:\/\/healthyhead.dk\/sv\/wp-json\/wp\/v2\/media\/257295"}],"wp:attachment":[{"href":"https:\/\/healthyhead.dk\/sv\/wp-json\/wp\/v2\/media?parent=267495"}],"wp:term":[{"taxonomy":"product_brand","embeddable":true,"href":"https:\/\/healthyhead.dk\/sv\/wp-json\/wp\/v2\/product_brand?post=267495"},{"taxonomy":"product_cat","embeddable":true,"href":"https:\/\/healthyhead.dk\/sv\/wp-json\/wp\/v2\/product_cat?post=267495"},{"taxonomy":"product_tag","embeddable":true,"href":"https:\/\/healthyhead.dk\/sv\/wp-json\/wp\/v2\/product_tag?post=267495"}],"curies":[{"name":"wp","href":"https:\/\/api.w.org\/{rel}","templated":true}]}}