{"id":267571,"date":"2025-01-28T07:23:09","date_gmt":"2025-01-28T07:23:09","guid":{"rendered":"https:\/\/new.healthyhead.dk\/vare\/zao-vegansk-daring-laebestift-410-the-rouge-35-g\/"},"modified":"2025-07-31T12:57:37","modified_gmt":"2025-07-31T12:57:37","slug":"zao-vegan-daring-lifting-stick-410-the-red-35-g","status":"publish","type":"product","link":"https:\/\/healthyhead.dk\/sv\/produkt\/zao-vegan-daring-lifting-stick-410-the-red-35-g\/","title":{"rendered":"ZAO, Vegan Daring L\u00e4ppstift 410 THE Rouge, 3,5 g"},"content":{"rendered":"","protected":false},"excerpt":{"rendered":"<p><img decoding=\"async\" class=\"\" src=\"\/wp-content\/uploads\/2024\/08\/Ingen-kemi.svg\" alt=\"\" width=\"45\" height=\"45\">Inga hormonst\u00f6rande \u00e4mnen<\/p>\n<p><img decoding=\"async\" class=\"\" src=\"\/wp-content\/uploads\/2024\/08\/Ingen-allergifremkaldende.svg\" alt=\"\" width=\"46\" height=\"46\">Inga allergiframkallande \u00e4mnen<\/p>\n<p><img decoding=\"async\" class=\"\" src=\"\/wp-content\/uploads\/2024\/08\/Ingen-miljoebelastende.svg\" width=\"46\" height=\"46\">Inga milj\u00f6farliga \u00e4mnen<\/p>\n<p><img loading=\"lazy\" decoding=\"async\" class=\"\" src=\"\/wp-content\/uploads\/2024\/08\/indeholder-parfume.svg\" width=\"46\" height=\"46\">Inneh\u00e5ller en mycket liten m\u00e4ngd allergiv\u00e4nlig och 100 % naturlig doft<\/p>\n<p>&nbsp;<\/p>\n[cg_accordion title=\"Produktbeskrivning\" open=\"open\"]<\/p>\n<p>Daring Lipstick ger en vacker matt finish med intensiv f\u00e4rg och full t\u00e4ckning. Det \u00e4r l\u00e5ngvarigt och l\u00e4tt att applicera, s\u00e5 att du kan skapa allt fr\u00e5n en naturlig vardagslook till en mer dramatisk sminklook. L\u00e4ppstiftet \u00e4r berikat med ekologisk ricinolja som v\u00e5rdar och mjukg\u00f6r l\u00e4pparna.  <\/p>\n<p>Den \u00e4r vegansk, p\u00e5fyllningsbar och best\u00e5r av 90% naturliga ingredienser. F\u00f6r att uppn\u00e5 den perfekta r\u00f6da f\u00e4rgen har ZAO valt en l\u00f6sning utan anv\u00e4ndning av insekter. L\u00e4ppstiftet \u00e4r d\u00e4rf\u00f6r inte certifierat ekologiskt, men fortfarande baserat p\u00e5 naturliga ingredienser.  <\/p>\n<ul>\n<li data-iconic-wlv-term-label=\"ZAO Ansigtscreme\"><strong>Veganskt certifierat l\u00e4ppstift<\/strong><\/li>\n<li data-iconic-wlv-term-label=\"ZAO Ansigtscreme\">Perfekt r\u00f6d f\u00e4rg<\/li>\n<li data-iconic-wlv-term-label=\"ZAO Ansigtscreme\">Best\u00e5r av 90% <strong>naturliga ingredienser<\/strong><\/li>\n<li data-iconic-wlv-term-label=\"ZAO Ansigtscreme\">Berikad med <strong>ekologisk ricinolja<\/strong>, k\u00e4nd f\u00f6r sina reng\u00f6rande och <strong>mjukg\u00f6rande egenskaper<\/strong><\/li>\n<\/ul>\n<p>[\/cg_accordion]\n[cg_accordion title=\"Tips f\u00f6r anv\u00e4ndning\"]\n<p>B\u00f6rja appliceringen i mitten av l\u00e4pparna, sedan i h\u00f6rnen och p\u00e5 kanterna. F\u00f6r en mer exakt linje, anv\u00e4nd Lip Brush 708. <\/p>\n<p>&nbsp;<\/p>\n<p>[\/cg_accordion][cg_accordion title=\"Ingredienser\"]<\/p>\n<div class=\"group\/conversation-turn relative flex w-full min-w-0 flex-col agent-turn\">\n<div class=\"flex-col gap-1 md:gap-3\">\n<div class=\"flex max-w-full flex-col flex-grow\">\n<div class=\"min-h-8 text-message flex w-full flex-col items-end gap-2 whitespace-normal break-words text-start [.text-message+&amp;]:mt-5\" dir=\"auto\" data-message-author-role=\"assistant\" data-message-id=\"964dc2be-9351-45c2-b544-e8b38996d5b4\" data-message-model-slug=\"gpt-4o\">\n<div class=\"flex w-full flex-col gap-1 empty:hidden first:pt-[3px]\">\n<div class=\"markdown prose w-full break-words dark:prose-invert light\">\n<p><strong><b>Ekologisk ricinolja:<\/b><\/strong><\/p>\n<p>Denna olja inneh\u00e5ller den specifika fettsyran ricinolsyra, vilket g\u00f6r den till en sk\u00f6nhetsbehandling med anm\u00e4rkningsv\u00e4rda egenskaper som redan var k\u00e4nda under antiken. Den lindrar hudirritationer genom sin reng\u00f6rande, mjukg\u00f6rande och l\u00e4kande verkan. <\/p>\n<p>&nbsp;<\/p>\n<\/div>\n<\/div>\n<\/div>\n<\/div>\n<\/div>\n<\/div>\n<p><b>INCI-lista: <\/b>Ingredienser av naturligt ursprung: 90%. Ingredienser listar : Ricinus Communis Seed Oil*, Silica, Candelilla Cera, Caprylic\/capric Triglyceride, C10-18 Triglycerides, Ci 15850, Ci 15850, Hydroxystearic\/linolenic\/oleic Polyglycerides, Jojoba Esters, Ci 45410, Glyceryl Behenate, Parfum, Lecithin, Bambusa Arundinacea Stem Powder, Ci 77499, Helianthus Annuus Seed Oil*, Tocopherol, Ascorbyl Palmitate, Bambusa Arundinacea Stem Extract*, Citric Acid. *Ingredienser fr\u00e5n ekologiskt jordbruk.  <\/p>\n<p>&nbsp;<\/p>\n<p>[\/cg_accordion]<\/p>\n","protected":false},"featured_media":260259,"template":"","meta":{"_acf_changed":false},"product_brand":[565],"product_cat":[852],"product_tag":[],"class_list":{"0":"post-267571","1":"product","2":"type-product","3":"status-publish","4":"has-post-thumbnail","6":"product_brand-zao","7":"product_cat-laeppar","9":"first","10":"instock","11":"taxable","12":"shipping-taxable","13":"purchasable","14":"product-type-simple"},"acf":[],"_links":{"self":[{"href":"https:\/\/healthyhead.dk\/sv\/wp-json\/wp\/v2\/product\/267571","targetHints":{"allow":["GET"]}}],"collection":[{"href":"https:\/\/healthyhead.dk\/sv\/wp-json\/wp\/v2\/product"}],"about":[{"href":"https:\/\/healthyhead.dk\/sv\/wp-json\/wp\/v2\/types\/product"}],"version-history":[{"count":0,"href":"https:\/\/healthyhead.dk\/sv\/wp-json\/wp\/v2\/product\/267571\/revisions"}],"wp:featuredmedia":[{"embeddable":true,"href":"https:\/\/healthyhead.dk\/sv\/wp-json\/wp\/v2\/media\/260259"}],"wp:attachment":[{"href":"https:\/\/healthyhead.dk\/sv\/wp-json\/wp\/v2\/media?parent=267571"}],"wp:term":[{"taxonomy":"product_brand","embeddable":true,"href":"https:\/\/healthyhead.dk\/sv\/wp-json\/wp\/v2\/product_brand?post=267571"},{"taxonomy":"product_cat","embeddable":true,"href":"https:\/\/healthyhead.dk\/sv\/wp-json\/wp\/v2\/product_cat?post=267571"},{"taxonomy":"product_tag","embeddable":true,"href":"https:\/\/healthyhead.dk\/sv\/wp-json\/wp\/v2\/product_tag?post=267571"}],"curies":[{"name":"wp","href":"https:\/\/api.w.org\/{rel}","templated":true}]}}