{"id":267626,"date":"2024-10-13T12:39:45","date_gmt":"2024-10-13T12:39:45","guid":{"rendered":"https:\/\/new.healthyhead.dk\/vare\/zao-okologisk-matt-laebestift-3-5-g\/"},"modified":"2025-07-31T11:11:20","modified_gmt":"2025-07-31T11:11:20","slug":"zao-ekologiskt-matt-laeppstift-35-g","status":"publish","type":"product","link":"https:\/\/healthyhead.dk\/sv\/produkt\/zao-ekologiskt-matt-laeppstift-35-g\/","title":{"rendered":"ZAO, Ekologiskt Matt L\u00e4ppstift, 3,5 g"},"content":{"rendered":"","protected":false},"excerpt":{"rendered":"<p><img decoding=\"async\" class=\"\" src=\"\/wp-content\/uploads\/2024\/08\/Ingen-kemi.svg\" alt=\"\" width=\"45\" height=\"45\">Inga hormonst\u00f6rande \u00e4mnen<\/p>\n<p><img decoding=\"async\" class=\"\" src=\"\/wp-content\/uploads\/2024\/08\/Ingen-allergifremkaldende.svg\" alt=\"\" width=\"46\" height=\"46\">Inga allergiframkallande \u00e4mnen<\/p>\n<p><img decoding=\"async\" class=\"\" src=\"\/wp-content\/uploads\/2024\/08\/Ingen-miljoebelastende.svg\" width=\"46\" height=\"46\">Inga milj\u00f6farliga \u00e4mnen<\/p>\n<p><img loading=\"lazy\" decoding=\"async\" class=\"\" src=\"\/wp-content\/uploads\/2024\/08\/indeholder-parfume.svg\" width=\"46\" height=\"46\">Inneh\u00e5ller en mycket liten m\u00e4ngd allergiv\u00e4nlig och 100 % naturlig doft<\/p>\n<p>&nbsp;<\/p>\n[cg_accordion title=\"Produktbeskrivning\" open=\"open\"]<\/p>\n<p>Ekologiskt och veganskt l\u00e4ppstift fr\u00e5n franska ZAO med en h\u00e4rligt kr\u00e4mig konsistens. L\u00e4ppstiftet inneh\u00e5ller ekologisk ricinolja och sheasm\u00f6r. Dessa ingredienser mjukg\u00f6r och \u00e5terfuktar l\u00e4pparna och g\u00f6r dem v\u00e4lv\u00e5rdade och vackra. L\u00e4ppstiftet har en l\u00e5ngvarig stadga och en vackert pigmenterad f\u00e4rg.   <\/p>\n<ul>\n<li><b>Ekologiskt och veganskt certifierat<\/b> l\u00e4ppstift<\/li>\n<li>L\u00e4cker och <b>kr\u00e4mig<\/b> konsistens<\/li>\n<li>Berikad med <b>ekologisk ricinolja och sheasm\u00f6r<\/b> med v\u00e5rdande egenskaper<\/li>\n<li>L\u00e4ppstiftet har en <b>l\u00e5ngvarig h\u00e5llfasthet<\/b><\/li>\n<li>M\u00f6jlighet att <b>fylla p\u00e5 med en refill<\/b><\/li>\n<\/ul>\n<p><img loading=\"lazy\" decoding=\"async\" class=\"alignnone size-full wp-image-8916\" src=\"\/wp-content\/uploads\/2024\/08\/zao-certificeringer.jpg\" alt=\"\" width=\"479\" height=\"93\" srcset=\"https:\/\/i0.wp.com\/healthyhead.dk\/wp-content\/uploads\/2024\/08\/zao-certificeringer.jpg?w=479&amp;ssl=1 479w, https:\/\/i0.wp.com\/healthyhead.dk\/wp-content\/uploads\/2024\/08\/zao-certificeringer.jpg?resize=300%2C58&amp;ssl=1 300w, https:\/\/i0.wp.com\/healthyhead.dk\/wp-content\/uploads\/2024\/08\/zao-certificeringer.jpg?resize=441%2C86&amp;ssl=1 441w, https:\/\/i0.wp.com\/healthyhead.dk\/wp-content\/uploads\/2024\/08\/zao-certificeringer.jpg?resize=150%2C29&amp;ssl=1 150w\" sizes=\"(max-width: 479px) 100vw, 479px\" \/><br \/>\n[\/cg_accordion]\n[cg_accordion title=\"Tips f\u00f6r anv\u00e4ndning\"]<\/p>\n<p>L\u00e4ppstiftet kan appliceras direkt p\u00e5 l\u00e4pparna eller med l\u00e4ppensel 708.<\/p>\n<p>[\/cg_accordion]\n[cg_accordion title=\"Ingredienser\"] <b>Ekologisk ricinolja<\/b><\/p>\n<p>Denna olja \u00e4r intressant eftersom den fungerar som en mjukg\u00f6rare som hj\u00e4lper till att mjuka upp huden. Den \u00e4r ocks\u00e5 \u00e5terfuktande, vilket \u00f6kar hudens vatteninneh\u00e5ll och h\u00e5ller den mjuk och smidig. <\/p>\n<p><b>Ekologiskt sheasm\u00f6r<\/b><\/p>\n<p>Sheasm\u00f6r utvinns ur shean\u00f6tter, ett tr\u00e4d som bara v\u00e4xer vilt p\u00e5 savannerna i V\u00e4stafrika. Dess sammans\u00e4ttning, rik p\u00e5 fettsyror, ger det \u00e5terfuktande och n\u00e4rande egenskaper. <\/p>\n<p><b>Ekologiskt granat\u00e4ppleextrakt<\/b><\/p>\n<p>Granat\u00e4pple \u00e4r koncentrerat till punicinsyra och har antiinflammatoriska och lugnande egenskaper. Det \u00e4r ocks\u00e5 rikt p\u00e5 fytosteroler, som har antioxidativa och antiradikala egenskaper och hj\u00e4lper till att bek\u00e4mpa \u00e5lderstecken, rynkor och fina linjer. <\/p>\n<p><b>Bambupulver<\/b><\/p>\n<p>Det \u00e4r en vit substans som utvinns ur bambuns noder. Tack vare sin h\u00f6ga kiselinneh\u00e5ll remineraliserar, \u00e5terfuktar och bidrar till hudens f\u00f6rnyelse samtidigt som den minskar glansen hos blandhy och fet hy. <\/p>\n<p><b>INCI-lista:<\/b> Ricinus Communis (Castor) Seed Oil*, C10-18 Triglycerides, Prunus Armeniaca (Apricot) Kernel Extract, Hydrogenated Olive Oil Stearyl Esters**, Glycine Soja (Soybean) Oil*, Hydroxystearic \/ Linolenic \/ Oleic Polyglycerides, Parfum (Fragrance), Tocopherol, Butyrospermum Parkii (Shea) Butter*, Olea Europaea (oliv) fruktolja*, Theobroma Cacao (kakao) fr\u00f6sm\u00f6r*, Phyllostachis Bambusoides rhizomextrakt*, Simmondsia Chinensis (jojoba) fr\u00f6olja*, Elaeis Guineensis (palm) sm\u00f6r*, Punica Granatum (granat\u00e4pple) fruktextrakt*, Bambusa Arundinacea stam pulver, Ci 77820 (silver). Kan inneh\u00e5lla +\/-: Ci 77019 (glimmer), Ci 77891 (titandioxid), Ci 77491 (j\u00e4rnoxider), Ci 77492 (j\u00e4rnoxider), Ci 77499 (j\u00e4rnoxider), Ci 77007 (ultramariner), Ci 77742 (manganviolett), Ci 77510 (j\u00e4rnferrocyanid). * Ingredienser fr\u00e5n ekologiskt jordbruk. ** Tillverkad med hj\u00e4lp av ekologiska ingredienser.   <\/p>\n<p>[\/cg_accordion]\n<p>&nbsp;<\/p>\n<p>&nbsp;<\/p>\n","protected":false},"featured_media":256783,"template":"","meta":{"_acf_changed":false},"product_brand":[565],"product_cat":[852],"product_tag":[],"class_list":{"0":"post-267626","1":"product","2":"type-product","3":"status-publish","4":"has-post-thumbnail","6":"product_brand-zao","7":"product_cat-laeppar","9":"first","10":"instock","11":"taxable","12":"shipping-taxable","13":"purchasable","14":"product-type-variable"},"acf":[],"_links":{"self":[{"href":"https:\/\/healthyhead.dk\/sv\/wp-json\/wp\/v2\/product\/267626","targetHints":{"allow":["GET"]}}],"collection":[{"href":"https:\/\/healthyhead.dk\/sv\/wp-json\/wp\/v2\/product"}],"about":[{"href":"https:\/\/healthyhead.dk\/sv\/wp-json\/wp\/v2\/types\/product"}],"version-history":[{"count":0,"href":"https:\/\/healthyhead.dk\/sv\/wp-json\/wp\/v2\/product\/267626\/revisions"}],"wp:featuredmedia":[{"embeddable":true,"href":"https:\/\/healthyhead.dk\/sv\/wp-json\/wp\/v2\/media\/256783"}],"wp:attachment":[{"href":"https:\/\/healthyhead.dk\/sv\/wp-json\/wp\/v2\/media?parent=267626"}],"wp:term":[{"taxonomy":"product_brand","embeddable":true,"href":"https:\/\/healthyhead.dk\/sv\/wp-json\/wp\/v2\/product_brand?post=267626"},{"taxonomy":"product_cat","embeddable":true,"href":"https:\/\/healthyhead.dk\/sv\/wp-json\/wp\/v2\/product_cat?post=267626"},{"taxonomy":"product_tag","embeddable":true,"href":"https:\/\/healthyhead.dk\/sv\/wp-json\/wp\/v2\/product_tag?post=267626"}],"curies":[{"name":"wp","href":"https:\/\/api.w.org\/{rel}","templated":true}]}}