{"id":267654,"date":"2024-09-12T20:40:28","date_gmt":"2024-09-12T20:40:28","guid":{"rendered":"https:\/\/new.healthyhead.dk\/vare\/zao-okologisk-cocoon-laebestiftlaebepomade-3-5-g\/"},"modified":"2025-07-31T11:54:52","modified_gmt":"2025-07-31T11:54:52","slug":"zao-organisk-kokong-loafing-stick-lotion-3-5-g","status":"publish","type":"product","link":"https:\/\/healthyhead.dk\/sv\/produkt\/zao-organisk-kokong-loafing-stick-lotion-3-5-g\/","title":{"rendered":"ZAO, Ekologiskt Cocoon L\u00e4ppstift\/L\u00e4ppbalsam, 3,5 g"},"content":{"rendered":"","protected":false},"excerpt":{"rendered":"<p><img decoding=\"async\" class=\"\" src=\"\/wp-content\/uploads\/2024\/08\/Ingen-kemi.svg\" alt=\"\" width=\"45\" height=\"45\">Inga hormonst\u00f6rande \u00e4mnen<\/p>\n<p><img decoding=\"async\" class=\"\" src=\"\/wp-content\/uploads\/2024\/08\/Ingen-allergifremkaldende.svg\" alt=\"\" width=\"46\" height=\"46\">Inga allergiframkallande \u00e4mnen<\/p>\n<p><img decoding=\"async\" class=\"\" src=\"\/wp-content\/uploads\/2024\/08\/Ingen-miljoebelastende.svg\" width=\"46\" height=\"46\">Inga milj\u00f6farliga \u00e4mnen<\/p>\n<p><img loading=\"lazy\" decoding=\"async\" class=\"\" src=\"\/wp-content\/uploads\/2024\/08\/indeholder-parfume.svg\" width=\"46\" height=\"46\">Inneh\u00e5ller en mycket liten m\u00e4ngd allergiv\u00e4nlig och 100 % naturlig doft<\/p>\n<p>&nbsp;<\/p>\n[cg_accordion title=\"Produktbeskrivning\" open=\"open\"]<\/p>\n<p>ZAO Cocoon \u00e4r en ekologisk och vegansk hybrid mellan ett l\u00e4ppstift och ett l\u00e4ppbalsam. F\u00f6rutom att ge vacker f\u00e4rg, mjukg\u00f6r och \u00e5terfuktar det dina l\u00e4ppar. Formulan \u00e4r berikad med ekologiskt granat\u00e4ppleextrakt och ekologiskt sheasm\u00f6r f\u00f6r att lugna och reparera l\u00e4pparna.  <\/p>\n<ul>\n<li>Hybrid mellan ett <strong>l\u00e4ppstift och ett l\u00e4ppbalsam <\/strong> <\/li>\n<li><strong>\u00c5terfuktar<\/strong> l\u00e4pparna och <strong>ger dem en vacker f\u00e4rg<\/strong><\/li>\n<li>Berikad med <strong>ekologiskt granat\u00e4ppleextrakt<\/strong> och <strong>ekologiskt sheasm\u00f6r<\/strong> f\u00f6r att<strong> lugna<\/strong> och <strong>reparera l\u00e4pparna<\/strong>.<\/li>\n<li>M\u00f6jlighet att <b>fylla p\u00e5 med en refill<\/b><\/li>\n<\/ul>\n<p><img loading=\"lazy\" decoding=\"async\" class=\"alignnone size-full wp-image-8916\" src=\"\/wp-content\/uploads\/2024\/08\/zao-certificeringer.jpg\" alt=\"\" width=\"479\" height=\"93\" srcset=\"https:\/\/i0.wp.com\/healthyhead.dk\/wp-content\/uploads\/2024\/08\/zao-certificeringer.jpg?w=479&amp;ssl=1 479w, https:\/\/i0.wp.com\/healthyhead.dk\/wp-content\/uploads\/2024\/08\/zao-certificeringer.jpg?resize=300%2C58&amp;ssl=1 300w, https:\/\/i0.wp.com\/healthyhead.dk\/wp-content\/uploads\/2024\/08\/zao-certificeringer.jpg?resize=441%2C86&amp;ssl=1 441w, https:\/\/i0.wp.com\/healthyhead.dk\/wp-content\/uploads\/2024\/08\/zao-certificeringer.jpg?resize=150%2C29&amp;ssl=1 150w\" sizes=\"(max-width: 479px) 100vw, 479px\" \/><br \/>\n[\/cg_accordion]\n[cg_accordion title=\"Tips f\u00f6r anv\u00e4ndning\"]<\/p>\n<ul>\n<li>L\u00e4ppstift kan appliceras direkt p\u00e5 l\u00e4pparna eller efter att ha ritat upp dem med en Multi-Purpose Pencil.<\/li>\n<li>B\u00f6rja appliceringen i mitten av l\u00e4pparna, sedan i h\u00f6rnen och p\u00e5 kanterna. F\u00f6r en mer exakt linje, anv\u00e4nd Lip Brush 708. <\/li>\n<li>Tips: F\u00f6r perfekt resultat rekommenderas att du anv\u00e4nder Lip Scrub Stick 482 en g\u00e5ng i veckan.<\/li>\n<\/ul>\n<p>[\/cg_accordion]\n[cg_accordion title=\"Ingredienser\"] <b>Ekologiskt rispulver:<\/b><\/p>\n<p>Rispulver \u00e4r en av de \u00e4ldsta kosmetiska ingredienserna. Det exfolierar huden varsamt: det avl\u00e4gsnar alla orenheter och d\u00f6da hudceller. <\/p>\n<p><b>Ekologisk ricinolja:<\/b><\/p>\n<p>Denna olja inneh\u00e5ller den specifika fettsyran ricinolsyra, vilket g\u00f6r den till en sk\u00f6nhetsbehandling med anm\u00e4rkningsv\u00e4rda egenskaper som redan var k\u00e4nda under antiken. Den lindrar hudirritationer genom sin reng\u00f6rande, mjukg\u00f6rande och l\u00e4kande verkan. <\/p>\n<p><b>Ekologisk karnauba-olja:<\/b><\/p>\n<p>Detta vax, som utvinns ur bladen p\u00e5 en palm som h\u00e4rstammar fr\u00e5n Brasilien, fungerar som ett filmbildande medel som skyddar huden genom att skapa en kontinuerlig film och f\u00f6rb\u00e4ttra h\u00e5llbarheten hos makeup.<\/p>\n<p><b>INCI-lista:<\/b> Ricinus Communis (Castor) Seed Oil*, Octyldodecanol, Copernicia Cerifera (Carnauba) Cera*, Oryza Sativa (Rice) Powder*, C10-18 Triglycerides, Jojoba Esters, Hydrogenated Vegetable Oil, Helianthus Annuus (Sunflower) Seed Cera, Parfum (Fragrance), Euphorbia Cerifera (Candelilla) Cera, Prunus Armeniaca (aprikosk\u00e4rna) extrakt, Bambusa Arundinacea stj\u00e4lkextrakt*, Helianthus Annuus (solros) fr\u00f6olja*, tokoferol, Acacia Decurrens Flower Cera, polyglycerin-3, glimmer, Ci 77288 (kromoxid gr\u00f6n), Ci 77510 (j\u00e4rnferrocyanid), Ci 77891 (titandioxid). * Ingredienser fr\u00e5n ekologisk odling. <\/p>\n<p>[\/cg_accordion]\n<p>&nbsp;<\/p>\n<p>&nbsp;<\/p>\n","protected":false},"featured_media":254775,"template":"","meta":{"_acf_changed":false},"product_brand":[565],"product_cat":[852],"product_tag":[],"class_list":{"0":"post-267654","1":"product","2":"type-product","3":"status-publish","4":"has-post-thumbnail","6":"product_brand-zao","7":"product_cat-laeppar","9":"first","10":"instock","11":"taxable","12":"shipping-taxable","13":"purchasable","14":"product-type-variable","15":"has-default-attributes"},"acf":[],"_links":{"self":[{"href":"https:\/\/healthyhead.dk\/sv\/wp-json\/wp\/v2\/product\/267654","targetHints":{"allow":["GET"]}}],"collection":[{"href":"https:\/\/healthyhead.dk\/sv\/wp-json\/wp\/v2\/product"}],"about":[{"href":"https:\/\/healthyhead.dk\/sv\/wp-json\/wp\/v2\/types\/product"}],"version-history":[{"count":0,"href":"https:\/\/healthyhead.dk\/sv\/wp-json\/wp\/v2\/product\/267654\/revisions"}],"wp:featuredmedia":[{"embeddable":true,"href":"https:\/\/healthyhead.dk\/sv\/wp-json\/wp\/v2\/media\/254775"}],"wp:attachment":[{"href":"https:\/\/healthyhead.dk\/sv\/wp-json\/wp\/v2\/media?parent=267654"}],"wp:term":[{"taxonomy":"product_brand","embeddable":true,"href":"https:\/\/healthyhead.dk\/sv\/wp-json\/wp\/v2\/product_brand?post=267654"},{"taxonomy":"product_cat","embeddable":true,"href":"https:\/\/healthyhead.dk\/sv\/wp-json\/wp\/v2\/product_cat?post=267654"},{"taxonomy":"product_tag","embeddable":true,"href":"https:\/\/healthyhead.dk\/sv\/wp-json\/wp\/v2\/product_tag?post=267654"}],"curies":[{"name":"wp","href":"https:\/\/api.w.org\/{rel}","templated":true}]}}